{"id":936,"date":"2021-01-07T08:25:31","date_gmt":"2021-01-07T07:25:31","guid":{"rendered":"https:\/\/outdoor-gym.com\/de\/?page_id=936"},"modified":"2024-11-24T22:31:20","modified_gmt":"2024-11-24T21:31:20","slug":"uber-uns","status":"publish","type":"page","link":"https:\/\/outdoor-gym.com\/de\/uber-uns\/","title":{"rendered":"\u00dcber Uns"},"content":{"rendered":"<h2>TRAINER Outdoor Fitnessger\u00e4te &#8211; Mit Leidenschaft gemacht.<\/h2>\n<div style=\"width: 1920px;\" class=\"wp-video\"><!--[if lt IE 9]><script>document.createElement('video');<\/script><![endif]-->\n<video class=\"wp-video-shortcode\" id=\"video-936-1\" width=\"1920\" height=\"1080\" loop=\"1\" autoplay=\"1\" preload=\"auto\" controls=\"controls\"><source type=\"video\/mp4\" src=\"https:\/\/outdoor-gym.com\/de\/wp-content\/uploads\/trainer-kontakt.mp4?_=1\" \/><a href=\"https:\/\/outdoor-gym.com\/de\/wp-content\/uploads\/trainer-kontakt.mp4\">https:\/\/outdoor-gym.com\/de\/wp-content\/uploads\/trainer-kontakt.mp4<\/a><\/video><\/div>\n<p>Wir sind einer der f\u00fchrenden <strong>Hersteller von Outdoor-Fitnessger\u00e4te<\/strong> in Europa. Unter der Marke TRAINER Outdoor Fitnessger\u00e4te produzieren wir seit \u00fcber 10 Jahren die Outdoor-Fitnessger\u00e4te und Street Workout. Tausende von Kunden auf der ganzen Welt vertrauen uns &#8211;<strong> in mehr als 30 L\u00e4ndern auf 4 Kontinenten<\/strong> (Europa, Asien, Afrika, Amerika). Die Ger\u00e4te von TRAINER Outdoor Fitnessger\u00e4te finden sich in Gro\u00dfst\u00e4dten, St\u00e4dten und D\u00f6rfern, auf Spielpl\u00e4tzen, in Freizeitzentren, Hotels, Rehabilitationszentren, Parks oder G\u00e4rten.<\/p>\n<h3>Unsere Mission ist es, hochwertige und sichere Ger\u00e4te herzustellen, die f\u00fcr jeden im \u00f6ffentlichen Raum zug\u00e4nglich sind.\u00a0 Dadurch ermutigen wir die Menschen, im Freien zu trainieren, Sport zu treiben und aktiv zu sein.<\/h3>\n<p>Die Ger\u00e4te von TRAINER Outdoor Fitnessger\u00e4te werden in Polen hergestellt. Dazu geh\u00f6rt eine gro\u00dfe Auswahl an Trainingsger\u00e4ten f\u00fcr Jugendliche, Erwachsene und Senioren. Unsere Ger\u00e4te gibt es auch in integrierter Version und f\u00fcr Behinderte, die als Reha-Ger\u00e4t erfolgreich eingesetzt werden.<\/p>\n<p>Als weltweit t\u00e4tiges Unternehmen legen wir einen gro\u00dfen Wert sowohl auf die Sicherheit und Langlebigkeit der Ger\u00e4te, als auch auf ihre \u00c4sthetik und Qualit\u00e4t. Wir setzen auf modernes Design und innovative L\u00f6sungen. Wir haben die Fitnessger\u00e4te an die in der Europ\u00e4ischen Union geforderten Sicherheitsstandards angepasst. Alle Ger\u00e4te sind nach <strong>EN 16630:2015-06<\/strong> zertifiziert. Au\u00dferdem verf\u00fcgen wir \u00fcber die Zertifikate des <strong>T\u00dcV Rheinland<\/strong> und ein Zertifikat der Qualit\u00e4tsmanagementnorm <strong>EN ISO 13485:2016<\/strong>.<\/p>\n<p>Unser erfahrenes Beraterteam schl\u00e4gt eine Reihe von Ger\u00e4ten vor, die Ihren Anforderungen am besten entsprechen, und bietet rinr umfassende Unterst\u00fctzung in jeder Phase der Investitionsumsetzung.<\/p>\n<p><span style=\"font-weight: 400;\"><iframe src=\"https:\/\/www.youtube.com\/embed\/Zmfu2eitbx4\" frameborder=\"0\" allowfullscreen=\"allowfullscreen\"><\/iframe><\/span><\/p>\n<h4><\/h4>\n<h4>Wir freuen uns auf Ihre Kontaktaufnahme!<\/h4>\n","protected":false},"excerpt":{"rendered":"<p>TRAINER Outdoor Fitnessger\u00e4te &#8211; Mit Leidenschaft gemacht. Wir sind einer der f\u00fchrenden Hersteller von Outdoor-Fitnessger\u00e4te in Europa. Unter der Marke TRAINER Outdoor Fitnessger\u00e4te produzieren wir seit \u00fcber 10 Jahren die Outdoor-Fitnessger\u00e4te und Street Workout. Tausende von Kunden auf der ganzen Welt vertrauen uns &#8211; in mehr als 30 L\u00e4ndern auf 4 Kontinenten (Europa, Asien, Afrika, [&hellip;]<\/p>\n","protected":false},"author":1,"featured_media":0,"parent":0,"menu_order":0,"comment_status":"closed","ping_status":"closed","template":"template-o-firmie.php","meta":[],"acf":[],"yoast_head":"<!-- This site is optimized with the Yoast SEO plugin v20.6 - https:\/\/yoast.com\/wordpress\/plugins\/seo\/ -->\n<title>Outdoor Fitnessger\u00e4te - TRAINER - \u00dcber Uns<\/title>\n<meta name=\"robots\" content=\"index, follow, max-snippet:-1, max-image-preview:large, max-video-preview:-1\" \/>\n<link rel=\"canonical\" href=\"https:\/\/outdoor-gym.com\/de\/uber-uns\/\" \/>\n<meta property=\"og:locale\" content=\"de_DE\" \/>\n<meta property=\"og:type\" content=\"article\" \/>\n<meta property=\"og:title\" content=\"Outdoor Fitnessger\u00e4te - TRAINER - \u00dcber Uns\" \/>\n<meta property=\"og:description\" content=\"TRAINER Outdoor Fitnessger\u00e4te &#8211; Mit Leidenschaft gemacht. Wir sind einer der f\u00fchrenden Hersteller von Outdoor-Fitnessger\u00e4te in Europa. Unter der Marke TRAINER Outdoor Fitnessger\u00e4te produzieren wir seit \u00fcber 10 Jahren die Outdoor-Fitnessger\u00e4te und Street Workout. Tausende von Kunden auf der ganzen Welt vertrauen uns &#8211; in mehr als 30 L\u00e4ndern auf 4 Kontinenten (Europa, Asien, Afrika, [&hellip;]\" \/>\n<meta property=\"og:url\" content=\"https:\/\/outdoor-gym.com\/de\/uber-uns\/\" \/>\n<meta property=\"og:site_name\" content=\"Trainer\" \/>\n<meta property=\"article:modified_time\" content=\"2024-11-24T21:31:20+00:00\" \/>\n<meta name=\"twitter:card\" content=\"summary_large_image\" \/>\n<meta name=\"twitter:label1\" content=\"Szacowany czas czytania\" \/>\n\t<meta name=\"twitter:data1\" content=\"2 minuty\" \/>\n<script type=\"application\/ld+json\" class=\"yoast-schema-graph\">{\"@context\":\"https:\/\/schema.org\",\"@graph\":[{\"@type\":\"WebPage\",\"@id\":\"https:\/\/outdoor-gym.com\/de\/uber-uns\/\",\"url\":\"https:\/\/outdoor-gym.com\/de\/uber-uns\/\",\"name\":\"Outdoor Fitnessger\u00e4te - TRAINER - \u00dcber Uns\",\"isPartOf\":{\"@id\":\"https:\/\/outdoor-gym.com\/de\/#website\"},\"datePublished\":\"2021-01-07T07:25:31+00:00\",\"dateModified\":\"2024-11-24T21:31:20+00:00\",\"breadcrumb\":{\"@id\":\"https:\/\/outdoor-gym.com\/de\/uber-uns\/#breadcrumb\"},\"inLanguage\":\"pl-PL\",\"potentialAction\":[{\"@type\":\"ReadAction\",\"target\":[\"https:\/\/outdoor-gym.com\/de\/uber-uns\/\"]}]},{\"@type\":\"BreadcrumbList\",\"@id\":\"https:\/\/outdoor-gym.com\/de\/uber-uns\/#breadcrumb\",\"itemListElement\":[{\"@type\":\"ListItem\",\"position\":1,\"name\":\"de\",\"item\":\"https:\/\/outdoor-gym.com\/de\/\"},{\"@type\":\"ListItem\",\"position\":2,\"name\":\"\u00dcber Uns\"}]},{\"@type\":\"WebSite\",\"@id\":\"https:\/\/outdoor-gym.com\/de\/#website\",\"url\":\"https:\/\/outdoor-gym.com\/de\/\",\"name\":\"Trainer\",\"description\":\"Trainer\",\"potentialAction\":[{\"@type\":\"SearchAction\",\"target\":{\"@type\":\"EntryPoint\",\"urlTemplate\":\"https:\/\/outdoor-gym.com\/de\/?s={search_term_string}\"},\"query-input\":\"required name=search_term_string\"}],\"inLanguage\":\"pl-PL\"}]}<\/script>\n<!-- \/ Yoast SEO plugin. -->","yoast_head_json":{"title":"Outdoor Fitnessger\u00e4te - TRAINER - \u00dcber Uns","robots":{"index":"index","follow":"follow","max-snippet":"max-snippet:-1","max-image-preview":"max-image-preview:large","max-video-preview":"max-video-preview:-1"},"canonical":"https:\/\/outdoor-gym.com\/de\/uber-uns\/","og_locale":"de_DE","og_type":"article","og_title":"Outdoor Fitnessger\u00e4te - TRAINER - \u00dcber Uns","og_description":"TRAINER Outdoor Fitnessger\u00e4te &#8211; Mit Leidenschaft gemacht. Wir sind einer der f\u00fchrenden Hersteller von Outdoor-Fitnessger\u00e4te in Europa. Unter der Marke TRAINER Outdoor Fitnessger\u00e4te produzieren wir seit \u00fcber 10 Jahren die Outdoor-Fitnessger\u00e4te und Street Workout. Tausende von Kunden auf der ganzen Welt vertrauen uns &#8211; in mehr als 30 L\u00e4ndern auf 4 Kontinenten (Europa, Asien, Afrika, [&hellip;]","og_url":"https:\/\/outdoor-gym.com\/de\/uber-uns\/","og_site_name":"Trainer","article_modified_time":"2024-11-24T21:31:20+00:00","twitter_card":"summary_large_image","twitter_misc":{"Szacowany czas czytania":"2 minuty"},"schema":{"@context":"https:\/\/schema.org","@graph":[{"@type":"WebPage","@id":"https:\/\/outdoor-gym.com\/de\/uber-uns\/","url":"https:\/\/outdoor-gym.com\/de\/uber-uns\/","name":"Outdoor Fitnessger\u00e4te - TRAINER - \u00dcber Uns","isPartOf":{"@id":"https:\/\/outdoor-gym.com\/de\/#website"},"datePublished":"2021-01-07T07:25:31+00:00","dateModified":"2024-11-24T21:31:20+00:00","breadcrumb":{"@id":"https:\/\/outdoor-gym.com\/de\/uber-uns\/#breadcrumb"},"inLanguage":"pl-PL","potentialAction":[{"@type":"ReadAction","target":["https:\/\/outdoor-gym.com\/de\/uber-uns\/"]}]},{"@type":"BreadcrumbList","@id":"https:\/\/outdoor-gym.com\/de\/uber-uns\/#breadcrumb","itemListElement":[{"@type":"ListItem","position":1,"name":"de","item":"https:\/\/outdoor-gym.com\/de\/"},{"@type":"ListItem","position":2,"name":"\u00dcber Uns"}]},{"@type":"WebSite","@id":"https:\/\/outdoor-gym.com\/de\/#website","url":"https:\/\/outdoor-gym.com\/de\/","name":"Trainer","description":"Trainer","potentialAction":[{"@type":"SearchAction","target":{"@type":"EntryPoint","urlTemplate":"https:\/\/outdoor-gym.com\/de\/?s={search_term_string}"},"query-input":"required name=search_term_string"}],"inLanguage":"pl-PL"}]}},"_links":{"self":[{"href":"https:\/\/outdoor-gym.com\/de\/wp-json\/wp\/v2\/pages\/936"}],"collection":[{"href":"https:\/\/outdoor-gym.com\/de\/wp-json\/wp\/v2\/pages"}],"about":[{"href":"https:\/\/outdoor-gym.com\/de\/wp-json\/wp\/v2\/types\/page"}],"author":[{"embeddable":true,"href":"https:\/\/outdoor-gym.com\/de\/wp-json\/wp\/v2\/users\/1"}],"replies":[{"embeddable":true,"href":"https:\/\/outdoor-gym.com\/de\/wp-json\/wp\/v2\/comments?post=936"}],"version-history":[{"count":60,"href":"https:\/\/outdoor-gym.com\/de\/wp-json\/wp\/v2\/pages\/936\/revisions"}],"predecessor-version":[{"id":5760,"href":"https:\/\/outdoor-gym.com\/de\/wp-json\/wp\/v2\/pages\/936\/revisions\/5760"}],"wp:attachment":[{"href":"https:\/\/outdoor-gym.com\/de\/wp-json\/wp\/v2\/media?parent=936"}],"curies":[{"name":"wp","href":"https:\/\/api.w.org\/{rel}","templated":true}]}}