{"id":950,"date":"2021-01-08T15:35:42","date_gmt":"2021-01-08T14:35:42","guid":{"rendered":"https:\/\/outdoor-gym.com\/de\/?page_id=950"},"modified":"2024-04-03T16:27:31","modified_gmt":"2024-04-03T14:27:31","slug":"outdoor-fitnessgerate-kaufen","status":"publish","type":"page","link":"https:\/\/outdoor-gym.com\/de\/produkte\/outdoor-fitnessgerate-kaufen\/","title":{"rendered":"Outdoor Fitnessger\u00e4te"},"content":{"rendered":"<h3>Start Serie<\/h3>\n<p>Outdoor Fitnessger\u00e4te dieser Serie sind eine ausgezeichnete Wahl. Diese freistehenden Ger\u00e4te erwerben Sie extrem preiswert (als einfach, doppelt oder sogar dreifach wie Taillentrainer). Unsere Ger\u00e4te sind solide, sicher und gut gegen Wetterbedingungen und Vandalismus gesch\u00fctzt. TRAINER Outdoor Fitnessger\u00e4te der Start-Serie erf\u00fcllen die europ\u00e4ischen Sicherheitsstandards: <strong>EN 16630: 2015<\/strong>. Sie sind langlebig, da das Hauptkonstruktionsrohr einen Durchmess er von 140 mm und die Rohrw\u00e4nde eine Dicke von 2,75 mm haben. Sie k\u00f6nnen die Start-Serie mit der Fitness-Serie kombinieren. Outdoor Fitnessger\u00e4te kaufen.<\/p>\n","protected":false},"excerpt":{"rendered":"<p>Start Serie Outdoor Fitnessger\u00e4te dieser Serie sind eine ausgezeichnete Wahl. Diese freistehenden Ger\u00e4te erwerben Sie extrem preiswert (als einfach, doppelt oder sogar dreifach wie Taillentrainer). Unsere Ger\u00e4te sind solide, sicher und gut gegen Wetterbedingungen und Vandalismus gesch\u00fctzt. TRAINER Outdoor Fitnessger\u00e4te der Start-Serie erf\u00fcllen die europ\u00e4ischen Sicherheitsstandards: EN 16630: 2015. Sie sind langlebig, da das Hauptkonstruktionsrohr [&hellip;]<\/p>\n","protected":false},"author":1,"featured_media":0,"parent":928,"menu_order":0,"comment_status":"closed","ping_status":"closed","template":"template-seria.php","meta":[],"acf":[],"yoast_head":"<!-- This site is optimized with the Yoast SEO plugin v20.6 - https:\/\/yoast.com\/wordpress\/plugins\/seo\/ -->\n<title>Outdoor Fitnessger\u00e4te kaufen, Preise f\u00fcr Outdoor-Fitnessger\u00e4te<\/title>\n<meta name=\"description\" content=\"Outdoor Fitnessger\u00e4te kaufen. Outdoor Fitnessger\u00e4te dieser Serie sind eine ausgezeichnete. Unsere Fitnessger\u00e4te sind solide, sicher und gut gegen Wetterbedingungen und Vandalismus gesch\u00fctzt. Outdoor Fitnessger\u00e4te Preise\" \/>\n<meta name=\"robots\" content=\"index, follow, max-snippet:-1, max-image-preview:large, max-video-preview:-1\" \/>\n<link rel=\"canonical\" href=\"https:\/\/outdoor-gym.com\/de\/produkte\/outdoor-fitnessgerate-kaufen\/\" \/>\n<meta property=\"og:locale\" content=\"de_DE\" \/>\n<meta property=\"og:type\" content=\"article\" \/>\n<meta property=\"og:title\" content=\"Outdoor Fitnessger\u00e4te kaufen, Preise f\u00fcr Outdoor-Fitnessger\u00e4te\" \/>\n<meta property=\"og:description\" content=\"Outdoor Fitnessger\u00e4te kaufen. Outdoor Fitnessger\u00e4te dieser Serie sind eine ausgezeichnete. Unsere Fitnessger\u00e4te sind solide, sicher und gut gegen Wetterbedingungen und Vandalismus gesch\u00fctzt. Outdoor Fitnessger\u00e4te Preise\" \/>\n<meta property=\"og:url\" content=\"https:\/\/outdoor-gym.com\/de\/produkte\/outdoor-fitnessgerate-kaufen\/\" \/>\n<meta property=\"og:site_name\" content=\"Trainer\" \/>\n<meta property=\"article:modified_time\" content=\"2024-04-03T14:27:31+00:00\" \/>\n<meta name=\"twitter:card\" content=\"summary_large_image\" \/>\n<meta name=\"twitter:label1\" content=\"Szacowany czas czytania\" \/>\n\t<meta name=\"twitter:data1\" content=\"1 minuta\" \/>\n<script type=\"application\/ld+json\" class=\"yoast-schema-graph\">{\"@context\":\"https:\/\/schema.org\",\"@graph\":[{\"@type\":\"WebPage\",\"@id\":\"https:\/\/outdoor-gym.com\/de\/produkte\/outdoor-fitnessgerate-kaufen\/\",\"url\":\"https:\/\/outdoor-gym.com\/de\/produkte\/outdoor-fitnessgerate-kaufen\/\",\"name\":\"Outdoor Fitnessger\u00e4te kaufen, Preise f\u00fcr Outdoor-Fitnessger\u00e4te\",\"isPartOf\":{\"@id\":\"https:\/\/outdoor-gym.com\/de\/#website\"},\"datePublished\":\"2021-01-08T14:35:42+00:00\",\"dateModified\":\"2024-04-03T14:27:31+00:00\",\"description\":\"Outdoor Fitnessger\u00e4te kaufen. Outdoor Fitnessger\u00e4te dieser Serie sind eine ausgezeichnete. Unsere Fitnessger\u00e4te sind solide, sicher und gut gegen Wetterbedingungen und Vandalismus gesch\u00fctzt. Outdoor Fitnessger\u00e4te Preise\",\"breadcrumb\":{\"@id\":\"https:\/\/outdoor-gym.com\/de\/produkte\/outdoor-fitnessgerate-kaufen\/#breadcrumb\"},\"inLanguage\":\"pl-PL\",\"potentialAction\":[{\"@type\":\"ReadAction\",\"target\":[\"https:\/\/outdoor-gym.com\/de\/produkte\/outdoor-fitnessgerate-kaufen\/\"]}]},{\"@type\":\"BreadcrumbList\",\"@id\":\"https:\/\/outdoor-gym.com\/de\/produkte\/outdoor-fitnessgerate-kaufen\/#breadcrumb\",\"itemListElement\":[{\"@type\":\"ListItem\",\"position\":1,\"name\":\"de\",\"item\":\"https:\/\/outdoor-gym.com\/de\/\"},{\"@type\":\"ListItem\",\"position\":2,\"name\":\"Produkte\",\"item\":\"https:\/\/outdoor-gym.com\/de\/produkte\/\"},{\"@type\":\"ListItem\",\"position\":3,\"name\":\"Outdoor Fitnessger\u00e4te\"}]},{\"@type\":\"WebSite\",\"@id\":\"https:\/\/outdoor-gym.com\/de\/#website\",\"url\":\"https:\/\/outdoor-gym.com\/de\/\",\"name\":\"Trainer\",\"description\":\"Trainer\",\"potentialAction\":[{\"@type\":\"SearchAction\",\"target\":{\"@type\":\"EntryPoint\",\"urlTemplate\":\"https:\/\/outdoor-gym.com\/de\/?s={search_term_string}\"},\"query-input\":\"required name=search_term_string\"}],\"inLanguage\":\"pl-PL\"}]}<\/script>\n<!-- \/ Yoast SEO plugin. -->","yoast_head_json":{"title":"Outdoor Fitnessger\u00e4te kaufen, Preise f\u00fcr Outdoor-Fitnessger\u00e4te","description":"Outdoor Fitnessger\u00e4te kaufen. Outdoor Fitnessger\u00e4te dieser Serie sind eine ausgezeichnete. Unsere Fitnessger\u00e4te sind solide, sicher und gut gegen Wetterbedingungen und Vandalismus gesch\u00fctzt. Outdoor Fitnessger\u00e4te Preise","robots":{"index":"index","follow":"follow","max-snippet":"max-snippet:-1","max-image-preview":"max-image-preview:large","max-video-preview":"max-video-preview:-1"},"canonical":"https:\/\/outdoor-gym.com\/de\/produkte\/outdoor-fitnessgerate-kaufen\/","og_locale":"de_DE","og_type":"article","og_title":"Outdoor Fitnessger\u00e4te kaufen, Preise f\u00fcr Outdoor-Fitnessger\u00e4te","og_description":"Outdoor Fitnessger\u00e4te kaufen. Outdoor Fitnessger\u00e4te dieser Serie sind eine ausgezeichnete. Unsere Fitnessger\u00e4te sind solide, sicher und gut gegen Wetterbedingungen und Vandalismus gesch\u00fctzt. Outdoor Fitnessger\u00e4te Preise","og_url":"https:\/\/outdoor-gym.com\/de\/produkte\/outdoor-fitnessgerate-kaufen\/","og_site_name":"Trainer","article_modified_time":"2024-04-03T14:27:31+00:00","twitter_card":"summary_large_image","twitter_misc":{"Szacowany czas czytania":"1 minuta"},"schema":{"@context":"https:\/\/schema.org","@graph":[{"@type":"WebPage","@id":"https:\/\/outdoor-gym.com\/de\/produkte\/outdoor-fitnessgerate-kaufen\/","url":"https:\/\/outdoor-gym.com\/de\/produkte\/outdoor-fitnessgerate-kaufen\/","name":"Outdoor Fitnessger\u00e4te kaufen, Preise f\u00fcr Outdoor-Fitnessger\u00e4te","isPartOf":{"@id":"https:\/\/outdoor-gym.com\/de\/#website"},"datePublished":"2021-01-08T14:35:42+00:00","dateModified":"2024-04-03T14:27:31+00:00","description":"Outdoor Fitnessger\u00e4te kaufen. Outdoor Fitnessger\u00e4te dieser Serie sind eine ausgezeichnete. Unsere Fitnessger\u00e4te sind solide, sicher und gut gegen Wetterbedingungen und Vandalismus gesch\u00fctzt. Outdoor Fitnessger\u00e4te Preise","breadcrumb":{"@id":"https:\/\/outdoor-gym.com\/de\/produkte\/outdoor-fitnessgerate-kaufen\/#breadcrumb"},"inLanguage":"pl-PL","potentialAction":[{"@type":"ReadAction","target":["https:\/\/outdoor-gym.com\/de\/produkte\/outdoor-fitnessgerate-kaufen\/"]}]},{"@type":"BreadcrumbList","@id":"https:\/\/outdoor-gym.com\/de\/produkte\/outdoor-fitnessgerate-kaufen\/#breadcrumb","itemListElement":[{"@type":"ListItem","position":1,"name":"de","item":"https:\/\/outdoor-gym.com\/de\/"},{"@type":"ListItem","position":2,"name":"Produkte","item":"https:\/\/outdoor-gym.com\/de\/produkte\/"},{"@type":"ListItem","position":3,"name":"Outdoor Fitnessger\u00e4te"}]},{"@type":"WebSite","@id":"https:\/\/outdoor-gym.com\/de\/#website","url":"https:\/\/outdoor-gym.com\/de\/","name":"Trainer","description":"Trainer","potentialAction":[{"@type":"SearchAction","target":{"@type":"EntryPoint","urlTemplate":"https:\/\/outdoor-gym.com\/de\/?s={search_term_string}"},"query-input":"required name=search_term_string"}],"inLanguage":"pl-PL"}]}},"_links":{"self":[{"href":"https:\/\/outdoor-gym.com\/de\/wp-json\/wp\/v2\/pages\/950"}],"collection":[{"href":"https:\/\/outdoor-gym.com\/de\/wp-json\/wp\/v2\/pages"}],"about":[{"href":"https:\/\/outdoor-gym.com\/de\/wp-json\/wp\/v2\/types\/page"}],"author":[{"embeddable":true,"href":"https:\/\/outdoor-gym.com\/de\/wp-json\/wp\/v2\/users\/1"}],"replies":[{"embeddable":true,"href":"https:\/\/outdoor-gym.com\/de\/wp-json\/wp\/v2\/comments?post=950"}],"version-history":[{"count":38,"href":"https:\/\/outdoor-gym.com\/de\/wp-json\/wp\/v2\/pages\/950\/revisions"}],"predecessor-version":[{"id":5331,"href":"https:\/\/outdoor-gym.com\/de\/wp-json\/wp\/v2\/pages\/950\/revisions\/5331"}],"up":[{"embeddable":true,"href":"https:\/\/outdoor-gym.com\/de\/wp-json\/wp\/v2\/pages\/928"}],"wp:attachment":[{"href":"https:\/\/outdoor-gym.com\/de\/wp-json\/wp\/v2\/media?parent=950"}],"curies":[{"name":"wp","href":"https:\/\/api.w.org\/{rel}","templated":true}]}}