{"id":954,"date":"2021-01-09T13:50:49","date_gmt":"2021-01-09T12:50:49","guid":{"rendered":"https:\/\/outdoor-gym.com\/de\/?page_id=954"},"modified":"2025-01-09T22:13:57","modified_gmt":"2025-01-09T21:13:57","slug":"outdoor-fitnessgerate-fur-stadte-gemeinden","status":"publish","type":"page","link":"https:\/\/outdoor-gym.com\/de\/kunden\/outdoor-fitnessgerate-fur-stadte-gemeinden\/","title":{"rendered":"Outdoor Fitnessger\u00e4te f\u00fcr St\u00e4dte"},"content":{"rendered":"<p>Im Laufe der Jahre sind die Outdoor Fitnessger\u00e4te zu einem unverzichtbaren Bestandteil sowohl in Gro\u00dfst\u00e4dten als auch in Kleinst\u00e4dten geworden. Sie erh\u00f6hen die Attraktivit\u00e4t von Parks, Spielpl\u00e4tzen, Boulevards, Pl\u00e4tzen und G\u00e4rten.<\/p>\n<p>Aufgrund ihrer Lage im Freien sind die Fitnessger\u00e4te von Menschen aller Altersgruppen mit unterschiedlichen k\u00f6rperlichen F\u00e4higkeiten gerne genutzt.<\/p>\n<p>Es wird empfohlen, dass \u00f6ffentlich zug\u00e4ngliche Erholungszentren mit den Ger\u00e4ten auszustatten, die die Durchf\u00fchrung von \u00dcbungen erm\u00f6glichen, welche verschiedene Muskelgruppen einbeziehen. Au\u00dferdem sollen diese Ger\u00e4te eine unterschiedliche Schwierigkeitsgrade bieten.<\/p>\n<p>Wir sind ein europ\u00e4ischer Hersteller von Outdoor Fitnessger\u00e4ten. Aufgrund unserer langj\u00e4hrigen Erfahrung beraten wir Sie gerne bei der Auswahl der richtigen Outdoor Fitnessger\u00e4te.<\/p>\n<p><img loading=\"lazy\" class=\"alignnone wp-image-1949 size-full\" title=\"Outdoor Fitnessger\u00e4te f\u00fcr St\u00e4dte,\" src=\"https:\/\/outdoor-gym.com\/de\/wp-content\/uploads\/Outdoor fitness-7.png\" alt=\"\" width=\"1920\" height=\"1080\" srcset=\"https:\/\/outdoor-gym.com\/de\/wp-content\/uploads\/Outdoor%20fitness-7.png 1920w, https:\/\/outdoor-gym.com\/de\/wp-content\/uploads\/Outdoor%20fitness-7-600x338.png 600w, https:\/\/outdoor-gym.com\/de\/wp-content\/uploads\/Outdoor%20fitness-7-768x432.png 768w, https:\/\/outdoor-gym.com\/de\/wp-content\/uploads\/Outdoor%20fitness-7-1536x864.png 1536w\" sizes=\"(max-width: 1920px) 100vw, 1920px\" \/><\/p>\n<p><img loading=\"lazy\" class=\"alignnone size-full wp-image-1897\" src=\"https:\/\/outdoor-gym.com\/de\/wp-content\/uploads\/outdoor-fitness-equipment-for-cities-and-municipalities-22.jpg\" alt=\"\" width=\"2560\" height=\"1707\" srcset=\"https:\/\/outdoor-gym.com\/de\/wp-content\/uploads\/outdoor-fitness-equipment-for-cities-and-municipalities-22.jpg 2560w, https:\/\/outdoor-gym.com\/de\/wp-content\/uploads\/outdoor-fitness-equipment-for-cities-and-municipalities-22-600x400.jpg 600w, https:\/\/outdoor-gym.com\/de\/wp-content\/uploads\/outdoor-fitness-equipment-for-cities-and-municipalities-22-2000x1333.jpg 2000w, https:\/\/outdoor-gym.com\/de\/wp-content\/uploads\/outdoor-fitness-equipment-for-cities-and-municipalities-22-768x512.jpg 768w, https:\/\/outdoor-gym.com\/de\/wp-content\/uploads\/outdoor-fitness-equipment-for-cities-and-municipalities-22-1536x1024.jpg 1536w, https:\/\/outdoor-gym.com\/de\/wp-content\/uploads\/outdoor-fitness-equipment-for-cities-and-municipalities-22-2048x1365.jpg 2048w\" sizes=\"(max-width: 2560px) 100vw, 2560px\" \/><\/p>\n<p>&nbsp;<\/p>\n","protected":false},"excerpt":{"rendered":"<p>Im Laufe der Jahre sind die Outdoor Fitnessger\u00e4te zu einem unverzichtbaren Bestandteil sowohl in Gro\u00dfst\u00e4dten als auch in Kleinst\u00e4dten geworden. Sie erh\u00f6hen die Attraktivit\u00e4t von Parks, Spielpl\u00e4tzen, Boulevards, Pl\u00e4tzen und G\u00e4rten. Aufgrund ihrer Lage im Freien sind die Fitnessger\u00e4te von Menschen aller Altersgruppen mit unterschiedlichen k\u00f6rperlichen F\u00e4higkeiten gerne genutzt. Es wird empfohlen, dass \u00f6ffentlich zug\u00e4ngliche [&hellip;]<\/p>\n","protected":false},"author":1,"featured_media":0,"parent":930,"menu_order":0,"comment_status":"closed","ping_status":"closed","template":"template-klienci-podstrona.php","meta":[],"acf":[],"yoast_head":"<!-- This site is optimized with the Yoast SEO plugin v20.6 - https:\/\/yoast.com\/wordpress\/plugins\/seo\/ -->\n<title>Outdoor Fitnessger\u00e4te f\u00fcr St\u00e4dte, - TRAINER<\/title>\n<meta name=\"description\" content=\"Outdoor Fitnessger\u00e4te f\u00fcr St\u00e4dte, Outdoor Fitnessger\u00e4te von TRAINER. Seit \u00fcber 10 Jahren produzieren wir Outdoor Fitnessger\u00e4te. Kontaktiere Sie uns\" \/>\n<meta name=\"robots\" content=\"index, follow, max-snippet:-1, max-image-preview:large, max-video-preview:-1\" \/>\n<link rel=\"canonical\" href=\"https:\/\/outdoor-gym.com\/de\/kunden\/outdoor-fitnessgerate-fur-stadte-gemeinden\/\" \/>\n<meta property=\"og:locale\" content=\"de_DE\" \/>\n<meta property=\"og:type\" content=\"article\" \/>\n<meta property=\"og:title\" content=\"Outdoor Fitnessger\u00e4te f\u00fcr St\u00e4dte, - TRAINER\" \/>\n<meta property=\"og:description\" content=\"Outdoor Fitnessger\u00e4te f\u00fcr St\u00e4dte, Outdoor Fitnessger\u00e4te von TRAINER. Seit \u00fcber 10 Jahren produzieren wir Outdoor Fitnessger\u00e4te. Kontaktiere Sie uns\" \/>\n<meta property=\"og:url\" content=\"https:\/\/outdoor-gym.com\/de\/kunden\/outdoor-fitnessgerate-fur-stadte-gemeinden\/\" \/>\n<meta property=\"og:site_name\" content=\"Trainer\" \/>\n<meta property=\"article:modified_time\" content=\"2025-01-09T21:13:57+00:00\" \/>\n<meta property=\"og:image\" content=\"https:\/\/outdoor-gym.com\/de\/wp-content\/uploads\/outdoor-fitness-equipment-for-cities-and-municipalities-22.jpg\" \/>\n<meta name=\"twitter:card\" content=\"summary_large_image\" \/>\n<meta name=\"twitter:label1\" content=\"Szacowany czas czytania\" \/>\n\t<meta name=\"twitter:data1\" content=\"2 minuty\" \/>\n<script type=\"application\/ld+json\" class=\"yoast-schema-graph\">{\"@context\":\"https:\/\/schema.org\",\"@graph\":[{\"@type\":\"WebPage\",\"@id\":\"https:\/\/outdoor-gym.com\/de\/kunden\/outdoor-fitnessgerate-fur-stadte-gemeinden\/\",\"url\":\"https:\/\/outdoor-gym.com\/de\/kunden\/outdoor-fitnessgerate-fur-stadte-gemeinden\/\",\"name\":\"Outdoor Fitnessger\u00e4te f\u00fcr St\u00e4dte, - TRAINER\",\"isPartOf\":{\"@id\":\"https:\/\/outdoor-gym.com\/de\/#website\"},\"datePublished\":\"2021-01-09T12:50:49+00:00\",\"dateModified\":\"2025-01-09T21:13:57+00:00\",\"description\":\"Outdoor Fitnessger\u00e4te f\u00fcr St\u00e4dte, Outdoor Fitnessger\u00e4te von TRAINER. Seit \u00fcber 10 Jahren produzieren wir Outdoor Fitnessger\u00e4te. Kontaktiere Sie uns\",\"breadcrumb\":{\"@id\":\"https:\/\/outdoor-gym.com\/de\/kunden\/outdoor-fitnessgerate-fur-stadte-gemeinden\/#breadcrumb\"},\"inLanguage\":\"pl-PL\",\"potentialAction\":[{\"@type\":\"ReadAction\",\"target\":[\"https:\/\/outdoor-gym.com\/de\/kunden\/outdoor-fitnessgerate-fur-stadte-gemeinden\/\"]}]},{\"@type\":\"BreadcrumbList\",\"@id\":\"https:\/\/outdoor-gym.com\/de\/kunden\/outdoor-fitnessgerate-fur-stadte-gemeinden\/#breadcrumb\",\"itemListElement\":[{\"@type\":\"ListItem\",\"position\":1,\"name\":\"de\",\"item\":\"https:\/\/outdoor-gym.com\/de\/\"},{\"@type\":\"ListItem\",\"position\":2,\"name\":\"Kunden\",\"item\":\"https:\/\/outdoor-gym.com\/de\/kunden\/\"},{\"@type\":\"ListItem\",\"position\":3,\"name\":\"Outdoor Fitnessger\u00e4te f\u00fcr St\u00e4dte\"}]},{\"@type\":\"WebSite\",\"@id\":\"https:\/\/outdoor-gym.com\/de\/#website\",\"url\":\"https:\/\/outdoor-gym.com\/de\/\",\"name\":\"Trainer\",\"description\":\"Trainer\",\"potentialAction\":[{\"@type\":\"SearchAction\",\"target\":{\"@type\":\"EntryPoint\",\"urlTemplate\":\"https:\/\/outdoor-gym.com\/de\/?s={search_term_string}\"},\"query-input\":\"required name=search_term_string\"}],\"inLanguage\":\"pl-PL\"}]}<\/script>\n<!-- \/ Yoast SEO plugin. -->","yoast_head_json":{"title":"Outdoor Fitnessger\u00e4te f\u00fcr St\u00e4dte, - TRAINER","description":"Outdoor Fitnessger\u00e4te f\u00fcr St\u00e4dte, Outdoor Fitnessger\u00e4te von TRAINER. Seit \u00fcber 10 Jahren produzieren wir Outdoor Fitnessger\u00e4te. Kontaktiere Sie uns","robots":{"index":"index","follow":"follow","max-snippet":"max-snippet:-1","max-image-preview":"max-image-preview:large","max-video-preview":"max-video-preview:-1"},"canonical":"https:\/\/outdoor-gym.com\/de\/kunden\/outdoor-fitnessgerate-fur-stadte-gemeinden\/","og_locale":"de_DE","og_type":"article","og_title":"Outdoor Fitnessger\u00e4te f\u00fcr St\u00e4dte, - TRAINER","og_description":"Outdoor Fitnessger\u00e4te f\u00fcr St\u00e4dte, Outdoor Fitnessger\u00e4te von TRAINER. Seit \u00fcber 10 Jahren produzieren wir Outdoor Fitnessger\u00e4te. Kontaktiere Sie uns","og_url":"https:\/\/outdoor-gym.com\/de\/kunden\/outdoor-fitnessgerate-fur-stadte-gemeinden\/","og_site_name":"Trainer","article_modified_time":"2025-01-09T21:13:57+00:00","og_image":[{"url":"https:\/\/outdoor-gym.com\/de\/wp-content\/uploads\/outdoor-fitness-equipment-for-cities-and-municipalities-22.jpg"}],"twitter_card":"summary_large_image","twitter_misc":{"Szacowany czas czytania":"2 minuty"},"schema":{"@context":"https:\/\/schema.org","@graph":[{"@type":"WebPage","@id":"https:\/\/outdoor-gym.com\/de\/kunden\/outdoor-fitnessgerate-fur-stadte-gemeinden\/","url":"https:\/\/outdoor-gym.com\/de\/kunden\/outdoor-fitnessgerate-fur-stadte-gemeinden\/","name":"Outdoor Fitnessger\u00e4te f\u00fcr St\u00e4dte, - TRAINER","isPartOf":{"@id":"https:\/\/outdoor-gym.com\/de\/#website"},"datePublished":"2021-01-09T12:50:49+00:00","dateModified":"2025-01-09T21:13:57+00:00","description":"Outdoor Fitnessger\u00e4te f\u00fcr St\u00e4dte, Outdoor Fitnessger\u00e4te von TRAINER. Seit \u00fcber 10 Jahren produzieren wir Outdoor Fitnessger\u00e4te. Kontaktiere Sie uns","breadcrumb":{"@id":"https:\/\/outdoor-gym.com\/de\/kunden\/outdoor-fitnessgerate-fur-stadte-gemeinden\/#breadcrumb"},"inLanguage":"pl-PL","potentialAction":[{"@type":"ReadAction","target":["https:\/\/outdoor-gym.com\/de\/kunden\/outdoor-fitnessgerate-fur-stadte-gemeinden\/"]}]},{"@type":"BreadcrumbList","@id":"https:\/\/outdoor-gym.com\/de\/kunden\/outdoor-fitnessgerate-fur-stadte-gemeinden\/#breadcrumb","itemListElement":[{"@type":"ListItem","position":1,"name":"de","item":"https:\/\/outdoor-gym.com\/de\/"},{"@type":"ListItem","position":2,"name":"Kunden","item":"https:\/\/outdoor-gym.com\/de\/kunden\/"},{"@type":"ListItem","position":3,"name":"Outdoor Fitnessger\u00e4te f\u00fcr St\u00e4dte"}]},{"@type":"WebSite","@id":"https:\/\/outdoor-gym.com\/de\/#website","url":"https:\/\/outdoor-gym.com\/de\/","name":"Trainer","description":"Trainer","potentialAction":[{"@type":"SearchAction","target":{"@type":"EntryPoint","urlTemplate":"https:\/\/outdoor-gym.com\/de\/?s={search_term_string}"},"query-input":"required name=search_term_string"}],"inLanguage":"pl-PL"}]}},"_links":{"self":[{"href":"https:\/\/outdoor-gym.com\/de\/wp-json\/wp\/v2\/pages\/954"}],"collection":[{"href":"https:\/\/outdoor-gym.com\/de\/wp-json\/wp\/v2\/pages"}],"about":[{"href":"https:\/\/outdoor-gym.com\/de\/wp-json\/wp\/v2\/types\/page"}],"author":[{"embeddable":true,"href":"https:\/\/outdoor-gym.com\/de\/wp-json\/wp\/v2\/users\/1"}],"replies":[{"embeddable":true,"href":"https:\/\/outdoor-gym.com\/de\/wp-json\/wp\/v2\/comments?post=954"}],"version-history":[{"count":47,"href":"https:\/\/outdoor-gym.com\/de\/wp-json\/wp\/v2\/pages\/954\/revisions"}],"predecessor-version":[{"id":5768,"href":"https:\/\/outdoor-gym.com\/de\/wp-json\/wp\/v2\/pages\/954\/revisions\/5768"}],"up":[{"embeddable":true,"href":"https:\/\/outdoor-gym.com\/de\/wp-json\/wp\/v2\/pages\/930"}],"wp:attachment":[{"href":"https:\/\/outdoor-gym.com\/de\/wp-json\/wp\/v2\/media?parent=954"}],"curies":[{"name":"wp","href":"https:\/\/api.w.org\/{rel}","templated":true}]}}