{"id":959,"date":"2021-01-12T08:46:54","date_gmt":"2021-01-12T07:46:54","guid":{"rendered":"https:\/\/outdoor-gym.com\/de\/?page_id=959"},"modified":"2025-01-09T22:20:12","modified_gmt":"2025-01-09T21:20:12","slug":"outdoor-fitnessgerate-fur-den-garten","status":"publish","type":"page","link":"https:\/\/outdoor-gym.com\/de\/kunden\/outdoor-fitnessgerate-fur-den-garten\/","title":{"rendered":"Outdoor Fitnessger\u00e4te f\u00fcr den Garten"},"content":{"rendered":"<p>Die Outdoor Fitnessger\u00e4te f\u00fcr den Garten \u2013 die perfekte L\u00f6sung f\u00fcr die \u00dcbungen im Freien.<\/p>\n<p>Wir leben in einer Welt, in der wir viel Zeit im Sitzen verbringen. Wir arbeiten am Computer, machen Hausaufgaben, schauen fern \u2013 all das verlangt von unserem K\u00f6rper nach Bewegung und k\u00f6rperlicher Aktivit\u00e4t. Leider haben wir nicht immer die M\u00f6glichkeit, eine Fitnessstudio-Mitgliedschaft zu kaufen und jede Woche ein paar Stunden dort zu verbringen. Die Outdoor Fitnessger\u00e4te f\u00fcr den Garten ist eine ausgezeichnete L\u00f6sung f\u00fcr die Menschen, die den Arbeitsalltag im Sitzen satt haben.<\/p>\n<p>Das Interesse an solcher L\u00f6sung steigt von Jahr zu Jahr dynamisch an. Wenn es um die Ausstattung geht, stehen die Outdoor Fitnessger\u00e4te den traditionellen Fitnessstudios nicht nach.\u00a0 Hier finden Sie Kraft- und Cardioger\u00e4te: Trainingsb\u00e4nke, Klimmzugstangen, Handl\u00e4ufe, Fahrr\u00e4der, Ruderger\u00e4te, Orbiter, Stepper und vieles mehr. Sie k\u00f6nnen auch ein einfaches Street-Workout-Set in den Garten stellen.<\/p>\n<p>Wenn Sie nach einer Alternative zu \u00fcberf\u00fcllten Fitnessclubs suchen, sind die Outdoor Fitnessger\u00e4te eine gute Wahl. Das Training mit den Outdoor Fitnessger\u00e4ten im Garten versorgt den K\u00f6rper mit Sauerstoff und Vitamin D.<\/p>\n<p><img loading=\"lazy\" class=\"alignnone wp-image-1944 size-full\" title=\"Outdoor Fitnessger\u00e4te f\u00fcr den Garten\" src=\"https:\/\/outdoor-gym.com\/de\/wp-content\/uploads\/TRAINER-Outdoor fitness equipment for individual clients-8.jpg\" alt=\"Sportger\u00e4te f\u00fcr den Garten\" width=\"2560\" height=\"1704\" srcset=\"https:\/\/outdoor-gym.com\/de\/wp-content\/uploads\/TRAINER-Outdoor%20fitness%20equipment%20for%20individual%20clients-8.jpg 2560w, https:\/\/outdoor-gym.com\/de\/wp-content\/uploads\/TRAINER-Outdoor%20fitness%20equipment%20for%20individual%20clients-8-600x399.jpg 600w, https:\/\/outdoor-gym.com\/de\/wp-content\/uploads\/TRAINER-Outdoor%20fitness%20equipment%20for%20individual%20clients-8-2000x1331.jpg 2000w, https:\/\/outdoor-gym.com\/de\/wp-content\/uploads\/TRAINER-Outdoor%20fitness%20equipment%20for%20individual%20clients-8-768x511.jpg 768w, https:\/\/outdoor-gym.com\/de\/wp-content\/uploads\/TRAINER-Outdoor%20fitness%20equipment%20for%20individual%20clients-8-1536x1022.jpg 1536w, https:\/\/outdoor-gym.com\/de\/wp-content\/uploads\/TRAINER-Outdoor%20fitness%20equipment%20for%20individual%20clients-8-2048x1363.jpg 2048w\" sizes=\"(max-width: 2560px) 100vw, 2560px\" \/><img loading=\"lazy\" class=\"alignnone wp-image-1939 size-full\" title=\"Outdoor Fitnessger\u00e4te f\u00fcr den Garten - TRAINER\" src=\"https:\/\/outdoor-gym.com\/de\/wp-content\/uploads\/outdoor-fitness-equipment-for-individual-clients-3.jpg\" alt=\"Sportger\u00e4te f\u00fcr den Garten\" width=\"2560\" height=\"1704\" srcset=\"https:\/\/outdoor-gym.com\/de\/wp-content\/uploads\/outdoor-fitness-equipment-for-individual-clients-3.jpg 2560w, https:\/\/outdoor-gym.com\/de\/wp-content\/uploads\/outdoor-fitness-equipment-for-individual-clients-3-600x399.jpg 600w, https:\/\/outdoor-gym.com\/de\/wp-content\/uploads\/outdoor-fitness-equipment-for-individual-clients-3-2000x1331.jpg 2000w, https:\/\/outdoor-gym.com\/de\/wp-content\/uploads\/outdoor-fitness-equipment-for-individual-clients-3-768x511.jpg 768w, https:\/\/outdoor-gym.com\/de\/wp-content\/uploads\/outdoor-fitness-equipment-for-individual-clients-3-1536x1022.jpg 1536w, https:\/\/outdoor-gym.com\/de\/wp-content\/uploads\/outdoor-fitness-equipment-for-individual-clients-3-2048x1363.jpg 2048w\" sizes=\"(max-width: 2560px) 100vw, 2560px\" \/><img loading=\"lazy\" class=\"alignnone wp-image-1924 size-full\" title=\"Outdoor Fitnessger\u00e4te f\u00fcr den Garten - Realisierungen \" src=\"https:\/\/outdoor-gym.com\/de\/wp-content\/uploads\/Outdoor Fitnessgarete fur Stadte Gemeinden.jpg\" alt=\"Sportger\u00e4te f\u00fcr den Garten - Realisierungen \" width=\"2560\" height=\"1704\" srcset=\"https:\/\/outdoor-gym.com\/de\/wp-content\/uploads\/Outdoor%20Fitnessgarete%20fur%20Stadte%20Gemeinden.jpg 2560w, https:\/\/outdoor-gym.com\/de\/wp-content\/uploads\/Outdoor%20Fitnessgarete%20fur%20Stadte%20Gemeinden-600x399.jpg 600w, https:\/\/outdoor-gym.com\/de\/wp-content\/uploads\/Outdoor%20Fitnessgarete%20fur%20Stadte%20Gemeinden-2000x1331.jpg 2000w, https:\/\/outdoor-gym.com\/de\/wp-content\/uploads\/Outdoor%20Fitnessgarete%20fur%20Stadte%20Gemeinden-768x511.jpg 768w, https:\/\/outdoor-gym.com\/de\/wp-content\/uploads\/Outdoor%20Fitnessgarete%20fur%20Stadte%20Gemeinden-1536x1022.jpg 1536w, https:\/\/outdoor-gym.com\/de\/wp-content\/uploads\/Outdoor%20Fitnessgarete%20fur%20Stadte%20Gemeinden-2048x1363.jpg 2048w\" sizes=\"(max-width: 2560px) 100vw, 2560px\" \/><\/p>\n<p>&nbsp;<\/p>\n","protected":false},"excerpt":{"rendered":"<p>Die Outdoor Fitnessger\u00e4te f\u00fcr den Garten \u2013 die perfekte L\u00f6sung f\u00fcr die \u00dcbungen im Freien. Wir leben in einer Welt, in der wir viel Zeit im Sitzen verbringen. Wir arbeiten am Computer, machen Hausaufgaben, schauen fern \u2013 all das verlangt von unserem K\u00f6rper nach Bewegung und k\u00f6rperlicher Aktivit\u00e4t. Leider haben wir nicht immer die M\u00f6glichkeit, [&hellip;]<\/p>\n","protected":false},"author":1,"featured_media":0,"parent":930,"menu_order":0,"comment_status":"closed","ping_status":"closed","template":"template-klienci-podstrona.php","meta":[],"acf":[],"yoast_head":"<!-- This site is optimized with the Yoast SEO plugin v20.6 - https:\/\/yoast.com\/wordpress\/plugins\/seo\/ -->\n<title>Outdoor Fitnessger\u00e4te f\u00fcr den Garten - TRAINER<\/title>\n<meta name=\"description\" content=\"Outdoor Fitnessger\u00e4te f\u00fcr den Garten - TRAINER. Outdoor-Fitnessstudios f\u00fcr den Garten \u2013 die perfekte L\u00f6sung f\u00fcr Outdoor-\u00dcbungen. Outdoor Fitnessger\u00e4te Preise.\" \/>\n<meta name=\"robots\" content=\"index, follow, max-snippet:-1, max-image-preview:large, max-video-preview:-1\" \/>\n<link rel=\"canonical\" href=\"https:\/\/outdoor-gym.com\/de\/kunden\/outdoor-fitnessgerate-fur-den-garten\/\" \/>\n<meta property=\"og:locale\" content=\"de_DE\" \/>\n<meta property=\"og:type\" content=\"article\" \/>\n<meta property=\"og:title\" content=\"Outdoor Fitnessger\u00e4te f\u00fcr den Garten - TRAINER\" \/>\n<meta property=\"og:description\" content=\"Outdoor Fitnessger\u00e4te f\u00fcr den Garten - TRAINER. Outdoor-Fitnessstudios f\u00fcr den Garten \u2013 die perfekte L\u00f6sung f\u00fcr Outdoor-\u00dcbungen. Outdoor Fitnessger\u00e4te Preise.\" \/>\n<meta property=\"og:url\" content=\"https:\/\/outdoor-gym.com\/de\/kunden\/outdoor-fitnessgerate-fur-den-garten\/\" \/>\n<meta property=\"og:site_name\" content=\"Trainer\" \/>\n<meta property=\"article:modified_time\" content=\"2025-01-09T21:20:12+00:00\" \/>\n<meta property=\"og:image\" content=\"https:\/\/outdoor-gym.com\/de\/wp-content\/uploads\/outdoor-fitness-equipment-for-individual-clients-3.jpg\" \/>\n<meta name=\"twitter:card\" content=\"summary_large_image\" \/>\n<meta name=\"twitter:label1\" content=\"Szacowany czas czytania\" \/>\n\t<meta name=\"twitter:data1\" content=\"2 minuty\" \/>\n<script type=\"application\/ld+json\" class=\"yoast-schema-graph\">{\"@context\":\"https:\/\/schema.org\",\"@graph\":[{\"@type\":\"WebPage\",\"@id\":\"https:\/\/outdoor-gym.com\/de\/kunden\/outdoor-fitnessgerate-fur-den-garten\/\",\"url\":\"https:\/\/outdoor-gym.com\/de\/kunden\/outdoor-fitnessgerate-fur-den-garten\/\",\"name\":\"Outdoor Fitnessger\u00e4te f\u00fcr den Garten - TRAINER\",\"isPartOf\":{\"@id\":\"https:\/\/outdoor-gym.com\/de\/#website\"},\"datePublished\":\"2021-01-12T07:46:54+00:00\",\"dateModified\":\"2025-01-09T21:20:12+00:00\",\"description\":\"Outdoor Fitnessger\u00e4te f\u00fcr den Garten - TRAINER. Outdoor-Fitnessstudios f\u00fcr den Garten \u2013 die perfekte L\u00f6sung f\u00fcr Outdoor-\u00dcbungen. Outdoor Fitnessger\u00e4te Preise.\",\"breadcrumb\":{\"@id\":\"https:\/\/outdoor-gym.com\/de\/kunden\/outdoor-fitnessgerate-fur-den-garten\/#breadcrumb\"},\"inLanguage\":\"pl-PL\",\"potentialAction\":[{\"@type\":\"ReadAction\",\"target\":[\"https:\/\/outdoor-gym.com\/de\/kunden\/outdoor-fitnessgerate-fur-den-garten\/\"]}]},{\"@type\":\"BreadcrumbList\",\"@id\":\"https:\/\/outdoor-gym.com\/de\/kunden\/outdoor-fitnessgerate-fur-den-garten\/#breadcrumb\",\"itemListElement\":[{\"@type\":\"ListItem\",\"position\":1,\"name\":\"de\",\"item\":\"https:\/\/outdoor-gym.com\/de\/\"},{\"@type\":\"ListItem\",\"position\":2,\"name\":\"Kunden\",\"item\":\"https:\/\/outdoor-gym.com\/de\/kunden\/\"},{\"@type\":\"ListItem\",\"position\":3,\"name\":\"Outdoor Fitnessger\u00e4te f\u00fcr den Garten\"}]},{\"@type\":\"WebSite\",\"@id\":\"https:\/\/outdoor-gym.com\/de\/#website\",\"url\":\"https:\/\/outdoor-gym.com\/de\/\",\"name\":\"Trainer\",\"description\":\"Trainer\",\"potentialAction\":[{\"@type\":\"SearchAction\",\"target\":{\"@type\":\"EntryPoint\",\"urlTemplate\":\"https:\/\/outdoor-gym.com\/de\/?s={search_term_string}\"},\"query-input\":\"required name=search_term_string\"}],\"inLanguage\":\"pl-PL\"}]}<\/script>\n<!-- \/ Yoast SEO plugin. -->","yoast_head_json":{"title":"Outdoor Fitnessger\u00e4te f\u00fcr den Garten - TRAINER","description":"Outdoor Fitnessger\u00e4te f\u00fcr den Garten - TRAINER. Outdoor-Fitnessstudios f\u00fcr den Garten \u2013 die perfekte L\u00f6sung f\u00fcr Outdoor-\u00dcbungen. Outdoor Fitnessger\u00e4te Preise.","robots":{"index":"index","follow":"follow","max-snippet":"max-snippet:-1","max-image-preview":"max-image-preview:large","max-video-preview":"max-video-preview:-1"},"canonical":"https:\/\/outdoor-gym.com\/de\/kunden\/outdoor-fitnessgerate-fur-den-garten\/","og_locale":"de_DE","og_type":"article","og_title":"Outdoor Fitnessger\u00e4te f\u00fcr den Garten - TRAINER","og_description":"Outdoor Fitnessger\u00e4te f\u00fcr den Garten - TRAINER. Outdoor-Fitnessstudios f\u00fcr den Garten \u2013 die perfekte L\u00f6sung f\u00fcr Outdoor-\u00dcbungen. Outdoor Fitnessger\u00e4te Preise.","og_url":"https:\/\/outdoor-gym.com\/de\/kunden\/outdoor-fitnessgerate-fur-den-garten\/","og_site_name":"Trainer","article_modified_time":"2025-01-09T21:20:12+00:00","og_image":[{"url":"https:\/\/outdoor-gym.com\/de\/wp-content\/uploads\/outdoor-fitness-equipment-for-individual-clients-3.jpg"}],"twitter_card":"summary_large_image","twitter_misc":{"Szacowany czas czytania":"2 minuty"},"schema":{"@context":"https:\/\/schema.org","@graph":[{"@type":"WebPage","@id":"https:\/\/outdoor-gym.com\/de\/kunden\/outdoor-fitnessgerate-fur-den-garten\/","url":"https:\/\/outdoor-gym.com\/de\/kunden\/outdoor-fitnessgerate-fur-den-garten\/","name":"Outdoor Fitnessger\u00e4te f\u00fcr den Garten - TRAINER","isPartOf":{"@id":"https:\/\/outdoor-gym.com\/de\/#website"},"datePublished":"2021-01-12T07:46:54+00:00","dateModified":"2025-01-09T21:20:12+00:00","description":"Outdoor Fitnessger\u00e4te f\u00fcr den Garten - TRAINER. Outdoor-Fitnessstudios f\u00fcr den Garten \u2013 die perfekte L\u00f6sung f\u00fcr Outdoor-\u00dcbungen. Outdoor Fitnessger\u00e4te Preise.","breadcrumb":{"@id":"https:\/\/outdoor-gym.com\/de\/kunden\/outdoor-fitnessgerate-fur-den-garten\/#breadcrumb"},"inLanguage":"pl-PL","potentialAction":[{"@type":"ReadAction","target":["https:\/\/outdoor-gym.com\/de\/kunden\/outdoor-fitnessgerate-fur-den-garten\/"]}]},{"@type":"BreadcrumbList","@id":"https:\/\/outdoor-gym.com\/de\/kunden\/outdoor-fitnessgerate-fur-den-garten\/#breadcrumb","itemListElement":[{"@type":"ListItem","position":1,"name":"de","item":"https:\/\/outdoor-gym.com\/de\/"},{"@type":"ListItem","position":2,"name":"Kunden","item":"https:\/\/outdoor-gym.com\/de\/kunden\/"},{"@type":"ListItem","position":3,"name":"Outdoor Fitnessger\u00e4te f\u00fcr den Garten"}]},{"@type":"WebSite","@id":"https:\/\/outdoor-gym.com\/de\/#website","url":"https:\/\/outdoor-gym.com\/de\/","name":"Trainer","description":"Trainer","potentialAction":[{"@type":"SearchAction","target":{"@type":"EntryPoint","urlTemplate":"https:\/\/outdoor-gym.com\/de\/?s={search_term_string}"},"query-input":"required name=search_term_string"}],"inLanguage":"pl-PL"}]}},"_links":{"self":[{"href":"https:\/\/outdoor-gym.com\/de\/wp-json\/wp\/v2\/pages\/959"}],"collection":[{"href":"https:\/\/outdoor-gym.com\/de\/wp-json\/wp\/v2\/pages"}],"about":[{"href":"https:\/\/outdoor-gym.com\/de\/wp-json\/wp\/v2\/types\/page"}],"author":[{"embeddable":true,"href":"https:\/\/outdoor-gym.com\/de\/wp-json\/wp\/v2\/users\/1"}],"replies":[{"embeddable":true,"href":"https:\/\/outdoor-gym.com\/de\/wp-json\/wp\/v2\/comments?post=959"}],"version-history":[{"count":35,"href":"https:\/\/outdoor-gym.com\/de\/wp-json\/wp\/v2\/pages\/959\/revisions"}],"predecessor-version":[{"id":5774,"href":"https:\/\/outdoor-gym.com\/de\/wp-json\/wp\/v2\/pages\/959\/revisions\/5774"}],"up":[{"embeddable":true,"href":"https:\/\/outdoor-gym.com\/de\/wp-json\/wp\/v2\/pages\/930"}],"wp:attachment":[{"href":"https:\/\/outdoor-gym.com\/de\/wp-json\/wp\/v2\/media?parent=959"}],"curies":[{"name":"wp","href":"https:\/\/api.w.org\/{rel}","templated":true}]}}