{"id":962,"date":"2021-01-12T08:47:31","date_gmt":"2021-01-12T07:47:31","guid":{"rendered":"https:\/\/outdoor-gym.com\/de\/?page_id=962"},"modified":"2025-01-09T22:16:33","modified_gmt":"2025-01-09T21:16:33","slug":"outdoor-trainingsgerate-fur-hotels","status":"publish","type":"page","link":"https:\/\/outdoor-gym.com\/de\/kunden\/outdoor-trainingsgerate-fur-hotels\/","title":{"rendered":"Outdoor-Trainingsger\u00e4te f\u00fcr Hotels"},"content":{"rendered":"<p>Wir laden die Vertreter von Hotels, Freizeit- und Erholungszentren, SPA &amp; Wellness, Pensionen und Sanatorien zur Zusammenarbeit mit uns ein. Professionelle Outdoor Fitnessger\u00e4te erm\u00f6glichen es Ihnen, Ihr Angebot hefvorzuheben und die Bed\u00fcrfnisse von G\u00e4sten, die an einem gesunden Lebensstil interessiert sind, effektiv zu erf\u00fcllen.<\/p>\n<p>Das Bewusstsein der Menschen f\u00fcr die Vorteile k\u00f6rperlicher Aktivit\u00e4t f\u00fcr Gesundheit und das Wohlbefinden w\u00e4chst stetig, weshalb es so wichtig ist, Ihren G\u00e4sten eine M\u00f6glichkeit zu bieten, sich an der frischen Luft zu bewegen.<\/p>\n<p>Die Outdoor Fitnessger\u00e4te k\u00f6nnen eine Alternative zu Turnhallen sein oder das Freizeitangebot des gesamten Erholungszentrums erg\u00e4nzen. Sie bieten eine M\u00f6glichkeit, die \u00dcbungen mit unterschiedlichen Schwierigkeitsgraden durchzuf\u00fchren. Der Nutzer entscheidet selbst, wie lange und wie intensiv er trainieren m\u00f6chte. Die \u00dcbungen st\u00e4rken den Oberk\u00f6rper und die Bauchkraft, kr\u00e4ftigen den R\u00fccken, die Schultern und die Gliedma\u00dfen.<\/p>\n<p>Die Hotels, Pensionen und Erholungszentren mit Outdoor Fitnessger\u00e4ten k\u00f6nnen damit werben, dass sie einen gesunden Lebensstil f\u00f6rdern, was zum Aufbau eines positiven Images des Unternehmens beitr\u00e4gt. Solche Ger\u00e4te k\u00f6nnen in der Umgebung eines Spielplatzes oder in anderen Au\u00dfenbereichen montiert werden. Unsere Ger\u00e4te sind f\u00fcr jeden geeignet, unabh\u00e4ngig von Alter und Fitnessniveau.<\/p>\n<p>Wenden Sie sich an unsere Spezialisten, die Sie bei der Auswahl und Gestaltung Ihres Outdoor Fitnessbereichs gerne unterst\u00fctzen. Wir bieten professionelle und umfassende Dienstleistungen an.<\/p>\n<p><img loading=\"lazy\" class=\"alignnone wp-image-1929 size-full\" title=\"Outdoor Fitnessger\u00e4te f\u00fcr Hotels\" src=\"https:\/\/outdoor-gym.com\/de\/wp-content\/uploads\/TRAINER-Outdoor fitness equipment for hotels-1.png\" alt=\"\" width=\"1352\" height=\"761\" srcset=\"https:\/\/outdoor-gym.com\/de\/wp-content\/uploads\/TRAINER-Outdoor%20fitness%20equipment%20for%20hotels-1.png 1352w, https:\/\/outdoor-gym.com\/de\/wp-content\/uploads\/TRAINER-silowne-plenerowe-dla-hoteli-1-600x338.png 600w, https:\/\/outdoor-gym.com\/de\/wp-content\/uploads\/TRAINER-silowne-plenerowe-dla-hoteli-1-768x432.png 768w, https:\/\/outdoor-gym.com\/de\/wp-content\/uploads\/TRAINER-silowne-plenerowe-dla-hoteli-1-1536x864.png 1536w\" sizes=\"(max-width: 1352px) 100vw, 1352px\" \/><\/p>\n<p>&nbsp;<\/p>\n<p><img loading=\"lazy\" class=\"alignnone wp-image-2098 size-full\" title=\"Outdoor Fitnessger\u00e4te f\u00fcr Hotels\" src=\"https:\/\/outdoor-gym.com\/de\/wp-content\/uploads\/Outdoor-fitness-for-hotels.jpg\" alt=\"\" width=\"2560\" height=\"1696\" srcset=\"https:\/\/outdoor-gym.com\/de\/wp-content\/uploads\/Outdoor-fitness-for-hotels.jpg 2560w, https:\/\/outdoor-gym.com\/de\/wp-content\/uploads\/Outdoor-fitness-for-hotels-600x397.jpg 600w, https:\/\/outdoor-gym.com\/de\/wp-content\/uploads\/Outdoor-fitness-for-hotels-2000x1325.jpg 2000w, https:\/\/outdoor-gym.com\/de\/wp-content\/uploads\/Outdoor-fitness-for-hotels-768x509.jpg 768w, https:\/\/outdoor-gym.com\/de\/wp-content\/uploads\/Outdoor-fitness-for-hotels-1536x1017.jpg 1536w, https:\/\/outdoor-gym.com\/de\/wp-content\/uploads\/Outdoor-fitness-for-hotels-2048x1356.jpg 2048w\" sizes=\"(max-width: 2560px) 100vw, 2560px\" \/><\/p>\n","protected":false},"excerpt":{"rendered":"<p>Wir laden die Vertreter von Hotels, Freizeit- und Erholungszentren, SPA &amp; Wellness, Pensionen und Sanatorien zur Zusammenarbeit mit uns ein. Professionelle Outdoor Fitnessger\u00e4te erm\u00f6glichen es Ihnen, Ihr Angebot hefvorzuheben und die Bed\u00fcrfnisse von G\u00e4sten, die an einem gesunden Lebensstil interessiert sind, effektiv zu erf\u00fcllen. Das Bewusstsein der Menschen f\u00fcr die Vorteile k\u00f6rperlicher Aktivit\u00e4t f\u00fcr Gesundheit [&hellip;]<\/p>\n","protected":false},"author":1,"featured_media":0,"parent":930,"menu_order":0,"comment_status":"closed","ping_status":"closed","template":"template-klienci-podstrona.php","meta":[],"acf":[],"yoast_head":"<!-- This site is optimized with the Yoast SEO plugin v20.6 - https:\/\/yoast.com\/wordpress\/plugins\/seo\/ -->\n<title>Outdoor Fitnessger\u00e4te f\u00fcr Hotels - TRAINER - Hersteller Fitnessger\u00e4te<\/title>\n<meta name=\"description\" content=\"Outdoor Fitnessger\u00e4te f\u00fcr Hotels. +10 Jahrelange Erfahrung, +14 L\u00e4nder, +3500 Realisationen. Beste Qualit\u00e4t. Kontaktiere Sie uns.\" \/>\n<meta name=\"robots\" content=\"index, follow, max-snippet:-1, max-image-preview:large, max-video-preview:-1\" \/>\n<link rel=\"canonical\" href=\"https:\/\/outdoor-gym.com\/de\/kunden\/outdoor-trainingsgerate-fur-hotels\/\" \/>\n<meta property=\"og:locale\" content=\"de_DE\" \/>\n<meta property=\"og:type\" content=\"article\" \/>\n<meta property=\"og:title\" content=\"Outdoor Fitnessger\u00e4te f\u00fcr Hotels - TRAINER - Hersteller Fitnessger\u00e4te\" \/>\n<meta property=\"og:description\" content=\"Outdoor Fitnessger\u00e4te f\u00fcr Hotels. +10 Jahrelange Erfahrung, +14 L\u00e4nder, +3500 Realisationen. Beste Qualit\u00e4t. Kontaktiere Sie uns.\" \/>\n<meta property=\"og:url\" content=\"https:\/\/outdoor-gym.com\/de\/kunden\/outdoor-trainingsgerate-fur-hotels\/\" \/>\n<meta property=\"og:site_name\" content=\"Trainer\" \/>\n<meta property=\"article:modified_time\" content=\"2025-01-09T21:16:33+00:00\" \/>\n<meta property=\"og:image\" content=\"https:\/\/outdoor-gym.com\/de\/wp-content\/uploads\/Outdoor-fitness-for-hotels.jpg\" \/>\n<meta name=\"twitter:card\" content=\"summary_large_image\" \/>\n<meta name=\"twitter:label1\" content=\"Szacowany czas czytania\" \/>\n\t<meta name=\"twitter:data1\" content=\"2 minuty\" \/>\n<script type=\"application\/ld+json\" class=\"yoast-schema-graph\">{\"@context\":\"https:\/\/schema.org\",\"@graph\":[{\"@type\":\"WebPage\",\"@id\":\"https:\/\/outdoor-gym.com\/de\/kunden\/outdoor-trainingsgerate-fur-hotels\/\",\"url\":\"https:\/\/outdoor-gym.com\/de\/kunden\/outdoor-trainingsgerate-fur-hotels\/\",\"name\":\"Outdoor Fitnessger\u00e4te f\u00fcr Hotels - TRAINER - Hersteller Fitnessger\u00e4te\",\"isPartOf\":{\"@id\":\"https:\/\/outdoor-gym.com\/de\/#website\"},\"datePublished\":\"2021-01-12T07:47:31+00:00\",\"dateModified\":\"2025-01-09T21:16:33+00:00\",\"description\":\"Outdoor Fitnessger\u00e4te f\u00fcr Hotels. +10 Jahrelange Erfahrung, +14 L\u00e4nder, +3500 Realisationen. Beste Qualit\u00e4t. Kontaktiere Sie uns.\",\"breadcrumb\":{\"@id\":\"https:\/\/outdoor-gym.com\/de\/kunden\/outdoor-trainingsgerate-fur-hotels\/#breadcrumb\"},\"inLanguage\":\"pl-PL\",\"potentialAction\":[{\"@type\":\"ReadAction\",\"target\":[\"https:\/\/outdoor-gym.com\/de\/kunden\/outdoor-trainingsgerate-fur-hotels\/\"]}]},{\"@type\":\"BreadcrumbList\",\"@id\":\"https:\/\/outdoor-gym.com\/de\/kunden\/outdoor-trainingsgerate-fur-hotels\/#breadcrumb\",\"itemListElement\":[{\"@type\":\"ListItem\",\"position\":1,\"name\":\"de\",\"item\":\"https:\/\/outdoor-gym.com\/de\/\"},{\"@type\":\"ListItem\",\"position\":2,\"name\":\"Kunden\",\"item\":\"https:\/\/outdoor-gym.com\/de\/kunden\/\"},{\"@type\":\"ListItem\",\"position\":3,\"name\":\"Outdoor-Trainingsger\u00e4te f\u00fcr Hotels\"}]},{\"@type\":\"WebSite\",\"@id\":\"https:\/\/outdoor-gym.com\/de\/#website\",\"url\":\"https:\/\/outdoor-gym.com\/de\/\",\"name\":\"Trainer\",\"description\":\"Trainer\",\"potentialAction\":[{\"@type\":\"SearchAction\",\"target\":{\"@type\":\"EntryPoint\",\"urlTemplate\":\"https:\/\/outdoor-gym.com\/de\/?s={search_term_string}\"},\"query-input\":\"required name=search_term_string\"}],\"inLanguage\":\"pl-PL\"}]}<\/script>\n<!-- \/ Yoast SEO plugin. -->","yoast_head_json":{"title":"Outdoor Fitnessger\u00e4te f\u00fcr Hotels - TRAINER - Hersteller Fitnessger\u00e4te","description":"Outdoor Fitnessger\u00e4te f\u00fcr Hotels. +10 Jahrelange Erfahrung, +14 L\u00e4nder, +3500 Realisationen. Beste Qualit\u00e4t. Kontaktiere Sie uns.","robots":{"index":"index","follow":"follow","max-snippet":"max-snippet:-1","max-image-preview":"max-image-preview:large","max-video-preview":"max-video-preview:-1"},"canonical":"https:\/\/outdoor-gym.com\/de\/kunden\/outdoor-trainingsgerate-fur-hotels\/","og_locale":"de_DE","og_type":"article","og_title":"Outdoor Fitnessger\u00e4te f\u00fcr Hotels - TRAINER - Hersteller Fitnessger\u00e4te","og_description":"Outdoor Fitnessger\u00e4te f\u00fcr Hotels. +10 Jahrelange Erfahrung, +14 L\u00e4nder, +3500 Realisationen. Beste Qualit\u00e4t. Kontaktiere Sie uns.","og_url":"https:\/\/outdoor-gym.com\/de\/kunden\/outdoor-trainingsgerate-fur-hotels\/","og_site_name":"Trainer","article_modified_time":"2025-01-09T21:16:33+00:00","og_image":[{"url":"https:\/\/outdoor-gym.com\/de\/wp-content\/uploads\/Outdoor-fitness-for-hotels.jpg"}],"twitter_card":"summary_large_image","twitter_misc":{"Szacowany czas czytania":"2 minuty"},"schema":{"@context":"https:\/\/schema.org","@graph":[{"@type":"WebPage","@id":"https:\/\/outdoor-gym.com\/de\/kunden\/outdoor-trainingsgerate-fur-hotels\/","url":"https:\/\/outdoor-gym.com\/de\/kunden\/outdoor-trainingsgerate-fur-hotels\/","name":"Outdoor Fitnessger\u00e4te f\u00fcr Hotels - TRAINER - Hersteller Fitnessger\u00e4te","isPartOf":{"@id":"https:\/\/outdoor-gym.com\/de\/#website"},"datePublished":"2021-01-12T07:47:31+00:00","dateModified":"2025-01-09T21:16:33+00:00","description":"Outdoor Fitnessger\u00e4te f\u00fcr Hotels. +10 Jahrelange Erfahrung, +14 L\u00e4nder, +3500 Realisationen. Beste Qualit\u00e4t. Kontaktiere Sie uns.","breadcrumb":{"@id":"https:\/\/outdoor-gym.com\/de\/kunden\/outdoor-trainingsgerate-fur-hotels\/#breadcrumb"},"inLanguage":"pl-PL","potentialAction":[{"@type":"ReadAction","target":["https:\/\/outdoor-gym.com\/de\/kunden\/outdoor-trainingsgerate-fur-hotels\/"]}]},{"@type":"BreadcrumbList","@id":"https:\/\/outdoor-gym.com\/de\/kunden\/outdoor-trainingsgerate-fur-hotels\/#breadcrumb","itemListElement":[{"@type":"ListItem","position":1,"name":"de","item":"https:\/\/outdoor-gym.com\/de\/"},{"@type":"ListItem","position":2,"name":"Kunden","item":"https:\/\/outdoor-gym.com\/de\/kunden\/"},{"@type":"ListItem","position":3,"name":"Outdoor-Trainingsger\u00e4te f\u00fcr Hotels"}]},{"@type":"WebSite","@id":"https:\/\/outdoor-gym.com\/de\/#website","url":"https:\/\/outdoor-gym.com\/de\/","name":"Trainer","description":"Trainer","potentialAction":[{"@type":"SearchAction","target":{"@type":"EntryPoint","urlTemplate":"https:\/\/outdoor-gym.com\/de\/?s={search_term_string}"},"query-input":"required name=search_term_string"}],"inLanguage":"pl-PL"}]}},"_links":{"self":[{"href":"https:\/\/outdoor-gym.com\/de\/wp-json\/wp\/v2\/pages\/962"}],"collection":[{"href":"https:\/\/outdoor-gym.com\/de\/wp-json\/wp\/v2\/pages"}],"about":[{"href":"https:\/\/outdoor-gym.com\/de\/wp-json\/wp\/v2\/types\/page"}],"author":[{"embeddable":true,"href":"https:\/\/outdoor-gym.com\/de\/wp-json\/wp\/v2\/users\/1"}],"replies":[{"embeddable":true,"href":"https:\/\/outdoor-gym.com\/de\/wp-json\/wp\/v2\/comments?post=962"}],"version-history":[{"count":23,"href":"https:\/\/outdoor-gym.com\/de\/wp-json\/wp\/v2\/pages\/962\/revisions"}],"predecessor-version":[{"id":5770,"href":"https:\/\/outdoor-gym.com\/de\/wp-json\/wp\/v2\/pages\/962\/revisions\/5770"}],"up":[{"embeddable":true,"href":"https:\/\/outdoor-gym.com\/de\/wp-json\/wp\/v2\/pages\/930"}],"wp:attachment":[{"href":"https:\/\/outdoor-gym.com\/de\/wp-json\/wp\/v2\/media?parent=962"}],"curies":[{"name":"wp","href":"https:\/\/api.w.org\/{rel}","templated":true}]}}