{"id":963,"date":"2021-01-12T08:47:54","date_gmt":"2021-01-12T07:47:54","guid":{"rendered":"https:\/\/outdoor-gym.com\/de\/?page_id=963"},"modified":"2025-01-09T22:18:17","modified_gmt":"2025-01-09T21:18:17","slug":"outdoor-gym-fur-zuhause","status":"publish","type":"page","link":"https:\/\/outdoor-gym.com\/de\/kunden\/outdoor-gym-fur-zuhause\/","title":{"rendered":"Calisthenics Parks"},"content":{"rendered":"<p><span class=\"jCAhz ChMk0b\"><span class=\"ryNqvb\">Unser Unternehmen arbeitet mit Wohnsiedlungen und \u00e4hnlichen Organisationen zusammen.<\/span><\/span> <span class=\"jCAhz ChMk0b\"><span class=\"ryNqvb\">Wir wissen, dass Open-Air-Fitnessstudios eine hervorragende M\u00f6glichkeit sind, alle Bewohner zu integrieren.<\/span><\/span> <span class=\"jCAhz ChMk0b\"><span class=\"ryNqvb\">Im Gemeindepark gelegen, sind solche Turnhallen der perfekte Ort f\u00fcr Begegnungen und Gespr\u00e4che und bieten gleichzeitig die M\u00f6glichkeit zur Bewegung.<\/span><\/span> <span class=\"jCAhz ChMk0b\"><span class=\"ryNqvb\">Dar\u00fcber hinaus steigern moderne Trainingsger\u00e4te die Attraktivit\u00e4t des \u00f6ffentlichen Raums erheblich und regen Menschen aller Altersgruppen zu k\u00f6rperlicher Aktivit\u00e4t an.<\/span><\/span> <span class=\"jCAhz ChMk0b\"><span class=\"ryNqvb\">Der perfekte Ort f\u00fcr ein Outdoor-Fitnessstudio ist der Spielplatz.<\/span><\/span> <span class=\"jCAhz ChMk0b\"><span class=\"ryNqvb\">So k\u00f6nnen Eltern die Zeit mit ihren Kindern auf angenehme und sinnvolle Weise im Freien verbringen.<\/span><\/span> <span class=\"jCAhz ChMk0b\"><span class=\"ryNqvb\">Outdoor-Fitnessstudios ermutigen die Jugendlichen auch, sich k\u00f6rperlich zu bet\u00e4tigen.<\/span><\/span> <span class=\"jCAhz ChMk0b\"><span class=\"ryNqvb\">Nach mehreren Stunden in der Schule oder vor dem Computer sitzend, ist ein Outdoor-Fitnessstudio der perfekte Ort, um Dehn-, Entspannungs- und Kr\u00e4ftigungs\u00fcbungen durchzuf\u00fchren.<\/span><\/span><\/p>\n<p><img loading=\"lazy\" class=\"alignnone wp-image-1949 size-full\" title=\"Calisthenics Parks\" src=\"https:\/\/outdoor-gym.com\/de\/wp-content\/uploads\/Outdoor fitness-7.png\" alt=\"Calisthenics Parks - TRAINER\" width=\"1920\" height=\"1080\" srcset=\"https:\/\/outdoor-gym.com\/de\/wp-content\/uploads\/Outdoor%20fitness-7.png 1920w, https:\/\/outdoor-gym.com\/de\/wp-content\/uploads\/Outdoor%20fitness-7-600x338.png 600w, https:\/\/outdoor-gym.com\/de\/wp-content\/uploads\/Outdoor%20fitness-7-768x432.png 768w, https:\/\/outdoor-gym.com\/de\/wp-content\/uploads\/Outdoor%20fitness-7-1536x864.png 1536w\" sizes=\"(max-width: 1920px) 100vw, 1920px\" \/><\/p>\n<p>&nbsp;<\/p>\n","protected":false},"excerpt":{"rendered":"<p>Unser Unternehmen arbeitet mit Wohnsiedlungen und \u00e4hnlichen Organisationen zusammen. Wir wissen, dass Open-Air-Fitnessstudios eine hervorragende M\u00f6glichkeit sind, alle Bewohner zu integrieren. Im Gemeindepark gelegen, sind solche Turnhallen der perfekte Ort f\u00fcr Begegnungen und Gespr\u00e4che und bieten gleichzeitig die M\u00f6glichkeit zur Bewegung. Dar\u00fcber hinaus steigern moderne Trainingsger\u00e4te die Attraktivit\u00e4t des \u00f6ffentlichen Raums erheblich und regen Menschen [&hellip;]<\/p>\n","protected":false},"author":1,"featured_media":0,"parent":930,"menu_order":0,"comment_status":"closed","ping_status":"closed","template":"template-klienci-podstrona.php","meta":[],"acf":[],"yoast_head":"<!-- This site is optimized with the Yoast SEO plugin v20.6 - https:\/\/yoast.com\/wordpress\/plugins\/seo\/ -->\n<title>Calisthenics Parks - TRAINER<\/title>\n<meta name=\"description\" content=\"Unser Unternehmen arbeitet mit Wohnsiedlungen und \u00e4hnlichen Organisationen zusammen. Wir wissen, dass Open-Air-Fitnessstudios eine hervorragende M\u00f6glichkeit sind, alle Bewohner zu integrieren.\" \/>\n<meta name=\"robots\" content=\"index, follow, max-snippet:-1, max-image-preview:large, max-video-preview:-1\" \/>\n<link rel=\"canonical\" href=\"https:\/\/outdoor-gym.com\/de\/kunden\/outdoor-gym-fur-zuhause\/\" \/>\n<meta property=\"og:locale\" content=\"de_DE\" \/>\n<meta property=\"og:type\" content=\"article\" \/>\n<meta property=\"og:title\" content=\"Calisthenics Parks - TRAINER\" \/>\n<meta property=\"og:description\" content=\"Unser Unternehmen arbeitet mit Wohnsiedlungen und \u00e4hnlichen Organisationen zusammen. Wir wissen, dass Open-Air-Fitnessstudios eine hervorragende M\u00f6glichkeit sind, alle Bewohner zu integrieren.\" \/>\n<meta property=\"og:url\" content=\"https:\/\/outdoor-gym.com\/de\/kunden\/outdoor-gym-fur-zuhause\/\" \/>\n<meta property=\"og:site_name\" content=\"Trainer\" \/>\n<meta property=\"article:modified_time\" content=\"2025-01-09T21:18:17+00:00\" \/>\n<meta name=\"twitter:card\" content=\"summary_large_image\" \/>\n<meta name=\"twitter:label1\" content=\"Szacowany czas czytania\" \/>\n\t<meta name=\"twitter:data1\" content=\"1 minuta\" \/>\n<script type=\"application\/ld+json\" class=\"yoast-schema-graph\">{\"@context\":\"https:\/\/schema.org\",\"@graph\":[{\"@type\":\"WebPage\",\"@id\":\"https:\/\/outdoor-gym.com\/de\/kunden\/outdoor-gym-fur-zuhause\/\",\"url\":\"https:\/\/outdoor-gym.com\/de\/kunden\/outdoor-gym-fur-zuhause\/\",\"name\":\"Calisthenics Parks - TRAINER\",\"isPartOf\":{\"@id\":\"https:\/\/outdoor-gym.com\/de\/#website\"},\"datePublished\":\"2021-01-12T07:47:54+00:00\",\"dateModified\":\"2025-01-09T21:18:17+00:00\",\"description\":\"Unser Unternehmen arbeitet mit Wohnsiedlungen und \u00e4hnlichen Organisationen zusammen. Wir wissen, dass Open-Air-Fitnessstudios eine hervorragende M\u00f6glichkeit sind, alle Bewohner zu integrieren.\",\"breadcrumb\":{\"@id\":\"https:\/\/outdoor-gym.com\/de\/kunden\/outdoor-gym-fur-zuhause\/#breadcrumb\"},\"inLanguage\":\"pl-PL\",\"potentialAction\":[{\"@type\":\"ReadAction\",\"target\":[\"https:\/\/outdoor-gym.com\/de\/kunden\/outdoor-gym-fur-zuhause\/\"]}]},{\"@type\":\"BreadcrumbList\",\"@id\":\"https:\/\/outdoor-gym.com\/de\/kunden\/outdoor-gym-fur-zuhause\/#breadcrumb\",\"itemListElement\":[{\"@type\":\"ListItem\",\"position\":1,\"name\":\"de\",\"item\":\"https:\/\/outdoor-gym.com\/de\/\"},{\"@type\":\"ListItem\",\"position\":2,\"name\":\"Kunden\",\"item\":\"https:\/\/outdoor-gym.com\/de\/kunden\/\"},{\"@type\":\"ListItem\",\"position\":3,\"name\":\"Calisthenics Parks\"}]},{\"@type\":\"WebSite\",\"@id\":\"https:\/\/outdoor-gym.com\/de\/#website\",\"url\":\"https:\/\/outdoor-gym.com\/de\/\",\"name\":\"Trainer\",\"description\":\"Trainer\",\"potentialAction\":[{\"@type\":\"SearchAction\",\"target\":{\"@type\":\"EntryPoint\",\"urlTemplate\":\"https:\/\/outdoor-gym.com\/de\/?s={search_term_string}\"},\"query-input\":\"required name=search_term_string\"}],\"inLanguage\":\"pl-PL\"}]}<\/script>\n<!-- \/ Yoast SEO plugin. -->","yoast_head_json":{"title":"Calisthenics Parks - TRAINER","description":"Unser Unternehmen arbeitet mit Wohnsiedlungen und \u00e4hnlichen Organisationen zusammen. Wir wissen, dass Open-Air-Fitnessstudios eine hervorragende M\u00f6glichkeit sind, alle Bewohner zu integrieren.","robots":{"index":"index","follow":"follow","max-snippet":"max-snippet:-1","max-image-preview":"max-image-preview:large","max-video-preview":"max-video-preview:-1"},"canonical":"https:\/\/outdoor-gym.com\/de\/kunden\/outdoor-gym-fur-zuhause\/","og_locale":"de_DE","og_type":"article","og_title":"Calisthenics Parks - TRAINER","og_description":"Unser Unternehmen arbeitet mit Wohnsiedlungen und \u00e4hnlichen Organisationen zusammen. Wir wissen, dass Open-Air-Fitnessstudios eine hervorragende M\u00f6glichkeit sind, alle Bewohner zu integrieren.","og_url":"https:\/\/outdoor-gym.com\/de\/kunden\/outdoor-gym-fur-zuhause\/","og_site_name":"Trainer","article_modified_time":"2025-01-09T21:18:17+00:00","twitter_card":"summary_large_image","twitter_misc":{"Szacowany czas czytania":"1 minuta"},"schema":{"@context":"https:\/\/schema.org","@graph":[{"@type":"WebPage","@id":"https:\/\/outdoor-gym.com\/de\/kunden\/outdoor-gym-fur-zuhause\/","url":"https:\/\/outdoor-gym.com\/de\/kunden\/outdoor-gym-fur-zuhause\/","name":"Calisthenics Parks - TRAINER","isPartOf":{"@id":"https:\/\/outdoor-gym.com\/de\/#website"},"datePublished":"2021-01-12T07:47:54+00:00","dateModified":"2025-01-09T21:18:17+00:00","description":"Unser Unternehmen arbeitet mit Wohnsiedlungen und \u00e4hnlichen Organisationen zusammen. Wir wissen, dass Open-Air-Fitnessstudios eine hervorragende M\u00f6glichkeit sind, alle Bewohner zu integrieren.","breadcrumb":{"@id":"https:\/\/outdoor-gym.com\/de\/kunden\/outdoor-gym-fur-zuhause\/#breadcrumb"},"inLanguage":"pl-PL","potentialAction":[{"@type":"ReadAction","target":["https:\/\/outdoor-gym.com\/de\/kunden\/outdoor-gym-fur-zuhause\/"]}]},{"@type":"BreadcrumbList","@id":"https:\/\/outdoor-gym.com\/de\/kunden\/outdoor-gym-fur-zuhause\/#breadcrumb","itemListElement":[{"@type":"ListItem","position":1,"name":"de","item":"https:\/\/outdoor-gym.com\/de\/"},{"@type":"ListItem","position":2,"name":"Kunden","item":"https:\/\/outdoor-gym.com\/de\/kunden\/"},{"@type":"ListItem","position":3,"name":"Calisthenics Parks"}]},{"@type":"WebSite","@id":"https:\/\/outdoor-gym.com\/de\/#website","url":"https:\/\/outdoor-gym.com\/de\/","name":"Trainer","description":"Trainer","potentialAction":[{"@type":"SearchAction","target":{"@type":"EntryPoint","urlTemplate":"https:\/\/outdoor-gym.com\/de\/?s={search_term_string}"},"query-input":"required name=search_term_string"}],"inLanguage":"pl-PL"}]}},"_links":{"self":[{"href":"https:\/\/outdoor-gym.com\/de\/wp-json\/wp\/v2\/pages\/963"}],"collection":[{"href":"https:\/\/outdoor-gym.com\/de\/wp-json\/wp\/v2\/pages"}],"about":[{"href":"https:\/\/outdoor-gym.com\/de\/wp-json\/wp\/v2\/types\/page"}],"author":[{"embeddable":true,"href":"https:\/\/outdoor-gym.com\/de\/wp-json\/wp\/v2\/users\/1"}],"replies":[{"embeddable":true,"href":"https:\/\/outdoor-gym.com\/de\/wp-json\/wp\/v2\/comments?post=963"}],"version-history":[{"count":24,"href":"https:\/\/outdoor-gym.com\/de\/wp-json\/wp\/v2\/pages\/963\/revisions"}],"predecessor-version":[{"id":5772,"href":"https:\/\/outdoor-gym.com\/de\/wp-json\/wp\/v2\/pages\/963\/revisions\/5772"}],"up":[{"embeddable":true,"href":"https:\/\/outdoor-gym.com\/de\/wp-json\/wp\/v2\/pages\/930"}],"wp:attachment":[{"href":"https:\/\/outdoor-gym.com\/de\/wp-json\/wp\/v2\/media?parent=963"}],"curies":[{"name":"wp","href":"https:\/\/api.w.org\/{rel}","templated":true}]}}