{"id":964,"date":"2021-01-12T08:48:13","date_gmt":"2021-01-12T07:48:13","guid":{"rendered":"https:\/\/outdoor-gym.com\/de\/?page_id=964"},"modified":"2025-01-09T22:17:36","modified_gmt":"2025-01-09T21:17:36","slug":"sportgerate-fur-drausen-fur-schulen","status":"publish","type":"page","link":"https:\/\/outdoor-gym.com\/de\/kunden\/sportgerate-fur-drausen-fur-schulen\/","title":{"rendered":"Sportger\u00e4te f\u00fcr Drau\u00dfen f\u00fcr Schulen"},"content":{"rendered":"<p>Die Outdoor Fitnessger\u00e4te sind hervorragende Sportger\u00e4te f\u00fcr Kinder und Jugendliche im Schulalter. Sie stellen eine gro\u00dfartige M\u00f6glichkeit dar, um Sch\u00fcler zur Bewegung im Freien anzuregen. Die Ger\u00e4te sind eine gute Alternative zum traditionellen Sportunterricht und eine L\u00f6sung f\u00fcr die Zeit nach der Schule. Wir bieten eine sehr gro\u00dfe Auswahl an Ger\u00e4ten, die einzelne Muskelgruppen trainieren, die Kondition positiv beeinflussen und dabei helfen, die richtige K\u00f6rperhaltung beizubehalten.<\/p>\n<p>Es wird empfohlen, dass die Schulen \u00fcber die Ger\u00e4te verf\u00fcgen, mit denen die Sch\u00fcler verschiedene Muskelgruppen trainieren k\u00f6nnen. Dar\u00fcber hinaus sollen sich diese Ger\u00e4te durch einen geringen Widerstandsgrad auszeichnen.<\/p>\n<p>Wir bieten einen professionellen und umfassenden Service, Lieferung und Montage in ganz Europa.<\/p>\n<p><img loading=\"lazy\" class=\"alignnone wp-image-2032 size-full\" title=\"Outdoor Fitnessger\u00e4te f\u00fcr Schulen\" src=\"https:\/\/outdoor-gym.com\/de\/wp-content\/uploads\/Outdoor-fitness-3-1.png\" alt=\"\" width=\"1920\" height=\"1080\" srcset=\"https:\/\/outdoor-gym.com\/de\/wp-content\/uploads\/Outdoor-fitness-3-1.png 1920w, https:\/\/outdoor-gym.com\/de\/wp-content\/uploads\/Outdoor-fitness-3-1-600x338.png 600w, https:\/\/outdoor-gym.com\/de\/wp-content\/uploads\/Outdoor-fitness-3-1-768x432.png 768w, https:\/\/outdoor-gym.com\/de\/wp-content\/uploads\/Outdoor-fitness-3-1-1536x864.png 1536w\" sizes=\"(max-width: 1920px) 100vw, 1920px\" \/><\/p>\n","protected":false},"excerpt":{"rendered":"<p>Die Outdoor Fitnessger\u00e4te sind hervorragende Sportger\u00e4te f\u00fcr Kinder und Jugendliche im Schulalter. Sie stellen eine gro\u00dfartige M\u00f6glichkeit dar, um Sch\u00fcler zur Bewegung im Freien anzuregen. Die Ger\u00e4te sind eine gute Alternative zum traditionellen Sportunterricht und eine L\u00f6sung f\u00fcr die Zeit nach der Schule. Wir bieten eine sehr gro\u00dfe Auswahl an Ger\u00e4ten, die einzelne Muskelgruppen trainieren, [&hellip;]<\/p>\n","protected":false},"author":1,"featured_media":0,"parent":930,"menu_order":0,"comment_status":"closed","ping_status":"closed","template":"template-klienci-podstrona.php","meta":[],"acf":[],"yoast_head":"<!-- This site is optimized with the Yoast SEO plugin v20.6 - https:\/\/yoast.com\/wordpress\/plugins\/seo\/ -->\n<title>Outdoor Fitnessger\u00e4te f\u00fcr Schulen - Trainer Outdoor Gym<\/title>\n<meta name=\"description\" content=\"Outdoor Fitnessger\u00e4te f\u00fcr Schulen. Beste Qualit\u00e4t, Mehr als 250 Produkte, Individuelle Projekte, Garantie und Service. Kontaktiere Sie uns.\" \/>\n<meta name=\"robots\" content=\"index, follow, max-snippet:-1, max-image-preview:large, max-video-preview:-1\" \/>\n<link rel=\"canonical\" href=\"https:\/\/outdoor-gym.com\/de\/kunden\/sportgerate-fur-drausen-fur-schulen\/\" \/>\n<meta property=\"og:locale\" content=\"de_DE\" \/>\n<meta property=\"og:type\" content=\"article\" \/>\n<meta property=\"og:title\" content=\"Outdoor Fitnessger\u00e4te f\u00fcr Schulen - Trainer Outdoor Gym\" \/>\n<meta property=\"og:description\" content=\"Outdoor Fitnessger\u00e4te f\u00fcr Schulen. Beste Qualit\u00e4t, Mehr als 250 Produkte, Individuelle Projekte, Garantie und Service. Kontaktiere Sie uns.\" \/>\n<meta property=\"og:url\" content=\"https:\/\/outdoor-gym.com\/de\/kunden\/sportgerate-fur-drausen-fur-schulen\/\" \/>\n<meta property=\"og:site_name\" content=\"Trainer\" \/>\n<meta property=\"article:modified_time\" content=\"2025-01-09T21:17:36+00:00\" \/>\n<meta property=\"og:image\" content=\"https:\/\/outdoor-gym.com\/de\/wp-content\/uploads\/Outdoor-fitness-3-1.png\" \/>\n<meta name=\"twitter:card\" content=\"summary_large_image\" \/>\n<meta name=\"twitter:label1\" content=\"Szacowany czas czytania\" \/>\n\t<meta name=\"twitter:data1\" content=\"1 minuta\" \/>\n<script type=\"application\/ld+json\" class=\"yoast-schema-graph\">{\"@context\":\"https:\/\/schema.org\",\"@graph\":[{\"@type\":\"WebPage\",\"@id\":\"https:\/\/outdoor-gym.com\/de\/kunden\/sportgerate-fur-drausen-fur-schulen\/\",\"url\":\"https:\/\/outdoor-gym.com\/de\/kunden\/sportgerate-fur-drausen-fur-schulen\/\",\"name\":\"Outdoor Fitnessger\u00e4te f\u00fcr Schulen - Trainer Outdoor Gym\",\"isPartOf\":{\"@id\":\"https:\/\/outdoor-gym.com\/de\/#website\"},\"datePublished\":\"2021-01-12T07:48:13+00:00\",\"dateModified\":\"2025-01-09T21:17:36+00:00\",\"description\":\"Outdoor Fitnessger\u00e4te f\u00fcr Schulen. Beste Qualit\u00e4t, Mehr als 250 Produkte, Individuelle Projekte, Garantie und Service. Kontaktiere Sie uns.\",\"breadcrumb\":{\"@id\":\"https:\/\/outdoor-gym.com\/de\/kunden\/sportgerate-fur-drausen-fur-schulen\/#breadcrumb\"},\"inLanguage\":\"pl-PL\",\"potentialAction\":[{\"@type\":\"ReadAction\",\"target\":[\"https:\/\/outdoor-gym.com\/de\/kunden\/sportgerate-fur-drausen-fur-schulen\/\"]}]},{\"@type\":\"BreadcrumbList\",\"@id\":\"https:\/\/outdoor-gym.com\/de\/kunden\/sportgerate-fur-drausen-fur-schulen\/#breadcrumb\",\"itemListElement\":[{\"@type\":\"ListItem\",\"position\":1,\"name\":\"de\",\"item\":\"https:\/\/outdoor-gym.com\/de\/\"},{\"@type\":\"ListItem\",\"position\":2,\"name\":\"Kunden\",\"item\":\"https:\/\/outdoor-gym.com\/de\/kunden\/\"},{\"@type\":\"ListItem\",\"position\":3,\"name\":\"Sportger\u00e4te f\u00fcr Drau\u00dfen f\u00fcr Schulen\"}]},{\"@type\":\"WebSite\",\"@id\":\"https:\/\/outdoor-gym.com\/de\/#website\",\"url\":\"https:\/\/outdoor-gym.com\/de\/\",\"name\":\"Trainer\",\"description\":\"Trainer\",\"potentialAction\":[{\"@type\":\"SearchAction\",\"target\":{\"@type\":\"EntryPoint\",\"urlTemplate\":\"https:\/\/outdoor-gym.com\/de\/?s={search_term_string}\"},\"query-input\":\"required name=search_term_string\"}],\"inLanguage\":\"pl-PL\"}]}<\/script>\n<!-- \/ Yoast SEO plugin. -->","yoast_head_json":{"title":"Outdoor Fitnessger\u00e4te f\u00fcr Schulen - Trainer Outdoor Gym","description":"Outdoor Fitnessger\u00e4te f\u00fcr Schulen. Beste Qualit\u00e4t, Mehr als 250 Produkte, Individuelle Projekte, Garantie und Service. Kontaktiere Sie uns.","robots":{"index":"index","follow":"follow","max-snippet":"max-snippet:-1","max-image-preview":"max-image-preview:large","max-video-preview":"max-video-preview:-1"},"canonical":"https:\/\/outdoor-gym.com\/de\/kunden\/sportgerate-fur-drausen-fur-schulen\/","og_locale":"de_DE","og_type":"article","og_title":"Outdoor Fitnessger\u00e4te f\u00fcr Schulen - Trainer Outdoor Gym","og_description":"Outdoor Fitnessger\u00e4te f\u00fcr Schulen. Beste Qualit\u00e4t, Mehr als 250 Produkte, Individuelle Projekte, Garantie und Service. Kontaktiere Sie uns.","og_url":"https:\/\/outdoor-gym.com\/de\/kunden\/sportgerate-fur-drausen-fur-schulen\/","og_site_name":"Trainer","article_modified_time":"2025-01-09T21:17:36+00:00","og_image":[{"url":"https:\/\/outdoor-gym.com\/de\/wp-content\/uploads\/Outdoor-fitness-3-1.png"}],"twitter_card":"summary_large_image","twitter_misc":{"Szacowany czas czytania":"1 minuta"},"schema":{"@context":"https:\/\/schema.org","@graph":[{"@type":"WebPage","@id":"https:\/\/outdoor-gym.com\/de\/kunden\/sportgerate-fur-drausen-fur-schulen\/","url":"https:\/\/outdoor-gym.com\/de\/kunden\/sportgerate-fur-drausen-fur-schulen\/","name":"Outdoor Fitnessger\u00e4te f\u00fcr Schulen - Trainer Outdoor Gym","isPartOf":{"@id":"https:\/\/outdoor-gym.com\/de\/#website"},"datePublished":"2021-01-12T07:48:13+00:00","dateModified":"2025-01-09T21:17:36+00:00","description":"Outdoor Fitnessger\u00e4te f\u00fcr Schulen. Beste Qualit\u00e4t, Mehr als 250 Produkte, Individuelle Projekte, Garantie und Service. Kontaktiere Sie uns.","breadcrumb":{"@id":"https:\/\/outdoor-gym.com\/de\/kunden\/sportgerate-fur-drausen-fur-schulen\/#breadcrumb"},"inLanguage":"pl-PL","potentialAction":[{"@type":"ReadAction","target":["https:\/\/outdoor-gym.com\/de\/kunden\/sportgerate-fur-drausen-fur-schulen\/"]}]},{"@type":"BreadcrumbList","@id":"https:\/\/outdoor-gym.com\/de\/kunden\/sportgerate-fur-drausen-fur-schulen\/#breadcrumb","itemListElement":[{"@type":"ListItem","position":1,"name":"de","item":"https:\/\/outdoor-gym.com\/de\/"},{"@type":"ListItem","position":2,"name":"Kunden","item":"https:\/\/outdoor-gym.com\/de\/kunden\/"},{"@type":"ListItem","position":3,"name":"Sportger\u00e4te f\u00fcr Drau\u00dfen f\u00fcr Schulen"}]},{"@type":"WebSite","@id":"https:\/\/outdoor-gym.com\/de\/#website","url":"https:\/\/outdoor-gym.com\/de\/","name":"Trainer","description":"Trainer","potentialAction":[{"@type":"SearchAction","target":{"@type":"EntryPoint","urlTemplate":"https:\/\/outdoor-gym.com\/de\/?s={search_term_string}"},"query-input":"required name=search_term_string"}],"inLanguage":"pl-PL"}]}},"_links":{"self":[{"href":"https:\/\/outdoor-gym.com\/de\/wp-json\/wp\/v2\/pages\/964"}],"collection":[{"href":"https:\/\/outdoor-gym.com\/de\/wp-json\/wp\/v2\/pages"}],"about":[{"href":"https:\/\/outdoor-gym.com\/de\/wp-json\/wp\/v2\/types\/page"}],"author":[{"embeddable":true,"href":"https:\/\/outdoor-gym.com\/de\/wp-json\/wp\/v2\/users\/1"}],"replies":[{"embeddable":true,"href":"https:\/\/outdoor-gym.com\/de\/wp-json\/wp\/v2\/comments?post=964"}],"version-history":[{"count":25,"href":"https:\/\/outdoor-gym.com\/de\/wp-json\/wp\/v2\/pages\/964\/revisions"}],"predecessor-version":[{"id":5771,"href":"https:\/\/outdoor-gym.com\/de\/wp-json\/wp\/v2\/pages\/964\/revisions\/5771"}],"up":[{"embeddable":true,"href":"https:\/\/outdoor-gym.com\/de\/wp-json\/wp\/v2\/pages\/930"}],"wp:attachment":[{"href":"https:\/\/outdoor-gym.com\/de\/wp-json\/wp\/v2\/media?parent=964"}],"curies":[{"name":"wp","href":"https:\/\/api.w.org\/{rel}","templated":true}]}}