{"id":965,"date":"2021-01-12T08:49:16","date_gmt":"2021-01-12T07:49:16","guid":{"rendered":"https:\/\/outdoor-gym.com\/de\/?page_id=965"},"modified":"2025-01-09T22:18:54","modified_gmt":"2025-01-09T21:18:54","slug":"sportgerate-fur-drausen-fur-unternehmen","status":"publish","type":"page","link":"https:\/\/outdoor-gym.com\/de\/kunden\/sportgerate-fur-drausen-fur-unternehmen\/","title":{"rendered":"Sportger\u00e4te f\u00fcr Drau\u00dfen f\u00fcr Unternehmen"},"content":{"rendered":"<p>Die Outdoor Fitnessger\u00e4te f\u00fcr ein Unternehmen, das sich um einen gesunden Lebensstil seiner Mitarbeiter k\u00fcmmert.<\/p>\n<p>Als modernes Unternehmen mit Tradition wissen wir, dass die Entwicklung ohne qualifiziertes Personal nicht m\u00f6glich ist, deshalb richtet sich unser Angebot \u00fcber die Outdoor Fitnessger\u00e4te auch an Unternehmen, denen ihre Arbeitgebermarke am Arbeitsmarkt am Herzen liegt. Die Outdoor Fitnessger\u00e4te sind eine attraktive Erg\u00e4nzung, die die Menschen f\u00fcr das Unternehmen anzieht und dazu beitr\u00e4gt, das Image des Unternehmens, das einem gesunden Lebensstil f\u00f6rdert, aufzubauen. Wir weisen auch darauf hin, dass sie auch ein bew\u00e4hrtes Element einer Marketing- und PR-Kampagne sind!<\/p>\n<p><img loading=\"lazy\" class=\"alignnone wp-image-1919 size-full\" title=\"Sportger\u00e4te f\u00fcr Drau\u00dfen f\u00fcr Unternehmen\" src=\"https:\/\/outdoor-gym.com\/de\/wp-content\/uploads\/Trainer Outdoor Fitnessgarete fur Stadte Gemeinden12.jpg\" alt=\"Sportger\u00e4te f\u00fcr Drau\u00dfen f\u00fcr Unternehmen\" width=\"2560\" height=\"1704\" srcset=\"https:\/\/outdoor-gym.com\/de\/wp-content\/uploads\/Trainer%20Outdoor%20Fitnessgarete%20fur%20Stadte%20Gemeinden12.jpg 2560w, https:\/\/outdoor-gym.com\/de\/wp-content\/uploads\/Trainer%20Outdoor%20Fitnessgarete%20fur%20Stadte%20Gemeinden12-600x399.jpg 600w, https:\/\/outdoor-gym.com\/de\/wp-content\/uploads\/Trainer%20Outdoor%20Fitnessgarete%20fur%20Stadte%20Gemeinden12-2000x1331.jpg 2000w, https:\/\/outdoor-gym.com\/de\/wp-content\/uploads\/Trainer%20Outdoor%20Fitnessgarete%20fur%20Stadte%20Gemeinden12-768x511.jpg 768w, https:\/\/outdoor-gym.com\/de\/wp-content\/uploads\/Trainer%20Outdoor%20Fitnessgarete%20fur%20Stadte%20Gemeinden12-1536x1022.jpg 1536w, https:\/\/outdoor-gym.com\/de\/wp-content\/uploads\/Trainer%20Outdoor%20Fitnessgarete%20fur%20Stadte%20Gemeinden12-2048x1363.jpg 2048w\" sizes=\"(max-width: 2560px) 100vw, 2560px\" \/><\/p>\n<p>&nbsp;<\/p>\n<p>&nbsp;<\/p>\n<p>&nbsp;<\/p>\n","protected":false},"excerpt":{"rendered":"<p>Die Outdoor Fitnessger\u00e4te f\u00fcr ein Unternehmen, das sich um einen gesunden Lebensstil seiner Mitarbeiter k\u00fcmmert. Als modernes Unternehmen mit Tradition wissen wir, dass die Entwicklung ohne qualifiziertes Personal nicht m\u00f6glich ist, deshalb richtet sich unser Angebot \u00fcber die Outdoor Fitnessger\u00e4te auch an Unternehmen, denen ihre Arbeitgebermarke am Arbeitsmarkt am Herzen liegt. Die Outdoor Fitnessger\u00e4te sind [&hellip;]<\/p>\n","protected":false},"author":1,"featured_media":0,"parent":930,"menu_order":0,"comment_status":"closed","ping_status":"closed","template":"template-klienci-podstrona.php","meta":[],"acf":[],"yoast_head":"<!-- This site is optimized with the Yoast SEO plugin v20.6 - https:\/\/yoast.com\/wordpress\/plugins\/seo\/ -->\n<title>Sportger\u00e4te f\u00fcr Drau\u00dfen f\u00fcr Unternehmen - TRAINER<\/title>\n<meta name=\"description\" content=\"Sportger\u00e4te f\u00fcr Drau\u00dfen f\u00fcr Unternehmenn. TRAINER Hersteller Fitnessger\u00e4te. Beste Qualit\u00e4t, Mehr als 250 Produkte, Individuelle Projekte, Garantie und Service\" \/>\n<meta name=\"robots\" content=\"index, follow, max-snippet:-1, max-image-preview:large, max-video-preview:-1\" \/>\n<link rel=\"canonical\" href=\"https:\/\/outdoor-gym.com\/de\/kunden\/sportgerate-fur-drausen-fur-unternehmen\/\" \/>\n<meta property=\"og:locale\" content=\"de_DE\" \/>\n<meta property=\"og:type\" content=\"article\" \/>\n<meta property=\"og:title\" content=\"Sportger\u00e4te f\u00fcr Drau\u00dfen f\u00fcr Unternehmen - TRAINER\" \/>\n<meta property=\"og:description\" content=\"Sportger\u00e4te f\u00fcr Drau\u00dfen f\u00fcr Unternehmenn. TRAINER Hersteller Fitnessger\u00e4te. Beste Qualit\u00e4t, Mehr als 250 Produkte, Individuelle Projekte, Garantie und Service\" \/>\n<meta property=\"og:url\" content=\"https:\/\/outdoor-gym.com\/de\/kunden\/sportgerate-fur-drausen-fur-unternehmen\/\" \/>\n<meta property=\"og:site_name\" content=\"Trainer\" \/>\n<meta property=\"article:modified_time\" content=\"2025-01-09T21:18:54+00:00\" \/>\n<meta name=\"twitter:card\" content=\"summary_large_image\" \/>\n<meta name=\"twitter:label1\" content=\"Szacowany czas czytania\" \/>\n\t<meta name=\"twitter:data1\" content=\"1 minuta\" \/>\n<script type=\"application\/ld+json\" class=\"yoast-schema-graph\">{\"@context\":\"https:\/\/schema.org\",\"@graph\":[{\"@type\":\"WebPage\",\"@id\":\"https:\/\/outdoor-gym.com\/de\/kunden\/sportgerate-fur-drausen-fur-unternehmen\/\",\"url\":\"https:\/\/outdoor-gym.com\/de\/kunden\/sportgerate-fur-drausen-fur-unternehmen\/\",\"name\":\"Sportger\u00e4te f\u00fcr Drau\u00dfen f\u00fcr Unternehmen - TRAINER\",\"isPartOf\":{\"@id\":\"https:\/\/outdoor-gym.com\/de\/#website\"},\"datePublished\":\"2021-01-12T07:49:16+00:00\",\"dateModified\":\"2025-01-09T21:18:54+00:00\",\"description\":\"Sportger\u00e4te f\u00fcr Drau\u00dfen f\u00fcr Unternehmenn. TRAINER Hersteller Fitnessger\u00e4te. Beste Qualit\u00e4t, Mehr als 250 Produkte, Individuelle Projekte, Garantie und Service\",\"breadcrumb\":{\"@id\":\"https:\/\/outdoor-gym.com\/de\/kunden\/sportgerate-fur-drausen-fur-unternehmen\/#breadcrumb\"},\"inLanguage\":\"pl-PL\",\"potentialAction\":[{\"@type\":\"ReadAction\",\"target\":[\"https:\/\/outdoor-gym.com\/de\/kunden\/sportgerate-fur-drausen-fur-unternehmen\/\"]}]},{\"@type\":\"BreadcrumbList\",\"@id\":\"https:\/\/outdoor-gym.com\/de\/kunden\/sportgerate-fur-drausen-fur-unternehmen\/#breadcrumb\",\"itemListElement\":[{\"@type\":\"ListItem\",\"position\":1,\"name\":\"de\",\"item\":\"https:\/\/outdoor-gym.com\/de\/\"},{\"@type\":\"ListItem\",\"position\":2,\"name\":\"Kunden\",\"item\":\"https:\/\/outdoor-gym.com\/de\/kunden\/\"},{\"@type\":\"ListItem\",\"position\":3,\"name\":\"Sportger\u00e4te f\u00fcr Drau\u00dfen f\u00fcr Unternehmen\"}]},{\"@type\":\"WebSite\",\"@id\":\"https:\/\/outdoor-gym.com\/de\/#website\",\"url\":\"https:\/\/outdoor-gym.com\/de\/\",\"name\":\"Trainer\",\"description\":\"Trainer\",\"potentialAction\":[{\"@type\":\"SearchAction\",\"target\":{\"@type\":\"EntryPoint\",\"urlTemplate\":\"https:\/\/outdoor-gym.com\/de\/?s={search_term_string}\"},\"query-input\":\"required name=search_term_string\"}],\"inLanguage\":\"pl-PL\"}]}<\/script>\n<!-- \/ Yoast SEO plugin. -->","yoast_head_json":{"title":"Sportger\u00e4te f\u00fcr Drau\u00dfen f\u00fcr Unternehmen - TRAINER","description":"Sportger\u00e4te f\u00fcr Drau\u00dfen f\u00fcr Unternehmenn. TRAINER Hersteller Fitnessger\u00e4te. Beste Qualit\u00e4t, Mehr als 250 Produkte, Individuelle Projekte, Garantie und Service","robots":{"index":"index","follow":"follow","max-snippet":"max-snippet:-1","max-image-preview":"max-image-preview:large","max-video-preview":"max-video-preview:-1"},"canonical":"https:\/\/outdoor-gym.com\/de\/kunden\/sportgerate-fur-drausen-fur-unternehmen\/","og_locale":"de_DE","og_type":"article","og_title":"Sportger\u00e4te f\u00fcr Drau\u00dfen f\u00fcr Unternehmen - TRAINER","og_description":"Sportger\u00e4te f\u00fcr Drau\u00dfen f\u00fcr Unternehmenn. TRAINER Hersteller Fitnessger\u00e4te. Beste Qualit\u00e4t, Mehr als 250 Produkte, Individuelle Projekte, Garantie und Service","og_url":"https:\/\/outdoor-gym.com\/de\/kunden\/sportgerate-fur-drausen-fur-unternehmen\/","og_site_name":"Trainer","article_modified_time":"2025-01-09T21:18:54+00:00","twitter_card":"summary_large_image","twitter_misc":{"Szacowany czas czytania":"1 minuta"},"schema":{"@context":"https:\/\/schema.org","@graph":[{"@type":"WebPage","@id":"https:\/\/outdoor-gym.com\/de\/kunden\/sportgerate-fur-drausen-fur-unternehmen\/","url":"https:\/\/outdoor-gym.com\/de\/kunden\/sportgerate-fur-drausen-fur-unternehmen\/","name":"Sportger\u00e4te f\u00fcr Drau\u00dfen f\u00fcr Unternehmen - TRAINER","isPartOf":{"@id":"https:\/\/outdoor-gym.com\/de\/#website"},"datePublished":"2021-01-12T07:49:16+00:00","dateModified":"2025-01-09T21:18:54+00:00","description":"Sportger\u00e4te f\u00fcr Drau\u00dfen f\u00fcr Unternehmenn. TRAINER Hersteller Fitnessger\u00e4te. Beste Qualit\u00e4t, Mehr als 250 Produkte, Individuelle Projekte, Garantie und Service","breadcrumb":{"@id":"https:\/\/outdoor-gym.com\/de\/kunden\/sportgerate-fur-drausen-fur-unternehmen\/#breadcrumb"},"inLanguage":"pl-PL","potentialAction":[{"@type":"ReadAction","target":["https:\/\/outdoor-gym.com\/de\/kunden\/sportgerate-fur-drausen-fur-unternehmen\/"]}]},{"@type":"BreadcrumbList","@id":"https:\/\/outdoor-gym.com\/de\/kunden\/sportgerate-fur-drausen-fur-unternehmen\/#breadcrumb","itemListElement":[{"@type":"ListItem","position":1,"name":"de","item":"https:\/\/outdoor-gym.com\/de\/"},{"@type":"ListItem","position":2,"name":"Kunden","item":"https:\/\/outdoor-gym.com\/de\/kunden\/"},{"@type":"ListItem","position":3,"name":"Sportger\u00e4te f\u00fcr Drau\u00dfen f\u00fcr Unternehmen"}]},{"@type":"WebSite","@id":"https:\/\/outdoor-gym.com\/de\/#website","url":"https:\/\/outdoor-gym.com\/de\/","name":"Trainer","description":"Trainer","potentialAction":[{"@type":"SearchAction","target":{"@type":"EntryPoint","urlTemplate":"https:\/\/outdoor-gym.com\/de\/?s={search_term_string}"},"query-input":"required name=search_term_string"}],"inLanguage":"pl-PL"}]}},"_links":{"self":[{"href":"https:\/\/outdoor-gym.com\/de\/wp-json\/wp\/v2\/pages\/965"}],"collection":[{"href":"https:\/\/outdoor-gym.com\/de\/wp-json\/wp\/v2\/pages"}],"about":[{"href":"https:\/\/outdoor-gym.com\/de\/wp-json\/wp\/v2\/types\/page"}],"author":[{"embeddable":true,"href":"https:\/\/outdoor-gym.com\/de\/wp-json\/wp\/v2\/users\/1"}],"replies":[{"embeddable":true,"href":"https:\/\/outdoor-gym.com\/de\/wp-json\/wp\/v2\/comments?post=965"}],"version-history":[{"count":29,"href":"https:\/\/outdoor-gym.com\/de\/wp-json\/wp\/v2\/pages\/965\/revisions"}],"predecessor-version":[{"id":5773,"href":"https:\/\/outdoor-gym.com\/de\/wp-json\/wp\/v2\/pages\/965\/revisions\/5773"}],"up":[{"embeddable":true,"href":"https:\/\/outdoor-gym.com\/de\/wp-json\/wp\/v2\/pages\/930"}],"wp:attachment":[{"href":"https:\/\/outdoor-gym.com\/de\/wp-json\/wp\/v2\/media?parent=965"}],"curies":[{"name":"wp","href":"https:\/\/api.w.org\/{rel}","templated":true}]}}