{"id":1039,"date":"2021-01-12T13:05:33","date_gmt":"2021-01-12T12:05:33","guid":{"rendered":"https:\/\/outdoor-gym.com\/es\/?page_id=1039"},"modified":"2025-03-27T09:33:05","modified_gmt":"2025-03-27T08:33:05","slug":"gimnasio-al-aire-libre-serie-de-fitness-precio","status":"publish","type":"page","link":"https:\/\/outdoor-gym.com\/es\/productos\/gimnasio-al-aire-libre-serie-de-fitness-precio\/","title":{"rendered":"Gimnasio al aire libre serie de fit"},"content":{"rendered":"<h3>Serie Fit<\/h3>\n<p>Las m\u00e1quinas de gimnasio de la serie Fit se pueden montar en un pilono simple, doble, triple o cu\u00e1druple y en un poste simple o doble. Nuestros gimnasios al aire libre est\u00e1n hechos de materiales de construcci\u00f3n duros y duraderos que permiten que las personas con el peso de hasta 150 kg pueden usarlos sin problema. Dado que somos un fabricante de gimnasios al aire libre, estamos dispuestos a proporcionar asesoramiento para ayudar a los clientes a elegir las mejores soluciones.<\/p>\n<h4>*Los precios indicados no incluyen el coste del pilono.<\/h4>\n","protected":false},"excerpt":{"rendered":"<p>Serie Fit Las m\u00e1quinas de gimnasio de la serie Fit se pueden montar en un pilono simple, doble, triple o cu\u00e1druple y en un poste simple o doble. Nuestros gimnasios al aire libre est\u00e1n hechos de materiales de construcci\u00f3n duros y duraderos que permiten que las personas con el peso de hasta 150 kg pueden [&hellip;]<\/p>\n","protected":false},"author":1,"featured_media":0,"parent":928,"menu_order":0,"comment_status":"closed","ping_status":"closed","template":"template-seria.php","meta":[],"acf":[],"yoast_head":"<!-- This site is optimized with the Yoast SEO plugin v21.1 - https:\/\/yoast.com\/wordpress\/plugins\/seo\/ -->\n<title>Gimnasio al aire libre serie de fitness - TRAINER<\/title>\n<meta name=\"robots\" content=\"index, follow, max-snippet:-1, max-image-preview:large, max-video-preview:-1\" \/>\n<link rel=\"canonical\" href=\"https:\/\/outdoor-gym.com\/es\/productos\/gimnasio-al-aire-libre-serie-de-fitness-precio\/\" \/>\n<meta property=\"og:locale\" content=\"en_GB\" \/>\n<meta property=\"og:type\" content=\"article\" \/>\n<meta property=\"og:title\" content=\"Gimnasio al aire libre serie de fitness - TRAINER\" \/>\n<meta property=\"og:description\" content=\"Serie Fit Las m\u00e1quinas de gimnasio de la serie Fit se pueden montar en un pilono simple, doble, triple o cu\u00e1druple y en un poste simple o doble. Nuestros gimnasios al aire libre est\u00e1n hechos de materiales de construcci\u00f3n duros y duraderos que permiten que las personas con el peso de hasta 150 kg pueden [&hellip;]\" \/>\n<meta property=\"og:url\" content=\"https:\/\/outdoor-gym.com\/es\/productos\/gimnasio-al-aire-libre-serie-de-fitness-precio\/\" \/>\n<meta property=\"og:site_name\" content=\"Trainer\" \/>\n<meta property=\"article:modified_time\" content=\"2025-03-27T08:33:05+00:00\" \/>\n<meta name=\"twitter:card\" content=\"summary_large_image\" \/>\n<meta name=\"twitter:label1\" content=\"Szacowany czas czytania\" \/>\n\t<meta name=\"twitter:data1\" content=\"1 minuta\" \/>\n<script type=\"application\/ld+json\" class=\"yoast-schema-graph\">{\"@context\":\"https:\/\/schema.org\",\"@graph\":[{\"@type\":\"WebPage\",\"@id\":\"https:\/\/outdoor-gym.com\/es\/productos\/gimnasio-al-aire-libre-serie-de-fitness-precio\/\",\"url\":\"https:\/\/outdoor-gym.com\/es\/productos\/gimnasio-al-aire-libre-serie-de-fitness-precio\/\",\"name\":\"Gimnasio al aire libre serie de fitness - TRAINER\",\"isPartOf\":{\"@id\":\"https:\/\/outdoor-gym.com\/es\/#website\"},\"datePublished\":\"2021-01-12T12:05:33+00:00\",\"dateModified\":\"2025-03-27T08:33:05+00:00\",\"breadcrumb\":{\"@id\":\"https:\/\/outdoor-gym.com\/es\/productos\/gimnasio-al-aire-libre-serie-de-fitness-precio\/#breadcrumb\"},\"inLanguage\":\"pl-PL\",\"potentialAction\":[{\"@type\":\"ReadAction\",\"target\":[\"https:\/\/outdoor-gym.com\/es\/productos\/gimnasio-al-aire-libre-serie-de-fitness-precio\/\"]}]},{\"@type\":\"BreadcrumbList\",\"@id\":\"https:\/\/outdoor-gym.com\/es\/productos\/gimnasio-al-aire-libre-serie-de-fitness-precio\/#breadcrumb\",\"itemListElement\":[{\"@type\":\"ListItem\",\"position\":1,\"name\":\"es\",\"item\":\"https:\/\/outdoor-gym.com\/es\/\"},{\"@type\":\"ListItem\",\"position\":2,\"name\":\"Productos\",\"item\":\"https:\/\/outdoor-gym.com\/es\/productos\/\"},{\"@type\":\"ListItem\",\"position\":3,\"name\":\"Gimnasio al aire libre serie de fit\"}]},{\"@type\":\"WebSite\",\"@id\":\"https:\/\/outdoor-gym.com\/es\/#website\",\"url\":\"https:\/\/outdoor-gym.com\/es\/\",\"name\":\"Trainer\",\"description\":\"Trainer\",\"potentialAction\":[{\"@type\":\"SearchAction\",\"target\":{\"@type\":\"EntryPoint\",\"urlTemplate\":\"https:\/\/outdoor-gym.com\/es\/?s={search_term_string}\"},\"query-input\":\"required name=search_term_string\"}],\"inLanguage\":\"pl-PL\"}]}<\/script>\n<!-- \/ Yoast SEO plugin. -->","yoast_head_json":{"title":"Gimnasio al aire libre serie de fitness - TRAINER","robots":{"index":"index","follow":"follow","max-snippet":"max-snippet:-1","max-image-preview":"max-image-preview:large","max-video-preview":"max-video-preview:-1"},"canonical":"https:\/\/outdoor-gym.com\/es\/productos\/gimnasio-al-aire-libre-serie-de-fitness-precio\/","og_locale":"en_GB","og_type":"article","og_title":"Gimnasio al aire libre serie de fitness - TRAINER","og_description":"Serie Fit Las m\u00e1quinas de gimnasio de la serie Fit se pueden montar en un pilono simple, doble, triple o cu\u00e1druple y en un poste simple o doble. Nuestros gimnasios al aire libre est\u00e1n hechos de materiales de construcci\u00f3n duros y duraderos que permiten que las personas con el peso de hasta 150 kg pueden [&hellip;]","og_url":"https:\/\/outdoor-gym.com\/es\/productos\/gimnasio-al-aire-libre-serie-de-fitness-precio\/","og_site_name":"Trainer","article_modified_time":"2025-03-27T08:33:05+00:00","twitter_card":"summary_large_image","twitter_misc":{"Szacowany czas czytania":"1 minuta"},"schema":{"@context":"https:\/\/schema.org","@graph":[{"@type":"WebPage","@id":"https:\/\/outdoor-gym.com\/es\/productos\/gimnasio-al-aire-libre-serie-de-fitness-precio\/","url":"https:\/\/outdoor-gym.com\/es\/productos\/gimnasio-al-aire-libre-serie-de-fitness-precio\/","name":"Gimnasio al aire libre serie de fitness - TRAINER","isPartOf":{"@id":"https:\/\/outdoor-gym.com\/es\/#website"},"datePublished":"2021-01-12T12:05:33+00:00","dateModified":"2025-03-27T08:33:05+00:00","breadcrumb":{"@id":"https:\/\/outdoor-gym.com\/es\/productos\/gimnasio-al-aire-libre-serie-de-fitness-precio\/#breadcrumb"},"inLanguage":"pl-PL","potentialAction":[{"@type":"ReadAction","target":["https:\/\/outdoor-gym.com\/es\/productos\/gimnasio-al-aire-libre-serie-de-fitness-precio\/"]}]},{"@type":"BreadcrumbList","@id":"https:\/\/outdoor-gym.com\/es\/productos\/gimnasio-al-aire-libre-serie-de-fitness-precio\/#breadcrumb","itemListElement":[{"@type":"ListItem","position":1,"name":"es","item":"https:\/\/outdoor-gym.com\/es\/"},{"@type":"ListItem","position":2,"name":"Productos","item":"https:\/\/outdoor-gym.com\/es\/productos\/"},{"@type":"ListItem","position":3,"name":"Gimnasio al aire libre serie de fit"}]},{"@type":"WebSite","@id":"https:\/\/outdoor-gym.com\/es\/#website","url":"https:\/\/outdoor-gym.com\/es\/","name":"Trainer","description":"Trainer","potentialAction":[{"@type":"SearchAction","target":{"@type":"EntryPoint","urlTemplate":"https:\/\/outdoor-gym.com\/es\/?s={search_term_string}"},"query-input":"required name=search_term_string"}],"inLanguage":"pl-PL"}]}},"_links":{"self":[{"href":"https:\/\/outdoor-gym.com\/es\/wp-json\/wp\/v2\/pages\/1039"}],"collection":[{"href":"https:\/\/outdoor-gym.com\/es\/wp-json\/wp\/v2\/pages"}],"about":[{"href":"https:\/\/outdoor-gym.com\/es\/wp-json\/wp\/v2\/types\/page"}],"author":[{"embeddable":true,"href":"https:\/\/outdoor-gym.com\/es\/wp-json\/wp\/v2\/users\/1"}],"replies":[{"embeddable":true,"href":"https:\/\/outdoor-gym.com\/es\/wp-json\/wp\/v2\/comments?post=1039"}],"version-history":[{"count":27,"href":"https:\/\/outdoor-gym.com\/es\/wp-json\/wp\/v2\/pages\/1039\/revisions"}],"predecessor-version":[{"id":5794,"href":"https:\/\/outdoor-gym.com\/es\/wp-json\/wp\/v2\/pages\/1039\/revisions\/5794"}],"up":[{"embeddable":true,"href":"https:\/\/outdoor-gym.com\/es\/wp-json\/wp\/v2\/pages\/928"}],"wp:attachment":[{"href":"https:\/\/outdoor-gym.com\/es\/wp-json\/wp\/v2\/media?parent=1039"}],"curies":[{"name":"wp","href":"https:\/\/api.w.org\/{rel}","templated":true}]}}