{"id":1041,"date":"2021-01-12T13:07:00","date_gmt":"2021-01-12T12:07:00","guid":{"rendered":"https:\/\/outdoor-gym.com\/es\/?page_id=1041"},"modified":"2023-04-25T10:19:50","modified_gmt":"2023-04-25T08:19:50","slug":"disabled-series-precio","status":"publish","type":"page","link":"https:\/\/outdoor-gym.com\/es\/productos\/disabled-series-precio\/","title":{"rendered":"Gimnasios exteriores para personas con discapacidad"},"content":{"rendered":"<div class=\"page\" title=\"Page 1\">\n<div class=\"section\">\n<div class=\"layoutArea\">\n<div class=\"column\">\n<p>M\u00e1quinas innovadores con asientos plegables para que, dependiendo de las necesidades, tambi\u00e9n puedan ser utilizadas por personas con discapacidad.<\/p>\n<p class=\"opt-p\" style=\"text-align: justify; line-height: 150%; margin: 0cm 0cm 22.5pt 0cm;\"><span lang=\"ES\" style=\"color: #222222;\">La actividad f\u00edsica tiene muchos beneficios para todos, independientemente de la condici\u00f3n f\u00edsica, el g\u00e9nero o la edad. Bas\u00e1ndonos en este supuesto, hemos incluido en nuestra amplia oferta tambi\u00e9n equipamiento de gimnasio excelente para discapacitados.<\/span><\/p>\n<p class=\"opt-p\" style=\"text-align: justify; line-height: 150%; margin: 0cm 0cm 22.5pt 0cm;\"><span lang=\"ES\" style=\"color: #222222;\">Entre las m\u00e1quinas que ofrecemos se encuentran, entre otros, una bicicleta inclinada, m\u00e1quina de elevaci\u00f3n superior, empujador de piernas, ruedas tai-chi, as\u00ed como m\u00e1quina de entrenamiento de brazos en muchas versiones diferentes. Todas ellas permiten crear gimnasios especiales para discapacitados. Nuestras m\u00e1quinas de gimnasio est\u00e1n disponibles tanto en la versi\u00f3n sobre el pilono como sobre el poste.<\/span><\/p>\n<p class=\"opt-p\" style=\"text-align: justify; line-height: 150%; margin: 0cm 0cm 22.5pt 0cm;\"><span lang=\"ES\" style=\"color: #222222;\">El equipamiento ofrecido se produce usando materiales duraderos y resistentes a los factores externos. Adem\u00e1s, las m\u00e1quinas est\u00e1n debidamente protegidas contra da\u00f1os y actos de vandalismo.<\/span><\/p>\n<p class=\"opt-p\" style=\"text-align: justify; line-height: 150%; margin: 0cm 0cm 22.5pt 0cm;\"><span lang=\"ES\" style=\"color: #222222;\">Ofrecemos m\u00e1quinas de gimnasio para personas discapacitadas en sillas de ruedas, que les permitir\u00e1n fortalecer diferentes partes del cuerpo y mejorar\u00e1n su condici\u00f3n f\u00edsica. En nuestra oferta para el gimnasio, encontrar\u00e1 m\u00e1quinas para fortalecer los brazos, las piernas, los m\u00fasculos pectorales, la espalda y mucho m\u00e1s. Adem\u00e1s, nuestras m\u00e1quinas de ejercicios para discapacitados mejoran el rendimiento cardiorrespiratorio.<\/span><\/p>\n<p class=\"opt-p\" style=\"text-align: justify; line-height: 150%; margin: 0cm 0cm 22.5pt 0cm;\"><span lang=\"ES\" style=\"color: #222222;\">La ventaja indudable de nuestro equipamiento de ejercicio es tambi\u00e9n su manejo f\u00e1cil. Cada m\u00e1quina tiene instrucciones detalladas que muestran c\u00f3mo usarla correctamente. Hoy en d\u00eda, sin duda, todos los gimnasios deben tener m\u00e1quinas similares para usuarios de sillas de ruedas.<\/span><\/p>\n<\/div>\n<\/div>\n<\/div>\n<\/div>\n","protected":false},"excerpt":{"rendered":"<p>M\u00e1quinas innovadores con asientos plegables para que, dependiendo de las necesidades, tambi\u00e9n puedan ser utilizadas por personas con discapacidad. La actividad f\u00edsica tiene muchos beneficios para todos, independientemente de la condici\u00f3n f\u00edsica, el g\u00e9nero o la edad. Bas\u00e1ndonos en este supuesto, hemos incluido en nuestra amplia oferta tambi\u00e9n equipamiento de gimnasio excelente para discapacitados. Entre [&hellip;]<\/p>\n","protected":false},"author":1,"featured_media":0,"parent":928,"menu_order":0,"comment_status":"closed","ping_status":"closed","template":"template-seria.php","meta":[],"acf":[],"yoast_head":"<!-- This site is optimized with the Yoast SEO plugin v21.1 - https:\/\/yoast.com\/wordpress\/plugins\/seo\/ -->\n<title>Gimnasios exteriores para personas con discapacidad<\/title>\n<meta name=\"robots\" content=\"index, follow, max-snippet:-1, max-image-preview:large, max-video-preview:-1\" \/>\n<link rel=\"canonical\" href=\"https:\/\/outdoor-gym.com\/es\/productos\/disabled-series-precio\/\" \/>\n<meta property=\"og:locale\" content=\"en_GB\" \/>\n<meta property=\"og:type\" content=\"article\" \/>\n<meta property=\"og:title\" content=\"Gimnasios exteriores para personas con discapacidad\" \/>\n<meta property=\"og:description\" content=\"M\u00e1quinas innovadores con asientos plegables para que, dependiendo de las necesidades, tambi\u00e9n puedan ser utilizadas por personas con discapacidad. La actividad f\u00edsica tiene muchos beneficios para todos, independientemente de la condici\u00f3n f\u00edsica, el g\u00e9nero o la edad. Bas\u00e1ndonos en este supuesto, hemos incluido en nuestra amplia oferta tambi\u00e9n equipamiento de gimnasio excelente para discapacitados. Entre [&hellip;]\" \/>\n<meta property=\"og:url\" content=\"https:\/\/outdoor-gym.com\/es\/productos\/disabled-series-precio\/\" \/>\n<meta property=\"og:site_name\" content=\"Trainer\" \/>\n<meta property=\"article:modified_time\" content=\"2023-04-25T08:19:50+00:00\" \/>\n<meta name=\"twitter:card\" content=\"summary_large_image\" \/>\n<meta name=\"twitter:label1\" content=\"Szacowany czas czytania\" \/>\n\t<meta name=\"twitter:data1\" content=\"2 minuty\" \/>\n<script type=\"application\/ld+json\" class=\"yoast-schema-graph\">{\"@context\":\"https:\/\/schema.org\",\"@graph\":[{\"@type\":\"WebPage\",\"@id\":\"https:\/\/outdoor-gym.com\/es\/productos\/disabled-series-precio\/\",\"url\":\"https:\/\/outdoor-gym.com\/es\/productos\/disabled-series-precio\/\",\"name\":\"Gimnasios exteriores para personas con discapacidad\",\"isPartOf\":{\"@id\":\"https:\/\/outdoor-gym.com\/es\/#website\"},\"datePublished\":\"2021-01-12T12:07:00+00:00\",\"dateModified\":\"2023-04-25T08:19:50+00:00\",\"breadcrumb\":{\"@id\":\"https:\/\/outdoor-gym.com\/es\/productos\/disabled-series-precio\/#breadcrumb\"},\"inLanguage\":\"pl-PL\",\"potentialAction\":[{\"@type\":\"ReadAction\",\"target\":[\"https:\/\/outdoor-gym.com\/es\/productos\/disabled-series-precio\/\"]}]},{\"@type\":\"BreadcrumbList\",\"@id\":\"https:\/\/outdoor-gym.com\/es\/productos\/disabled-series-precio\/#breadcrumb\",\"itemListElement\":[{\"@type\":\"ListItem\",\"position\":1,\"name\":\"es\",\"item\":\"https:\/\/outdoor-gym.com\/es\/\"},{\"@type\":\"ListItem\",\"position\":2,\"name\":\"Productos\",\"item\":\"https:\/\/outdoor-gym.com\/es\/productos\/\"},{\"@type\":\"ListItem\",\"position\":3,\"name\":\"Gimnasios exteriores para personas con discapacidad\"}]},{\"@type\":\"WebSite\",\"@id\":\"https:\/\/outdoor-gym.com\/es\/#website\",\"url\":\"https:\/\/outdoor-gym.com\/es\/\",\"name\":\"Trainer\",\"description\":\"Trainer\",\"potentialAction\":[{\"@type\":\"SearchAction\",\"target\":{\"@type\":\"EntryPoint\",\"urlTemplate\":\"https:\/\/outdoor-gym.com\/es\/?s={search_term_string}\"},\"query-input\":\"required name=search_term_string\"}],\"inLanguage\":\"pl-PL\"}]}<\/script>\n<!-- \/ Yoast SEO plugin. -->","yoast_head_json":{"title":"Gimnasios exteriores para personas con discapacidad","robots":{"index":"index","follow":"follow","max-snippet":"max-snippet:-1","max-image-preview":"max-image-preview:large","max-video-preview":"max-video-preview:-1"},"canonical":"https:\/\/outdoor-gym.com\/es\/productos\/disabled-series-precio\/","og_locale":"en_GB","og_type":"article","og_title":"Gimnasios exteriores para personas con discapacidad","og_description":"M\u00e1quinas innovadores con asientos plegables para que, dependiendo de las necesidades, tambi\u00e9n puedan ser utilizadas por personas con discapacidad. La actividad f\u00edsica tiene muchos beneficios para todos, independientemente de la condici\u00f3n f\u00edsica, el g\u00e9nero o la edad. Bas\u00e1ndonos en este supuesto, hemos incluido en nuestra amplia oferta tambi\u00e9n equipamiento de gimnasio excelente para discapacitados. Entre [&hellip;]","og_url":"https:\/\/outdoor-gym.com\/es\/productos\/disabled-series-precio\/","og_site_name":"Trainer","article_modified_time":"2023-04-25T08:19:50+00:00","twitter_card":"summary_large_image","twitter_misc":{"Szacowany czas czytania":"2 minuty"},"schema":{"@context":"https:\/\/schema.org","@graph":[{"@type":"WebPage","@id":"https:\/\/outdoor-gym.com\/es\/productos\/disabled-series-precio\/","url":"https:\/\/outdoor-gym.com\/es\/productos\/disabled-series-precio\/","name":"Gimnasios exteriores para personas con discapacidad","isPartOf":{"@id":"https:\/\/outdoor-gym.com\/es\/#website"},"datePublished":"2021-01-12T12:07:00+00:00","dateModified":"2023-04-25T08:19:50+00:00","breadcrumb":{"@id":"https:\/\/outdoor-gym.com\/es\/productos\/disabled-series-precio\/#breadcrumb"},"inLanguage":"pl-PL","potentialAction":[{"@type":"ReadAction","target":["https:\/\/outdoor-gym.com\/es\/productos\/disabled-series-precio\/"]}]},{"@type":"BreadcrumbList","@id":"https:\/\/outdoor-gym.com\/es\/productos\/disabled-series-precio\/#breadcrumb","itemListElement":[{"@type":"ListItem","position":1,"name":"es","item":"https:\/\/outdoor-gym.com\/es\/"},{"@type":"ListItem","position":2,"name":"Productos","item":"https:\/\/outdoor-gym.com\/es\/productos\/"},{"@type":"ListItem","position":3,"name":"Gimnasios exteriores para personas con discapacidad"}]},{"@type":"WebSite","@id":"https:\/\/outdoor-gym.com\/es\/#website","url":"https:\/\/outdoor-gym.com\/es\/","name":"Trainer","description":"Trainer","potentialAction":[{"@type":"SearchAction","target":{"@type":"EntryPoint","urlTemplate":"https:\/\/outdoor-gym.com\/es\/?s={search_term_string}"},"query-input":"required name=search_term_string"}],"inLanguage":"pl-PL"}]}},"_links":{"self":[{"href":"https:\/\/outdoor-gym.com\/es\/wp-json\/wp\/v2\/pages\/1041"}],"collection":[{"href":"https:\/\/outdoor-gym.com\/es\/wp-json\/wp\/v2\/pages"}],"about":[{"href":"https:\/\/outdoor-gym.com\/es\/wp-json\/wp\/v2\/types\/page"}],"author":[{"embeddable":true,"href":"https:\/\/outdoor-gym.com\/es\/wp-json\/wp\/v2\/users\/1"}],"replies":[{"embeddable":true,"href":"https:\/\/outdoor-gym.com\/es\/wp-json\/wp\/v2\/comments?post=1041"}],"version-history":[{"count":11,"href":"https:\/\/outdoor-gym.com\/es\/wp-json\/wp\/v2\/pages\/1041\/revisions"}],"predecessor-version":[{"id":4468,"href":"https:\/\/outdoor-gym.com\/es\/wp-json\/wp\/v2\/pages\/1041\/revisions\/4468"}],"up":[{"embeddable":true,"href":"https:\/\/outdoor-gym.com\/es\/wp-json\/wp\/v2\/pages\/928"}],"wp:attachment":[{"href":"https:\/\/outdoor-gym.com\/es\/wp-json\/wp\/v2\/media?parent=1041"}],"curies":[{"name":"wp","href":"https:\/\/api.w.org\/{rel}","templated":true}]}}