{"id":1045,"date":"2021-01-12T13:08:31","date_gmt":"2021-01-12T12:08:31","guid":{"rendered":"https:\/\/outdoor-gym.com\/es\/?page_id=1045"},"modified":"2023-09-29T11:13:32","modified_gmt":"2023-09-29T09:13:32","slug":"aparatos-biosaludables-para-parques-para-majores-precios","status":"publish","type":"page","link":"https:\/\/outdoor-gym.com\/es\/productos\/aparatos-biosaludables-para-parques-para-majores-precios\/","title":{"rendered":"Aparatos Biosaludables para Parques"},"content":{"rendered":"<p>Los equipos de gimnasia al aire libre de Steel4Fit para parques bio-saludables son los m\u00e1s fuertes y duraderos de todos los dispositivos que ofrecemos.<\/p>\n<p>Los gimnasios al aire libre Steel4Fit se fabrican en el mejor acero y ofrecen la mejor resistencia a la corrosi\u00f3n gracias a la galvanizaci\u00f3n en caliente. Toda la m\u00e1quina (incluyendo las soldaduras) se ba\u00f1\u00f3 en cinc fundido. El efecto de este proceso es la deposici\u00f3n de una capa gruesa de zinc tanto en el exterior como en el interior de la m\u00e1quina. Este proceso garantiza que la serie Steel4Fit tenga la mejor protecci\u00f3n contra la intemperie. Esta l\u00ednea de productos tiene una garant\u00eda de 20 a\u00f1os.<\/p>\n","protected":false},"excerpt":{"rendered":"<p>Los equipos de gimnasia al aire libre de Steel4Fit para parques bio-saludables son los m\u00e1s fuertes y duraderos de todos los dispositivos que ofrecemos. Los gimnasios al aire libre Steel4Fit se fabrican en el mejor acero y ofrecen la mejor resistencia a la corrosi\u00f3n gracias a la galvanizaci\u00f3n en caliente. Toda la m\u00e1quina (incluyendo las [&hellip;]<\/p>\n","protected":false},"author":1,"featured_media":0,"parent":928,"menu_order":0,"comment_status":"closed","ping_status":"closed","template":"template-seria.php","meta":[],"acf":[],"yoast_head":"<!-- This site is optimized with the Yoast SEO plugin v21.1 - https:\/\/yoast.com\/wordpress\/plugins\/seo\/ -->\n<title>Aparatos Biosaludables y M\u00e1quinas de Parque para mayores - Precio | TRAINER<\/title>\n<meta name=\"description\" content=\"Aparatos biosaludables y m\u00e1quinas de ejercicio al aire libre para parques p\u00fablicos - precios. Circuitos y Parques Biosaludables para adultos y mayores.\" \/>\n<meta name=\"robots\" content=\"index, follow, max-snippet:-1, max-image-preview:large, max-video-preview:-1\" \/>\n<link rel=\"canonical\" href=\"https:\/\/outdoor-gym.com\/es\/productos\/aparatos-biosaludables-para-parques-para-majores-precios\/\" \/>\n<meta property=\"og:locale\" content=\"en_GB\" \/>\n<meta property=\"og:type\" content=\"article\" \/>\n<meta property=\"og:title\" content=\"Aparatos Biosaludables y M\u00e1quinas de Parque para mayores - Precio | TRAINER\" \/>\n<meta property=\"og:description\" content=\"Aparatos biosaludables y m\u00e1quinas de ejercicio al aire libre para parques p\u00fablicos - precios. Circuitos y Parques Biosaludables para adultos y mayores.\" \/>\n<meta property=\"og:url\" content=\"https:\/\/outdoor-gym.com\/es\/productos\/aparatos-biosaludables-para-parques-para-majores-precios\/\" \/>\n<meta property=\"og:site_name\" content=\"Trainer\" \/>\n<meta property=\"article:modified_time\" content=\"2023-09-29T09:13:32+00:00\" \/>\n<meta name=\"twitter:card\" content=\"summary_large_image\" \/>\n<meta name=\"twitter:label1\" content=\"Szacowany czas czytania\" \/>\n\t<meta name=\"twitter:data1\" content=\"1 minuta\" \/>\n<script type=\"application\/ld+json\" class=\"yoast-schema-graph\">{\"@context\":\"https:\/\/schema.org\",\"@graph\":[{\"@type\":\"WebPage\",\"@id\":\"https:\/\/outdoor-gym.com\/es\/productos\/aparatos-biosaludables-para-parques-para-majores-precios\/\",\"url\":\"https:\/\/outdoor-gym.com\/es\/productos\/aparatos-biosaludables-para-parques-para-majores-precios\/\",\"name\":\"Aparatos Biosaludables y M\u00e1quinas de Parque para mayores - Precio | TRAINER\",\"isPartOf\":{\"@id\":\"https:\/\/outdoor-gym.com\/es\/#website\"},\"datePublished\":\"2021-01-12T12:08:31+00:00\",\"dateModified\":\"2023-09-29T09:13:32+00:00\",\"description\":\"Aparatos biosaludables y m\u00e1quinas de ejercicio al aire libre para parques p\u00fablicos - precios. Circuitos y Parques Biosaludables para adultos y mayores.\",\"breadcrumb\":{\"@id\":\"https:\/\/outdoor-gym.com\/es\/productos\/aparatos-biosaludables-para-parques-para-majores-precios\/#breadcrumb\"},\"inLanguage\":\"pl-PL\",\"potentialAction\":[{\"@type\":\"ReadAction\",\"target\":[\"https:\/\/outdoor-gym.com\/es\/productos\/aparatos-biosaludables-para-parques-para-majores-precios\/\"]}]},{\"@type\":\"BreadcrumbList\",\"@id\":\"https:\/\/outdoor-gym.com\/es\/productos\/aparatos-biosaludables-para-parques-para-majores-precios\/#breadcrumb\",\"itemListElement\":[{\"@type\":\"ListItem\",\"position\":1,\"name\":\"es\",\"item\":\"https:\/\/outdoor-gym.com\/es\/\"},{\"@type\":\"ListItem\",\"position\":2,\"name\":\"Productos\",\"item\":\"https:\/\/outdoor-gym.com\/es\/productos\/\"},{\"@type\":\"ListItem\",\"position\":3,\"name\":\"Aparatos Biosaludables para Parques\"}]},{\"@type\":\"WebSite\",\"@id\":\"https:\/\/outdoor-gym.com\/es\/#website\",\"url\":\"https:\/\/outdoor-gym.com\/es\/\",\"name\":\"Trainer\",\"description\":\"Trainer\",\"potentialAction\":[{\"@type\":\"SearchAction\",\"target\":{\"@type\":\"EntryPoint\",\"urlTemplate\":\"https:\/\/outdoor-gym.com\/es\/?s={search_term_string}\"},\"query-input\":\"required name=search_term_string\"}],\"inLanguage\":\"pl-PL\"}]}<\/script>\n<!-- \/ Yoast SEO plugin. -->","yoast_head_json":{"title":"Aparatos Biosaludables y M\u00e1quinas de Parque para mayores - Precio | TRAINER","description":"Aparatos biosaludables y m\u00e1quinas de ejercicio al aire libre para parques p\u00fablicos - precios. Circuitos y Parques Biosaludables para adultos y mayores.","robots":{"index":"index","follow":"follow","max-snippet":"max-snippet:-1","max-image-preview":"max-image-preview:large","max-video-preview":"max-video-preview:-1"},"canonical":"https:\/\/outdoor-gym.com\/es\/productos\/aparatos-biosaludables-para-parques-para-majores-precios\/","og_locale":"en_GB","og_type":"article","og_title":"Aparatos Biosaludables y M\u00e1quinas de Parque para mayores - Precio | TRAINER","og_description":"Aparatos biosaludables y m\u00e1quinas de ejercicio al aire libre para parques p\u00fablicos - precios. Circuitos y Parques Biosaludables para adultos y mayores.","og_url":"https:\/\/outdoor-gym.com\/es\/productos\/aparatos-biosaludables-para-parques-para-majores-precios\/","og_site_name":"Trainer","article_modified_time":"2023-09-29T09:13:32+00:00","twitter_card":"summary_large_image","twitter_misc":{"Szacowany czas czytania":"1 minuta"},"schema":{"@context":"https:\/\/schema.org","@graph":[{"@type":"WebPage","@id":"https:\/\/outdoor-gym.com\/es\/productos\/aparatos-biosaludables-para-parques-para-majores-precios\/","url":"https:\/\/outdoor-gym.com\/es\/productos\/aparatos-biosaludables-para-parques-para-majores-precios\/","name":"Aparatos Biosaludables y M\u00e1quinas de Parque para mayores - Precio | TRAINER","isPartOf":{"@id":"https:\/\/outdoor-gym.com\/es\/#website"},"datePublished":"2021-01-12T12:08:31+00:00","dateModified":"2023-09-29T09:13:32+00:00","description":"Aparatos biosaludables y m\u00e1quinas de ejercicio al aire libre para parques p\u00fablicos - precios. Circuitos y Parques Biosaludables para adultos y mayores.","breadcrumb":{"@id":"https:\/\/outdoor-gym.com\/es\/productos\/aparatos-biosaludables-para-parques-para-majores-precios\/#breadcrumb"},"inLanguage":"pl-PL","potentialAction":[{"@type":"ReadAction","target":["https:\/\/outdoor-gym.com\/es\/productos\/aparatos-biosaludables-para-parques-para-majores-precios\/"]}]},{"@type":"BreadcrumbList","@id":"https:\/\/outdoor-gym.com\/es\/productos\/aparatos-biosaludables-para-parques-para-majores-precios\/#breadcrumb","itemListElement":[{"@type":"ListItem","position":1,"name":"es","item":"https:\/\/outdoor-gym.com\/es\/"},{"@type":"ListItem","position":2,"name":"Productos","item":"https:\/\/outdoor-gym.com\/es\/productos\/"},{"@type":"ListItem","position":3,"name":"Aparatos Biosaludables para Parques"}]},{"@type":"WebSite","@id":"https:\/\/outdoor-gym.com\/es\/#website","url":"https:\/\/outdoor-gym.com\/es\/","name":"Trainer","description":"Trainer","potentialAction":[{"@type":"SearchAction","target":{"@type":"EntryPoint","urlTemplate":"https:\/\/outdoor-gym.com\/es\/?s={search_term_string}"},"query-input":"required name=search_term_string"}],"inLanguage":"pl-PL"}]}},"_links":{"self":[{"href":"https:\/\/outdoor-gym.com\/es\/wp-json\/wp\/v2\/pages\/1045"}],"collection":[{"href":"https:\/\/outdoor-gym.com\/es\/wp-json\/wp\/v2\/pages"}],"about":[{"href":"https:\/\/outdoor-gym.com\/es\/wp-json\/wp\/v2\/types\/page"}],"author":[{"embeddable":true,"href":"https:\/\/outdoor-gym.com\/es\/wp-json\/wp\/v2\/users\/1"}],"replies":[{"embeddable":true,"href":"https:\/\/outdoor-gym.com\/es\/wp-json\/wp\/v2\/comments?post=1045"}],"version-history":[{"count":43,"href":"https:\/\/outdoor-gym.com\/es\/wp-json\/wp\/v2\/pages\/1045\/revisions"}],"predecessor-version":[{"id":5168,"href":"https:\/\/outdoor-gym.com\/es\/wp-json\/wp\/v2\/pages\/1045\/revisions\/5168"}],"up":[{"embeddable":true,"href":"https:\/\/outdoor-gym.com\/es\/wp-json\/wp\/v2\/pages\/928"}],"wp:attachment":[{"href":"https:\/\/outdoor-gym.com\/es\/wp-json\/wp\/v2\/media?parent=1045"}],"curies":[{"name":"wp","href":"https:\/\/api.w.org\/{rel}","templated":true}]}}