{"id":1048,"date":"2021-01-12T13:11:23","date_gmt":"2021-01-12T12:11:23","guid":{"rendered":"https:\/\/outdoor-gym.com\/es\/?page_id=1048"},"modified":"2023-09-29T11:16:48","modified_gmt":"2023-09-29T09:16:48","slug":"conjuntos-de-gimnasio-exteriore-precios","status":"publish","type":"page","link":"https:\/\/outdoor-gym.com\/es\/productos\/conjuntos-de-gimnasio-exteriore-precios\/","title":{"rendered":"Conjuntos de gimnasio exteriores"},"content":{"rendered":"<p>Creamos conjuntos de m\u00e1quinas de gimnasio al aire libre para j\u00f3venes, adultos y personas mayores. Las m\u00e1quinas se han dise\u00f1ado y adaptado a las necesidades de todos los grupos de edad. Forman un campo de entrenamiento coherente y funcional. Las m\u00e1quinas se seleccionan para que permitan realizar ejercicios que tengan en cuenta los diferentes grupos musculares y proporcionen un nivel diferente de dificultad de uso.<\/p>\n","protected":false},"excerpt":{"rendered":"<p>Creamos conjuntos de m\u00e1quinas de gimnasio al aire libre para j\u00f3venes, adultos y personas mayores. Las m\u00e1quinas se han dise\u00f1ado y adaptado a las necesidades de todos los grupos de edad. Forman un campo de entrenamiento coherente y funcional. Las m\u00e1quinas se seleccionan para que permitan realizar ejercicios que tengan en cuenta los diferentes grupos [&hellip;]<\/p>\n","protected":false},"author":1,"featured_media":0,"parent":928,"menu_order":0,"comment_status":"closed","ping_status":"closed","template":"template-seria.php","meta":[],"acf":[],"yoast_head":"<!-- This site is optimized with the Yoast SEO plugin v21.1 - https:\/\/yoast.com\/wordpress\/plugins\/seo\/ -->\n<title>Conjuntos de gimnasio exteriores Conjuntos de gimnasio exteriores<\/title>\n<meta name=\"robots\" content=\"index, follow, max-snippet:-1, max-image-preview:large, max-video-preview:-1\" \/>\n<link rel=\"canonical\" href=\"https:\/\/outdoor-gym.com\/es\/productos\/conjuntos-de-gimnasio-exteriore-precios\/\" \/>\n<meta property=\"og:locale\" content=\"en_GB\" \/>\n<meta property=\"og:type\" content=\"article\" \/>\n<meta property=\"og:title\" content=\"Conjuntos de gimnasio exteriores Conjuntos de gimnasio exteriores\" \/>\n<meta property=\"og:description\" content=\"Creamos conjuntos de m\u00e1quinas de gimnasio al aire libre para j\u00f3venes, adultos y personas mayores. Las m\u00e1quinas se han dise\u00f1ado y adaptado a las necesidades de todos los grupos de edad. Forman un campo de entrenamiento coherente y funcional. Las m\u00e1quinas se seleccionan para que permitan realizar ejercicios que tengan en cuenta los diferentes grupos [&hellip;]\" \/>\n<meta property=\"og:url\" content=\"https:\/\/outdoor-gym.com\/es\/productos\/conjuntos-de-gimnasio-exteriore-precios\/\" \/>\n<meta property=\"og:site_name\" content=\"Trainer\" \/>\n<meta property=\"article:modified_time\" content=\"2023-09-29T09:16:48+00:00\" \/>\n<meta name=\"twitter:card\" content=\"summary_large_image\" \/>\n<meta name=\"twitter:label1\" content=\"Szacowany czas czytania\" \/>\n\t<meta name=\"twitter:data1\" content=\"1 minuta\" \/>\n<script type=\"application\/ld+json\" class=\"yoast-schema-graph\">{\"@context\":\"https:\/\/schema.org\",\"@graph\":[{\"@type\":\"WebPage\",\"@id\":\"https:\/\/outdoor-gym.com\/es\/productos\/conjuntos-de-gimnasio-exteriore-precios\/\",\"url\":\"https:\/\/outdoor-gym.com\/es\/productos\/conjuntos-de-gimnasio-exteriore-precios\/\",\"name\":\"Conjuntos de gimnasio exteriores Conjuntos de gimnasio exteriores\",\"isPartOf\":{\"@id\":\"https:\/\/outdoor-gym.com\/es\/#website\"},\"datePublished\":\"2021-01-12T12:11:23+00:00\",\"dateModified\":\"2023-09-29T09:16:48+00:00\",\"breadcrumb\":{\"@id\":\"https:\/\/outdoor-gym.com\/es\/productos\/conjuntos-de-gimnasio-exteriore-precios\/#breadcrumb\"},\"inLanguage\":\"pl-PL\",\"potentialAction\":[{\"@type\":\"ReadAction\",\"target\":[\"https:\/\/outdoor-gym.com\/es\/productos\/conjuntos-de-gimnasio-exteriore-precios\/\"]}]},{\"@type\":\"BreadcrumbList\",\"@id\":\"https:\/\/outdoor-gym.com\/es\/productos\/conjuntos-de-gimnasio-exteriore-precios\/#breadcrumb\",\"itemListElement\":[{\"@type\":\"ListItem\",\"position\":1,\"name\":\"es\",\"item\":\"https:\/\/outdoor-gym.com\/es\/\"},{\"@type\":\"ListItem\",\"position\":2,\"name\":\"Productos\",\"item\":\"https:\/\/outdoor-gym.com\/es\/productos\/\"},{\"@type\":\"ListItem\",\"position\":3,\"name\":\"Conjuntos de gimnasio exteriores\"}]},{\"@type\":\"WebSite\",\"@id\":\"https:\/\/outdoor-gym.com\/es\/#website\",\"url\":\"https:\/\/outdoor-gym.com\/es\/\",\"name\":\"Trainer\",\"description\":\"Trainer\",\"potentialAction\":[{\"@type\":\"SearchAction\",\"target\":{\"@type\":\"EntryPoint\",\"urlTemplate\":\"https:\/\/outdoor-gym.com\/es\/?s={search_term_string}\"},\"query-input\":\"required name=search_term_string\"}],\"inLanguage\":\"pl-PL\"}]}<\/script>\n<!-- \/ Yoast SEO plugin. -->","yoast_head_json":{"title":"Conjuntos de gimnasio exteriores Conjuntos de gimnasio exteriores","robots":{"index":"index","follow":"follow","max-snippet":"max-snippet:-1","max-image-preview":"max-image-preview:large","max-video-preview":"max-video-preview:-1"},"canonical":"https:\/\/outdoor-gym.com\/es\/productos\/conjuntos-de-gimnasio-exteriore-precios\/","og_locale":"en_GB","og_type":"article","og_title":"Conjuntos de gimnasio exteriores Conjuntos de gimnasio exteriores","og_description":"Creamos conjuntos de m\u00e1quinas de gimnasio al aire libre para j\u00f3venes, adultos y personas mayores. Las m\u00e1quinas se han dise\u00f1ado y adaptado a las necesidades de todos los grupos de edad. Forman un campo de entrenamiento coherente y funcional. Las m\u00e1quinas se seleccionan para que permitan realizar ejercicios que tengan en cuenta los diferentes grupos [&hellip;]","og_url":"https:\/\/outdoor-gym.com\/es\/productos\/conjuntos-de-gimnasio-exteriore-precios\/","og_site_name":"Trainer","article_modified_time":"2023-09-29T09:16:48+00:00","twitter_card":"summary_large_image","twitter_misc":{"Szacowany czas czytania":"1 minuta"},"schema":{"@context":"https:\/\/schema.org","@graph":[{"@type":"WebPage","@id":"https:\/\/outdoor-gym.com\/es\/productos\/conjuntos-de-gimnasio-exteriore-precios\/","url":"https:\/\/outdoor-gym.com\/es\/productos\/conjuntos-de-gimnasio-exteriore-precios\/","name":"Conjuntos de gimnasio exteriores Conjuntos de gimnasio exteriores","isPartOf":{"@id":"https:\/\/outdoor-gym.com\/es\/#website"},"datePublished":"2021-01-12T12:11:23+00:00","dateModified":"2023-09-29T09:16:48+00:00","breadcrumb":{"@id":"https:\/\/outdoor-gym.com\/es\/productos\/conjuntos-de-gimnasio-exteriore-precios\/#breadcrumb"},"inLanguage":"pl-PL","potentialAction":[{"@type":"ReadAction","target":["https:\/\/outdoor-gym.com\/es\/productos\/conjuntos-de-gimnasio-exteriore-precios\/"]}]},{"@type":"BreadcrumbList","@id":"https:\/\/outdoor-gym.com\/es\/productos\/conjuntos-de-gimnasio-exteriore-precios\/#breadcrumb","itemListElement":[{"@type":"ListItem","position":1,"name":"es","item":"https:\/\/outdoor-gym.com\/es\/"},{"@type":"ListItem","position":2,"name":"Productos","item":"https:\/\/outdoor-gym.com\/es\/productos\/"},{"@type":"ListItem","position":3,"name":"Conjuntos de gimnasio exteriores"}]},{"@type":"WebSite","@id":"https:\/\/outdoor-gym.com\/es\/#website","url":"https:\/\/outdoor-gym.com\/es\/","name":"Trainer","description":"Trainer","potentialAction":[{"@type":"SearchAction","target":{"@type":"EntryPoint","urlTemplate":"https:\/\/outdoor-gym.com\/es\/?s={search_term_string}"},"query-input":"required name=search_term_string"}],"inLanguage":"pl-PL"}]}},"_links":{"self":[{"href":"https:\/\/outdoor-gym.com\/es\/wp-json\/wp\/v2\/pages\/1048"}],"collection":[{"href":"https:\/\/outdoor-gym.com\/es\/wp-json\/wp\/v2\/pages"}],"about":[{"href":"https:\/\/outdoor-gym.com\/es\/wp-json\/wp\/v2\/types\/page"}],"author":[{"embeddable":true,"href":"https:\/\/outdoor-gym.com\/es\/wp-json\/wp\/v2\/users\/1"}],"replies":[{"embeddable":true,"href":"https:\/\/outdoor-gym.com\/es\/wp-json\/wp\/v2\/comments?post=1048"}],"version-history":[{"count":21,"href":"https:\/\/outdoor-gym.com\/es\/wp-json\/wp\/v2\/pages\/1048\/revisions"}],"predecessor-version":[{"id":5170,"href":"https:\/\/outdoor-gym.com\/es\/wp-json\/wp\/v2\/pages\/1048\/revisions\/5170"}],"up":[{"embeddable":true,"href":"https:\/\/outdoor-gym.com\/es\/wp-json\/wp\/v2\/pages\/928"}],"wp:attachment":[{"href":"https:\/\/outdoor-gym.com\/es\/wp-json\/wp\/v2\/media?parent=1048"}],"curies":[{"name":"wp","href":"https:\/\/api.w.org\/{rel}","templated":true}]}}