{"id":1072,"date":"2021-01-12T13:56:08","date_gmt":"2021-01-12T12:56:08","guid":{"rendered":"https:\/\/outdoor-gym.com\/es\/?page_id=1072"},"modified":"2023-03-24T09:45:57","modified_gmt":"2023-03-24T08:45:57","slug":"asesoria","status":"publish","type":"page","link":"https:\/\/outdoor-gym.com\/es\/servicios\/asesoria\/","title":{"rendered":"Asesor\u00eda"},"content":{"rendered":"<p><img decoding=\"async\" loading=\"lazy\" class=\"alignnone size-full wp-image-4002\" src=\"https:\/\/outdoor-gym.com\/es\/wp-content\/uploads\/Consultante-1.jpg\" alt=\"Consulting\" width=\"1000\" height=\"493\" srcset=\"https:\/\/outdoor-gym.com\/es\/wp-content\/uploads\/Consultante-1.jpg 1000w, https:\/\/outdoor-gym.com\/es\/wp-content\/uploads\/Consultante-1-600x296.jpg 600w, https:\/\/outdoor-gym.com\/es\/wp-content\/uploads\/Consultante-1-768x379.jpg 768w\" sizes=\"(max-width: 1000px) 100vw, 1000px\" \/><\/p>\n<p>Proporcionamos asesoramiento y apoyo <strong>profesional en cada etapa de la realizaci\u00f3n del pedido<\/strong>. Analizamos la documentaci\u00f3n de dise\u00f1o, asesoramos en la selecci\u00f3n de dispositivos adecuados. Tenemos en cuenta la ubicaci\u00f3n de los gimnasios exteriores y su finalidad. <strong>Le ayudaremos a elegir la mejor de la multitud de opciones<\/strong>. Planificamos etapas individuales de trabajo, desde la preparaci\u00f3n del sitio, <strong>pasando por el transporte y la instalaci\u00f3n de dispositivos<\/strong>, hasta la inspecci\u00f3n de los mismos. Gracias a nuestro conocimiento y experiencia, puede ahorrar mucho tiempo y dinero.<\/p>\n","protected":false},"excerpt":{"rendered":"<p>Proporcionamos asesoramiento y apoyo profesional en cada etapa de la realizaci\u00f3n del pedido. Analizamos la documentaci\u00f3n de dise\u00f1o, asesoramos en la selecci\u00f3n de dispositivos adecuados. Tenemos en cuenta la ubicaci\u00f3n de los gimnasios exteriores y su finalidad. Le ayudaremos a elegir la mejor de la multitud de opciones. Planificamos etapas individuales de trabajo, desde la [&hellip;]<\/p>\n","protected":false},"author":1,"featured_media":0,"parent":932,"menu_order":0,"comment_status":"closed","ping_status":"closed","template":"template-usluga.php","meta":[],"acf":[],"yoast_head":"<!-- This site is optimized with the Yoast SEO plugin v21.1 - https:\/\/yoast.com\/wordpress\/plugins\/seo\/ -->\n<title>Asesor\u00eda - Trainer<\/title>\n<meta name=\"description\" content=\"Proporcionamos asesoramiento y apoyo profesional en cada etapa de la realizaci\u00f3n del pedido. Analizamos la documentaci\u00f3n de dise\u00f1o, asesoramos en la selecci\u00f3n de dispositivos adecuados\" \/>\n<meta name=\"robots\" content=\"index, follow, max-snippet:-1, max-image-preview:large, max-video-preview:-1\" \/>\n<link rel=\"canonical\" href=\"https:\/\/outdoor-gym.com\/es\/servicios\/asesoria\/\" \/>\n<meta property=\"og:locale\" content=\"en_GB\" \/>\n<meta property=\"og:type\" content=\"article\" \/>\n<meta property=\"og:title\" content=\"Asesor\u00eda - Trainer\" \/>\n<meta property=\"og:description\" content=\"Proporcionamos asesoramiento y apoyo profesional en cada etapa de la realizaci\u00f3n del pedido. Analizamos la documentaci\u00f3n de dise\u00f1o, asesoramos en la selecci\u00f3n de dispositivos adecuados\" \/>\n<meta property=\"og:url\" content=\"https:\/\/outdoor-gym.com\/es\/servicios\/asesoria\/\" \/>\n<meta property=\"og:site_name\" content=\"Trainer\" \/>\n<meta property=\"article:modified_time\" content=\"2023-03-24T08:45:57+00:00\" \/>\n<meta property=\"og:image\" content=\"https:\/\/outdoor-gym.com\/es\/wp-content\/uploads\/Consulting-1.jpg\" \/>\n<meta name=\"twitter:card\" content=\"summary_large_image\" \/>\n<meta name=\"twitter:label1\" content=\"Szacowany czas czytania\" \/>\n\t<meta name=\"twitter:data1\" content=\"1 minuta\" \/>\n<script type=\"application\/ld+json\" class=\"yoast-schema-graph\">{\"@context\":\"https:\/\/schema.org\",\"@graph\":[{\"@type\":\"WebPage\",\"@id\":\"https:\/\/outdoor-gym.com\/es\/servicios\/asesoria\/\",\"url\":\"https:\/\/outdoor-gym.com\/es\/servicios\/asesoria\/\",\"name\":\"Asesor\u00eda - Trainer\",\"isPartOf\":{\"@id\":\"https:\/\/outdoor-gym.com\/es\/#website\"},\"datePublished\":\"2021-01-12T12:56:08+00:00\",\"dateModified\":\"2023-03-24T08:45:57+00:00\",\"description\":\"Proporcionamos asesoramiento y apoyo profesional en cada etapa de la realizaci\u00f3n del pedido. Analizamos la documentaci\u00f3n de dise\u00f1o, asesoramos en la selecci\u00f3n de dispositivos adecuados\",\"breadcrumb\":{\"@id\":\"https:\/\/outdoor-gym.com\/es\/servicios\/asesoria\/#breadcrumb\"},\"inLanguage\":\"pl-PL\",\"potentialAction\":[{\"@type\":\"ReadAction\",\"target\":[\"https:\/\/outdoor-gym.com\/es\/servicios\/asesoria\/\"]}]},{\"@type\":\"BreadcrumbList\",\"@id\":\"https:\/\/outdoor-gym.com\/es\/servicios\/asesoria\/#breadcrumb\",\"itemListElement\":[{\"@type\":\"ListItem\",\"position\":1,\"name\":\"es\",\"item\":\"https:\/\/outdoor-gym.com\/es\/\"},{\"@type\":\"ListItem\",\"position\":2,\"name\":\"Servicios\",\"item\":\"https:\/\/outdoor-gym.com\/es\/servicios\/\"},{\"@type\":\"ListItem\",\"position\":3,\"name\":\"Asesor\u00eda\"}]},{\"@type\":\"WebSite\",\"@id\":\"https:\/\/outdoor-gym.com\/es\/#website\",\"url\":\"https:\/\/outdoor-gym.com\/es\/\",\"name\":\"Trainer\",\"description\":\"Trainer\",\"potentialAction\":[{\"@type\":\"SearchAction\",\"target\":{\"@type\":\"EntryPoint\",\"urlTemplate\":\"https:\/\/outdoor-gym.com\/es\/?s={search_term_string}\"},\"query-input\":\"required name=search_term_string\"}],\"inLanguage\":\"pl-PL\"}]}<\/script>\n<!-- \/ Yoast SEO plugin. -->","yoast_head_json":{"title":"Asesor\u00eda - Trainer","description":"Proporcionamos asesoramiento y apoyo profesional en cada etapa de la realizaci\u00f3n del pedido. Analizamos la documentaci\u00f3n de dise\u00f1o, asesoramos en la selecci\u00f3n de dispositivos adecuados","robots":{"index":"index","follow":"follow","max-snippet":"max-snippet:-1","max-image-preview":"max-image-preview:large","max-video-preview":"max-video-preview:-1"},"canonical":"https:\/\/outdoor-gym.com\/es\/servicios\/asesoria\/","og_locale":"en_GB","og_type":"article","og_title":"Asesor\u00eda - Trainer","og_description":"Proporcionamos asesoramiento y apoyo profesional en cada etapa de la realizaci\u00f3n del pedido. Analizamos la documentaci\u00f3n de dise\u00f1o, asesoramos en la selecci\u00f3n de dispositivos adecuados","og_url":"https:\/\/outdoor-gym.com\/es\/servicios\/asesoria\/","og_site_name":"Trainer","article_modified_time":"2023-03-24T08:45:57+00:00","og_image":[{"url":"https:\/\/outdoor-gym.com\/es\/wp-content\/uploads\/Consulting-1.jpg"}],"twitter_card":"summary_large_image","twitter_misc":{"Szacowany czas czytania":"1 minuta"},"schema":{"@context":"https:\/\/schema.org","@graph":[{"@type":"WebPage","@id":"https:\/\/outdoor-gym.com\/es\/servicios\/asesoria\/","url":"https:\/\/outdoor-gym.com\/es\/servicios\/asesoria\/","name":"Asesor\u00eda - Trainer","isPartOf":{"@id":"https:\/\/outdoor-gym.com\/es\/#website"},"datePublished":"2021-01-12T12:56:08+00:00","dateModified":"2023-03-24T08:45:57+00:00","description":"Proporcionamos asesoramiento y apoyo profesional en cada etapa de la realizaci\u00f3n del pedido. Analizamos la documentaci\u00f3n de dise\u00f1o, asesoramos en la selecci\u00f3n de dispositivos adecuados","breadcrumb":{"@id":"https:\/\/outdoor-gym.com\/es\/servicios\/asesoria\/#breadcrumb"},"inLanguage":"pl-PL","potentialAction":[{"@type":"ReadAction","target":["https:\/\/outdoor-gym.com\/es\/servicios\/asesoria\/"]}]},{"@type":"BreadcrumbList","@id":"https:\/\/outdoor-gym.com\/es\/servicios\/asesoria\/#breadcrumb","itemListElement":[{"@type":"ListItem","position":1,"name":"es","item":"https:\/\/outdoor-gym.com\/es\/"},{"@type":"ListItem","position":2,"name":"Servicios","item":"https:\/\/outdoor-gym.com\/es\/servicios\/"},{"@type":"ListItem","position":3,"name":"Asesor\u00eda"}]},{"@type":"WebSite","@id":"https:\/\/outdoor-gym.com\/es\/#website","url":"https:\/\/outdoor-gym.com\/es\/","name":"Trainer","description":"Trainer","potentialAction":[{"@type":"SearchAction","target":{"@type":"EntryPoint","urlTemplate":"https:\/\/outdoor-gym.com\/es\/?s={search_term_string}"},"query-input":"required name=search_term_string"}],"inLanguage":"pl-PL"}]}},"_links":{"self":[{"href":"https:\/\/outdoor-gym.com\/es\/wp-json\/wp\/v2\/pages\/1072"}],"collection":[{"href":"https:\/\/outdoor-gym.com\/es\/wp-json\/wp\/v2\/pages"}],"about":[{"href":"https:\/\/outdoor-gym.com\/es\/wp-json\/wp\/v2\/types\/page"}],"author":[{"embeddable":true,"href":"https:\/\/outdoor-gym.com\/es\/wp-json\/wp\/v2\/users\/1"}],"replies":[{"embeddable":true,"href":"https:\/\/outdoor-gym.com\/es\/wp-json\/wp\/v2\/comments?post=1072"}],"version-history":[{"count":16,"href":"https:\/\/outdoor-gym.com\/es\/wp-json\/wp\/v2\/pages\/1072\/revisions"}],"predecessor-version":[{"id":4483,"href":"https:\/\/outdoor-gym.com\/es\/wp-json\/wp\/v2\/pages\/1072\/revisions\/4483"}],"up":[{"embeddable":true,"href":"https:\/\/outdoor-gym.com\/es\/wp-json\/wp\/v2\/pages\/932"}],"wp:attachment":[{"href":"https:\/\/outdoor-gym.com\/es\/wp-json\/wp\/v2\/media?parent=1072"}],"curies":[{"name":"wp","href":"https:\/\/api.w.org\/{rel}","templated":true}]}}