{"id":1219,"date":"2021-01-18T13:12:56","date_gmt":"2021-01-18T12:12:56","guid":{"rendered":"https:\/\/outdoor-gym.com\/es\/?page_id=1219"},"modified":"2023-03-24T09:53:08","modified_gmt":"2023-03-24T08:53:08","slug":"entrega","status":"publish","type":"page","link":"https:\/\/outdoor-gym.com\/es\/servicios\/entrega\/","title":{"rendered":"Entrega"},"content":{"rendered":"<p><img decoding=\"async\" loading=\"lazy\" class=\"alignnone size-full wp-image-4008\" src=\"https:\/\/outdoor-gym.com\/es\/wp-content\/uploads\/Transporte y Entrega.jpg\" alt=\"Outdoor Gyms Transport and Delivery\" width=\"1000\" height=\"422\" srcset=\"https:\/\/outdoor-gym.com\/es\/wp-content\/uploads\/Transporte%20y%20Entrega.jpg 1000w, https:\/\/outdoor-gym.com\/es\/wp-content\/uploads\/Transporte%20y%20Entrega-600x253.jpg 600w, https:\/\/outdoor-gym.com\/es\/wp-content\/uploads\/Transporte%20y%20Entrega-768x324.jpg 768w\" sizes=\"(max-width: 1000px) 100vw, 1000px\" \/><\/p>\n<p>Suministramos gimnasios al aire libre <strong>en toda Europa<\/strong>. La entrega se realiza a trav\u00e9s de empresas de transporte. Los gastos de env\u00edo se indican en el formulario de oferta al hacer las compras. La fecha de entrega se determina individualmente. <strong>La entrega se realiza directamente a la direcci\u00f3n indicada.<\/strong><\/p>\n<p>Tambi\u00e9n es posible la recogida personal de nuestro almac\u00e9n, que se encuentra en una ubicaci\u00f3n muy conveniente. <strong>Puede recoger las m\u00e1quinas solicitadas despu\u00e9s de acordar la fecha con antelaci\u00f3n<\/strong>.<\/p>\n<p><img decoding=\"async\" loading=\"lazy\" class=\"alignnone size-full wp-image-3779\" src=\"https:\/\/outdoor-gym.com\/es\/wp-content\/uploads\/Entrega.jpg\" alt=\"Delivery\" width=\"1000\" height=\"688\" srcset=\"https:\/\/outdoor-gym.com\/es\/wp-content\/uploads\/Entrega.jpg 1000w, https:\/\/outdoor-gym.com\/es\/wp-content\/uploads\/Entrega-600x413.jpg 600w, https:\/\/outdoor-gym.com\/es\/wp-content\/uploads\/Entrega-768x528.jpg 768w\" sizes=\"(max-width: 1000px) 100vw, 1000px\" \/><\/p>\n","protected":false},"excerpt":{"rendered":"<p>Suministramos gimnasios al aire libre en toda Europa. La entrega se realiza a trav\u00e9s de empresas de transporte. Los gastos de env\u00edo se indican en el formulario de oferta al hacer las compras. La fecha de entrega se determina individualmente. La entrega se realiza directamente a la direcci\u00f3n indicada. Tambi\u00e9n es posible la recogida personal [&hellip;]<\/p>\n","protected":false},"author":1,"featured_media":0,"parent":932,"menu_order":0,"comment_status":"closed","ping_status":"closed","template":"template-usluga.php","meta":[],"acf":[],"yoast_head":"<!-- This site is optimized with the Yoast SEO plugin v21.1 - https:\/\/yoast.com\/wordpress\/plugins\/seo\/ -->\n<title>Entrega - Trainer<\/title>\n<meta name=\"description\" content=\"Suministramos gimnasios al aire libre en toda Europa. La entrega se realiza a trav\u00e9s de empresas de transporte. Los gastos de env\u00edo se indican en el formulario de oferta al hacer las compras. La fecha de entrega se determina individualmente. La entrega se realiza directamente a la direcci\u00f3n indicada.\" \/>\n<meta name=\"robots\" content=\"index, follow, max-snippet:-1, max-image-preview:large, max-video-preview:-1\" \/>\n<link rel=\"canonical\" href=\"https:\/\/outdoor-gym.com\/es\/servicios\/entrega\/\" \/>\n<meta property=\"og:locale\" content=\"en_GB\" \/>\n<meta property=\"og:type\" content=\"article\" \/>\n<meta property=\"og:title\" content=\"Entrega - Trainer\" \/>\n<meta property=\"og:description\" content=\"Suministramos gimnasios al aire libre en toda Europa. La entrega se realiza a trav\u00e9s de empresas de transporte. Los gastos de env\u00edo se indican en el formulario de oferta al hacer las compras. La fecha de entrega se determina individualmente. La entrega se realiza directamente a la direcci\u00f3n indicada.\" \/>\n<meta property=\"og:url\" content=\"https:\/\/outdoor-gym.com\/es\/servicios\/entrega\/\" \/>\n<meta property=\"og:site_name\" content=\"Trainer\" \/>\n<meta property=\"article:modified_time\" content=\"2023-03-24T08:53:08+00:00\" \/>\n<meta property=\"og:image\" content=\"https:\/\/outdoor-gym.com\/es\/wp-content\/uploads\/Transport-and-Delivery.jpg\" \/>\n<meta name=\"twitter:card\" content=\"summary_large_image\" \/>\n<meta name=\"twitter:label1\" content=\"Szacowany czas czytania\" \/>\n\t<meta name=\"twitter:data1\" content=\"1 minuta\" \/>\n<script type=\"application\/ld+json\" class=\"yoast-schema-graph\">{\"@context\":\"https:\/\/schema.org\",\"@graph\":[{\"@type\":\"WebPage\",\"@id\":\"https:\/\/outdoor-gym.com\/es\/servicios\/entrega\/\",\"url\":\"https:\/\/outdoor-gym.com\/es\/servicios\/entrega\/\",\"name\":\"Entrega - Trainer\",\"isPartOf\":{\"@id\":\"https:\/\/outdoor-gym.com\/es\/#website\"},\"datePublished\":\"2021-01-18T12:12:56+00:00\",\"dateModified\":\"2023-03-24T08:53:08+00:00\",\"description\":\"Suministramos gimnasios al aire libre en toda Europa. La entrega se realiza a trav\u00e9s de empresas de transporte. Los gastos de env\u00edo se indican en el formulario de oferta al hacer las compras. La fecha de entrega se determina individualmente. La entrega se realiza directamente a la direcci\u00f3n indicada.\",\"breadcrumb\":{\"@id\":\"https:\/\/outdoor-gym.com\/es\/servicios\/entrega\/#breadcrumb\"},\"inLanguage\":\"pl-PL\",\"potentialAction\":[{\"@type\":\"ReadAction\",\"target\":[\"https:\/\/outdoor-gym.com\/es\/servicios\/entrega\/\"]}]},{\"@type\":\"BreadcrumbList\",\"@id\":\"https:\/\/outdoor-gym.com\/es\/servicios\/entrega\/#breadcrumb\",\"itemListElement\":[{\"@type\":\"ListItem\",\"position\":1,\"name\":\"es\",\"item\":\"https:\/\/outdoor-gym.com\/es\/\"},{\"@type\":\"ListItem\",\"position\":2,\"name\":\"Servicios\",\"item\":\"https:\/\/outdoor-gym.com\/es\/servicios\/\"},{\"@type\":\"ListItem\",\"position\":3,\"name\":\"Entrega\"}]},{\"@type\":\"WebSite\",\"@id\":\"https:\/\/outdoor-gym.com\/es\/#website\",\"url\":\"https:\/\/outdoor-gym.com\/es\/\",\"name\":\"Trainer\",\"description\":\"Trainer\",\"potentialAction\":[{\"@type\":\"SearchAction\",\"target\":{\"@type\":\"EntryPoint\",\"urlTemplate\":\"https:\/\/outdoor-gym.com\/es\/?s={search_term_string}\"},\"query-input\":\"required name=search_term_string\"}],\"inLanguage\":\"pl-PL\"}]}<\/script>\n<!-- \/ Yoast SEO plugin. -->","yoast_head_json":{"title":"Entrega - Trainer","description":"Suministramos gimnasios al aire libre en toda Europa. La entrega se realiza a trav\u00e9s de empresas de transporte. Los gastos de env\u00edo se indican en el formulario de oferta al hacer las compras. La fecha de entrega se determina individualmente. La entrega se realiza directamente a la direcci\u00f3n indicada.","robots":{"index":"index","follow":"follow","max-snippet":"max-snippet:-1","max-image-preview":"max-image-preview:large","max-video-preview":"max-video-preview:-1"},"canonical":"https:\/\/outdoor-gym.com\/es\/servicios\/entrega\/","og_locale":"en_GB","og_type":"article","og_title":"Entrega - Trainer","og_description":"Suministramos gimnasios al aire libre en toda Europa. La entrega se realiza a trav\u00e9s de empresas de transporte. Los gastos de env\u00edo se indican en el formulario de oferta al hacer las compras. La fecha de entrega se determina individualmente. La entrega se realiza directamente a la direcci\u00f3n indicada.","og_url":"https:\/\/outdoor-gym.com\/es\/servicios\/entrega\/","og_site_name":"Trainer","article_modified_time":"2023-03-24T08:53:08+00:00","og_image":[{"url":"https:\/\/outdoor-gym.com\/es\/wp-content\/uploads\/Transport-and-Delivery.jpg"}],"twitter_card":"summary_large_image","twitter_misc":{"Szacowany czas czytania":"1 minuta"},"schema":{"@context":"https:\/\/schema.org","@graph":[{"@type":"WebPage","@id":"https:\/\/outdoor-gym.com\/es\/servicios\/entrega\/","url":"https:\/\/outdoor-gym.com\/es\/servicios\/entrega\/","name":"Entrega - Trainer","isPartOf":{"@id":"https:\/\/outdoor-gym.com\/es\/#website"},"datePublished":"2021-01-18T12:12:56+00:00","dateModified":"2023-03-24T08:53:08+00:00","description":"Suministramos gimnasios al aire libre en toda Europa. La entrega se realiza a trav\u00e9s de empresas de transporte. Los gastos de env\u00edo se indican en el formulario de oferta al hacer las compras. La fecha de entrega se determina individualmente. La entrega se realiza directamente a la direcci\u00f3n indicada.","breadcrumb":{"@id":"https:\/\/outdoor-gym.com\/es\/servicios\/entrega\/#breadcrumb"},"inLanguage":"pl-PL","potentialAction":[{"@type":"ReadAction","target":["https:\/\/outdoor-gym.com\/es\/servicios\/entrega\/"]}]},{"@type":"BreadcrumbList","@id":"https:\/\/outdoor-gym.com\/es\/servicios\/entrega\/#breadcrumb","itemListElement":[{"@type":"ListItem","position":1,"name":"es","item":"https:\/\/outdoor-gym.com\/es\/"},{"@type":"ListItem","position":2,"name":"Servicios","item":"https:\/\/outdoor-gym.com\/es\/servicios\/"},{"@type":"ListItem","position":3,"name":"Entrega"}]},{"@type":"WebSite","@id":"https:\/\/outdoor-gym.com\/es\/#website","url":"https:\/\/outdoor-gym.com\/es\/","name":"Trainer","description":"Trainer","potentialAction":[{"@type":"SearchAction","target":{"@type":"EntryPoint","urlTemplate":"https:\/\/outdoor-gym.com\/es\/?s={search_term_string}"},"query-input":"required name=search_term_string"}],"inLanguage":"pl-PL"}]}},"_links":{"self":[{"href":"https:\/\/outdoor-gym.com\/es\/wp-json\/wp\/v2\/pages\/1219"}],"collection":[{"href":"https:\/\/outdoor-gym.com\/es\/wp-json\/wp\/v2\/pages"}],"about":[{"href":"https:\/\/outdoor-gym.com\/es\/wp-json\/wp\/v2\/types\/page"}],"author":[{"embeddable":true,"href":"https:\/\/outdoor-gym.com\/es\/wp-json\/wp\/v2\/users\/1"}],"replies":[{"embeddable":true,"href":"https:\/\/outdoor-gym.com\/es\/wp-json\/wp\/v2\/comments?post=1219"}],"version-history":[{"count":20,"href":"https:\/\/outdoor-gym.com\/es\/wp-json\/wp\/v2\/pages\/1219\/revisions"}],"predecessor-version":[{"id":4487,"href":"https:\/\/outdoor-gym.com\/es\/wp-json\/wp\/v2\/pages\/1219\/revisions\/4487"}],"up":[{"embeddable":true,"href":"https:\/\/outdoor-gym.com\/es\/wp-json\/wp\/v2\/pages\/932"}],"wp:attachment":[{"href":"https:\/\/outdoor-gym.com\/es\/wp-json\/wp\/v2\/media?parent=1219"}],"curies":[{"name":"wp","href":"https:\/\/api.w.org\/{rel}","templated":true}]}}