{"id":1222,"date":"2021-01-18T13:13:05","date_gmt":"2021-01-18T12:13:05","guid":{"rendered":"https:\/\/outdoor-gym.com\/es\/?page_id=1222"},"modified":"2023-12-20T12:27:16","modified_gmt":"2023-12-20T11:27:16","slug":"montaje","status":"publish","type":"page","link":"https:\/\/outdoor-gym.com\/es\/servicios\/montaje\/","title":{"rendered":"Montaje"},"content":{"rendered":"<p><strong>Entrega f\u00e1cil de m\u00e1quinas de gimnasio al aire libre.<\/strong><\/p>\n<p>Nuestros servicios tambi\u00e9n incluyen todos los trabajos de instalaci\u00f3n. Realizamos la instalaci\u00f3n de gimnasios al aire libre en toda Europa.<\/p>\n<p><strong>Tambi\u00e9n podr\u00e1 instalar nuestros gimnasios por su cuenta<\/strong>. <strong>Todo el proceso es muy sencillo<\/strong>. Las instrucciones de instalaci\u00f3n preparadas por especialistas lo guiar\u00e1n paso a paso a trav\u00e9s de todo el procedimiento de montaje. Cada una de nuestras m\u00e1quinas de gimnasio para exterior viene con un anclaje especial para su fijaci\u00f3n en la cimentaci\u00f3n. <strong>Tambi\u00e9n puede encargar a empresas especializadas<\/strong> que se ocupar\u00e1n del montaje. Trabajamos <strong>con muchas empresas de toda Europa<\/strong>. Contacto con nosotros.<\/p>\n<h4><a class=\"in-button in-download-button\" href=\"https:\/\/outdoor-gym.com\/es\/wp-content\/uploads\/TRAINER-INSTRUCCIONES-DE-MONTAJE-ES.pdf\" target=\"_blank\" rel=\"noopener\">DESCARGAR MANUAL DE INSTALACI\u00d3N<\/a><\/h4>\n","protected":false},"excerpt":{"rendered":"<p>Entrega f\u00e1cil de m\u00e1quinas de gimnasio al aire libre. Nuestros servicios tambi\u00e9n incluyen todos los trabajos de instalaci\u00f3n. Realizamos la instalaci\u00f3n de gimnasios al aire libre en toda Europa. Tambi\u00e9n podr\u00e1 instalar nuestros gimnasios por su cuenta. Todo el proceso es muy sencillo. Las instrucciones de instalaci\u00f3n preparadas por especialistas lo guiar\u00e1n paso a paso [&hellip;]<\/p>\n","protected":false},"author":1,"featured_media":0,"parent":932,"menu_order":0,"comment_status":"closed","ping_status":"closed","template":"template-usluga.php","meta":[],"acf":[],"yoast_head":"<!-- This site is optimized with the Yoast SEO plugin v21.1 - https:\/\/yoast.com\/wordpress\/plugins\/seo\/ -->\n<title>Montaje - Trainer<\/title>\n<meta name=\"robots\" content=\"index, follow, max-snippet:-1, max-image-preview:large, max-video-preview:-1\" \/>\n<link rel=\"canonical\" href=\"https:\/\/outdoor-gym.com\/es\/servicios\/montaje\/\" \/>\n<meta property=\"og:locale\" content=\"en_GB\" \/>\n<meta property=\"og:type\" content=\"article\" \/>\n<meta property=\"og:title\" content=\"Montaje - Trainer\" \/>\n<meta property=\"og:description\" content=\"Entrega f\u00e1cil de m\u00e1quinas de gimnasio al aire libre. Nuestros servicios tambi\u00e9n incluyen todos los trabajos de instalaci\u00f3n. Realizamos la instalaci\u00f3n de gimnasios al aire libre en toda Europa. Tambi\u00e9n podr\u00e1 instalar nuestros gimnasios por su cuenta. Todo el proceso es muy sencillo. Las instrucciones de instalaci\u00f3n preparadas por especialistas lo guiar\u00e1n paso a paso [&hellip;]\" \/>\n<meta property=\"og:url\" content=\"https:\/\/outdoor-gym.com\/es\/servicios\/montaje\/\" \/>\n<meta property=\"og:site_name\" content=\"Trainer\" \/>\n<meta property=\"article:modified_time\" content=\"2023-12-20T11:27:16+00:00\" \/>\n<meta name=\"twitter:card\" content=\"summary_large_image\" \/>\n<meta name=\"twitter:label1\" content=\"Szacowany czas czytania\" \/>\n\t<meta name=\"twitter:data1\" content=\"1 minuta\" \/>\n<script type=\"application\/ld+json\" class=\"yoast-schema-graph\">{\"@context\":\"https:\/\/schema.org\",\"@graph\":[{\"@type\":\"WebPage\",\"@id\":\"https:\/\/outdoor-gym.com\/es\/servicios\/montaje\/\",\"url\":\"https:\/\/outdoor-gym.com\/es\/servicios\/montaje\/\",\"name\":\"Montaje - Trainer\",\"isPartOf\":{\"@id\":\"https:\/\/outdoor-gym.com\/es\/#website\"},\"datePublished\":\"2021-01-18T12:13:05+00:00\",\"dateModified\":\"2023-12-20T11:27:16+00:00\",\"breadcrumb\":{\"@id\":\"https:\/\/outdoor-gym.com\/es\/servicios\/montaje\/#breadcrumb\"},\"inLanguage\":\"pl-PL\",\"potentialAction\":[{\"@type\":\"ReadAction\",\"target\":[\"https:\/\/outdoor-gym.com\/es\/servicios\/montaje\/\"]}]},{\"@type\":\"BreadcrumbList\",\"@id\":\"https:\/\/outdoor-gym.com\/es\/servicios\/montaje\/#breadcrumb\",\"itemListElement\":[{\"@type\":\"ListItem\",\"position\":1,\"name\":\"es\",\"item\":\"https:\/\/outdoor-gym.com\/es\/\"},{\"@type\":\"ListItem\",\"position\":2,\"name\":\"Servicios\",\"item\":\"https:\/\/outdoor-gym.com\/es\/servicios\/\"},{\"@type\":\"ListItem\",\"position\":3,\"name\":\"Montaje\"}]},{\"@type\":\"WebSite\",\"@id\":\"https:\/\/outdoor-gym.com\/es\/#website\",\"url\":\"https:\/\/outdoor-gym.com\/es\/\",\"name\":\"Trainer\",\"description\":\"Trainer\",\"potentialAction\":[{\"@type\":\"SearchAction\",\"target\":{\"@type\":\"EntryPoint\",\"urlTemplate\":\"https:\/\/outdoor-gym.com\/es\/?s={search_term_string}\"},\"query-input\":\"required name=search_term_string\"}],\"inLanguage\":\"pl-PL\"}]}<\/script>\n<!-- \/ Yoast SEO plugin. -->","yoast_head_json":{"title":"Montaje - Trainer","robots":{"index":"index","follow":"follow","max-snippet":"max-snippet:-1","max-image-preview":"max-image-preview:large","max-video-preview":"max-video-preview:-1"},"canonical":"https:\/\/outdoor-gym.com\/es\/servicios\/montaje\/","og_locale":"en_GB","og_type":"article","og_title":"Montaje - Trainer","og_description":"Entrega f\u00e1cil de m\u00e1quinas de gimnasio al aire libre. Nuestros servicios tambi\u00e9n incluyen todos los trabajos de instalaci\u00f3n. Realizamos la instalaci\u00f3n de gimnasios al aire libre en toda Europa. Tambi\u00e9n podr\u00e1 instalar nuestros gimnasios por su cuenta. Todo el proceso es muy sencillo. Las instrucciones de instalaci\u00f3n preparadas por especialistas lo guiar\u00e1n paso a paso [&hellip;]","og_url":"https:\/\/outdoor-gym.com\/es\/servicios\/montaje\/","og_site_name":"Trainer","article_modified_time":"2023-12-20T11:27:16+00:00","twitter_card":"summary_large_image","twitter_misc":{"Szacowany czas czytania":"1 minuta"},"schema":{"@context":"https:\/\/schema.org","@graph":[{"@type":"WebPage","@id":"https:\/\/outdoor-gym.com\/es\/servicios\/montaje\/","url":"https:\/\/outdoor-gym.com\/es\/servicios\/montaje\/","name":"Montaje - Trainer","isPartOf":{"@id":"https:\/\/outdoor-gym.com\/es\/#website"},"datePublished":"2021-01-18T12:13:05+00:00","dateModified":"2023-12-20T11:27:16+00:00","breadcrumb":{"@id":"https:\/\/outdoor-gym.com\/es\/servicios\/montaje\/#breadcrumb"},"inLanguage":"pl-PL","potentialAction":[{"@type":"ReadAction","target":["https:\/\/outdoor-gym.com\/es\/servicios\/montaje\/"]}]},{"@type":"BreadcrumbList","@id":"https:\/\/outdoor-gym.com\/es\/servicios\/montaje\/#breadcrumb","itemListElement":[{"@type":"ListItem","position":1,"name":"es","item":"https:\/\/outdoor-gym.com\/es\/"},{"@type":"ListItem","position":2,"name":"Servicios","item":"https:\/\/outdoor-gym.com\/es\/servicios\/"},{"@type":"ListItem","position":3,"name":"Montaje"}]},{"@type":"WebSite","@id":"https:\/\/outdoor-gym.com\/es\/#website","url":"https:\/\/outdoor-gym.com\/es\/","name":"Trainer","description":"Trainer","potentialAction":[{"@type":"SearchAction","target":{"@type":"EntryPoint","urlTemplate":"https:\/\/outdoor-gym.com\/es\/?s={search_term_string}"},"query-input":"required name=search_term_string"}],"inLanguage":"pl-PL"}]}},"_links":{"self":[{"href":"https:\/\/outdoor-gym.com\/es\/wp-json\/wp\/v2\/pages\/1222"}],"collection":[{"href":"https:\/\/outdoor-gym.com\/es\/wp-json\/wp\/v2\/pages"}],"about":[{"href":"https:\/\/outdoor-gym.com\/es\/wp-json\/wp\/v2\/types\/page"}],"author":[{"embeddable":true,"href":"https:\/\/outdoor-gym.com\/es\/wp-json\/wp\/v2\/users\/1"}],"replies":[{"embeddable":true,"href":"https:\/\/outdoor-gym.com\/es\/wp-json\/wp\/v2\/comments?post=1222"}],"version-history":[{"count":22,"href":"https:\/\/outdoor-gym.com\/es\/wp-json\/wp\/v2\/pages\/1222\/revisions"}],"predecessor-version":[{"id":5249,"href":"https:\/\/outdoor-gym.com\/es\/wp-json\/wp\/v2\/pages\/1222\/revisions\/5249"}],"up":[{"embeddable":true,"href":"https:\/\/outdoor-gym.com\/es\/wp-json\/wp\/v2\/pages\/932"}],"wp:attachment":[{"href":"https:\/\/outdoor-gym.com\/es\/wp-json\/wp\/v2\/media?parent=1222"}],"curies":[{"name":"wp","href":"https:\/\/api.w.org\/{rel}","templated":true}]}}