{"id":1224,"date":"2021-01-18T13:13:55","date_gmt":"2021-01-18T12:13:55","guid":{"rendered":"https:\/\/outdoor-gym.com\/es\/?page_id=1224"},"modified":"2023-03-31T10:39:57","modified_gmt":"2023-03-31T08:39:57","slug":"produccion","status":"publish","type":"page","link":"https:\/\/outdoor-gym.com\/es\/servicios\/produccion\/","title":{"rendered":"Producci\u00f3n"},"content":{"rendered":"<p><img decoding=\"async\" loading=\"lazy\" class=\"alignnone size-full wp-image-3692\" src=\"https:\/\/outdoor-gym.com\/es\/wp-content\/uploads\/produccion-de-gimnasios-al-aire-libre1.png\" alt=\"Outdoor Gym - TRAINER- Manufacturer outdoor fitness\" width=\"1400\" height=\"787\" srcset=\"https:\/\/outdoor-gym.com\/es\/wp-content\/uploads\/produccion-de-gimnasios-al-aire-libre1.png 1400w, https:\/\/outdoor-gym.com\/es\/wp-content\/uploads\/produccion-de-gimnasios-al-aire-libre1-600x337.png 600w, https:\/\/outdoor-gym.com\/es\/wp-content\/uploads\/produccion-de-gimnasios-al-aire-libre1-768x432.png 768w\" sizes=\"(max-width: 1400px) 100vw, 1400px\" \/><\/p>\n<p>Somos uno de los<strong> principales fabricantes equipamiento para exterior en Polonia y Europa<\/strong>. Nuestra empresa cuenta <strong>con m\u00e1s de 30 a\u00f1os de experiencia<\/strong>. Desde hace 10 a\u00f1os producimos gimnasios al aire libre y equipamientos de Street Workout. Producimos en una f\u00e1brica polaca, de acero de la m\u00e1s alta calidad.<\/p>\n<p>Gracias a nuestra amplia experiencia y conocimiento, producimos m\u00e1quinas de fitness al aire libre de la m\u00e1s alta calidad. Nuestras m\u00e1quinas cumplen <strong>con los est\u00e1ndares de seguridad europeos<\/strong>, han sido probados por <strong>T\u00dcV Rheinland<\/strong> y est\u00e1n certificados seg\u00fan EN 16630:2015-06.<\/p>\n","protected":false},"excerpt":{"rendered":"<p>Somos uno de los principales fabricantes equipamiento para exterior en Polonia y Europa. Nuestra empresa cuenta con m\u00e1s de 30 a\u00f1os de experiencia. Desde hace 10 a\u00f1os producimos gimnasios al aire libre y equipamientos de Street Workout. Producimos en una f\u00e1brica polaca, de acero de la m\u00e1s alta calidad. Gracias a nuestra amplia experiencia y [&hellip;]<\/p>\n","protected":false},"author":1,"featured_media":0,"parent":932,"menu_order":0,"comment_status":"closed","ping_status":"closed","template":"template-usluga.php","meta":[],"acf":[],"yoast_head":"<!-- This site is optimized with the Yoast SEO plugin v21.1 - https:\/\/yoast.com\/wordpress\/plugins\/seo\/ -->\n<title>Producci\u00f3n - Trainer<\/title>\n<meta name=\"description\" content=\"Somos uno de los principales fabricantes equipamiento para exterior en Polonia y Europa. Nuestra empresa cuenta con m\u00e1s de 30 a\u00f1os de experiencia. Desde hace 10 a\u00f1os producimos gimnasios al aire libre y equipamientos de Street Workout. Producimos en una f\u00e1brica polaca, de acero de la m\u00e1s alta calidad.\" \/>\n<meta name=\"robots\" content=\"index, follow, max-snippet:-1, max-image-preview:large, max-video-preview:-1\" \/>\n<link rel=\"canonical\" href=\"https:\/\/outdoor-gym.com\/es\/servicios\/produccion\/\" \/>\n<meta property=\"og:locale\" content=\"en_GB\" \/>\n<meta property=\"og:type\" content=\"article\" \/>\n<meta property=\"og:title\" content=\"Producci\u00f3n - Trainer\" \/>\n<meta property=\"og:description\" content=\"Somos uno de los principales fabricantes equipamiento para exterior en Polonia y Europa. Nuestra empresa cuenta con m\u00e1s de 30 a\u00f1os de experiencia. Desde hace 10 a\u00f1os producimos gimnasios al aire libre y equipamientos de Street Workout. Producimos en una f\u00e1brica polaca, de acero de la m\u00e1s alta calidad.\" \/>\n<meta property=\"og:url\" content=\"https:\/\/outdoor-gym.com\/es\/servicios\/produccion\/\" \/>\n<meta property=\"og:site_name\" content=\"Trainer\" \/>\n<meta property=\"article:modified_time\" content=\"2023-03-31T08:39:57+00:00\" \/>\n<meta property=\"og:image\" content=\"https:\/\/outdoor-gym.com\/es\/wp-content\/uploads\/produccion-de-gimnasios-al-aire-libre1.png\" \/>\n<meta name=\"twitter:card\" content=\"summary_large_image\" \/>\n<meta name=\"twitter:label1\" content=\"Szacowany czas czytania\" \/>\n\t<meta name=\"twitter:data1\" content=\"1 minuta\" \/>\n<script type=\"application\/ld+json\" class=\"yoast-schema-graph\">{\"@context\":\"https:\/\/schema.org\",\"@graph\":[{\"@type\":\"WebPage\",\"@id\":\"https:\/\/outdoor-gym.com\/es\/servicios\/produccion\/\",\"url\":\"https:\/\/outdoor-gym.com\/es\/servicios\/produccion\/\",\"name\":\"Producci\u00f3n - Trainer\",\"isPartOf\":{\"@id\":\"https:\/\/outdoor-gym.com\/es\/#website\"},\"datePublished\":\"2021-01-18T12:13:55+00:00\",\"dateModified\":\"2023-03-31T08:39:57+00:00\",\"description\":\"Somos uno de los principales fabricantes equipamiento para exterior en Polonia y Europa. Nuestra empresa cuenta con m\u00e1s de 30 a\u00f1os de experiencia. Desde hace 10 a\u00f1os producimos gimnasios al aire libre y equipamientos de Street Workout. Producimos en una f\u00e1brica polaca, de acero de la m\u00e1s alta calidad.\",\"breadcrumb\":{\"@id\":\"https:\/\/outdoor-gym.com\/es\/servicios\/produccion\/#breadcrumb\"},\"inLanguage\":\"pl-PL\",\"potentialAction\":[{\"@type\":\"ReadAction\",\"target\":[\"https:\/\/outdoor-gym.com\/es\/servicios\/produccion\/\"]}]},{\"@type\":\"BreadcrumbList\",\"@id\":\"https:\/\/outdoor-gym.com\/es\/servicios\/produccion\/#breadcrumb\",\"itemListElement\":[{\"@type\":\"ListItem\",\"position\":1,\"name\":\"es\",\"item\":\"https:\/\/outdoor-gym.com\/es\/\"},{\"@type\":\"ListItem\",\"position\":2,\"name\":\"Servicios\",\"item\":\"https:\/\/outdoor-gym.com\/es\/servicios\/\"},{\"@type\":\"ListItem\",\"position\":3,\"name\":\"Producci\u00f3n\"}]},{\"@type\":\"WebSite\",\"@id\":\"https:\/\/outdoor-gym.com\/es\/#website\",\"url\":\"https:\/\/outdoor-gym.com\/es\/\",\"name\":\"Trainer\",\"description\":\"Trainer\",\"potentialAction\":[{\"@type\":\"SearchAction\",\"target\":{\"@type\":\"EntryPoint\",\"urlTemplate\":\"https:\/\/outdoor-gym.com\/es\/?s={search_term_string}\"},\"query-input\":\"required name=search_term_string\"}],\"inLanguage\":\"pl-PL\"}]}<\/script>\n<!-- \/ Yoast SEO plugin. -->","yoast_head_json":{"title":"Producci\u00f3n - Trainer","description":"Somos uno de los principales fabricantes equipamiento para exterior en Polonia y Europa. Nuestra empresa cuenta con m\u00e1s de 30 a\u00f1os de experiencia. Desde hace 10 a\u00f1os producimos gimnasios al aire libre y equipamientos de Street Workout. Producimos en una f\u00e1brica polaca, de acero de la m\u00e1s alta calidad.","robots":{"index":"index","follow":"follow","max-snippet":"max-snippet:-1","max-image-preview":"max-image-preview:large","max-video-preview":"max-video-preview:-1"},"canonical":"https:\/\/outdoor-gym.com\/es\/servicios\/produccion\/","og_locale":"en_GB","og_type":"article","og_title":"Producci\u00f3n - Trainer","og_description":"Somos uno de los principales fabricantes equipamiento para exterior en Polonia y Europa. Nuestra empresa cuenta con m\u00e1s de 30 a\u00f1os de experiencia. Desde hace 10 a\u00f1os producimos gimnasios al aire libre y equipamientos de Street Workout. Producimos en una f\u00e1brica polaca, de acero de la m\u00e1s alta calidad.","og_url":"https:\/\/outdoor-gym.com\/es\/servicios\/produccion\/","og_site_name":"Trainer","article_modified_time":"2023-03-31T08:39:57+00:00","og_image":[{"url":"https:\/\/outdoor-gym.com\/es\/wp-content\/uploads\/produccion-de-gimnasios-al-aire-libre1.png"}],"twitter_card":"summary_large_image","twitter_misc":{"Szacowany czas czytania":"1 minuta"},"schema":{"@context":"https:\/\/schema.org","@graph":[{"@type":"WebPage","@id":"https:\/\/outdoor-gym.com\/es\/servicios\/produccion\/","url":"https:\/\/outdoor-gym.com\/es\/servicios\/produccion\/","name":"Producci\u00f3n - Trainer","isPartOf":{"@id":"https:\/\/outdoor-gym.com\/es\/#website"},"datePublished":"2021-01-18T12:13:55+00:00","dateModified":"2023-03-31T08:39:57+00:00","description":"Somos uno de los principales fabricantes equipamiento para exterior en Polonia y Europa. Nuestra empresa cuenta con m\u00e1s de 30 a\u00f1os de experiencia. Desde hace 10 a\u00f1os producimos gimnasios al aire libre y equipamientos de Street Workout. Producimos en una f\u00e1brica polaca, de acero de la m\u00e1s alta calidad.","breadcrumb":{"@id":"https:\/\/outdoor-gym.com\/es\/servicios\/produccion\/#breadcrumb"},"inLanguage":"pl-PL","potentialAction":[{"@type":"ReadAction","target":["https:\/\/outdoor-gym.com\/es\/servicios\/produccion\/"]}]},{"@type":"BreadcrumbList","@id":"https:\/\/outdoor-gym.com\/es\/servicios\/produccion\/#breadcrumb","itemListElement":[{"@type":"ListItem","position":1,"name":"es","item":"https:\/\/outdoor-gym.com\/es\/"},{"@type":"ListItem","position":2,"name":"Servicios","item":"https:\/\/outdoor-gym.com\/es\/servicios\/"},{"@type":"ListItem","position":3,"name":"Producci\u00f3n"}]},{"@type":"WebSite","@id":"https:\/\/outdoor-gym.com\/es\/#website","url":"https:\/\/outdoor-gym.com\/es\/","name":"Trainer","description":"Trainer","potentialAction":[{"@type":"SearchAction","target":{"@type":"EntryPoint","urlTemplate":"https:\/\/outdoor-gym.com\/es\/?s={search_term_string}"},"query-input":"required name=search_term_string"}],"inLanguage":"pl-PL"}]}},"_links":{"self":[{"href":"https:\/\/outdoor-gym.com\/es\/wp-json\/wp\/v2\/pages\/1224"}],"collection":[{"href":"https:\/\/outdoor-gym.com\/es\/wp-json\/wp\/v2\/pages"}],"about":[{"href":"https:\/\/outdoor-gym.com\/es\/wp-json\/wp\/v2\/types\/page"}],"author":[{"embeddable":true,"href":"https:\/\/outdoor-gym.com\/es\/wp-json\/wp\/v2\/users\/1"}],"replies":[{"embeddable":true,"href":"https:\/\/outdoor-gym.com\/es\/wp-json\/wp\/v2\/comments?post=1224"}],"version-history":[{"count":14,"href":"https:\/\/outdoor-gym.com\/es\/wp-json\/wp\/v2\/pages\/1224\/revisions"}],"predecessor-version":[{"id":4553,"href":"https:\/\/outdoor-gym.com\/es\/wp-json\/wp\/v2\/pages\/1224\/revisions\/4553"}],"up":[{"embeddable":true,"href":"https:\/\/outdoor-gym.com\/es\/wp-json\/wp\/v2\/pages\/932"}],"wp:attachment":[{"href":"https:\/\/outdoor-gym.com\/es\/wp-json\/wp\/v2\/media?parent=1224"}],"curies":[{"name":"wp","href":"https:\/\/api.w.org\/{rel}","templated":true}]}}