{"id":1236,"date":"2021-01-18T13:18:27","date_gmt":"2021-01-18T12:18:27","guid":{"rendered":"https:\/\/outdoor-gym.com\/es\/?page_id=1236"},"modified":"2023-04-25T10:24:24","modified_gmt":"2023-04-25T08:24:24","slug":"tres-estaciones-de-gimnasio-al-aire-libre-precio","status":"publish","type":"page","link":"https:\/\/outdoor-gym.com\/es\/productos\/tres-estaciones-de-gimnasio-al-aire-libre-precio\/","title":{"rendered":"Tres estaciones de gimnasio al aire libre"},"content":{"rendered":"<div class=\"page\" title=\"Page 1\">\n<div class=\"section\">\n<div class=\"layoutArea\">\n<div class=\"column\">\n<p><span class=\"jCAhz ChMk0b\"><span class=\"ryNqvb\">Una torre, tres equipos diferentes para entrenamiento al aire libre.<\/span><\/span> <span class=\"jCAhz ChMk0b\"><span class=\"ryNqvb\">Un conjunto de exteriores ejemplar puede consistir en una silla para empujar, una silla para tirar y un banco.<\/span><\/span> <span class=\"jCAhz ChMk0b\"><span class=\"ryNqvb\">Como fabricante de equipos de fitness para exteriores, ofrecemos la posibilidad de pintar los dispositivos en cualquier color RAL.<\/span><\/span> <span class=\"jCAhz ChMk0b\"><span class=\"ryNqvb\">Soluciones multiestaci\u00f3n para un aprovechamiento m\u00e1s \u00f3ptimo del espacio cuidando el confort de las personas que hacen ejercicio.<\/span><\/span><\/p>\n<p>&nbsp;<\/p>\n<\/div>\n<\/div>\n<\/div>\n<\/div>\n","protected":false},"excerpt":{"rendered":"<p>Una torre, tres equipos diferentes para entrenamiento al aire libre. Un conjunto de exteriores ejemplar puede consistir en una silla para empujar, una silla para tirar y un banco. Como fabricante de equipos de fitness para exteriores, ofrecemos la posibilidad de pintar los dispositivos en cualquier color RAL. Soluciones multiestaci\u00f3n para un aprovechamiento m\u00e1s \u00f3ptimo [&hellip;]<\/p>\n","protected":false},"author":1,"featured_media":0,"parent":928,"menu_order":0,"comment_status":"closed","ping_status":"closed","template":"template-seria.php","meta":[],"acf":[],"yoast_head":"<!-- This site is optimized with the Yoast SEO plugin v21.1 - https:\/\/yoast.com\/wordpress\/plugins\/seo\/ -->\n<title>TRAINER Outdoor FitnessTres estaciones de gimnasio al aire libre<\/title>\n<meta name=\"robots\" content=\"index, follow, max-snippet:-1, max-image-preview:large, max-video-preview:-1\" \/>\n<link rel=\"canonical\" href=\"https:\/\/outdoor-gym.com\/es\/productos\/tres-estaciones-de-gimnasio-al-aire-libre-precio\/\" \/>\n<meta property=\"og:locale\" content=\"en_GB\" \/>\n<meta property=\"og:type\" content=\"article\" \/>\n<meta property=\"og:title\" content=\"TRAINER Outdoor FitnessTres estaciones de gimnasio al aire libre\" \/>\n<meta property=\"og:description\" content=\"Una torre, tres equipos diferentes para entrenamiento al aire libre. Un conjunto de exteriores ejemplar puede consistir en una silla para empujar, una silla para tirar y un banco. Como fabricante de equipos de fitness para exteriores, ofrecemos la posibilidad de pintar los dispositivos en cualquier color RAL. Soluciones multiestaci\u00f3n para un aprovechamiento m\u00e1s \u00f3ptimo [&hellip;]\" \/>\n<meta property=\"og:url\" content=\"https:\/\/outdoor-gym.com\/es\/productos\/tres-estaciones-de-gimnasio-al-aire-libre-precio\/\" \/>\n<meta property=\"og:site_name\" content=\"Trainer\" \/>\n<meta property=\"article:modified_time\" content=\"2023-04-25T08:24:24+00:00\" \/>\n<meta name=\"twitter:card\" content=\"summary_large_image\" \/>\n<meta name=\"twitter:label1\" content=\"Szacowany czas czytania\" \/>\n\t<meta name=\"twitter:data1\" content=\"1 minuta\" \/>\n<script type=\"application\/ld+json\" class=\"yoast-schema-graph\">{\"@context\":\"https:\/\/schema.org\",\"@graph\":[{\"@type\":\"WebPage\",\"@id\":\"https:\/\/outdoor-gym.com\/es\/productos\/tres-estaciones-de-gimnasio-al-aire-libre-precio\/\",\"url\":\"https:\/\/outdoor-gym.com\/es\/productos\/tres-estaciones-de-gimnasio-al-aire-libre-precio\/\",\"name\":\"TRAINER Outdoor FitnessTres estaciones de gimnasio al aire libre\",\"isPartOf\":{\"@id\":\"https:\/\/outdoor-gym.com\/es\/#website\"},\"datePublished\":\"2021-01-18T12:18:27+00:00\",\"dateModified\":\"2023-04-25T08:24:24+00:00\",\"breadcrumb\":{\"@id\":\"https:\/\/outdoor-gym.com\/es\/productos\/tres-estaciones-de-gimnasio-al-aire-libre-precio\/#breadcrumb\"},\"inLanguage\":\"pl-PL\",\"potentialAction\":[{\"@type\":\"ReadAction\",\"target\":[\"https:\/\/outdoor-gym.com\/es\/productos\/tres-estaciones-de-gimnasio-al-aire-libre-precio\/\"]}]},{\"@type\":\"BreadcrumbList\",\"@id\":\"https:\/\/outdoor-gym.com\/es\/productos\/tres-estaciones-de-gimnasio-al-aire-libre-precio\/#breadcrumb\",\"itemListElement\":[{\"@type\":\"ListItem\",\"position\":1,\"name\":\"es\",\"item\":\"https:\/\/outdoor-gym.com\/es\/\"},{\"@type\":\"ListItem\",\"position\":2,\"name\":\"Productos\",\"item\":\"https:\/\/outdoor-gym.com\/es\/productos\/\"},{\"@type\":\"ListItem\",\"position\":3,\"name\":\"Tres estaciones de gimnasio al aire libre\"}]},{\"@type\":\"WebSite\",\"@id\":\"https:\/\/outdoor-gym.com\/es\/#website\",\"url\":\"https:\/\/outdoor-gym.com\/es\/\",\"name\":\"Trainer\",\"description\":\"Trainer\",\"potentialAction\":[{\"@type\":\"SearchAction\",\"target\":{\"@type\":\"EntryPoint\",\"urlTemplate\":\"https:\/\/outdoor-gym.com\/es\/?s={search_term_string}\"},\"query-input\":\"required name=search_term_string\"}],\"inLanguage\":\"pl-PL\"}]}<\/script>\n<!-- \/ Yoast SEO plugin. -->","yoast_head_json":{"title":"TRAINER Outdoor FitnessTres estaciones de gimnasio al aire libre","robots":{"index":"index","follow":"follow","max-snippet":"max-snippet:-1","max-image-preview":"max-image-preview:large","max-video-preview":"max-video-preview:-1"},"canonical":"https:\/\/outdoor-gym.com\/es\/productos\/tres-estaciones-de-gimnasio-al-aire-libre-precio\/","og_locale":"en_GB","og_type":"article","og_title":"TRAINER Outdoor FitnessTres estaciones de gimnasio al aire libre","og_description":"Una torre, tres equipos diferentes para entrenamiento al aire libre. Un conjunto de exteriores ejemplar puede consistir en una silla para empujar, una silla para tirar y un banco. Como fabricante de equipos de fitness para exteriores, ofrecemos la posibilidad de pintar los dispositivos en cualquier color RAL. Soluciones multiestaci\u00f3n para un aprovechamiento m\u00e1s \u00f3ptimo [&hellip;]","og_url":"https:\/\/outdoor-gym.com\/es\/productos\/tres-estaciones-de-gimnasio-al-aire-libre-precio\/","og_site_name":"Trainer","article_modified_time":"2023-04-25T08:24:24+00:00","twitter_card":"summary_large_image","twitter_misc":{"Szacowany czas czytania":"1 minuta"},"schema":{"@context":"https:\/\/schema.org","@graph":[{"@type":"WebPage","@id":"https:\/\/outdoor-gym.com\/es\/productos\/tres-estaciones-de-gimnasio-al-aire-libre-precio\/","url":"https:\/\/outdoor-gym.com\/es\/productos\/tres-estaciones-de-gimnasio-al-aire-libre-precio\/","name":"TRAINER Outdoor FitnessTres estaciones de gimnasio al aire libre","isPartOf":{"@id":"https:\/\/outdoor-gym.com\/es\/#website"},"datePublished":"2021-01-18T12:18:27+00:00","dateModified":"2023-04-25T08:24:24+00:00","breadcrumb":{"@id":"https:\/\/outdoor-gym.com\/es\/productos\/tres-estaciones-de-gimnasio-al-aire-libre-precio\/#breadcrumb"},"inLanguage":"pl-PL","potentialAction":[{"@type":"ReadAction","target":["https:\/\/outdoor-gym.com\/es\/productos\/tres-estaciones-de-gimnasio-al-aire-libre-precio\/"]}]},{"@type":"BreadcrumbList","@id":"https:\/\/outdoor-gym.com\/es\/productos\/tres-estaciones-de-gimnasio-al-aire-libre-precio\/#breadcrumb","itemListElement":[{"@type":"ListItem","position":1,"name":"es","item":"https:\/\/outdoor-gym.com\/es\/"},{"@type":"ListItem","position":2,"name":"Productos","item":"https:\/\/outdoor-gym.com\/es\/productos\/"},{"@type":"ListItem","position":3,"name":"Tres estaciones de gimnasio al aire libre"}]},{"@type":"WebSite","@id":"https:\/\/outdoor-gym.com\/es\/#website","url":"https:\/\/outdoor-gym.com\/es\/","name":"Trainer","description":"Trainer","potentialAction":[{"@type":"SearchAction","target":{"@type":"EntryPoint","urlTemplate":"https:\/\/outdoor-gym.com\/es\/?s={search_term_string}"},"query-input":"required name=search_term_string"}],"inLanguage":"pl-PL"}]}},"_links":{"self":[{"href":"https:\/\/outdoor-gym.com\/es\/wp-json\/wp\/v2\/pages\/1236"}],"collection":[{"href":"https:\/\/outdoor-gym.com\/es\/wp-json\/wp\/v2\/pages"}],"about":[{"href":"https:\/\/outdoor-gym.com\/es\/wp-json\/wp\/v2\/types\/page"}],"author":[{"embeddable":true,"href":"https:\/\/outdoor-gym.com\/es\/wp-json\/wp\/v2\/users\/1"}],"replies":[{"embeddable":true,"href":"https:\/\/outdoor-gym.com\/es\/wp-json\/wp\/v2\/comments?post=1236"}],"version-history":[{"count":23,"href":"https:\/\/outdoor-gym.com\/es\/wp-json\/wp\/v2\/pages\/1236\/revisions"}],"predecessor-version":[{"id":4476,"href":"https:\/\/outdoor-gym.com\/es\/wp-json\/wp\/v2\/pages\/1236\/revisions\/4476"}],"up":[{"embeddable":true,"href":"https:\/\/outdoor-gym.com\/es\/wp-json\/wp\/v2\/pages\/928"}],"wp:attachment":[{"href":"https:\/\/outdoor-gym.com\/es\/wp-json\/wp\/v2\/media?parent=1236"}],"curies":[{"name":"wp","href":"https:\/\/api.w.org\/{rel}","templated":true}]}}