{"id":3425,"date":"2021-09-28T15:22:58","date_gmt":"2021-09-28T13:22:58","guid":{"rendered":"https:\/\/outdoor-gym.com\/es\/?page_id=3425"},"modified":"2023-12-20T12:27:35","modified_gmt":"2023-12-20T11:27:35","slug":"garantia","status":"publish","type":"page","link":"https:\/\/outdoor-gym.com\/es\/servicios\/garantia\/","title":{"rendered":"Garant\u00eda"},"content":{"rendered":"<p><img decoding=\"async\" loading=\"lazy\" class=\"alignnone size-full wp-image-3801\" src=\"https:\/\/outdoor-gym.com\/es\/wp-content\/uploads\/Garant\u00eda.jpg\" alt=\"outdoor gym equipment -Warranty\" width=\"1000\" height=\"666\" srcset=\"https:\/\/outdoor-gym.com\/es\/wp-content\/uploads\/Garant\u00eda.jpg 1000w, https:\/\/outdoor-gym.com\/es\/wp-content\/uploads\/Garant\u00eda-600x400.jpg 600w, https:\/\/outdoor-gym.com\/es\/wp-content\/uploads\/Garant\u00eda-768x511.jpg 768w\" sizes=\"(max-width: 1000px) 100vw, 1000px\" \/><\/p>\n<p>Cuidamos la seguridad y calidad de los productos. Nuestras m\u00e1quinas est\u00e1n probadas por <strong>T\u00dcV Rheinland<\/strong> y cumplen con los est\u00e1ndares de seguridad de <strong>EN 16630:2015-06<\/strong>. Nuestras m\u00e1quinas se fabrican en Polonia <strong>de acuerdo con los requisitos aplicables de los est\u00e1ndares de seguridad y calidad<\/strong>. Tenemos m\u00e1s <strong>de diez a\u00f1os de experiencia en la producci\u00f3n<\/strong> de gimnasios al aire libre. Concedemos garant\u00edas a todos nuestros productos.<\/p>\n<p><strong>20 A\u00d1OS de garant\u00eda para la estructura<\/strong><\/p>\n<p><strong>5 A\u00d1OS de garant\u00eda para la pintura<\/strong><\/p>\n<p><strong>2 a\u00f1os de garant\u00eda para piezas m\u00f3viles<\/strong><\/p>\n<p>Estamos seguros de nuestros gimnasios. Miles de clientes han confiado en nosotros.<\/p>\n<p>TRAINER: prueba del cumplimiento de los est\u00e1ndares de seguridad y durabilidad del equipamiento de ejercicio al aire libre.<\/p>\n<h4><a class=\"in-button in-download-button\" href=\"https:\/\/outdoor-gym.com\/es\/wp-content\/uploads\/TRAINER-GARANTIA-ES.pdf\" target=\"_blank\" rel=\"noopener\">DESCARGAR GARANTIA<\/a><\/h4>\n","protected":false},"excerpt":{"rendered":"<p>Cuidamos la seguridad y calidad de los productos. Nuestras m\u00e1quinas est\u00e1n probadas por T\u00dcV Rheinland y cumplen con los est\u00e1ndares de seguridad de EN 16630:2015-06. Nuestras m\u00e1quinas se fabrican en Polonia de acuerdo con los requisitos aplicables de los est\u00e1ndares de seguridad y calidad. Tenemos m\u00e1s de diez a\u00f1os de experiencia en la producci\u00f3n de [&hellip;]<\/p>\n","protected":false},"author":1,"featured_media":0,"parent":932,"menu_order":0,"comment_status":"closed","ping_status":"closed","template":"template-usluga.php","meta":[],"acf":[],"yoast_head":"<!-- This site is optimized with the Yoast SEO plugin v21.1 - https:\/\/yoast.com\/wordpress\/plugins\/seo\/ -->\n<title>Garant\u00eda - Trainer Gimnasios al aire libre<\/title>\n<meta name=\"robots\" content=\"index, follow, max-snippet:-1, max-image-preview:large, max-video-preview:-1\" \/>\n<link rel=\"canonical\" href=\"https:\/\/outdoor-gym.com\/es\/servicios\/garantia\/\" \/>\n<meta property=\"og:locale\" content=\"en_GB\" \/>\n<meta property=\"og:type\" content=\"article\" \/>\n<meta property=\"og:title\" content=\"Garant\u00eda - Trainer Gimnasios al aire libre\" \/>\n<meta property=\"og:description\" content=\"Cuidamos la seguridad y calidad de los productos. Nuestras m\u00e1quinas est\u00e1n probadas por T\u00dcV Rheinland y cumplen con los est\u00e1ndares de seguridad de EN 16630:2015-06. Nuestras m\u00e1quinas se fabrican en Polonia de acuerdo con los requisitos aplicables de los est\u00e1ndares de seguridad y calidad. Tenemos m\u00e1s de diez a\u00f1os de experiencia en la producci\u00f3n de [&hellip;]\" \/>\n<meta property=\"og:url\" content=\"https:\/\/outdoor-gym.com\/es\/servicios\/garantia\/\" \/>\n<meta property=\"og:site_name\" content=\"Trainer\" \/>\n<meta property=\"article:modified_time\" content=\"2023-12-20T11:27:35+00:00\" \/>\n<meta name=\"twitter:card\" content=\"summary_large_image\" \/>\n<meta name=\"twitter:label1\" content=\"Szacowany czas czytania\" \/>\n\t<meta name=\"twitter:data1\" content=\"1 minuta\" \/>\n<script type=\"application\/ld+json\" class=\"yoast-schema-graph\">{\"@context\":\"https:\/\/schema.org\",\"@graph\":[{\"@type\":\"WebPage\",\"@id\":\"https:\/\/outdoor-gym.com\/es\/servicios\/garantia\/\",\"url\":\"https:\/\/outdoor-gym.com\/es\/servicios\/garantia\/\",\"name\":\"Garant\u00eda - Trainer Gimnasios al aire libre\",\"isPartOf\":{\"@id\":\"https:\/\/outdoor-gym.com\/es\/#website\"},\"datePublished\":\"2021-09-28T13:22:58+00:00\",\"dateModified\":\"2023-12-20T11:27:35+00:00\",\"breadcrumb\":{\"@id\":\"https:\/\/outdoor-gym.com\/es\/servicios\/garantia\/#breadcrumb\"},\"inLanguage\":\"pl-PL\",\"potentialAction\":[{\"@type\":\"ReadAction\",\"target\":[\"https:\/\/outdoor-gym.com\/es\/servicios\/garantia\/\"]}]},{\"@type\":\"BreadcrumbList\",\"@id\":\"https:\/\/outdoor-gym.com\/es\/servicios\/garantia\/#breadcrumb\",\"itemListElement\":[{\"@type\":\"ListItem\",\"position\":1,\"name\":\"es\",\"item\":\"https:\/\/outdoor-gym.com\/es\/\"},{\"@type\":\"ListItem\",\"position\":2,\"name\":\"Servicios\",\"item\":\"https:\/\/outdoor-gym.com\/es\/servicios\/\"},{\"@type\":\"ListItem\",\"position\":3,\"name\":\"Garant\u00eda\"}]},{\"@type\":\"WebSite\",\"@id\":\"https:\/\/outdoor-gym.com\/es\/#website\",\"url\":\"https:\/\/outdoor-gym.com\/es\/\",\"name\":\"Trainer\",\"description\":\"Trainer\",\"potentialAction\":[{\"@type\":\"SearchAction\",\"target\":{\"@type\":\"EntryPoint\",\"urlTemplate\":\"https:\/\/outdoor-gym.com\/es\/?s={search_term_string}\"},\"query-input\":\"required name=search_term_string\"}],\"inLanguage\":\"pl-PL\"}]}<\/script>\n<!-- \/ Yoast SEO plugin. -->","yoast_head_json":{"title":"Garant\u00eda - Trainer Gimnasios al aire libre","robots":{"index":"index","follow":"follow","max-snippet":"max-snippet:-1","max-image-preview":"max-image-preview:large","max-video-preview":"max-video-preview:-1"},"canonical":"https:\/\/outdoor-gym.com\/es\/servicios\/garantia\/","og_locale":"en_GB","og_type":"article","og_title":"Garant\u00eda - Trainer Gimnasios al aire libre","og_description":"Cuidamos la seguridad y calidad de los productos. Nuestras m\u00e1quinas est\u00e1n probadas por T\u00dcV Rheinland y cumplen con los est\u00e1ndares de seguridad de EN 16630:2015-06. Nuestras m\u00e1quinas se fabrican en Polonia de acuerdo con los requisitos aplicables de los est\u00e1ndares de seguridad y calidad. Tenemos m\u00e1s de diez a\u00f1os de experiencia en la producci\u00f3n de [&hellip;]","og_url":"https:\/\/outdoor-gym.com\/es\/servicios\/garantia\/","og_site_name":"Trainer","article_modified_time":"2023-12-20T11:27:35+00:00","twitter_card":"summary_large_image","twitter_misc":{"Szacowany czas czytania":"1 minuta"},"schema":{"@context":"https:\/\/schema.org","@graph":[{"@type":"WebPage","@id":"https:\/\/outdoor-gym.com\/es\/servicios\/garantia\/","url":"https:\/\/outdoor-gym.com\/es\/servicios\/garantia\/","name":"Garant\u00eda - Trainer Gimnasios al aire libre","isPartOf":{"@id":"https:\/\/outdoor-gym.com\/es\/#website"},"datePublished":"2021-09-28T13:22:58+00:00","dateModified":"2023-12-20T11:27:35+00:00","breadcrumb":{"@id":"https:\/\/outdoor-gym.com\/es\/servicios\/garantia\/#breadcrumb"},"inLanguage":"pl-PL","potentialAction":[{"@type":"ReadAction","target":["https:\/\/outdoor-gym.com\/es\/servicios\/garantia\/"]}]},{"@type":"BreadcrumbList","@id":"https:\/\/outdoor-gym.com\/es\/servicios\/garantia\/#breadcrumb","itemListElement":[{"@type":"ListItem","position":1,"name":"es","item":"https:\/\/outdoor-gym.com\/es\/"},{"@type":"ListItem","position":2,"name":"Servicios","item":"https:\/\/outdoor-gym.com\/es\/servicios\/"},{"@type":"ListItem","position":3,"name":"Garant\u00eda"}]},{"@type":"WebSite","@id":"https:\/\/outdoor-gym.com\/es\/#website","url":"https:\/\/outdoor-gym.com\/es\/","name":"Trainer","description":"Trainer","potentialAction":[{"@type":"SearchAction","target":{"@type":"EntryPoint","urlTemplate":"https:\/\/outdoor-gym.com\/es\/?s={search_term_string}"},"query-input":"required name=search_term_string"}],"inLanguage":"pl-PL"}]}},"_links":{"self":[{"href":"https:\/\/outdoor-gym.com\/es\/wp-json\/wp\/v2\/pages\/3425"}],"collection":[{"href":"https:\/\/outdoor-gym.com\/es\/wp-json\/wp\/v2\/pages"}],"about":[{"href":"https:\/\/outdoor-gym.com\/es\/wp-json\/wp\/v2\/types\/page"}],"author":[{"embeddable":true,"href":"https:\/\/outdoor-gym.com\/es\/wp-json\/wp\/v2\/users\/1"}],"replies":[{"embeddable":true,"href":"https:\/\/outdoor-gym.com\/es\/wp-json\/wp\/v2\/comments?post=3425"}],"version-history":[{"count":24,"href":"https:\/\/outdoor-gym.com\/es\/wp-json\/wp\/v2\/pages\/3425\/revisions"}],"predecessor-version":[{"id":5250,"href":"https:\/\/outdoor-gym.com\/es\/wp-json\/wp\/v2\/pages\/3425\/revisions\/5250"}],"up":[{"embeddable":true,"href":"https:\/\/outdoor-gym.com\/es\/wp-json\/wp\/v2\/pages\/932"}],"wp:attachment":[{"href":"https:\/\/outdoor-gym.com\/es\/wp-json\/wp\/v2\/media?parent=3425"}],"curies":[{"name":"wp","href":"https:\/\/api.w.org\/{rel}","templated":true}]}}