{"id":3427,"date":"2021-09-28T15:21:51","date_gmt":"2021-09-28T13:21:51","guid":{"rendered":"https:\/\/outdoor-gym.com\/es\/?page_id=3427"},"modified":"2023-03-24T10:17:20","modified_gmt":"2023-03-24T09:17:20","slug":"diseno-de-gimnasio","status":"publish","type":"page","link":"https:\/\/outdoor-gym.com\/es\/servicios\/diseno-de-gimnasio\/","title":{"rendered":"Dise\u00f1o de gimnasio"},"content":{"rendered":"<p><img decoding=\"async\" loading=\"lazy\" class=\"alignnone size-full wp-image-3696\" src=\"https:\/\/outdoor-gym.com\/es\/wp-content\/uploads\/dise\u00f1o-de-gimnasios-al-aire-libre.png\" alt=\"outdoor gyms design - TRAINER\" width=\"1400\" height=\"787\" srcset=\"https:\/\/outdoor-gym.com\/es\/wp-content\/uploads\/dise\u00f1o-de-gimnasios-al-aire-libre.png 1400w, https:\/\/outdoor-gym.com\/es\/wp-content\/uploads\/dise\u00f1o-de-gimnasios-al-aire-libre-600x337.png 600w, https:\/\/outdoor-gym.com\/es\/wp-content\/uploads\/dise\u00f1o-de-gimnasios-al-aire-libre-768x432.png 768w\" sizes=\"(max-width: 1400px) 100vw, 1400px\" \/><\/p>\n<p>Somos una de las pocas empresas que <strong>produce equipamiento en Europa<\/strong>. Muchas empresas, aunque se hacen llamar fabricantes, en realidad importan gimnasios al aire libre de otros pa\u00edses, principalmente de Asia. Si quiere saber con seguridad d\u00f3nde se producen los gimnasios al aire libre que va a comprar, siempre pregunte al vendedor d\u00f3nde exactamente -en qu\u00e9 pa\u00eds- se lleva a cabo el proceso de producci\u00f3n.<\/p>\n<p><strong>Dise\u00f1amos y fabricamos m\u00e1quinas de gimnasio al aire libre<\/strong>. Tambi\u00e9n ofrecemos asesoramiento profesional y servicios de instalaci\u00f3n. Nos aseguramos de que nuestros clientes est\u00e9n satisfechos en cada etapa de atenci\u00f3n. Nuestra oferta es muy amplia, producimos m\u00e1s de <strong>250 m\u00e1quinas diferentes<\/strong> que se pueden configurar libremente.\u00a0 Cada soluci\u00f3n se puede modificar y adaptar a sus necesidades, tambi\u00e9n puede dise\u00f1ar m\u00e1quinas desde el principio con nuestro <strong>equipo de dise\u00f1o especial.<\/strong><\/p>\n<p><img decoding=\"async\" loading=\"lazy\" class=\"alignnone size-full wp-image-3794\" src=\"https:\/\/outdoor-gym.com\/es\/wp-content\/uploads\/Consultante.jpg\" alt=\"Outdoor Fitness designing - TRAINER\" width=\"1623\" height=\"915\" srcset=\"https:\/\/outdoor-gym.com\/es\/wp-content\/uploads\/Consultante.jpg 1623w, https:\/\/outdoor-gym.com\/es\/wp-content\/uploads\/Consultante-600x338.jpg 600w, https:\/\/outdoor-gym.com\/es\/wp-content\/uploads\/Consultante-768x433.jpg 768w, https:\/\/outdoor-gym.com\/es\/wp-content\/uploads\/Consultante-1536x866.jpg 1536w\" sizes=\"(max-width: 1623px) 100vw, 1623px\" \/><\/p>\n<p><img decoding=\"async\" loading=\"lazy\" class=\"alignnone size-full wp-image-3695\" src=\"https:\/\/outdoor-gym.com\/es\/wp-content\/uploads\/dise\u00f1o-de-gimnasios-al-aire-libre-1.png\" alt=\"outdoor fitness design - TRAINER\" width=\"1400\" height=\"787\" srcset=\"https:\/\/outdoor-gym.com\/es\/wp-content\/uploads\/dise\u00f1o-de-gimnasios-al-aire-libre-1.png 1400w, https:\/\/outdoor-gym.com\/es\/wp-content\/uploads\/dise\u00f1o-de-gimnasios-al-aire-libre-1-600x337.png 600w, https:\/\/outdoor-gym.com\/es\/wp-content\/uploads\/dise\u00f1o-de-gimnasios-al-aire-libre-1-768x432.png 768w\" sizes=\"(max-width: 1400px) 100vw, 1400px\" \/><\/p>\n","protected":false},"excerpt":{"rendered":"<p>Somos una de las pocas empresas que produce equipamiento en Europa. Muchas empresas, aunque se hacen llamar fabricantes, en realidad importan gimnasios al aire libre de otros pa\u00edses, principalmente de Asia. Si quiere saber con seguridad d\u00f3nde se producen los gimnasios al aire libre que va a comprar, siempre pregunte al vendedor d\u00f3nde exactamente -en [&hellip;]<\/p>\n","protected":false},"author":1,"featured_media":0,"parent":932,"menu_order":0,"comment_status":"closed","ping_status":"closed","template":"template-usluga.php","meta":[],"acf":[],"yoast_head":"<!-- This site is optimized with the Yoast SEO plugin v21.1 - https:\/\/yoast.com\/wordpress\/plugins\/seo\/ -->\n<title>Dise\u00f1o de gimnasio - Trainer<\/title>\n<meta name=\"description\" content=\"Somos una de las pocas empresas que produce equipamiento en Europa. Muchas empresas, aunque se hacen llamar fabricantes, en realidad importan gimnasios al aire libre de otros pa\u00edses, principalmente de Asia. Si quiere saber con seguridad d\u00f3nde se producen los gimnasios al aire libre que va a comprar, siempre pregunte al vendedor d\u00f3nde exactamente -en qu\u00e9 pa\u00eds- se lleva a cabo el proceso de producci\u00f3n.\u00a0\u00a0\u00a0\u00a0\u00a0\" \/>\n<meta name=\"robots\" content=\"index, follow, max-snippet:-1, max-image-preview:large, max-video-preview:-1\" \/>\n<link rel=\"canonical\" href=\"https:\/\/outdoor-gym.com\/es\/servicios\/diseno-de-gimnasio\/\" \/>\n<meta property=\"og:locale\" content=\"en_GB\" \/>\n<meta property=\"og:type\" content=\"article\" \/>\n<meta property=\"og:title\" content=\"Dise\u00f1o de gimnasio - Trainer\" \/>\n<meta property=\"og:description\" content=\"Somos una de las pocas empresas que produce equipamiento en Europa. Muchas empresas, aunque se hacen llamar fabricantes, en realidad importan gimnasios al aire libre de otros pa\u00edses, principalmente de Asia. Si quiere saber con seguridad d\u00f3nde se producen los gimnasios al aire libre que va a comprar, siempre pregunte al vendedor d\u00f3nde exactamente -en qu\u00e9 pa\u00eds- se lleva a cabo el proceso de producci\u00f3n.\u00a0\u00a0\u00a0\u00a0\u00a0\" \/>\n<meta property=\"og:url\" content=\"https:\/\/outdoor-gym.com\/es\/servicios\/diseno-de-gimnasio\/\" \/>\n<meta property=\"og:site_name\" content=\"Trainer\" \/>\n<meta property=\"article:modified_time\" content=\"2023-03-24T09:17:20+00:00\" \/>\n<meta property=\"og:image\" content=\"https:\/\/outdoor-gym.com\/es\/wp-content\/uploads\/outdoor-gyms-design.png\" \/>\n<meta name=\"twitter:card\" content=\"summary_large_image\" \/>\n<meta name=\"twitter:label1\" content=\"Szacowany czas czytania\" \/>\n\t<meta name=\"twitter:data1\" content=\"2 minuty\" \/>\n<script type=\"application\/ld+json\" class=\"yoast-schema-graph\">{\"@context\":\"https:\/\/schema.org\",\"@graph\":[{\"@type\":\"WebPage\",\"@id\":\"https:\/\/outdoor-gym.com\/es\/servicios\/diseno-de-gimnasio\/\",\"url\":\"https:\/\/outdoor-gym.com\/es\/servicios\/diseno-de-gimnasio\/\",\"name\":\"Dise\u00f1o de gimnasio - Trainer\",\"isPartOf\":{\"@id\":\"https:\/\/outdoor-gym.com\/es\/#website\"},\"datePublished\":\"2021-09-28T13:21:51+00:00\",\"dateModified\":\"2023-03-24T09:17:20+00:00\",\"description\":\"Somos una de las pocas empresas que produce equipamiento en Europa. Muchas empresas, aunque se hacen llamar fabricantes, en realidad importan gimnasios al aire libre de otros pa\u00edses, principalmente de Asia. Si quiere saber con seguridad d\u00f3nde se producen los gimnasios al aire libre que va a comprar, siempre pregunte al vendedor d\u00f3nde exactamente -en qu\u00e9 pa\u00eds- se lleva a cabo el proceso de producci\u00f3n.\u00a0\u00a0\u00a0\u00a0\u00a0\",\"breadcrumb\":{\"@id\":\"https:\/\/outdoor-gym.com\/es\/servicios\/diseno-de-gimnasio\/#breadcrumb\"},\"inLanguage\":\"pl-PL\",\"potentialAction\":[{\"@type\":\"ReadAction\",\"target\":[\"https:\/\/outdoor-gym.com\/es\/servicios\/diseno-de-gimnasio\/\"]}]},{\"@type\":\"BreadcrumbList\",\"@id\":\"https:\/\/outdoor-gym.com\/es\/servicios\/diseno-de-gimnasio\/#breadcrumb\",\"itemListElement\":[{\"@type\":\"ListItem\",\"position\":1,\"name\":\"es\",\"item\":\"https:\/\/outdoor-gym.com\/es\/\"},{\"@type\":\"ListItem\",\"position\":2,\"name\":\"Servicios\",\"item\":\"https:\/\/outdoor-gym.com\/es\/servicios\/\"},{\"@type\":\"ListItem\",\"position\":3,\"name\":\"Dise\u00f1o de gimnasio\"}]},{\"@type\":\"WebSite\",\"@id\":\"https:\/\/outdoor-gym.com\/es\/#website\",\"url\":\"https:\/\/outdoor-gym.com\/es\/\",\"name\":\"Trainer\",\"description\":\"Trainer\",\"potentialAction\":[{\"@type\":\"SearchAction\",\"target\":{\"@type\":\"EntryPoint\",\"urlTemplate\":\"https:\/\/outdoor-gym.com\/es\/?s={search_term_string}\"},\"query-input\":\"required name=search_term_string\"}],\"inLanguage\":\"pl-PL\"}]}<\/script>\n<!-- \/ Yoast SEO plugin. -->","yoast_head_json":{"title":"Dise\u00f1o de gimnasio - Trainer","description":"Somos una de las pocas empresas que produce equipamiento en Europa. Muchas empresas, aunque se hacen llamar fabricantes, en realidad importan gimnasios al aire libre de otros pa\u00edses, principalmente de Asia. Si quiere saber con seguridad d\u00f3nde se producen los gimnasios al aire libre que va a comprar, siempre pregunte al vendedor d\u00f3nde exactamente -en qu\u00e9 pa\u00eds- se lleva a cabo el proceso de producci\u00f3n.\u00a0\u00a0\u00a0\u00a0\u00a0","robots":{"index":"index","follow":"follow","max-snippet":"max-snippet:-1","max-image-preview":"max-image-preview:large","max-video-preview":"max-video-preview:-1"},"canonical":"https:\/\/outdoor-gym.com\/es\/servicios\/diseno-de-gimnasio\/","og_locale":"en_GB","og_type":"article","og_title":"Dise\u00f1o de gimnasio - Trainer","og_description":"Somos una de las pocas empresas que produce equipamiento en Europa. Muchas empresas, aunque se hacen llamar fabricantes, en realidad importan gimnasios al aire libre de otros pa\u00edses, principalmente de Asia. Si quiere saber con seguridad d\u00f3nde se producen los gimnasios al aire libre que va a comprar, siempre pregunte al vendedor d\u00f3nde exactamente -en qu\u00e9 pa\u00eds- se lleva a cabo el proceso de producci\u00f3n.\u00a0\u00a0\u00a0\u00a0\u00a0","og_url":"https:\/\/outdoor-gym.com\/es\/servicios\/diseno-de-gimnasio\/","og_site_name":"Trainer","article_modified_time":"2023-03-24T09:17:20+00:00","og_image":[{"url":"https:\/\/outdoor-gym.com\/es\/wp-content\/uploads\/outdoor-gyms-design.png"}],"twitter_card":"summary_large_image","twitter_misc":{"Szacowany czas czytania":"2 minuty"},"schema":{"@context":"https:\/\/schema.org","@graph":[{"@type":"WebPage","@id":"https:\/\/outdoor-gym.com\/es\/servicios\/diseno-de-gimnasio\/","url":"https:\/\/outdoor-gym.com\/es\/servicios\/diseno-de-gimnasio\/","name":"Dise\u00f1o de gimnasio - Trainer","isPartOf":{"@id":"https:\/\/outdoor-gym.com\/es\/#website"},"datePublished":"2021-09-28T13:21:51+00:00","dateModified":"2023-03-24T09:17:20+00:00","description":"Somos una de las pocas empresas que produce equipamiento en Europa. Muchas empresas, aunque se hacen llamar fabricantes, en realidad importan gimnasios al aire libre de otros pa\u00edses, principalmente de Asia. Si quiere saber con seguridad d\u00f3nde se producen los gimnasios al aire libre que va a comprar, siempre pregunte al vendedor d\u00f3nde exactamente -en qu\u00e9 pa\u00eds- se lleva a cabo el proceso de producci\u00f3n.\u00a0\u00a0\u00a0\u00a0\u00a0","breadcrumb":{"@id":"https:\/\/outdoor-gym.com\/es\/servicios\/diseno-de-gimnasio\/#breadcrumb"},"inLanguage":"pl-PL","potentialAction":[{"@type":"ReadAction","target":["https:\/\/outdoor-gym.com\/es\/servicios\/diseno-de-gimnasio\/"]}]},{"@type":"BreadcrumbList","@id":"https:\/\/outdoor-gym.com\/es\/servicios\/diseno-de-gimnasio\/#breadcrumb","itemListElement":[{"@type":"ListItem","position":1,"name":"es","item":"https:\/\/outdoor-gym.com\/es\/"},{"@type":"ListItem","position":2,"name":"Servicios","item":"https:\/\/outdoor-gym.com\/es\/servicios\/"},{"@type":"ListItem","position":3,"name":"Dise\u00f1o de gimnasio"}]},{"@type":"WebSite","@id":"https:\/\/outdoor-gym.com\/es\/#website","url":"https:\/\/outdoor-gym.com\/es\/","name":"Trainer","description":"Trainer","potentialAction":[{"@type":"SearchAction","target":{"@type":"EntryPoint","urlTemplate":"https:\/\/outdoor-gym.com\/es\/?s={search_term_string}"},"query-input":"required name=search_term_string"}],"inLanguage":"pl-PL"}]}},"_links":{"self":[{"href":"https:\/\/outdoor-gym.com\/es\/wp-json\/wp\/v2\/pages\/3427"}],"collection":[{"href":"https:\/\/outdoor-gym.com\/es\/wp-json\/wp\/v2\/pages"}],"about":[{"href":"https:\/\/outdoor-gym.com\/es\/wp-json\/wp\/v2\/types\/page"}],"author":[{"embeddable":true,"href":"https:\/\/outdoor-gym.com\/es\/wp-json\/wp\/v2\/users\/1"}],"replies":[{"embeddable":true,"href":"https:\/\/outdoor-gym.com\/es\/wp-json\/wp\/v2\/comments?post=3427"}],"version-history":[{"count":12,"href":"https:\/\/outdoor-gym.com\/es\/wp-json\/wp\/v2\/pages\/3427\/revisions"}],"predecessor-version":[{"id":4495,"href":"https:\/\/outdoor-gym.com\/es\/wp-json\/wp\/v2\/pages\/3427\/revisions\/4495"}],"up":[{"embeddable":true,"href":"https:\/\/outdoor-gym.com\/es\/wp-json\/wp\/v2\/pages\/932"}],"wp:attachment":[{"href":"https:\/\/outdoor-gym.com\/es\/wp-json\/wp\/v2\/media?parent=3427"}],"curies":[{"name":"wp","href":"https:\/\/api.w.org\/{rel}","templated":true}]}}