{"id":6086,"date":"2025-12-08T14:47:02","date_gmt":"2025-12-08T13:47:02","guid":{"rendered":"https:\/\/outdoor-gym.com\/es\/?page_id=6086"},"modified":"2025-12-08T14:47:02","modified_gmt":"2025-12-08T13:47:02","slug":"devoluciones","status":"publish","type":"page","link":"https:\/\/outdoor-gym.com\/es\/servicios\/devoluciones\/","title":{"rendered":"Devoluciones"},"content":{"rendered":"<p>Devoluciones<br \/>\nInformaci\u00f3n sobre el derecho de desistimiento de un contrato celebrado a distancia<br \/>\nSi usted es consumidor, tiene derecho a desistir del contrato celebrado en la Tienda Online en un plazo de 14 d\u00edas sin indicar motivo alguno. El plazo de desistimiento expirar\u00e1 a los 14 d\u00edas desde el d\u00eda en que usted o un tercero, distinto del transportista e indicado por usted, haya adquirido la posesi\u00f3n material del bien.<br \/>\nPara ejercer el derecho de desistimiento, deber\u00e1 notificarnos su decisi\u00f3n de desistir del presente contrato mediante una declaraci\u00f3n inequ\u00edvoca (por ejemplo, una carta enviada por correo postal o correo electr\u00f3nico). Podr\u00e1 enviar dicha declaraci\u00f3n:<br \/>\n\u2022 por correo electr\u00f3nico: trainer@outdoor-gym.com<br \/>\n\u2022 por escrito a la siguiente direcci\u00f3n:<br \/>\nTRAINER Outdoor Gym sp. z o.o.<br \/>\nul. Hetma\u0144ska 38<br \/>\n85-039 Bydgoszcz<br \/>\nUn modelo de formulario de desistimiento se encuentra al final de este documento. Puede utilizar dicho modelo, aunque no es obligatorio.<br \/>\nPara respetar el plazo de desistimiento, basta con que la comunicaci\u00f3n relativa al ejercicio de este derecho sea enviada antes de que venza el plazo correspondiente.<br \/>\nEn caso de desistimiento del presente contrato, le reembolsaremos todos los pagos recibidos de usted, incluidos los gastos de entrega del bien (con la excepci\u00f3n de los gastos adicionales resultantes de la elecci\u00f3n por su parte de una modalidad de entrega diferente a la modalidad menos costosa de entrega ordinaria que ofrezcamos), sin ninguna demora indebida y, en cualquier caso, a m\u00e1s tardar 14 d\u00edas a partir de la fecha en la que hayamos sido informados de su decisi\u00f3n de desistir del presente contrato.<br \/>\nEfectuaremos dicho reembolso utilizando el mismo medio de pago empleado por usted en la transacci\u00f3n inicial, salvo que usted haya dispuesto expresamente lo contrario; en cualquier caso, no incurrir\u00e1 en ning\u00fan gasto como consecuencia del reembolso. Podemos retener el reembolso hasta haber recibido los bienes, o hasta que usted haya presentado una prueba de la devoluci\u00f3n de los mismos, seg\u00fan qu\u00e9 condici\u00f3n se cumpla primero.<\/p>\n<p>Si usted ha recibido el bien adquirido, le rogamos que lo devuelva o lo entregue en la siguiente direcci\u00f3n:<br \/>\nTRAINER Outdoor Gym sp. z o.o.<br \/>\nul. Milcherta 10<br \/>\n85-862 Bydgoszcz<br \/>\nsin demora indebida y, en cualquier caso, a m\u00e1s tardar 14 d\u00edas a partir de la fecha en la que nos comunique su decisi\u00f3n de desistir del contrato. Se considerar\u00e1 cumplido el plazo si usted efect\u00faa la devoluci\u00f3n del bien antes de que haya concluido dicho plazo de 14 d\u00edas.<\/p>\n<p>Usted deber\u00e1 asumir el coste directo de la devoluci\u00f3n del bien. Solo ser\u00e1 responsable de la disminuci\u00f3n de valor del bien resultante de una manipulaci\u00f3n distinta a la necesaria para establecer la naturaleza, las caracter\u00edsticas y el funcionamiento del bien.<\/p>\n<p>El derecho de desistimiento no se aplica en el caso de productos fabricados por encargo individual, en particular: productos fabricados conforme a una especificaci\u00f3n individual; estructuras personalizadas en cuanto a color, equipamiento o configuraci\u00f3n; productos que, tras la entrega, hayan sido fijados de forma permanente a otra instalaci\u00f3n o al suelo; o que hayan sido producidos conforme a otros requisitos individuales.<\/p>\n<p>&nbsp;<\/p>\n<p>MODELO DE FORMULARIO DE DESISTIMIENTO DEL CONTRATO<br \/>\n(Rellene y devuelva este formulario solo si desea desistir del contrato)<\/p>\n<p>Datos del cliente::<br \/>\nNombre y apellidos: &#8230;&#8230;&#8230;&#8230;&#8230;&#8230;&#8230;&#8230;&#8230;&#8230;&#8230;&#8230;&#8230;&#8230;&#8230;&#8230;&#8230;&#8230;&#8230;&#8230;<br \/>\nDirecci\u00f3n: &#8230;&#8230;&#8230;&#8230;&#8230;&#8230;&#8230;&#8230;&#8230;&#8230;&#8230;&#8230;&#8230;&#8230;&#8230;&#8230;&#8230;&#8230;&#8230;&#8230;&#8230;&#8230;&#8230;&#8230;.<br \/>\nTel\u00e9fono: &#8230;&#8230;&#8230;&#8230;&#8230;&#8230;&#8230;&#8230;&#8230;&#8230;&#8230;&#8230; Correo electr\u00f3nico: &#8230;&#8230;&#8230;&#8230;&#8230;&#8230;&#8230;&#8230;&#8230;.<br \/>\nDestinatario:<br \/>\nTRAINER Outdoor Gym sp. z o.o.<br \/>\nul. Hetma\u0144ska 38<br \/>\n85-039 Bydgoszcz<br \/>\ne-mail: trainer@outdoor-gym.com<br \/>\n________________________________________<br \/>\nDeclaraci\u00f3n de desistimiento del contrato<br \/>\nPor la presente, yo, abajo firmante, le comunico mi desistimiento del contrato celebrado a distancia relativo a la compra de<br \/>\n&#8230;&#8230;&#8230;&#8230;&#8230;&#8230;&#8230;&#8230;&#8230;&#8230;&#8230;&#8230;&#8230;&#8230;&#8230;&#8230;&#8230;&#8230;&#8230;&#8230;&#8230;&#8230;&#8230;&#8230;&#8230;&#8230;..<br \/>\n&#8230;&#8230;&#8230;&#8230;&#8230;&#8230;&#8230;&#8230;&#8230;&#8230;&#8230;&#8230;&#8230;&#8230;&#8230;&#8230;&#8230;&#8230;&#8230;&#8230;&#8230;&#8230;&#8230;&#8230;&#8230;&#8230;..<br \/>\nFecha de recepci\u00f3n del producto: &#8230;&#8230;&#8230;&#8230;&#8230;&#8230;&#8230;&#8230;&#8230;&#8230;&#8230;&#8230;&#8230;&#8230;&#8230;&#8230;&#8230;&#8230;.<br \/>\nRuego realicen el reembolso en la siguiente cuenta bancaria:<br \/>\n&#8230;&#8230;&#8230;&#8230;&#8230;&#8230;&#8230;&#8230;&#8230;&#8230;&#8230;&#8230;&#8230;&#8230;&#8230;&#8230;&#8230;&#8230;&#8230;&#8230;&#8230;&#8230;&#8230;&#8230;&#8230;&#8230;..<br \/>\nFecha:&#8230;&#8230;&#8230;&#8230;&#8230;&#8230;&#8230;&#8230;&#8230;&#8230;&#8230;&#8230;&#8230;&#8230;&#8230;<\/p>\n<p>Firma (solo si el formulario se presenta en versi\u00f3n papel):<br \/>\n&#8230;&#8230;&#8230;&#8230;&#8230;&#8230;&#8230;&#8230;&#8230;&#8230;&#8230;&#8230;&#8230;&#8230;&#8230;&#8230;&#8230;&#8230;&#8230;&#8230;&#8230;&#8230;&#8230;&#8230;&#8230;&#8230;..<\/p>\n","protected":false},"excerpt":{"rendered":"<p>Devoluciones Informaci\u00f3n sobre el derecho de desistimiento de un contrato celebrado a distancia Si usted es consumidor, tiene derecho a desistir del contrato celebrado en la Tienda Online en un plazo de 14 d\u00edas sin indicar motivo alguno. El plazo de desistimiento expirar\u00e1 a los 14 d\u00edas desde el d\u00eda en que usted o un [&hellip;]<\/p>\n","protected":false},"author":9,"featured_media":0,"parent":932,"menu_order":0,"comment_status":"closed","ping_status":"closed","template":"template-usluga.php","meta":[],"acf":[],"yoast_head":"<!-- This site is optimized with the Yoast SEO plugin v21.1 - https:\/\/yoast.com\/wordpress\/plugins\/seo\/ -->\n<title>Devoluciones - Trainer<\/title>\n<meta name=\"description\" content=\"Proporcionamos asesoramiento y apoyo profesional en cada etapa de la realizaci\u00f3n del pedido. Analizamos la documentaci\u00f3n de dise\u00f1o, asesoramos en la selecci\u00f3n de dispositivos adecuados\" \/>\n<meta name=\"robots\" content=\"index, follow, max-snippet:-1, max-image-preview:large, max-video-preview:-1\" \/>\n<link rel=\"canonical\" href=\"https:\/\/outdoor-gym.com\/es\/servicios\/devoluciones\/\" \/>\n<meta property=\"og:locale\" content=\"en_GB\" \/>\n<meta property=\"og:type\" content=\"article\" \/>\n<meta property=\"og:title\" content=\"Devoluciones - Trainer\" \/>\n<meta property=\"og:description\" content=\"Proporcionamos asesoramiento y apoyo profesional en cada etapa de la realizaci\u00f3n del pedido. Analizamos la documentaci\u00f3n de dise\u00f1o, asesoramos en la selecci\u00f3n de dispositivos adecuados\" \/>\n<meta property=\"og:url\" content=\"https:\/\/outdoor-gym.com\/es\/servicios\/devoluciones\/\" \/>\n<meta property=\"og:site_name\" content=\"Trainer\" \/>\n<meta name=\"twitter:card\" content=\"summary_large_image\" \/>\n<meta name=\"twitter:label1\" content=\"Szacowany czas czytania\" \/>\n\t<meta name=\"twitter:data1\" content=\"4 minuty\" \/>\n<script type=\"application\/ld+json\" class=\"yoast-schema-graph\">{\"@context\":\"https:\/\/schema.org\",\"@graph\":[{\"@type\":\"WebPage\",\"@id\":\"https:\/\/outdoor-gym.com\/es\/servicios\/devoluciones\/\",\"url\":\"https:\/\/outdoor-gym.com\/es\/servicios\/devoluciones\/\",\"name\":\"Devoluciones - Trainer\",\"isPartOf\":{\"@id\":\"https:\/\/outdoor-gym.com\/es\/#website\"},\"datePublished\":\"2025-12-08T13:47:02+00:00\",\"dateModified\":\"2025-12-08T13:47:02+00:00\",\"description\":\"Proporcionamos asesoramiento y apoyo profesional en cada etapa de la realizaci\u00f3n del pedido. Analizamos la documentaci\u00f3n de dise\u00f1o, asesoramos en la selecci\u00f3n de dispositivos adecuados\",\"breadcrumb\":{\"@id\":\"https:\/\/outdoor-gym.com\/es\/servicios\/devoluciones\/#breadcrumb\"},\"inLanguage\":\"pl-PL\",\"potentialAction\":[{\"@type\":\"ReadAction\",\"target\":[\"https:\/\/outdoor-gym.com\/es\/servicios\/devoluciones\/\"]}]},{\"@type\":\"BreadcrumbList\",\"@id\":\"https:\/\/outdoor-gym.com\/es\/servicios\/devoluciones\/#breadcrumb\",\"itemListElement\":[{\"@type\":\"ListItem\",\"position\":1,\"name\":\"es\",\"item\":\"https:\/\/outdoor-gym.com\/es\/\"},{\"@type\":\"ListItem\",\"position\":2,\"name\":\"Servicios\",\"item\":\"https:\/\/outdoor-gym.com\/es\/servicios\/\"},{\"@type\":\"ListItem\",\"position\":3,\"name\":\"Devoluciones\"}]},{\"@type\":\"WebSite\",\"@id\":\"https:\/\/outdoor-gym.com\/es\/#website\",\"url\":\"https:\/\/outdoor-gym.com\/es\/\",\"name\":\"Trainer\",\"description\":\"Trainer\",\"potentialAction\":[{\"@type\":\"SearchAction\",\"target\":{\"@type\":\"EntryPoint\",\"urlTemplate\":\"https:\/\/outdoor-gym.com\/es\/?s={search_term_string}\"},\"query-input\":\"required name=search_term_string\"}],\"inLanguage\":\"pl-PL\"}]}<\/script>\n<!-- \/ Yoast SEO plugin. -->","yoast_head_json":{"title":"Devoluciones - Trainer","description":"Proporcionamos asesoramiento y apoyo profesional en cada etapa de la realizaci\u00f3n del pedido. Analizamos la documentaci\u00f3n de dise\u00f1o, asesoramos en la selecci\u00f3n de dispositivos adecuados","robots":{"index":"index","follow":"follow","max-snippet":"max-snippet:-1","max-image-preview":"max-image-preview:large","max-video-preview":"max-video-preview:-1"},"canonical":"https:\/\/outdoor-gym.com\/es\/servicios\/devoluciones\/","og_locale":"en_GB","og_type":"article","og_title":"Devoluciones - Trainer","og_description":"Proporcionamos asesoramiento y apoyo profesional en cada etapa de la realizaci\u00f3n del pedido. Analizamos la documentaci\u00f3n de dise\u00f1o, asesoramos en la selecci\u00f3n de dispositivos adecuados","og_url":"https:\/\/outdoor-gym.com\/es\/servicios\/devoluciones\/","og_site_name":"Trainer","twitter_card":"summary_large_image","twitter_misc":{"Szacowany czas czytania":"4 minuty"},"schema":{"@context":"https:\/\/schema.org","@graph":[{"@type":"WebPage","@id":"https:\/\/outdoor-gym.com\/es\/servicios\/devoluciones\/","url":"https:\/\/outdoor-gym.com\/es\/servicios\/devoluciones\/","name":"Devoluciones - Trainer","isPartOf":{"@id":"https:\/\/outdoor-gym.com\/es\/#website"},"datePublished":"2025-12-08T13:47:02+00:00","dateModified":"2025-12-08T13:47:02+00:00","description":"Proporcionamos asesoramiento y apoyo profesional en cada etapa de la realizaci\u00f3n del pedido. Analizamos la documentaci\u00f3n de dise\u00f1o, asesoramos en la selecci\u00f3n de dispositivos adecuados","breadcrumb":{"@id":"https:\/\/outdoor-gym.com\/es\/servicios\/devoluciones\/#breadcrumb"},"inLanguage":"pl-PL","potentialAction":[{"@type":"ReadAction","target":["https:\/\/outdoor-gym.com\/es\/servicios\/devoluciones\/"]}]},{"@type":"BreadcrumbList","@id":"https:\/\/outdoor-gym.com\/es\/servicios\/devoluciones\/#breadcrumb","itemListElement":[{"@type":"ListItem","position":1,"name":"es","item":"https:\/\/outdoor-gym.com\/es\/"},{"@type":"ListItem","position":2,"name":"Servicios","item":"https:\/\/outdoor-gym.com\/es\/servicios\/"},{"@type":"ListItem","position":3,"name":"Devoluciones"}]},{"@type":"WebSite","@id":"https:\/\/outdoor-gym.com\/es\/#website","url":"https:\/\/outdoor-gym.com\/es\/","name":"Trainer","description":"Trainer","potentialAction":[{"@type":"SearchAction","target":{"@type":"EntryPoint","urlTemplate":"https:\/\/outdoor-gym.com\/es\/?s={search_term_string}"},"query-input":"required name=search_term_string"}],"inLanguage":"pl-PL"}]}},"_links":{"self":[{"href":"https:\/\/outdoor-gym.com\/es\/wp-json\/wp\/v2\/pages\/6086"}],"collection":[{"href":"https:\/\/outdoor-gym.com\/es\/wp-json\/wp\/v2\/pages"}],"about":[{"href":"https:\/\/outdoor-gym.com\/es\/wp-json\/wp\/v2\/types\/page"}],"author":[{"embeddable":true,"href":"https:\/\/outdoor-gym.com\/es\/wp-json\/wp\/v2\/users\/9"}],"replies":[{"embeddable":true,"href":"https:\/\/outdoor-gym.com\/es\/wp-json\/wp\/v2\/comments?post=6086"}],"version-history":[{"count":1,"href":"https:\/\/outdoor-gym.com\/es\/wp-json\/wp\/v2\/pages\/6086\/revisions"}],"predecessor-version":[{"id":6087,"href":"https:\/\/outdoor-gym.com\/es\/wp-json\/wp\/v2\/pages\/6086\/revisions\/6087"}],"up":[{"embeddable":true,"href":"https:\/\/outdoor-gym.com\/es\/wp-json\/wp\/v2\/pages\/932"}],"wp:attachment":[{"href":"https:\/\/outdoor-gym.com\/es\/wp-json\/wp\/v2\/media?parent=6086"}],"curies":[{"name":"wp","href":"https:\/\/api.w.org\/{rel}","templated":true}]}}