{"id":936,"date":"2021-01-07T08:25:31","date_gmt":"2021-01-07T07:25:31","guid":{"rendered":"https:\/\/outdoor-gym.com\/es\/?page_id=936"},"modified":"2023-12-13T15:35:59","modified_gmt":"2023-12-13T14:35:59","slug":"acerca-de-la-empresa","status":"publish","type":"page","link":"https:\/\/outdoor-gym.com\/es\/acerca-de-la-empresa\/","title":{"rendered":"Acerca de la Empresa"},"content":{"rendered":"<h3>TRAINER Gimnasio al aire libre \u2013 Hecho con pasi\u00f3n.<\/h3>\n<div class=\"QcsUad BDJ8fb BLojaf wneUed\">\n<div class=\"XL3Kf\">\n<div class=\"a8FIud X0rvP L6rCcb\">\n<div data-show-delay-ms=\"250\" data-append-to-body=\"false\" data-propagate-tooltip-mouseover-events=\"true\" data-anchor-corner=\"bottom-end\" data-enable-skip-handler=\"false\" data-popup-corner=\"top-end\">\n<h3>Fabricante de Equipos de Fitness Outdoor y Street Workout.<\/h3>\n<\/div>\n<\/div>\n<\/div>\n<\/div>\n<p>Somos uno de los principales fabricantes de gimnasios al aire libre en Europa. Llevamos m\u00e1s de 10 a\u00f1os produciendo gimnasios al aire libre y Street Workout bajo la marca TRAINER Gimnasio al aire libre. Contamos con la confianza de miles de clientes en todo el mundo, <strong>en m\u00e1s de 25 pa\u00edses en 4 continentes (Europa, Asia, \u00c1frica, Am\u00e9rica).<\/strong> Las instalaciones TRAINER Gimnasio al aire libre se pueden encontrar en grandes ciudades, pueblos y aldeas, en parques infantiles, complejos tur\u00edsticos, hoteles, centros de rehabilitaci\u00f3n, parques o jardines.<\/p>\n<h3>Nuestra misi\u00f3n es crear m\u00e1quinas seguras y de alta calidad, accesibles para todos en el espacio p\u00fablico. Gracias a esto, alentamos a las personas a entrenar, hacer ejercicio y pasar tiempo al aire libre de forma activa.<\/h3>\n<p>Las m\u00e1quinas de <strong>TRAINER<\/strong> Gimnasio al aire libre se fabrican en Polonia. Incluyen una amplia selecci\u00f3n de equipamiento de ejercicio para j\u00f3venes, adultos y personas mayores. Nuestras m\u00e1quinas tambi\u00e9n est\u00e1n disponibles en una versi\u00f3n integradora y para personas con discapacidades, utilizadas con \u00e9xito como equipos de rehabilitaci\u00f3n.<\/p>\n<p>Como empresa global, valoramos tanto la seguridad como la durabilidad de las m\u00e1quinas, as\u00ed como su est\u00e9tica y calidad. Nos centramos en el dise\u00f1o moderno y soluciones innovadoras. Los gimnasios cumplen las normas de seguridad exigidas en la Uni\u00f3n Europea. Todas las m\u00e1quinas est\u00e1n certificadas de acuerdo con EN 16630:2015-06. Tambi\u00e9n estamos certificados por <strong>T\u00dcV Rheinland<\/strong> y por la norma de gesti\u00f3n de calidad <strong>EN ISO 13485:2016<\/strong>.<\/p>\n<p>Nuestro equipo de asesores con experiencia le propondr\u00e1 un conjunto de m\u00e1quinas que mejor se adapten a sus necesidades y le brindar\u00e1 asistencia integral en cada etapa de la realizaci\u00f3n de la inversi\u00f3n.<\/p>\n<p>&nbsp;<\/p>\n<p><iframe src=\"https:\/\/www.youtube.com\/embed\/Zmfu2eitbx4\" frameborder=\"0\" allowfullscreen=\"allowfullscreen\"><\/iframe><\/p>\n<h4><\/h4>\n","protected":false},"excerpt":{"rendered":"<p>TRAINER Gimnasio al aire libre \u2013 Hecho con pasi\u00f3n. Fabricante de Equipos de Fitness Outdoor y Street Workout. Somos uno de los principales fabricantes de gimnasios al aire libre en Europa. Llevamos m\u00e1s de 10 a\u00f1os produciendo gimnasios al aire libre y Street Workout bajo la marca TRAINER Gimnasio al aire libre. Contamos con la [&hellip;]<\/p>\n","protected":false},"author":1,"featured_media":0,"parent":0,"menu_order":0,"comment_status":"closed","ping_status":"closed","template":"template-o-firmie.php","meta":[],"acf":[],"yoast_head":"<!-- This site is optimized with the Yoast SEO plugin v21.1 - https:\/\/yoast.com\/wordpress\/plugins\/seo\/ -->\n<title>Acerca de la Empresa - TRAINER<\/title>\n<meta name=\"robots\" content=\"index, follow, max-snippet:-1, max-image-preview:large, max-video-preview:-1\" \/>\n<link rel=\"canonical\" href=\"https:\/\/outdoor-gym.com\/es\/acerca-de-la-empresa\/\" \/>\n<meta property=\"og:locale\" content=\"en_GB\" \/>\n<meta property=\"og:type\" content=\"article\" \/>\n<meta property=\"og:title\" content=\"Acerca de la Empresa - TRAINER\" \/>\n<meta property=\"og:description\" content=\"TRAINER Gimnasio al aire libre \u2013 Hecho con pasi\u00f3n. Fabricante de Equipos de Fitness Outdoor y Street Workout. Somos uno de los principales fabricantes de gimnasios al aire libre en Europa. Llevamos m\u00e1s de 10 a\u00f1os produciendo gimnasios al aire libre y Street Workout bajo la marca TRAINER Gimnasio al aire libre. Contamos con la [&hellip;]\" \/>\n<meta property=\"og:url\" content=\"https:\/\/outdoor-gym.com\/es\/acerca-de-la-empresa\/\" \/>\n<meta property=\"og:site_name\" content=\"Trainer\" \/>\n<meta property=\"article:modified_time\" content=\"2023-12-13T14:35:59+00:00\" \/>\n<meta name=\"twitter:card\" content=\"summary_large_image\" \/>\n<meta name=\"twitter:label1\" content=\"Szacowany czas czytania\" \/>\n\t<meta name=\"twitter:data1\" content=\"2 minuty\" \/>\n<script type=\"application\/ld+json\" class=\"yoast-schema-graph\">{\"@context\":\"https:\/\/schema.org\",\"@graph\":[{\"@type\":\"WebPage\",\"@id\":\"https:\/\/outdoor-gym.com\/es\/acerca-de-la-empresa\/\",\"url\":\"https:\/\/outdoor-gym.com\/es\/acerca-de-la-empresa\/\",\"name\":\"Acerca de la Empresa - TRAINER\",\"isPartOf\":{\"@id\":\"https:\/\/outdoor-gym.com\/es\/#website\"},\"datePublished\":\"2021-01-07T07:25:31+00:00\",\"dateModified\":\"2023-12-13T14:35:59+00:00\",\"breadcrumb\":{\"@id\":\"https:\/\/outdoor-gym.com\/es\/acerca-de-la-empresa\/#breadcrumb\"},\"inLanguage\":\"pl-PL\",\"potentialAction\":[{\"@type\":\"ReadAction\",\"target\":[\"https:\/\/outdoor-gym.com\/es\/acerca-de-la-empresa\/\"]}]},{\"@type\":\"BreadcrumbList\",\"@id\":\"https:\/\/outdoor-gym.com\/es\/acerca-de-la-empresa\/#breadcrumb\",\"itemListElement\":[{\"@type\":\"ListItem\",\"position\":1,\"name\":\"es\",\"item\":\"https:\/\/outdoor-gym.com\/es\/\"},{\"@type\":\"ListItem\",\"position\":2,\"name\":\"Acerca de la Empresa\"}]},{\"@type\":\"WebSite\",\"@id\":\"https:\/\/outdoor-gym.com\/es\/#website\",\"url\":\"https:\/\/outdoor-gym.com\/es\/\",\"name\":\"Trainer\",\"description\":\"Trainer\",\"potentialAction\":[{\"@type\":\"SearchAction\",\"target\":{\"@type\":\"EntryPoint\",\"urlTemplate\":\"https:\/\/outdoor-gym.com\/es\/?s={search_term_string}\"},\"query-input\":\"required name=search_term_string\"}],\"inLanguage\":\"pl-PL\"}]}<\/script>\n<!-- \/ Yoast SEO plugin. -->","yoast_head_json":{"title":"Acerca de la Empresa - TRAINER","robots":{"index":"index","follow":"follow","max-snippet":"max-snippet:-1","max-image-preview":"max-image-preview:large","max-video-preview":"max-video-preview:-1"},"canonical":"https:\/\/outdoor-gym.com\/es\/acerca-de-la-empresa\/","og_locale":"en_GB","og_type":"article","og_title":"Acerca de la Empresa - TRAINER","og_description":"TRAINER Gimnasio al aire libre \u2013 Hecho con pasi\u00f3n. Fabricante de Equipos de Fitness Outdoor y Street Workout. Somos uno de los principales fabricantes de gimnasios al aire libre en Europa. Llevamos m\u00e1s de 10 a\u00f1os produciendo gimnasios al aire libre y Street Workout bajo la marca TRAINER Gimnasio al aire libre. Contamos con la [&hellip;]","og_url":"https:\/\/outdoor-gym.com\/es\/acerca-de-la-empresa\/","og_site_name":"Trainer","article_modified_time":"2023-12-13T14:35:59+00:00","twitter_card":"summary_large_image","twitter_misc":{"Szacowany czas czytania":"2 minuty"},"schema":{"@context":"https:\/\/schema.org","@graph":[{"@type":"WebPage","@id":"https:\/\/outdoor-gym.com\/es\/acerca-de-la-empresa\/","url":"https:\/\/outdoor-gym.com\/es\/acerca-de-la-empresa\/","name":"Acerca de la Empresa - TRAINER","isPartOf":{"@id":"https:\/\/outdoor-gym.com\/es\/#website"},"datePublished":"2021-01-07T07:25:31+00:00","dateModified":"2023-12-13T14:35:59+00:00","breadcrumb":{"@id":"https:\/\/outdoor-gym.com\/es\/acerca-de-la-empresa\/#breadcrumb"},"inLanguage":"pl-PL","potentialAction":[{"@type":"ReadAction","target":["https:\/\/outdoor-gym.com\/es\/acerca-de-la-empresa\/"]}]},{"@type":"BreadcrumbList","@id":"https:\/\/outdoor-gym.com\/es\/acerca-de-la-empresa\/#breadcrumb","itemListElement":[{"@type":"ListItem","position":1,"name":"es","item":"https:\/\/outdoor-gym.com\/es\/"},{"@type":"ListItem","position":2,"name":"Acerca de la Empresa"}]},{"@type":"WebSite","@id":"https:\/\/outdoor-gym.com\/es\/#website","url":"https:\/\/outdoor-gym.com\/es\/","name":"Trainer","description":"Trainer","potentialAction":[{"@type":"SearchAction","target":{"@type":"EntryPoint","urlTemplate":"https:\/\/outdoor-gym.com\/es\/?s={search_term_string}"},"query-input":"required name=search_term_string"}],"inLanguage":"pl-PL"}]}},"_links":{"self":[{"href":"https:\/\/outdoor-gym.com\/es\/wp-json\/wp\/v2\/pages\/936"}],"collection":[{"href":"https:\/\/outdoor-gym.com\/es\/wp-json\/wp\/v2\/pages"}],"about":[{"href":"https:\/\/outdoor-gym.com\/es\/wp-json\/wp\/v2\/types\/page"}],"author":[{"embeddable":true,"href":"https:\/\/outdoor-gym.com\/es\/wp-json\/wp\/v2\/users\/1"}],"replies":[{"embeddable":true,"href":"https:\/\/outdoor-gym.com\/es\/wp-json\/wp\/v2\/comments?post=936"}],"version-history":[{"count":70,"href":"https:\/\/outdoor-gym.com\/es\/wp-json\/wp\/v2\/pages\/936\/revisions"}],"predecessor-version":[{"id":5243,"href":"https:\/\/outdoor-gym.com\/es\/wp-json\/wp\/v2\/pages\/936\/revisions\/5243"}],"wp:attachment":[{"href":"https:\/\/outdoor-gym.com\/es\/wp-json\/wp\/v2\/media?parent=936"}],"curies":[{"name":"wp","href":"https:\/\/api.w.org\/{rel}","templated":true}]}}