{"id":954,"date":"2021-01-09T13:50:49","date_gmt":"2021-01-09T12:50:49","guid":{"rendered":"https:\/\/outdoor-gym.com\/es\/?page_id=954"},"modified":"2023-05-30T09:22:08","modified_gmt":"2023-05-30T07:22:08","slug":"gimnasio-al-aire-libre-para-escuelas","status":"publish","type":"page","link":"https:\/\/outdoor-gym.com\/es\/clientes\/gimnasio-al-aire-libre-para-escuelas\/","title":{"rendered":"Gimnasio al aire libre para escuelas"},"content":{"rendered":"<p>En los \u00faltimos a\u00f1os, los gimnasios al aire libre se han convertido en un elemento indispensable tanto para las grandes ciudades como para los pueblos peque\u00f1os. Aumentan el atractivo de parques, parques infantiles, bulevares, plazas y jardines.<\/p>\n<p>Debido a su ubicaci\u00f3n al aire libre, el equipamiento de ejercicio es de uso f\u00e1cil para personas de todas las edades y condici\u00f3n f\u00edsica.<\/p>\n<p>Se recomienda que exista equipamiento en centros recreativos p\u00fablicos que permita realizar ejercicios para diferentes grupos musculares. Adem\u00e1s, estas m\u00e1quinas deber\u00e1n proporcionar un nivel diferente de dificultad de uso.<\/p>\n<p>Somos un fabricante europeo de gimnasios al aire libre. Bas\u00e1ndonos en muchos a\u00f1os de experiencia, estaremos encantados de aconsejarle al elegir un conjunto adecuado de equipamiento de gimnasio al aire libre.<\/p>\n<p><img decoding=\"async\" loading=\"lazy\" class=\"alignnone wp-image-1949 size-full\" src=\"https:\/\/outdoor-gym.com\/es\/wp-content\/uploads\/equipamiento-para-gimnasios-al-aire-libre.png\" alt=\"Outdoor fitness equipment for cities and municipalities\" width=\"1920\" height=\"1080\" srcset=\"https:\/\/outdoor-gym.com\/es\/wp-content\/uploads\/equipamiento-para-gimnasios-al-aire-libre.png 1920w, https:\/\/outdoor-gym.com\/es\/wp-content\/uploads\/equipamiento-para-gimnasios-al-aire-libre-600x338.png 600w, https:\/\/outdoor-gym.com\/es\/wp-content\/uploads\/equipamiento-para-gimnasios-al-aire-libre-768x432.png 768w, https:\/\/outdoor-gym.com\/es\/wp-content\/uploads\/equipamiento-para-gimnasios-al-aire-libre-1536x864.png 1536w\" sizes=\"(max-width: 1920px) 100vw, 1920px\" \/><\/p>\n<p>&nbsp;<\/p>\n<p>&nbsp;<\/p>\n","protected":false},"excerpt":{"rendered":"<p>En los \u00faltimos a\u00f1os, los gimnasios al aire libre se han convertido en un elemento indispensable tanto para las grandes ciudades como para los pueblos peque\u00f1os. Aumentan el atractivo de parques, parques infantiles, bulevares, plazas y jardines. Debido a su ubicaci\u00f3n al aire libre, el equipamiento de ejercicio es de uso f\u00e1cil para personas de [&hellip;]<\/p>\n","protected":false},"author":1,"featured_media":0,"parent":930,"menu_order":0,"comment_status":"closed","ping_status":"closed","template":"template-klienci-podstrona.php","meta":[],"acf":[],"yoast_head":"<!-- This site is optimized with the Yoast SEO plugin v21.1 - https:\/\/yoast.com\/wordpress\/plugins\/seo\/ -->\n<title>Gimnasio al aire libre para escuelas - TRAINER<\/title>\n<meta name=\"robots\" content=\"index, follow, max-snippet:-1, max-image-preview:large, max-video-preview:-1\" \/>\n<link rel=\"canonical\" href=\"https:\/\/outdoor-gym.com\/es\/clientes\/gimnasio-al-aire-libre-para-escuelas\/\" \/>\n<meta property=\"og:locale\" content=\"en_GB\" \/>\n<meta property=\"og:type\" content=\"article\" \/>\n<meta property=\"og:title\" content=\"Gimnasio al aire libre para escuelas - TRAINER\" \/>\n<meta property=\"og:description\" content=\"En los \u00faltimos a\u00f1os, los gimnasios al aire libre se han convertido en un elemento indispensable tanto para las grandes ciudades como para los pueblos peque\u00f1os. Aumentan el atractivo de parques, parques infantiles, bulevares, plazas y jardines. Debido a su ubicaci\u00f3n al aire libre, el equipamiento de ejercicio es de uso f\u00e1cil para personas de [&hellip;]\" \/>\n<meta property=\"og:url\" content=\"https:\/\/outdoor-gym.com\/es\/clientes\/gimnasio-al-aire-libre-para-escuelas\/\" \/>\n<meta property=\"og:site_name\" content=\"Trainer\" \/>\n<meta property=\"article:modified_time\" content=\"2023-05-30T07:22:08+00:00\" \/>\n<meta property=\"og:image\" content=\"https:\/\/outdoor-gym.com\/es\/wp-content\/uploads\/equipamiento-para-gimnasios-al-aire-libre.png\" \/>\n<meta name=\"twitter:card\" content=\"summary_large_image\" \/>\n<meta name=\"twitter:label1\" content=\"Szacowany czas czytania\" \/>\n\t<meta name=\"twitter:data1\" content=\"1 minuta\" \/>\n<script type=\"application\/ld+json\" class=\"yoast-schema-graph\">{\"@context\":\"https:\/\/schema.org\",\"@graph\":[{\"@type\":\"WebPage\",\"@id\":\"https:\/\/outdoor-gym.com\/es\/clientes\/gimnasio-al-aire-libre-para-escuelas\/\",\"url\":\"https:\/\/outdoor-gym.com\/es\/clientes\/gimnasio-al-aire-libre-para-escuelas\/\",\"name\":\"Gimnasio al aire libre para escuelas - TRAINER\",\"isPartOf\":{\"@id\":\"https:\/\/outdoor-gym.com\/es\/#website\"},\"datePublished\":\"2021-01-09T12:50:49+00:00\",\"dateModified\":\"2023-05-30T07:22:08+00:00\",\"breadcrumb\":{\"@id\":\"https:\/\/outdoor-gym.com\/es\/clientes\/gimnasio-al-aire-libre-para-escuelas\/#breadcrumb\"},\"inLanguage\":\"pl-PL\",\"potentialAction\":[{\"@type\":\"ReadAction\",\"target\":[\"https:\/\/outdoor-gym.com\/es\/clientes\/gimnasio-al-aire-libre-para-escuelas\/\"]}]},{\"@type\":\"BreadcrumbList\",\"@id\":\"https:\/\/outdoor-gym.com\/es\/clientes\/gimnasio-al-aire-libre-para-escuelas\/#breadcrumb\",\"itemListElement\":[{\"@type\":\"ListItem\",\"position\":1,\"name\":\"es\",\"item\":\"https:\/\/outdoor-gym.com\/es\/\"},{\"@type\":\"ListItem\",\"position\":2,\"name\":\"Clientes\",\"item\":\"https:\/\/outdoor-gym.com\/es\/clientes\/\"},{\"@type\":\"ListItem\",\"position\":3,\"name\":\"Gimnasio al aire libre para escuelas\"}]},{\"@type\":\"WebSite\",\"@id\":\"https:\/\/outdoor-gym.com\/es\/#website\",\"url\":\"https:\/\/outdoor-gym.com\/es\/\",\"name\":\"Trainer\",\"description\":\"Trainer\",\"potentialAction\":[{\"@type\":\"SearchAction\",\"target\":{\"@type\":\"EntryPoint\",\"urlTemplate\":\"https:\/\/outdoor-gym.com\/es\/?s={search_term_string}\"},\"query-input\":\"required name=search_term_string\"}],\"inLanguage\":\"pl-PL\"}]}<\/script>\n<!-- \/ Yoast SEO plugin. -->","yoast_head_json":{"title":"Gimnasio al aire libre para escuelas - TRAINER","robots":{"index":"index","follow":"follow","max-snippet":"max-snippet:-1","max-image-preview":"max-image-preview:large","max-video-preview":"max-video-preview:-1"},"canonical":"https:\/\/outdoor-gym.com\/es\/clientes\/gimnasio-al-aire-libre-para-escuelas\/","og_locale":"en_GB","og_type":"article","og_title":"Gimnasio al aire libre para escuelas - TRAINER","og_description":"En los \u00faltimos a\u00f1os, los gimnasios al aire libre se han convertido en un elemento indispensable tanto para las grandes ciudades como para los pueblos peque\u00f1os. Aumentan el atractivo de parques, parques infantiles, bulevares, plazas y jardines. Debido a su ubicaci\u00f3n al aire libre, el equipamiento de ejercicio es de uso f\u00e1cil para personas de [&hellip;]","og_url":"https:\/\/outdoor-gym.com\/es\/clientes\/gimnasio-al-aire-libre-para-escuelas\/","og_site_name":"Trainer","article_modified_time":"2023-05-30T07:22:08+00:00","og_image":[{"url":"https:\/\/outdoor-gym.com\/es\/wp-content\/uploads\/equipamiento-para-gimnasios-al-aire-libre.png"}],"twitter_card":"summary_large_image","twitter_misc":{"Szacowany czas czytania":"1 minuta"},"schema":{"@context":"https:\/\/schema.org","@graph":[{"@type":"WebPage","@id":"https:\/\/outdoor-gym.com\/es\/clientes\/gimnasio-al-aire-libre-para-escuelas\/","url":"https:\/\/outdoor-gym.com\/es\/clientes\/gimnasio-al-aire-libre-para-escuelas\/","name":"Gimnasio al aire libre para escuelas - TRAINER","isPartOf":{"@id":"https:\/\/outdoor-gym.com\/es\/#website"},"datePublished":"2021-01-09T12:50:49+00:00","dateModified":"2023-05-30T07:22:08+00:00","breadcrumb":{"@id":"https:\/\/outdoor-gym.com\/es\/clientes\/gimnasio-al-aire-libre-para-escuelas\/#breadcrumb"},"inLanguage":"pl-PL","potentialAction":[{"@type":"ReadAction","target":["https:\/\/outdoor-gym.com\/es\/clientes\/gimnasio-al-aire-libre-para-escuelas\/"]}]},{"@type":"BreadcrumbList","@id":"https:\/\/outdoor-gym.com\/es\/clientes\/gimnasio-al-aire-libre-para-escuelas\/#breadcrumb","itemListElement":[{"@type":"ListItem","position":1,"name":"es","item":"https:\/\/outdoor-gym.com\/es\/"},{"@type":"ListItem","position":2,"name":"Clientes","item":"https:\/\/outdoor-gym.com\/es\/clientes\/"},{"@type":"ListItem","position":3,"name":"Gimnasio al aire libre para escuelas"}]},{"@type":"WebSite","@id":"https:\/\/outdoor-gym.com\/es\/#website","url":"https:\/\/outdoor-gym.com\/es\/","name":"Trainer","description":"Trainer","potentialAction":[{"@type":"SearchAction","target":{"@type":"EntryPoint","urlTemplate":"https:\/\/outdoor-gym.com\/es\/?s={search_term_string}"},"query-input":"required name=search_term_string"}],"inLanguage":"pl-PL"}]}},"_links":{"self":[{"href":"https:\/\/outdoor-gym.com\/es\/wp-json\/wp\/v2\/pages\/954"}],"collection":[{"href":"https:\/\/outdoor-gym.com\/es\/wp-json\/wp\/v2\/pages"}],"about":[{"href":"https:\/\/outdoor-gym.com\/es\/wp-json\/wp\/v2\/types\/page"}],"author":[{"embeddable":true,"href":"https:\/\/outdoor-gym.com\/es\/wp-json\/wp\/v2\/users\/1"}],"replies":[{"embeddable":true,"href":"https:\/\/outdoor-gym.com\/es\/wp-json\/wp\/v2\/comments?post=954"}],"version-history":[{"count":52,"href":"https:\/\/outdoor-gym.com\/es\/wp-json\/wp\/v2\/pages\/954\/revisions"}],"predecessor-version":[{"id":4715,"href":"https:\/\/outdoor-gym.com\/es\/wp-json\/wp\/v2\/pages\/954\/revisions\/4715"}],"up":[{"embeddable":true,"href":"https:\/\/outdoor-gym.com\/es\/wp-json\/wp\/v2\/pages\/930"}],"wp:attachment":[{"href":"https:\/\/outdoor-gym.com\/es\/wp-json\/wp\/v2\/media?parent=954"}],"curies":[{"name":"wp","href":"https:\/\/api.w.org\/{rel}","templated":true}]}}