{"id":959,"date":"2021-01-12T08:46:54","date_gmt":"2021-01-12T07:46:54","guid":{"rendered":"https:\/\/outdoor-gym.com\/es\/?page_id=959"},"modified":"2023-05-30T09:23:27","modified_gmt":"2023-05-30T07:23:27","slug":"maquinas-gimnasio-exterior","status":"publish","type":"page","link":"https:\/\/outdoor-gym.com\/es\/clientes\/maquinas-gimnasio-exterior\/","title":{"rendered":"M\u00e1quinas gimnasio exterior"},"content":{"rendered":"<p>El equipamiento de gimnasio al aire libre es una soluci\u00f3n excelente para ni\u00f1os y adolescentes en edad escolar. Son una gran idea para animar a los estudiantes a moverse al aire libre. Estas m\u00e1quinas son una excelente alternativa a las clases convencionales de educaci\u00f3n f\u00edsica y una soluci\u00f3n para pasar tiempo despu\u00e9s de clases. Ofrecemos una amplia gama de m\u00e1quinas que ejercitan partes individuales de los m\u00fasculos, tienen efectos positivos en la condici\u00f3n f\u00edsica y ayudan a mantener la postura correcta.<\/p>\n<p>Se recomienda que las escuelas cuenten con m\u00e1quinas que permitan a los ni\u00f1os ejercitar diferentes grupos musculares. Adem\u00e1s, estas m\u00e1quinas deben caracterizarse por un bajo nivel de resistencia.<\/p>\n<p>Ofrecemos servicios profesionales e integrales, entrega y montaje en toda Europa.<\/p>\n<p><img decoding=\"async\" loading=\"lazy\" class=\"alignnone wp-image-1886 size-full\" title=\"Outdoor fitness equipment for schools\" src=\"https:\/\/outdoor-gym.com\/es\/wp-content\/uploads\/equipos-de-gimnasia-al-aire-libre-para-escuelas-3.png\" alt=\"Outdoor gym equipment for schools\" width=\"1920\" height=\"1080\" srcset=\"https:\/\/outdoor-gym.com\/es\/wp-content\/uploads\/equipos-de-gimnasia-al-aire-libre-para-escuelas-3.png 1920w, https:\/\/outdoor-gym.com\/es\/wp-content\/uploads\/equipos-de-gimnasia-al-aire-libre-para-escuelas-3-600x338.png 600w, https:\/\/outdoor-gym.com\/es\/wp-content\/uploads\/equipos-de-gimnasia-al-aire-libre-para-escuelas-3-768x432.png 768w, https:\/\/outdoor-gym.com\/es\/wp-content\/uploads\/equipos-de-gimnasia-al-aire-libre-para-escuelas-3-1536x864.png 1536w\" sizes=\"(max-width: 1920px) 100vw, 1920px\" \/><\/p>\n","protected":false},"excerpt":{"rendered":"<p>El equipamiento de gimnasio al aire libre es una soluci\u00f3n excelente para ni\u00f1os y adolescentes en edad escolar. Son una gran idea para animar a los estudiantes a moverse al aire libre. Estas m\u00e1quinas son una excelente alternativa a las clases convencionales de educaci\u00f3n f\u00edsica y una soluci\u00f3n para pasar tiempo despu\u00e9s de clases. Ofrecemos [&hellip;]<\/p>\n","protected":false},"author":1,"featured_media":0,"parent":930,"menu_order":0,"comment_status":"closed","ping_status":"closed","template":"template-klienci-podstrona.php","meta":[],"acf":[],"yoast_head":"<!-- This site is optimized with the Yoast SEO plugin v21.1 - https:\/\/yoast.com\/wordpress\/plugins\/seo\/ -->\n<title>M\u00e1quinas gimnasio exterior- TRAINER<\/title>\n<meta name=\"robots\" content=\"index, follow, max-snippet:-1, max-image-preview:large, max-video-preview:-1\" \/>\n<link rel=\"canonical\" href=\"https:\/\/outdoor-gym.com\/es\/clientes\/maquinas-gimnasio-exterior\/\" \/>\n<meta property=\"og:locale\" content=\"en_GB\" \/>\n<meta property=\"og:type\" content=\"article\" \/>\n<meta property=\"og:title\" content=\"M\u00e1quinas gimnasio exterior- TRAINER\" \/>\n<meta property=\"og:description\" content=\"El equipamiento de gimnasio al aire libre es una soluci\u00f3n excelente para ni\u00f1os y adolescentes en edad escolar. Son una gran idea para animar a los estudiantes a moverse al aire libre. Estas m\u00e1quinas son una excelente alternativa a las clases convencionales de educaci\u00f3n f\u00edsica y una soluci\u00f3n para pasar tiempo despu\u00e9s de clases. Ofrecemos [&hellip;]\" \/>\n<meta property=\"og:url\" content=\"https:\/\/outdoor-gym.com\/es\/clientes\/maquinas-gimnasio-exterior\/\" \/>\n<meta property=\"og:site_name\" content=\"Trainer\" \/>\n<meta property=\"article:modified_time\" content=\"2023-05-30T07:23:27+00:00\" \/>\n<meta property=\"og:image\" content=\"https:\/\/outdoor-gym.com\/es\/wp-content\/uploads\/equipos-de-gimnasia-al-aire-libre-para-escuelas-3.png\" \/>\n<meta name=\"twitter:card\" content=\"summary_large_image\" \/>\n<meta name=\"twitter:label1\" content=\"Szacowany czas czytania\" \/>\n\t<meta name=\"twitter:data1\" content=\"1 minuta\" \/>\n<script type=\"application\/ld+json\" class=\"yoast-schema-graph\">{\"@context\":\"https:\/\/schema.org\",\"@graph\":[{\"@type\":\"WebPage\",\"@id\":\"https:\/\/outdoor-gym.com\/es\/clientes\/maquinas-gimnasio-exterior\/\",\"url\":\"https:\/\/outdoor-gym.com\/es\/clientes\/maquinas-gimnasio-exterior\/\",\"name\":\"M\u00e1quinas gimnasio exterior- TRAINER\",\"isPartOf\":{\"@id\":\"https:\/\/outdoor-gym.com\/es\/#website\"},\"datePublished\":\"2021-01-12T07:46:54+00:00\",\"dateModified\":\"2023-05-30T07:23:27+00:00\",\"breadcrumb\":{\"@id\":\"https:\/\/outdoor-gym.com\/es\/clientes\/maquinas-gimnasio-exterior\/#breadcrumb\"},\"inLanguage\":\"pl-PL\",\"potentialAction\":[{\"@type\":\"ReadAction\",\"target\":[\"https:\/\/outdoor-gym.com\/es\/clientes\/maquinas-gimnasio-exterior\/\"]}]},{\"@type\":\"BreadcrumbList\",\"@id\":\"https:\/\/outdoor-gym.com\/es\/clientes\/maquinas-gimnasio-exterior\/#breadcrumb\",\"itemListElement\":[{\"@type\":\"ListItem\",\"position\":1,\"name\":\"es\",\"item\":\"https:\/\/outdoor-gym.com\/es\/\"},{\"@type\":\"ListItem\",\"position\":2,\"name\":\"Clientes\",\"item\":\"https:\/\/outdoor-gym.com\/es\/clientes\/\"},{\"@type\":\"ListItem\",\"position\":3,\"name\":\"M\u00e1quinas gimnasio exterior\"}]},{\"@type\":\"WebSite\",\"@id\":\"https:\/\/outdoor-gym.com\/es\/#website\",\"url\":\"https:\/\/outdoor-gym.com\/es\/\",\"name\":\"Trainer\",\"description\":\"Trainer\",\"potentialAction\":[{\"@type\":\"SearchAction\",\"target\":{\"@type\":\"EntryPoint\",\"urlTemplate\":\"https:\/\/outdoor-gym.com\/es\/?s={search_term_string}\"},\"query-input\":\"required name=search_term_string\"}],\"inLanguage\":\"pl-PL\"}]}<\/script>\n<!-- \/ Yoast SEO plugin. -->","yoast_head_json":{"title":"M\u00e1quinas gimnasio exterior- TRAINER","robots":{"index":"index","follow":"follow","max-snippet":"max-snippet:-1","max-image-preview":"max-image-preview:large","max-video-preview":"max-video-preview:-1"},"canonical":"https:\/\/outdoor-gym.com\/es\/clientes\/maquinas-gimnasio-exterior\/","og_locale":"en_GB","og_type":"article","og_title":"M\u00e1quinas gimnasio exterior- TRAINER","og_description":"El equipamiento de gimnasio al aire libre es una soluci\u00f3n excelente para ni\u00f1os y adolescentes en edad escolar. Son una gran idea para animar a los estudiantes a moverse al aire libre. Estas m\u00e1quinas son una excelente alternativa a las clases convencionales de educaci\u00f3n f\u00edsica y una soluci\u00f3n para pasar tiempo despu\u00e9s de clases. Ofrecemos [&hellip;]","og_url":"https:\/\/outdoor-gym.com\/es\/clientes\/maquinas-gimnasio-exterior\/","og_site_name":"Trainer","article_modified_time":"2023-05-30T07:23:27+00:00","og_image":[{"url":"https:\/\/outdoor-gym.com\/es\/wp-content\/uploads\/equipos-de-gimnasia-al-aire-libre-para-escuelas-3.png"}],"twitter_card":"summary_large_image","twitter_misc":{"Szacowany czas czytania":"1 minuta"},"schema":{"@context":"https:\/\/schema.org","@graph":[{"@type":"WebPage","@id":"https:\/\/outdoor-gym.com\/es\/clientes\/maquinas-gimnasio-exterior\/","url":"https:\/\/outdoor-gym.com\/es\/clientes\/maquinas-gimnasio-exterior\/","name":"M\u00e1quinas gimnasio exterior- TRAINER","isPartOf":{"@id":"https:\/\/outdoor-gym.com\/es\/#website"},"datePublished":"2021-01-12T07:46:54+00:00","dateModified":"2023-05-30T07:23:27+00:00","breadcrumb":{"@id":"https:\/\/outdoor-gym.com\/es\/clientes\/maquinas-gimnasio-exterior\/#breadcrumb"},"inLanguage":"pl-PL","potentialAction":[{"@type":"ReadAction","target":["https:\/\/outdoor-gym.com\/es\/clientes\/maquinas-gimnasio-exterior\/"]}]},{"@type":"BreadcrumbList","@id":"https:\/\/outdoor-gym.com\/es\/clientes\/maquinas-gimnasio-exterior\/#breadcrumb","itemListElement":[{"@type":"ListItem","position":1,"name":"es","item":"https:\/\/outdoor-gym.com\/es\/"},{"@type":"ListItem","position":2,"name":"Clientes","item":"https:\/\/outdoor-gym.com\/es\/clientes\/"},{"@type":"ListItem","position":3,"name":"M\u00e1quinas gimnasio exterior"}]},{"@type":"WebSite","@id":"https:\/\/outdoor-gym.com\/es\/#website","url":"https:\/\/outdoor-gym.com\/es\/","name":"Trainer","description":"Trainer","potentialAction":[{"@type":"SearchAction","target":{"@type":"EntryPoint","urlTemplate":"https:\/\/outdoor-gym.com\/es\/?s={search_term_string}"},"query-input":"required name=search_term_string"}],"inLanguage":"pl-PL"}]}},"_links":{"self":[{"href":"https:\/\/outdoor-gym.com\/es\/wp-json\/wp\/v2\/pages\/959"}],"collection":[{"href":"https:\/\/outdoor-gym.com\/es\/wp-json\/wp\/v2\/pages"}],"about":[{"href":"https:\/\/outdoor-gym.com\/es\/wp-json\/wp\/v2\/types\/page"}],"author":[{"embeddable":true,"href":"https:\/\/outdoor-gym.com\/es\/wp-json\/wp\/v2\/users\/1"}],"replies":[{"embeddable":true,"href":"https:\/\/outdoor-gym.com\/es\/wp-json\/wp\/v2\/comments?post=959"}],"version-history":[{"count":33,"href":"https:\/\/outdoor-gym.com\/es\/wp-json\/wp\/v2\/pages\/959\/revisions"}],"predecessor-version":[{"id":4716,"href":"https:\/\/outdoor-gym.com\/es\/wp-json\/wp\/v2\/pages\/959\/revisions\/4716"}],"up":[{"embeddable":true,"href":"https:\/\/outdoor-gym.com\/es\/wp-json\/wp\/v2\/pages\/930"}],"wp:attachment":[{"href":"https:\/\/outdoor-gym.com\/es\/wp-json\/wp\/v2\/media?parent=959"}],"curies":[{"name":"wp","href":"https:\/\/api.w.org\/{rel}","templated":true}]}}