{"id":963,"date":"2021-01-12T08:47:54","date_gmt":"2021-01-12T07:47:54","guid":{"rendered":"https:\/\/outdoor-gym.com\/es\/?page_id=963"},"modified":"2023-05-30T09:27:38","modified_gmt":"2023-05-30T07:27:38","slug":"gimnasios-al-aire-libre-para-cooperativas-y-comunidades-de-vivienda","status":"publish","type":"page","link":"https:\/\/outdoor-gym.com\/es\/clientes\/gimnasios-al-aire-libre-para-cooperativas-y-comunidades-de-vivienda\/","title":{"rendered":"Gimnasios al aire libre para cooperativas y comunidades de vivienda"},"content":{"rendered":"<p>Nuestra empresa lleva a\u00f1os trabajando con cooperativas y comunidades de vivienda. Sabemos que los gimnasios al aire libre son una excelente manera de integrar a todos los residentes. Ubicados en un parque residencial, son un lugar excelente para reuniones y conversaciones haciendo ejercicios al mismo tiempo. Adem\u00e1s, las m\u00e1quinas de entrenamiento modernas hacen que el espacio p\u00fablico sea muy atractivo y fomentan la actividad f\u00edsica de personas de todas las edades. Es una gran idea poner un gimnasio al aire libre justo al lado de un parque infantil. De esta manera los padres pueden pasar tiempo con sus hijos al aire libre de una manera extremadamente \u00fatil y agradable. Los gimnasios al aire libre tambi\u00e9n animan a los j\u00f3venes a ser f\u00edsicamente activos. Despu\u00e9s de pasar unas horas en la escuela o sentado frente a un ordenador, el gimnasio al aire libre es un lugar ideal para estiramientos, relajaci\u00f3n y ejercicios de fortalecimiento.<\/p>\n<p><img decoding=\"async\" loading=\"lazy\" class=\"alignnone size-full wp-image-1949\" src=\"https:\/\/outdoor-gym.com\/es\/wp-content\/uploads\/equipamiento-para-gimnasios-al-aire-libre.png\" alt=\"\" width=\"1920\" height=\"1080\" srcset=\"https:\/\/outdoor-gym.com\/es\/wp-content\/uploads\/equipamiento-para-gimnasios-al-aire-libre.png 1920w, https:\/\/outdoor-gym.com\/es\/wp-content\/uploads\/equipamiento-para-gimnasios-al-aire-libre-600x338.png 600w, https:\/\/outdoor-gym.com\/es\/wp-content\/uploads\/equipamiento-para-gimnasios-al-aire-libre-768x432.png 768w, https:\/\/outdoor-gym.com\/es\/wp-content\/uploads\/equipamiento-para-gimnasios-al-aire-libre-1536x864.png 1536w\" sizes=\"(max-width: 1920px) 100vw, 1920px\" \/><\/p>\n<p>&nbsp;<\/p>\n","protected":false},"excerpt":{"rendered":"<p>Nuestra empresa lleva a\u00f1os trabajando con cooperativas y comunidades de vivienda. Sabemos que los gimnasios al aire libre son una excelente manera de integrar a todos los residentes. Ubicados en un parque residencial, son un lugar excelente para reuniones y conversaciones haciendo ejercicios al mismo tiempo. Adem\u00e1s, las m\u00e1quinas de entrenamiento modernas hacen que el [&hellip;]<\/p>\n","protected":false},"author":1,"featured_media":0,"parent":930,"menu_order":0,"comment_status":"closed","ping_status":"closed","template":"template-klienci-podstrona.php","meta":[],"acf":[],"yoast_head":"<!-- This site is optimized with the Yoast SEO plugin v21.1 - https:\/\/yoast.com\/wordpress\/plugins\/seo\/ -->\n<title>M\u00e1quinas de gimnasio para exterior<\/title>\n<meta name=\"robots\" content=\"index, follow, max-snippet:-1, max-image-preview:large, max-video-preview:-1\" \/>\n<link rel=\"canonical\" href=\"https:\/\/outdoor-gym.com\/es\/clientes\/gimnasios-al-aire-libre-para-cooperativas-y-comunidades-de-vivienda\/\" \/>\n<meta property=\"og:locale\" content=\"en_GB\" \/>\n<meta property=\"og:type\" content=\"article\" \/>\n<meta property=\"og:title\" content=\"M\u00e1quinas de gimnasio para exterior\" \/>\n<meta property=\"og:description\" content=\"Nuestra empresa lleva a\u00f1os trabajando con cooperativas y comunidades de vivienda. Sabemos que los gimnasios al aire libre son una excelente manera de integrar a todos los residentes. Ubicados en un parque residencial, son un lugar excelente para reuniones y conversaciones haciendo ejercicios al mismo tiempo. Adem\u00e1s, las m\u00e1quinas de entrenamiento modernas hacen que el [&hellip;]\" \/>\n<meta property=\"og:url\" content=\"https:\/\/outdoor-gym.com\/es\/clientes\/gimnasios-al-aire-libre-para-cooperativas-y-comunidades-de-vivienda\/\" \/>\n<meta property=\"og:site_name\" content=\"Trainer\" \/>\n<meta property=\"article:modified_time\" content=\"2023-05-30T07:27:38+00:00\" \/>\n<meta property=\"og:image\" content=\"https:\/\/outdoor-gym.com\/es\/wp-content\/uploads\/equipamiento-para-gimnasios-al-aire-libre.png\" \/>\n<meta name=\"twitter:card\" content=\"summary_large_image\" \/>\n<meta name=\"twitter:label1\" content=\"Szacowany czas czytania\" \/>\n\t<meta name=\"twitter:data1\" content=\"2 minuty\" \/>\n<script type=\"application\/ld+json\" class=\"yoast-schema-graph\">{\"@context\":\"https:\/\/schema.org\",\"@graph\":[{\"@type\":\"WebPage\",\"@id\":\"https:\/\/outdoor-gym.com\/es\/clientes\/gimnasios-al-aire-libre-para-cooperativas-y-comunidades-de-vivienda\/\",\"url\":\"https:\/\/outdoor-gym.com\/es\/clientes\/gimnasios-al-aire-libre-para-cooperativas-y-comunidades-de-vivienda\/\",\"name\":\"M\u00e1quinas de gimnasio para exterior\",\"isPartOf\":{\"@id\":\"https:\/\/outdoor-gym.com\/es\/#website\"},\"datePublished\":\"2021-01-12T07:47:54+00:00\",\"dateModified\":\"2023-05-30T07:27:38+00:00\",\"breadcrumb\":{\"@id\":\"https:\/\/outdoor-gym.com\/es\/clientes\/gimnasios-al-aire-libre-para-cooperativas-y-comunidades-de-vivienda\/#breadcrumb\"},\"inLanguage\":\"pl-PL\",\"potentialAction\":[{\"@type\":\"ReadAction\",\"target\":[\"https:\/\/outdoor-gym.com\/es\/clientes\/gimnasios-al-aire-libre-para-cooperativas-y-comunidades-de-vivienda\/\"]}]},{\"@type\":\"BreadcrumbList\",\"@id\":\"https:\/\/outdoor-gym.com\/es\/clientes\/gimnasios-al-aire-libre-para-cooperativas-y-comunidades-de-vivienda\/#breadcrumb\",\"itemListElement\":[{\"@type\":\"ListItem\",\"position\":1,\"name\":\"es\",\"item\":\"https:\/\/outdoor-gym.com\/es\/\"},{\"@type\":\"ListItem\",\"position\":2,\"name\":\"Clientes\",\"item\":\"https:\/\/outdoor-gym.com\/es\/clientes\/\"},{\"@type\":\"ListItem\",\"position\":3,\"name\":\"Gimnasios al aire libre para cooperativas y comunidades de vivienda\"}]},{\"@type\":\"WebSite\",\"@id\":\"https:\/\/outdoor-gym.com\/es\/#website\",\"url\":\"https:\/\/outdoor-gym.com\/es\/\",\"name\":\"Trainer\",\"description\":\"Trainer\",\"potentialAction\":[{\"@type\":\"SearchAction\",\"target\":{\"@type\":\"EntryPoint\",\"urlTemplate\":\"https:\/\/outdoor-gym.com\/es\/?s={search_term_string}\"},\"query-input\":\"required name=search_term_string\"}],\"inLanguage\":\"pl-PL\"}]}<\/script>\n<!-- \/ Yoast SEO plugin. -->","yoast_head_json":{"title":"M\u00e1quinas de gimnasio para exterior","robots":{"index":"index","follow":"follow","max-snippet":"max-snippet:-1","max-image-preview":"max-image-preview:large","max-video-preview":"max-video-preview:-1"},"canonical":"https:\/\/outdoor-gym.com\/es\/clientes\/gimnasios-al-aire-libre-para-cooperativas-y-comunidades-de-vivienda\/","og_locale":"en_GB","og_type":"article","og_title":"M\u00e1quinas de gimnasio para exterior","og_description":"Nuestra empresa lleva a\u00f1os trabajando con cooperativas y comunidades de vivienda. Sabemos que los gimnasios al aire libre son una excelente manera de integrar a todos los residentes. Ubicados en un parque residencial, son un lugar excelente para reuniones y conversaciones haciendo ejercicios al mismo tiempo. Adem\u00e1s, las m\u00e1quinas de entrenamiento modernas hacen que el [&hellip;]","og_url":"https:\/\/outdoor-gym.com\/es\/clientes\/gimnasios-al-aire-libre-para-cooperativas-y-comunidades-de-vivienda\/","og_site_name":"Trainer","article_modified_time":"2023-05-30T07:27:38+00:00","og_image":[{"url":"https:\/\/outdoor-gym.com\/es\/wp-content\/uploads\/equipamiento-para-gimnasios-al-aire-libre.png"}],"twitter_card":"summary_large_image","twitter_misc":{"Szacowany czas czytania":"2 minuty"},"schema":{"@context":"https:\/\/schema.org","@graph":[{"@type":"WebPage","@id":"https:\/\/outdoor-gym.com\/es\/clientes\/gimnasios-al-aire-libre-para-cooperativas-y-comunidades-de-vivienda\/","url":"https:\/\/outdoor-gym.com\/es\/clientes\/gimnasios-al-aire-libre-para-cooperativas-y-comunidades-de-vivienda\/","name":"M\u00e1quinas de gimnasio para exterior","isPartOf":{"@id":"https:\/\/outdoor-gym.com\/es\/#website"},"datePublished":"2021-01-12T07:47:54+00:00","dateModified":"2023-05-30T07:27:38+00:00","breadcrumb":{"@id":"https:\/\/outdoor-gym.com\/es\/clientes\/gimnasios-al-aire-libre-para-cooperativas-y-comunidades-de-vivienda\/#breadcrumb"},"inLanguage":"pl-PL","potentialAction":[{"@type":"ReadAction","target":["https:\/\/outdoor-gym.com\/es\/clientes\/gimnasios-al-aire-libre-para-cooperativas-y-comunidades-de-vivienda\/"]}]},{"@type":"BreadcrumbList","@id":"https:\/\/outdoor-gym.com\/es\/clientes\/gimnasios-al-aire-libre-para-cooperativas-y-comunidades-de-vivienda\/#breadcrumb","itemListElement":[{"@type":"ListItem","position":1,"name":"es","item":"https:\/\/outdoor-gym.com\/es\/"},{"@type":"ListItem","position":2,"name":"Clientes","item":"https:\/\/outdoor-gym.com\/es\/clientes\/"},{"@type":"ListItem","position":3,"name":"Gimnasios al aire libre para cooperativas y comunidades de vivienda"}]},{"@type":"WebSite","@id":"https:\/\/outdoor-gym.com\/es\/#website","url":"https:\/\/outdoor-gym.com\/es\/","name":"Trainer","description":"Trainer","potentialAction":[{"@type":"SearchAction","target":{"@type":"EntryPoint","urlTemplate":"https:\/\/outdoor-gym.com\/es\/?s={search_term_string}"},"query-input":"required name=search_term_string"}],"inLanguage":"pl-PL"}]}},"_links":{"self":[{"href":"https:\/\/outdoor-gym.com\/es\/wp-json\/wp\/v2\/pages\/963"}],"collection":[{"href":"https:\/\/outdoor-gym.com\/es\/wp-json\/wp\/v2\/pages"}],"about":[{"href":"https:\/\/outdoor-gym.com\/es\/wp-json\/wp\/v2\/types\/page"}],"author":[{"embeddable":true,"href":"https:\/\/outdoor-gym.com\/es\/wp-json\/wp\/v2\/users\/1"}],"replies":[{"embeddable":true,"href":"https:\/\/outdoor-gym.com\/es\/wp-json\/wp\/v2\/comments?post=963"}],"version-history":[{"count":17,"href":"https:\/\/outdoor-gym.com\/es\/wp-json\/wp\/v2\/pages\/963\/revisions"}],"predecessor-version":[{"id":4717,"href":"https:\/\/outdoor-gym.com\/es\/wp-json\/wp\/v2\/pages\/963\/revisions\/4717"}],"up":[{"embeddable":true,"href":"https:\/\/outdoor-gym.com\/es\/wp-json\/wp\/v2\/pages\/930"}],"wp:attachment":[{"href":"https:\/\/outdoor-gym.com\/es\/wp-json\/wp\/v2\/media?parent=963"}],"curies":[{"name":"wp","href":"https:\/\/api.w.org\/{rel}","templated":true}]}}