{"id":964,"date":"2021-01-12T08:48:13","date_gmt":"2021-01-12T07:48:13","guid":{"rendered":"https:\/\/outdoor-gym.com\/es\/?page_id=964"},"modified":"2023-04-06T09:27:49","modified_gmt":"2023-04-06T07:27:49","slug":"equipo-de-fitness-al-aire-libre-para-empresas","status":"publish","type":"page","link":"https:\/\/outdoor-gym.com\/es\/clientes\/equipo-de-fitness-al-aire-libre-para-empresas\/","title":{"rendered":"Equipo de fitness al aire libre para empresas"},"content":{"rendered":"<p>Gimnasios al aire libre para la empresa que cuida un estilo de vida saludable de sus empleados.<\/p>\n<p>Como una empresa moderna con tradiciones, sabemos que sin personal calificado, el desarrollo es imposible, por lo que tambi\u00e9n dirigimos nuestra oferta de gimnasios exteriores a las empresas que cuidan la marca de empleador en el mercado laboral. Las m\u00e1quinas de gimnasio al aire libre es un elemento atractivo a la empresa y permite construir la imagen de una empresa propicia para un estilo de vida saludable. Podemos decir que esto tambi\u00e9n sea un elemento probado de una campa\u00f1a de marketing y relaciones p\u00fablicas.<\/p>\n<p><img decoding=\"async\" loading=\"lazy\" class=\"alignnone wp-image-1829 size-full\" title=\"Outdoor fitness equipment for companies\" src=\"https:\/\/outdoor-gym.com\/es\/wp-content\/uploads\/Aparatos de fitness al aire libre para empresas-foto .jpg\" alt=\"Outdoor gym equipment for companies\" width=\"2560\" height=\"1707\" srcset=\"https:\/\/outdoor-gym.com\/es\/wp-content\/uploads\/Aparatos%20de%20fitness%20al%20aire%20libre%20para%20empresas-foto%20.jpg 2560w, https:\/\/outdoor-gym.com\/es\/wp-content\/uploads\/Aparatos%20de%20fitness%20al%20aire%20libre%20para%20empresas-foto%20-600x400.jpg 600w, https:\/\/outdoor-gym.com\/es\/wp-content\/uploads\/Aparatos%20de%20fitness%20al%20aire%20libre%20para%20empresas-foto%20-2000x1334.jpg 2000w, https:\/\/outdoor-gym.com\/es\/wp-content\/uploads\/Aparatos%20de%20fitness%20al%20aire%20libre%20para%20empresas-foto%20-768x512.jpg 768w, https:\/\/outdoor-gym.com\/es\/wp-content\/uploads\/Aparatos%20de%20fitness%20al%20aire%20libre%20para%20empresas-foto%20-1536x1024.jpg 1536w, https:\/\/outdoor-gym.com\/es\/wp-content\/uploads\/Aparatos%20de%20fitness%20al%20aire%20libre%20para%20empresas-foto%20-2048x1366.jpg 2048w\" sizes=\"(max-width: 2560px) 100vw, 2560px\" \/><\/p>\n","protected":false},"excerpt":{"rendered":"<p>Gimnasios al aire libre para la empresa que cuida un estilo de vida saludable de sus empleados. Como una empresa moderna con tradiciones, sabemos que sin personal calificado, el desarrollo es imposible, por lo que tambi\u00e9n dirigimos nuestra oferta de gimnasios exteriores a las empresas que cuidan la marca de empleador en el mercado laboral. [&hellip;]<\/p>\n","protected":false},"author":1,"featured_media":0,"parent":930,"menu_order":0,"comment_status":"closed","ping_status":"closed","template":"template-klienci-podstrona.php","meta":[],"acf":[],"yoast_head":"<!-- This site is optimized with the Yoast SEO plugin v21.1 - https:\/\/yoast.com\/wordpress\/plugins\/seo\/ -->\n<title>Equipo de fitness al aire libre para empresas - TRAINER - outdoor gym<\/title>\n<meta name=\"description\" content=\"Gimnasios al aire libre para la empresa que cuida un estilo de vida saludable de sus empleados.\" \/>\n<meta name=\"robots\" content=\"index, follow, max-snippet:-1, max-image-preview:large, max-video-preview:-1\" \/>\n<link rel=\"canonical\" href=\"https:\/\/outdoor-gym.com\/es\/clientes\/equipo-de-fitness-al-aire-libre-para-empresas\/\" \/>\n<meta property=\"og:locale\" content=\"en_GB\" \/>\n<meta property=\"og:type\" content=\"article\" \/>\n<meta property=\"og:title\" content=\"Equipo de fitness al aire libre para empresas - TRAINER - outdoor gym\" \/>\n<meta property=\"og:description\" content=\"Gimnasios al aire libre para la empresa que cuida un estilo de vida saludable de sus empleados.\" \/>\n<meta property=\"og:url\" content=\"https:\/\/outdoor-gym.com\/es\/clientes\/equipo-de-fitness-al-aire-libre-para-empresas\/\" \/>\n<meta property=\"og:site_name\" content=\"Trainer\" \/>\n<meta property=\"article:modified_time\" content=\"2023-04-06T07:27:49+00:00\" \/>\n<meta name=\"twitter:card\" content=\"summary_large_image\" \/>\n<meta name=\"twitter:label1\" content=\"Szacowany czas czytania\" \/>\n\t<meta name=\"twitter:data1\" content=\"1 minuta\" \/>\n<script type=\"application\/ld+json\" class=\"yoast-schema-graph\">{\"@context\":\"https:\/\/schema.org\",\"@graph\":[{\"@type\":\"WebPage\",\"@id\":\"https:\/\/outdoor-gym.com\/es\/clientes\/equipo-de-fitness-al-aire-libre-para-empresas\/\",\"url\":\"https:\/\/outdoor-gym.com\/es\/clientes\/equipo-de-fitness-al-aire-libre-para-empresas\/\",\"name\":\"Equipo de fitness al aire libre para empresas - TRAINER - outdoor gym\",\"isPartOf\":{\"@id\":\"https:\/\/outdoor-gym.com\/es\/#website\"},\"datePublished\":\"2021-01-12T07:48:13+00:00\",\"dateModified\":\"2023-04-06T07:27:49+00:00\",\"description\":\"Gimnasios al aire libre para la empresa que cuida un estilo de vida saludable de sus empleados.\",\"breadcrumb\":{\"@id\":\"https:\/\/outdoor-gym.com\/es\/clientes\/equipo-de-fitness-al-aire-libre-para-empresas\/#breadcrumb\"},\"inLanguage\":\"pl-PL\",\"potentialAction\":[{\"@type\":\"ReadAction\",\"target\":[\"https:\/\/outdoor-gym.com\/es\/clientes\/equipo-de-fitness-al-aire-libre-para-empresas\/\"]}]},{\"@type\":\"BreadcrumbList\",\"@id\":\"https:\/\/outdoor-gym.com\/es\/clientes\/equipo-de-fitness-al-aire-libre-para-empresas\/#breadcrumb\",\"itemListElement\":[{\"@type\":\"ListItem\",\"position\":1,\"name\":\"es\",\"item\":\"https:\/\/outdoor-gym.com\/es\/\"},{\"@type\":\"ListItem\",\"position\":2,\"name\":\"Clientes\",\"item\":\"https:\/\/outdoor-gym.com\/es\/clientes\/\"},{\"@type\":\"ListItem\",\"position\":3,\"name\":\"Equipo de fitness al aire libre para empresas\"}]},{\"@type\":\"WebSite\",\"@id\":\"https:\/\/outdoor-gym.com\/es\/#website\",\"url\":\"https:\/\/outdoor-gym.com\/es\/\",\"name\":\"Trainer\",\"description\":\"Trainer\",\"potentialAction\":[{\"@type\":\"SearchAction\",\"target\":{\"@type\":\"EntryPoint\",\"urlTemplate\":\"https:\/\/outdoor-gym.com\/es\/?s={search_term_string}\"},\"query-input\":\"required name=search_term_string\"}],\"inLanguage\":\"pl-PL\"}]}<\/script>\n<!-- \/ Yoast SEO plugin. -->","yoast_head_json":{"title":"Equipo de fitness al aire libre para empresas - TRAINER - outdoor gym","description":"Gimnasios al aire libre para la empresa que cuida un estilo de vida saludable de sus empleados.","robots":{"index":"index","follow":"follow","max-snippet":"max-snippet:-1","max-image-preview":"max-image-preview:large","max-video-preview":"max-video-preview:-1"},"canonical":"https:\/\/outdoor-gym.com\/es\/clientes\/equipo-de-fitness-al-aire-libre-para-empresas\/","og_locale":"en_GB","og_type":"article","og_title":"Equipo de fitness al aire libre para empresas - TRAINER - outdoor gym","og_description":"Gimnasios al aire libre para la empresa que cuida un estilo de vida saludable de sus empleados.","og_url":"https:\/\/outdoor-gym.com\/es\/clientes\/equipo-de-fitness-al-aire-libre-para-empresas\/","og_site_name":"Trainer","article_modified_time":"2023-04-06T07:27:49+00:00","twitter_card":"summary_large_image","twitter_misc":{"Szacowany czas czytania":"1 minuta"},"schema":{"@context":"https:\/\/schema.org","@graph":[{"@type":"WebPage","@id":"https:\/\/outdoor-gym.com\/es\/clientes\/equipo-de-fitness-al-aire-libre-para-empresas\/","url":"https:\/\/outdoor-gym.com\/es\/clientes\/equipo-de-fitness-al-aire-libre-para-empresas\/","name":"Equipo de fitness al aire libre para empresas - TRAINER - outdoor gym","isPartOf":{"@id":"https:\/\/outdoor-gym.com\/es\/#website"},"datePublished":"2021-01-12T07:48:13+00:00","dateModified":"2023-04-06T07:27:49+00:00","description":"Gimnasios al aire libre para la empresa que cuida un estilo de vida saludable de sus empleados.","breadcrumb":{"@id":"https:\/\/outdoor-gym.com\/es\/clientes\/equipo-de-fitness-al-aire-libre-para-empresas\/#breadcrumb"},"inLanguage":"pl-PL","potentialAction":[{"@type":"ReadAction","target":["https:\/\/outdoor-gym.com\/es\/clientes\/equipo-de-fitness-al-aire-libre-para-empresas\/"]}]},{"@type":"BreadcrumbList","@id":"https:\/\/outdoor-gym.com\/es\/clientes\/equipo-de-fitness-al-aire-libre-para-empresas\/#breadcrumb","itemListElement":[{"@type":"ListItem","position":1,"name":"es","item":"https:\/\/outdoor-gym.com\/es\/"},{"@type":"ListItem","position":2,"name":"Clientes","item":"https:\/\/outdoor-gym.com\/es\/clientes\/"},{"@type":"ListItem","position":3,"name":"Equipo de fitness al aire libre para empresas"}]},{"@type":"WebSite","@id":"https:\/\/outdoor-gym.com\/es\/#website","url":"https:\/\/outdoor-gym.com\/es\/","name":"Trainer","description":"Trainer","potentialAction":[{"@type":"SearchAction","target":{"@type":"EntryPoint","urlTemplate":"https:\/\/outdoor-gym.com\/es\/?s={search_term_string}"},"query-input":"required name=search_term_string"}],"inLanguage":"pl-PL"}]}},"_links":{"self":[{"href":"https:\/\/outdoor-gym.com\/es\/wp-json\/wp\/v2\/pages\/964"}],"collection":[{"href":"https:\/\/outdoor-gym.com\/es\/wp-json\/wp\/v2\/pages"}],"about":[{"href":"https:\/\/outdoor-gym.com\/es\/wp-json\/wp\/v2\/types\/page"}],"author":[{"embeddable":true,"href":"https:\/\/outdoor-gym.com\/es\/wp-json\/wp\/v2\/users\/1"}],"replies":[{"embeddable":true,"href":"https:\/\/outdoor-gym.com\/es\/wp-json\/wp\/v2\/comments?post=964"}],"version-history":[{"count":17,"href":"https:\/\/outdoor-gym.com\/es\/wp-json\/wp\/v2\/pages\/964\/revisions"}],"predecessor-version":[{"id":4587,"href":"https:\/\/outdoor-gym.com\/es\/wp-json\/wp\/v2\/pages\/964\/revisions\/4587"}],"up":[{"embeddable":true,"href":"https:\/\/outdoor-gym.com\/es\/wp-json\/wp\/v2\/pages\/930"}],"wp:attachment":[{"href":"https:\/\/outdoor-gym.com\/es\/wp-json\/wp\/v2\/media?parent=964"}],"curies":[{"name":"wp","href":"https:\/\/api.w.org\/{rel}","templated":true}]}}