{"id":965,"date":"2021-01-12T08:49:16","date_gmt":"2021-01-12T07:49:16","guid":{"rendered":"https:\/\/outdoor-gym.com\/es\/?page_id=965"},"modified":"2023-05-30T09:30:50","modified_gmt":"2023-05-30T07:30:50","slug":"gimnasio-exterior-para-el-jardin","status":"publish","type":"page","link":"https:\/\/outdoor-gym.com\/es\/clientes\/gimnasio-exterior-para-el-jardin\/","title":{"rendered":"Gimnasio exterior para el jard\u00edn"},"content":{"rendered":"<h2>Gimnasios al aire libre para el jard\u00edn: una soluci\u00f3n perfecta para el ejercicio al aire libre.<\/h2>\n<p>Vivimos en un mundo en el que pasamos mucho tiempo sentados. Trabajamos con el ordenador, hacemos los deberes, vemos la televisi\u00f3n y todo esto hace que nuestro cuerpo requiera movimiento y actividad f\u00edsica. Desafortunadamente, no siempre tenemos la oportunidad de comprar un pase de gimnasio y pasar unas horas a la semana all\u00ed. El gimnasio al aire libre para el jard\u00edn es una soluci\u00f3n ideal para las personas que est\u00e1n cansadas del trabajo diario en una posici\u00f3n sentada.<\/p>\n<h2><img decoding=\"async\" loading=\"lazy\" class=\"alignnone wp-image-1939 size-full\" style=\"font-size: 16px;\" title=\"Outdoor fitness equipmen for garden\" src=\"https:\/\/outdoor-gym.com\/es\/wp-content\/uploads\/gimnasios-al-aire-libre-de-exterior.jpg\" alt=\"Outdoor gym equipmen for garden\" width=\"2560\" height=\"1704\" srcset=\"https:\/\/outdoor-gym.com\/es\/wp-content\/uploads\/gimnasios-al-aire-libre-de-exterior.jpg 2560w, https:\/\/outdoor-gym.com\/es\/wp-content\/uploads\/gimnasios-al-aire-libre-de-exterior-600x399.jpg 600w, https:\/\/outdoor-gym.com\/es\/wp-content\/uploads\/gimnasios-al-aire-libre-de-exterior-2000x1331.jpg 2000w, https:\/\/outdoor-gym.com\/es\/wp-content\/uploads\/gimnasios-al-aire-libre-de-exterior-768x511.jpg 768w, https:\/\/outdoor-gym.com\/es\/wp-content\/uploads\/gimnasios-al-aire-libre-de-exterior-1536x1022.jpg 1536w, https:\/\/outdoor-gym.com\/es\/wp-content\/uploads\/gimnasios-al-aire-libre-de-exterior-2048x1363.jpg 2048w\" sizes=\"(max-width: 2560px) 100vw, 2560px\" \/><\/h2>\n<p>El inter\u00e9s en este tipo de soluciones est\u00e1 creciendo din\u00e1micamente cada a\u00f1o. En cuanto a las m\u00e1quinas, los gimnasios al aire libre no se parecen en nada a los gimnasios convencionales. Aqu\u00ed encontrar\u00e1 m\u00e1quinas de fuerza y para ejercicios cardio: bancos de entrenamiento, barras de dominadas, pasamanos, bicicletas, m\u00e1quinas de remo, bicicletas el\u00edpticas, steppers y mucho m\u00e1s. Tambi\u00e9n puede instalar un conjunto simple de street workout en el jard\u00edn.<\/p>\n<p>Si est\u00e1 buscando una alternativa a los clubes de fitness concurridos, el gimnasio al aire libre ser\u00e1 una buena elecci\u00f3n. El entrenamiento en el gimnasio al aire libre en el jard\u00edn oxigenar\u00e1 el cuerpo y proporcionar\u00e1 una dosis de vitamina D.<\/p>\n<h2>Gimnasios al aire libre en el jard\u00edn: \u00bfpara qui\u00e9n?<\/h2>\n<p><span class=\"jCAhz ChMk0b\"><span class=\"ryNqvb\">Los dispositivos de ejercicio al aire libre para el jard\u00edn son la soluci\u00f3n perfecta para todos aquellos que, al regresar a casa, quieren participar en alguna actividad f\u00edsica en paz y tranquilidad.<\/span><\/span> <span class=\"jCAhz ChMk0b\"><span class=\"ryNqvb\">Esta opci\u00f3n tambi\u00e9n es perfecta para las personas que trabajan desde casa.<\/span><\/span> <span class=\"jCAhz ChMk0b\"><span class=\"ryNqvb\">Se recomienda que por cada hora que se pasa frente a la computadora, se tome un descanso de 5 o 10 minutos.<\/span><\/span> <span class=\"jCAhz ChMk0b\"><span class=\"ryNqvb\">Este tiempo lo podemos dedicar a hacer ejercicio en el jard\u00edn de un gimnasio al aire libre, gracias a lo cual nuestra eficacia puede mantenerse a un nivel muy alto durante toda la jornada de trabajo.<\/span><\/span><\/p>\n","protected":false},"excerpt":{"rendered":"<p>Gimnasios al aire libre para el jard\u00edn: una soluci\u00f3n perfecta para el ejercicio al aire libre. Vivimos en un mundo en el que pasamos mucho tiempo sentados. Trabajamos con el ordenador, hacemos los deberes, vemos la televisi\u00f3n y todo esto hace que nuestro cuerpo requiera movimiento y actividad f\u00edsica. Desafortunadamente, no siempre tenemos la oportunidad [&hellip;]<\/p>\n","protected":false},"author":1,"featured_media":0,"parent":930,"menu_order":0,"comment_status":"closed","ping_status":"closed","template":"template-klienci-podstrona.php","meta":[],"acf":[],"yoast_head":"<!-- This site is optimized with the Yoast SEO plugin v21.1 - https:\/\/yoast.com\/wordpress\/plugins\/seo\/ -->\n<title>Gimnasio exterior para el jard\u00edn - TRAINER<\/title>\n<meta name=\"robots\" content=\"index, follow, max-snippet:-1, max-image-preview:large, max-video-preview:-1\" \/>\n<link rel=\"canonical\" href=\"https:\/\/outdoor-gym.com\/es\/clientes\/gimnasio-exterior-para-el-jardin\/\" \/>\n<meta property=\"og:locale\" content=\"en_GB\" \/>\n<meta property=\"og:type\" content=\"article\" \/>\n<meta property=\"og:title\" content=\"Gimnasio exterior para el jard\u00edn - TRAINER\" \/>\n<meta property=\"og:description\" content=\"Gimnasios al aire libre para el jard\u00edn: una soluci\u00f3n perfecta para el ejercicio al aire libre. Vivimos en un mundo en el que pasamos mucho tiempo sentados. Trabajamos con el ordenador, hacemos los deberes, vemos la televisi\u00f3n y todo esto hace que nuestro cuerpo requiera movimiento y actividad f\u00edsica. Desafortunadamente, no siempre tenemos la oportunidad [&hellip;]\" \/>\n<meta property=\"og:url\" content=\"https:\/\/outdoor-gym.com\/es\/clientes\/gimnasio-exterior-para-el-jardin\/\" \/>\n<meta property=\"og:site_name\" content=\"Trainer\" \/>\n<meta property=\"article:modified_time\" content=\"2023-05-30T07:30:50+00:00\" \/>\n<meta property=\"og:image\" content=\"https:\/\/outdoor-gym.com\/es\/wp-content\/uploads\/gimnasios-al-aire-libre-de-exterior.jpg\" \/>\n<meta name=\"twitter:card\" content=\"summary_large_image\" \/>\n<meta name=\"twitter:label1\" content=\"Szacowany czas czytania\" \/>\n\t<meta name=\"twitter:data1\" content=\"3 minuty\" \/>\n<script type=\"application\/ld+json\" class=\"yoast-schema-graph\">{\"@context\":\"https:\/\/schema.org\",\"@graph\":[{\"@type\":\"WebPage\",\"@id\":\"https:\/\/outdoor-gym.com\/es\/clientes\/gimnasio-exterior-para-el-jardin\/\",\"url\":\"https:\/\/outdoor-gym.com\/es\/clientes\/gimnasio-exterior-para-el-jardin\/\",\"name\":\"Gimnasio exterior para el jard\u00edn - TRAINER\",\"isPartOf\":{\"@id\":\"https:\/\/outdoor-gym.com\/es\/#website\"},\"datePublished\":\"2021-01-12T07:49:16+00:00\",\"dateModified\":\"2023-05-30T07:30:50+00:00\",\"breadcrumb\":{\"@id\":\"https:\/\/outdoor-gym.com\/es\/clientes\/gimnasio-exterior-para-el-jardin\/#breadcrumb\"},\"inLanguage\":\"pl-PL\",\"potentialAction\":[{\"@type\":\"ReadAction\",\"target\":[\"https:\/\/outdoor-gym.com\/es\/clientes\/gimnasio-exterior-para-el-jardin\/\"]}]},{\"@type\":\"BreadcrumbList\",\"@id\":\"https:\/\/outdoor-gym.com\/es\/clientes\/gimnasio-exterior-para-el-jardin\/#breadcrumb\",\"itemListElement\":[{\"@type\":\"ListItem\",\"position\":1,\"name\":\"es\",\"item\":\"https:\/\/outdoor-gym.com\/es\/\"},{\"@type\":\"ListItem\",\"position\":2,\"name\":\"Clientes\",\"item\":\"https:\/\/outdoor-gym.com\/es\/clientes\/\"},{\"@type\":\"ListItem\",\"position\":3,\"name\":\"Gimnasio exterior para el jard\u00edn\"}]},{\"@type\":\"WebSite\",\"@id\":\"https:\/\/outdoor-gym.com\/es\/#website\",\"url\":\"https:\/\/outdoor-gym.com\/es\/\",\"name\":\"Trainer\",\"description\":\"Trainer\",\"potentialAction\":[{\"@type\":\"SearchAction\",\"target\":{\"@type\":\"EntryPoint\",\"urlTemplate\":\"https:\/\/outdoor-gym.com\/es\/?s={search_term_string}\"},\"query-input\":\"required name=search_term_string\"}],\"inLanguage\":\"pl-PL\"}]}<\/script>\n<!-- \/ Yoast SEO plugin. -->","yoast_head_json":{"title":"Gimnasio exterior para el jard\u00edn - TRAINER","robots":{"index":"index","follow":"follow","max-snippet":"max-snippet:-1","max-image-preview":"max-image-preview:large","max-video-preview":"max-video-preview:-1"},"canonical":"https:\/\/outdoor-gym.com\/es\/clientes\/gimnasio-exterior-para-el-jardin\/","og_locale":"en_GB","og_type":"article","og_title":"Gimnasio exterior para el jard\u00edn - TRAINER","og_description":"Gimnasios al aire libre para el jard\u00edn: una soluci\u00f3n perfecta para el ejercicio al aire libre. Vivimos en un mundo en el que pasamos mucho tiempo sentados. Trabajamos con el ordenador, hacemos los deberes, vemos la televisi\u00f3n y todo esto hace que nuestro cuerpo requiera movimiento y actividad f\u00edsica. Desafortunadamente, no siempre tenemos la oportunidad [&hellip;]","og_url":"https:\/\/outdoor-gym.com\/es\/clientes\/gimnasio-exterior-para-el-jardin\/","og_site_name":"Trainer","article_modified_time":"2023-05-30T07:30:50+00:00","og_image":[{"url":"https:\/\/outdoor-gym.com\/es\/wp-content\/uploads\/gimnasios-al-aire-libre-de-exterior.jpg"}],"twitter_card":"summary_large_image","twitter_misc":{"Szacowany czas czytania":"3 minuty"},"schema":{"@context":"https:\/\/schema.org","@graph":[{"@type":"WebPage","@id":"https:\/\/outdoor-gym.com\/es\/clientes\/gimnasio-exterior-para-el-jardin\/","url":"https:\/\/outdoor-gym.com\/es\/clientes\/gimnasio-exterior-para-el-jardin\/","name":"Gimnasio exterior para el jard\u00edn - TRAINER","isPartOf":{"@id":"https:\/\/outdoor-gym.com\/es\/#website"},"datePublished":"2021-01-12T07:49:16+00:00","dateModified":"2023-05-30T07:30:50+00:00","breadcrumb":{"@id":"https:\/\/outdoor-gym.com\/es\/clientes\/gimnasio-exterior-para-el-jardin\/#breadcrumb"},"inLanguage":"pl-PL","potentialAction":[{"@type":"ReadAction","target":["https:\/\/outdoor-gym.com\/es\/clientes\/gimnasio-exterior-para-el-jardin\/"]}]},{"@type":"BreadcrumbList","@id":"https:\/\/outdoor-gym.com\/es\/clientes\/gimnasio-exterior-para-el-jardin\/#breadcrumb","itemListElement":[{"@type":"ListItem","position":1,"name":"es","item":"https:\/\/outdoor-gym.com\/es\/"},{"@type":"ListItem","position":2,"name":"Clientes","item":"https:\/\/outdoor-gym.com\/es\/clientes\/"},{"@type":"ListItem","position":3,"name":"Gimnasio exterior para el jard\u00edn"}]},{"@type":"WebSite","@id":"https:\/\/outdoor-gym.com\/es\/#website","url":"https:\/\/outdoor-gym.com\/es\/","name":"Trainer","description":"Trainer","potentialAction":[{"@type":"SearchAction","target":{"@type":"EntryPoint","urlTemplate":"https:\/\/outdoor-gym.com\/es\/?s={search_term_string}"},"query-input":"required name=search_term_string"}],"inLanguage":"pl-PL"}]}},"_links":{"self":[{"href":"https:\/\/outdoor-gym.com\/es\/wp-json\/wp\/v2\/pages\/965"}],"collection":[{"href":"https:\/\/outdoor-gym.com\/es\/wp-json\/wp\/v2\/pages"}],"about":[{"href":"https:\/\/outdoor-gym.com\/es\/wp-json\/wp\/v2\/types\/page"}],"author":[{"embeddable":true,"href":"https:\/\/outdoor-gym.com\/es\/wp-json\/wp\/v2\/users\/1"}],"replies":[{"embeddable":true,"href":"https:\/\/outdoor-gym.com\/es\/wp-json\/wp\/v2\/comments?post=965"}],"version-history":[{"count":30,"href":"https:\/\/outdoor-gym.com\/es\/wp-json\/wp\/v2\/pages\/965\/revisions"}],"predecessor-version":[{"id":4718,"href":"https:\/\/outdoor-gym.com\/es\/wp-json\/wp\/v2\/pages\/965\/revisions\/4718"}],"up":[{"embeddable":true,"href":"https:\/\/outdoor-gym.com\/es\/wp-json\/wp\/v2\/pages\/930"}],"wp:attachment":[{"href":"https:\/\/outdoor-gym.com\/es\/wp-json\/wp\/v2\/media?parent=965"}],"curies":[{"name":"wp","href":"https:\/\/api.w.org\/{rel}","templated":true}]}}