{"id":1039,"date":"2021-01-12T13:05:33","date_gmt":"2021-01-12T12:05:33","guid":{"rendered":"https:\/\/outdoor-gym.com\/fr\/?page_id=1039"},"modified":"2025-03-27T09:30:32","modified_gmt":"2025-03-27T08:30:32","slug":"fitness-en-plein-air-fitness-exterieur","status":"publish","type":"page","link":"https:\/\/outdoor-gym.com\/fr\/produits\/fitness-en-plein-air-fitness-exterieur\/","title":{"rendered":"Appareil Fitness en plein air"},"content":{"rendered":"<p>Les appareils de fitness en plein air peuvent \u00eatre mont\u00e9s sur des pyl\u00f4nes \u00e0 trois ou quatre places ainsi que sur un poteau simple ou double. Fabriqu\u00e9s sur des structures solides et durables, nos machines sont destin\u00e9es aux utilisateurs pesant jusqu&#8217;\u00e0 150 kg. En tant que fabricant de salles de sport ext\u00e9rieures, nous vous aiderons \u00e0 choisir les solutions les plus adapt\u00e9es. L&#8217;exercice r\u00e9gulier en plein air est un gage de forme et de sant\u00e9.<\/p>\n<h4>*Les prix indiqu\u00e9s n\u2019incluent pas le prix du pyl\u00f4ne.<\/h4>\n","protected":false},"excerpt":{"rendered":"<p>Les appareils de fitness en plein air peuvent \u00eatre mont\u00e9s sur des pyl\u00f4nes \u00e0 trois ou quatre places ainsi que sur un poteau simple ou double. Fabriqu\u00e9s sur des structures solides et durables, nos machines sont destin\u00e9es aux utilisateurs pesant jusqu&#8217;\u00e0 150 kg. En tant que fabricant de salles de sport ext\u00e9rieures, nous vous aiderons [&hellip;]<\/p>\n","protected":false},"author":1,"featured_media":0,"parent":928,"menu_order":0,"comment_status":"closed","ping_status":"closed","template":"template-seria.php","meta":{"footnotes":""},"class_list":["post-1039","page","type-page","status-publish","hentry"],"acf":[],"yoast_head":"<!-- This site is optimized with the Yoast SEO plugin v27.3 - https:\/\/yoast.com\/product\/yoast-seo-wordpress\/ -->\n<title>Appareil Fitness plein air - TRAINER<\/title>\n<meta name=\"robots\" content=\"index, follow, max-snippet:-1, max-image-preview:large, max-video-preview:-1\" \/>\n<link rel=\"canonical\" href=\"https:\/\/outdoor-gym.com\/fr\/produits\/fitness-en-plein-air-fitness-exterieur\/\" \/>\n<meta property=\"og:locale\" content=\"fr_FR\" \/>\n<meta property=\"og:type\" content=\"article\" \/>\n<meta property=\"og:title\" content=\"Appareil Fitness plein air - TRAINER\" \/>\n<meta property=\"og:description\" content=\"Les appareils de fitness en plein air peuvent \u00eatre mont\u00e9s sur des pyl\u00f4nes \u00e0 trois ou quatre places ainsi que sur un poteau simple ou double. Fabriqu\u00e9s sur des structures solides et durables, nos machines sont destin\u00e9es aux utilisateurs pesant jusqu&#8217;\u00e0 150 kg. En tant que fabricant de salles de sport ext\u00e9rieures, nous vous aiderons [&hellip;]\" \/>\n<meta property=\"og:url\" content=\"https:\/\/outdoor-gym.com\/fr\/produits\/fitness-en-plein-air-fitness-exterieur\/\" \/>\n<meta property=\"og:site_name\" content=\"Trainer\" \/>\n<meta property=\"article:modified_time\" content=\"2025-03-27T08:30:32+00:00\" \/>\n<meta name=\"twitter:card\" content=\"summary_large_image\" \/>\n<meta name=\"twitter:label1\" content=\"Szacowany czas czytania\" \/>\n\t<meta name=\"twitter:data1\" content=\"1 minuta\" \/>\n<script type=\"application\/ld+json\" class=\"yoast-schema-graph\">{\"@context\":\"https:\\\/\\\/schema.org\",\"@graph\":[{\"@type\":\"WebPage\",\"@id\":\"https:\\\/\\\/outdoor-gym.com\\\/fr\\\/produits\\\/fitness-en-plein-air-fitness-exterieur\\\/\",\"url\":\"https:\\\/\\\/outdoor-gym.com\\\/fr\\\/produits\\\/fitness-en-plein-air-fitness-exterieur\\\/\",\"name\":\"Appareil Fitness plein air - TRAINER\",\"isPartOf\":{\"@id\":\"https:\\\/\\\/outdoor-gym.com\\\/fr\\\/#website\"},\"datePublished\":\"2021-01-12T12:05:33+00:00\",\"dateModified\":\"2025-03-27T08:30:32+00:00\",\"breadcrumb\":{\"@id\":\"https:\\\/\\\/outdoor-gym.com\\\/fr\\\/produits\\\/fitness-en-plein-air-fitness-exterieur\\\/#breadcrumb\"},\"inLanguage\":\"pl-PL\",\"potentialAction\":[{\"@type\":\"ReadAction\",\"target\":[\"https:\\\/\\\/outdoor-gym.com\\\/fr\\\/produits\\\/fitness-en-plein-air-fitness-exterieur\\\/\"]}]},{\"@type\":\"BreadcrumbList\",\"@id\":\"https:\\\/\\\/outdoor-gym.com\\\/fr\\\/produits\\\/fitness-en-plein-air-fitness-exterieur\\\/#breadcrumb\",\"itemListElement\":[{\"@type\":\"ListItem\",\"position\":1,\"name\":\"fr\",\"item\":\"https:\\\/\\\/outdoor-gym.com\\\/fr\\\/\"},{\"@type\":\"ListItem\",\"position\":2,\"name\":\"Produits\",\"item\":\"https:\\\/\\\/outdoor-gym.com\\\/fr\\\/produits\\\/\"},{\"@type\":\"ListItem\",\"position\":3,\"name\":\"Appareil Fitness en plein air\"}]},{\"@type\":\"WebSite\",\"@id\":\"https:\\\/\\\/outdoor-gym.com\\\/fr\\\/#website\",\"url\":\"https:\\\/\\\/outdoor-gym.com\\\/fr\\\/\",\"name\":\"Trainer\",\"description\":\"Trainer\",\"potentialAction\":[{\"@type\":\"SearchAction\",\"target\":{\"@type\":\"EntryPoint\",\"urlTemplate\":\"https:\\\/\\\/outdoor-gym.com\\\/fr\\\/?s={search_term_string}\"},\"query-input\":{\"@type\":\"PropertyValueSpecification\",\"valueRequired\":true,\"valueName\":\"search_term_string\"}}],\"inLanguage\":\"pl-PL\"}]}<\/script>\n<!-- \/ Yoast SEO plugin. -->","yoast_head_json":{"title":"Appareil Fitness plein air - TRAINER","robots":{"index":"index","follow":"follow","max-snippet":"max-snippet:-1","max-image-preview":"max-image-preview:large","max-video-preview":"max-video-preview:-1"},"canonical":"https:\/\/outdoor-gym.com\/fr\/produits\/fitness-en-plein-air-fitness-exterieur\/","og_locale":"fr_FR","og_type":"article","og_title":"Appareil Fitness plein air - TRAINER","og_description":"Les appareils de fitness en plein air peuvent \u00eatre mont\u00e9s sur des pyl\u00f4nes \u00e0 trois ou quatre places ainsi que sur un poteau simple ou double. Fabriqu\u00e9s sur des structures solides et durables, nos machines sont destin\u00e9es aux utilisateurs pesant jusqu&#8217;\u00e0 150 kg. En tant que fabricant de salles de sport ext\u00e9rieures, nous vous aiderons [&hellip;]","og_url":"https:\/\/outdoor-gym.com\/fr\/produits\/fitness-en-plein-air-fitness-exterieur\/","og_site_name":"Trainer","article_modified_time":"2025-03-27T08:30:32+00:00","twitter_card":"summary_large_image","twitter_misc":{"Szacowany czas czytania":"1 minuta"},"schema":{"@context":"https:\/\/schema.org","@graph":[{"@type":"WebPage","@id":"https:\/\/outdoor-gym.com\/fr\/produits\/fitness-en-plein-air-fitness-exterieur\/","url":"https:\/\/outdoor-gym.com\/fr\/produits\/fitness-en-plein-air-fitness-exterieur\/","name":"Appareil Fitness plein air - TRAINER","isPartOf":{"@id":"https:\/\/outdoor-gym.com\/fr\/#website"},"datePublished":"2021-01-12T12:05:33+00:00","dateModified":"2025-03-27T08:30:32+00:00","breadcrumb":{"@id":"https:\/\/outdoor-gym.com\/fr\/produits\/fitness-en-plein-air-fitness-exterieur\/#breadcrumb"},"inLanguage":"pl-PL","potentialAction":[{"@type":"ReadAction","target":["https:\/\/outdoor-gym.com\/fr\/produits\/fitness-en-plein-air-fitness-exterieur\/"]}]},{"@type":"BreadcrumbList","@id":"https:\/\/outdoor-gym.com\/fr\/produits\/fitness-en-plein-air-fitness-exterieur\/#breadcrumb","itemListElement":[{"@type":"ListItem","position":1,"name":"fr","item":"https:\/\/outdoor-gym.com\/fr\/"},{"@type":"ListItem","position":2,"name":"Produits","item":"https:\/\/outdoor-gym.com\/fr\/produits\/"},{"@type":"ListItem","position":3,"name":"Appareil Fitness en plein air"}]},{"@type":"WebSite","@id":"https:\/\/outdoor-gym.com\/fr\/#website","url":"https:\/\/outdoor-gym.com\/fr\/","name":"Trainer","description":"Trainer","potentialAction":[{"@type":"SearchAction","target":{"@type":"EntryPoint","urlTemplate":"https:\/\/outdoor-gym.com\/fr\/?s={search_term_string}"},"query-input":{"@type":"PropertyValueSpecification","valueRequired":true,"valueName":"search_term_string"}}],"inLanguage":"pl-PL"}]}},"_links":{"self":[{"href":"https:\/\/outdoor-gym.com\/fr\/wp-json\/wp\/v2\/pages\/1039","targetHints":{"allow":["GET"]}}],"collection":[{"href":"https:\/\/outdoor-gym.com\/fr\/wp-json\/wp\/v2\/pages"}],"about":[{"href":"https:\/\/outdoor-gym.com\/fr\/wp-json\/wp\/v2\/types\/page"}],"author":[{"embeddable":true,"href":"https:\/\/outdoor-gym.com\/fr\/wp-json\/wp\/v2\/users\/1"}],"replies":[{"embeddable":true,"href":"https:\/\/outdoor-gym.com\/fr\/wp-json\/wp\/v2\/comments?post=1039"}],"version-history":[{"count":26,"href":"https:\/\/outdoor-gym.com\/fr\/wp-json\/wp\/v2\/pages\/1039\/revisions"}],"predecessor-version":[{"id":5960,"href":"https:\/\/outdoor-gym.com\/fr\/wp-json\/wp\/v2\/pages\/1039\/revisions\/5960"}],"up":[{"embeddable":true,"href":"https:\/\/outdoor-gym.com\/fr\/wp-json\/wp\/v2\/pages\/928"}],"wp:attachment":[{"href":"https:\/\/outdoor-gym.com\/fr\/wp-json\/wp\/v2\/media?parent=1039"}],"curies":[{"name":"wp","href":"https:\/\/api.w.org\/{rel}","templated":true}]}}