{"id":1041,"date":"2021-01-12T13:07:00","date_gmt":"2021-01-12T12:07:00","guid":{"rendered":"https:\/\/outdoor-gym.com\/fr\/?page_id=1041"},"modified":"2023-02-27T14:54:43","modified_gmt":"2023-02-27T13:54:43","slug":"fitness-en-plein-air-pour-pmr","status":"publish","type":"page","link":"https:\/\/outdoor-gym.com\/fr\/produits\/fitness-en-plein-air-pour-pmr\/","title":{"rendered":"Fitness en plein air pour PMR"},"content":{"rendered":"<div class=\"page\" title=\"Page 1\">\n<div class=\"section\">\n<div class=\"layoutArea\">\n<div class=\"column\">\n<p>Parcs de fitness et de musculation en plein air pour personnes valides et PMR. Des \u00e9quipements innovants avec des si\u00e8ges rabattables pour pouvoir \u00eatre utilis\u00e9s, selon les besoins, \u00e9galement par les personnes \u00e0 mobilit\u00e9 r\u00e9duite.<\/p>\n<p>L&#8217;activit\u00e9 physique pr\u00e9sente de nombreux avantages pour tous, quels que soient le niveau de forme physique, le sexe ou l&#8217;\u00e2ge. Cela \u00e9tant, nous avons int\u00e9gr\u00e9 dans notre offre globale des \u00e9quipements de fitness et de musculation pour les personnes handicap\u00e9es.<\/p>\n<p>Nous proposons pour les personnes en fauteuil roulant des appareils qui permettent de renforcer diff\u00e9rentes parties du corps et d&#8217;am\u00e9liorer leur condition physique. Notre offre comprend des \u00e9quipements permettant de renforcer les bras, les jambes, les pectoraux, etc. En outre, nos \u00e9quipements d&#8217;exercice pour les personnes handicap\u00e9es am\u00e9liorent la condition cardio-respiratoire.<\/p>\n<p>La facilit\u00e9 d&#8217;utilisation est un autre avantage incontestable de nos produits. Une notice d&#8217;utilisation d\u00e9taill\u00e9e se trouve sur chacun de nos appareils pour illustrer la mani\u00e8re dont il doit \u00eatre utilis\u00e9. Ces \u00e9quipements, destin\u00e9s aux personnes en fauteuil roulant, sont aujourd&#8217;hui le point incontournable de chaque parc de fitness.<\/p>\n<\/div>\n<\/div>\n<\/div>\n<\/div>\n","protected":false},"excerpt":{"rendered":"<p>Parcs de fitness et de musculation en plein air pour personnes valides et PMR. Des \u00e9quipements innovants avec des si\u00e8ges rabattables pour pouvoir \u00eatre utilis\u00e9s, selon les besoins, \u00e9galement par les personnes \u00e0 mobilit\u00e9 r\u00e9duite. L&#8217;activit\u00e9 physique pr\u00e9sente de nombreux avantages pour tous, quels que soient le niveau de forme physique, le sexe ou l&#8217;\u00e2ge. [&hellip;]<\/p>\n","protected":false},"author":1,"featured_media":0,"parent":928,"menu_order":0,"comment_status":"closed","ping_status":"closed","template":"template-seria.php","meta":{"footnotes":""},"class_list":["post-1041","page","type-page","status-publish","hentry"],"acf":[],"yoast_head":"<!-- This site is optimized with the Yoast SEO plugin v27.4 - https:\/\/yoast.com\/product\/yoast-seo-wordpress\/ -->\n<title>Fitness en plein air - Gamme pour PMR - Trainer<\/title>\n<meta name=\"robots\" content=\"index, follow, max-snippet:-1, max-image-preview:large, max-video-preview:-1\" \/>\n<link rel=\"canonical\" href=\"https:\/\/outdoor-gym.com\/fr\/produits\/fitness-en-plein-air-pour-pmr\/\" \/>\n<meta property=\"og:locale\" content=\"fr_FR\" \/>\n<meta property=\"og:type\" content=\"article\" \/>\n<meta property=\"og:title\" content=\"Fitness en plein air - Gamme pour PMR - Trainer\" \/>\n<meta property=\"og:description\" content=\"Parcs de fitness et de musculation en plein air pour personnes valides et PMR. Des \u00e9quipements innovants avec des si\u00e8ges rabattables pour pouvoir \u00eatre utilis\u00e9s, selon les besoins, \u00e9galement par les personnes \u00e0 mobilit\u00e9 r\u00e9duite. L&#8217;activit\u00e9 physique pr\u00e9sente de nombreux avantages pour tous, quels que soient le niveau de forme physique, le sexe ou l&#8217;\u00e2ge. [&hellip;]\" \/>\n<meta property=\"og:url\" content=\"https:\/\/outdoor-gym.com\/fr\/produits\/fitness-en-plein-air-pour-pmr\/\" \/>\n<meta property=\"og:site_name\" content=\"Trainer\" \/>\n<meta property=\"article:modified_time\" content=\"2023-02-27T13:54:43+00:00\" \/>\n<meta name=\"twitter:card\" content=\"summary_large_image\" \/>\n<meta name=\"twitter:label1\" content=\"Szacowany czas czytania\" \/>\n\t<meta name=\"twitter:data1\" content=\"2 minuty\" \/>\n<script type=\"application\/ld+json\" class=\"yoast-schema-graph\">{\"@context\":\"https:\\\/\\\/schema.org\",\"@graph\":[{\"@type\":\"WebPage\",\"@id\":\"https:\\\/\\\/outdoor-gym.com\\\/fr\\\/produits\\\/fitness-en-plein-air-pour-pmr\\\/\",\"url\":\"https:\\\/\\\/outdoor-gym.com\\\/fr\\\/produits\\\/fitness-en-plein-air-pour-pmr\\\/\",\"name\":\"Fitness en plein air - Gamme pour PMR - Trainer\",\"isPartOf\":{\"@id\":\"https:\\\/\\\/outdoor-gym.com\\\/fr\\\/#website\"},\"datePublished\":\"2021-01-12T12:07:00+00:00\",\"dateModified\":\"2023-02-27T13:54:43+00:00\",\"breadcrumb\":{\"@id\":\"https:\\\/\\\/outdoor-gym.com\\\/fr\\\/produits\\\/fitness-en-plein-air-pour-pmr\\\/#breadcrumb\"},\"inLanguage\":\"pl-PL\",\"potentialAction\":[{\"@type\":\"ReadAction\",\"target\":[\"https:\\\/\\\/outdoor-gym.com\\\/fr\\\/produits\\\/fitness-en-plein-air-pour-pmr\\\/\"]}]},{\"@type\":\"BreadcrumbList\",\"@id\":\"https:\\\/\\\/outdoor-gym.com\\\/fr\\\/produits\\\/fitness-en-plein-air-pour-pmr\\\/#breadcrumb\",\"itemListElement\":[{\"@type\":\"ListItem\",\"position\":1,\"name\":\"fr\",\"item\":\"https:\\\/\\\/outdoor-gym.com\\\/fr\\\/\"},{\"@type\":\"ListItem\",\"position\":2,\"name\":\"Produits\",\"item\":\"https:\\\/\\\/outdoor-gym.com\\\/fr\\\/produits\\\/\"},{\"@type\":\"ListItem\",\"position\":3,\"name\":\"Fitness en plein air pour PMR\"}]},{\"@type\":\"WebSite\",\"@id\":\"https:\\\/\\\/outdoor-gym.com\\\/fr\\\/#website\",\"url\":\"https:\\\/\\\/outdoor-gym.com\\\/fr\\\/\",\"name\":\"Trainer\",\"description\":\"Trainer\",\"potentialAction\":[{\"@type\":\"SearchAction\",\"target\":{\"@type\":\"EntryPoint\",\"urlTemplate\":\"https:\\\/\\\/outdoor-gym.com\\\/fr\\\/?s={search_term_string}\"},\"query-input\":{\"@type\":\"PropertyValueSpecification\",\"valueRequired\":true,\"valueName\":\"search_term_string\"}}],\"inLanguage\":\"pl-PL\"}]}<\/script>\n<!-- \/ Yoast SEO plugin. -->","yoast_head_json":{"title":"Fitness en plein air - Gamme pour PMR - Trainer","robots":{"index":"index","follow":"follow","max-snippet":"max-snippet:-1","max-image-preview":"max-image-preview:large","max-video-preview":"max-video-preview:-1"},"canonical":"https:\/\/outdoor-gym.com\/fr\/produits\/fitness-en-plein-air-pour-pmr\/","og_locale":"fr_FR","og_type":"article","og_title":"Fitness en plein air - Gamme pour PMR - Trainer","og_description":"Parcs de fitness et de musculation en plein air pour personnes valides et PMR. Des \u00e9quipements innovants avec des si\u00e8ges rabattables pour pouvoir \u00eatre utilis\u00e9s, selon les besoins, \u00e9galement par les personnes \u00e0 mobilit\u00e9 r\u00e9duite. L&#8217;activit\u00e9 physique pr\u00e9sente de nombreux avantages pour tous, quels que soient le niveau de forme physique, le sexe ou l&#8217;\u00e2ge. [&hellip;]","og_url":"https:\/\/outdoor-gym.com\/fr\/produits\/fitness-en-plein-air-pour-pmr\/","og_site_name":"Trainer","article_modified_time":"2023-02-27T13:54:43+00:00","twitter_card":"summary_large_image","twitter_misc":{"Szacowany czas czytania":"2 minuty"},"schema":{"@context":"https:\/\/schema.org","@graph":[{"@type":"WebPage","@id":"https:\/\/outdoor-gym.com\/fr\/produits\/fitness-en-plein-air-pour-pmr\/","url":"https:\/\/outdoor-gym.com\/fr\/produits\/fitness-en-plein-air-pour-pmr\/","name":"Fitness en plein air - Gamme pour PMR - Trainer","isPartOf":{"@id":"https:\/\/outdoor-gym.com\/fr\/#website"},"datePublished":"2021-01-12T12:07:00+00:00","dateModified":"2023-02-27T13:54:43+00:00","breadcrumb":{"@id":"https:\/\/outdoor-gym.com\/fr\/produits\/fitness-en-plein-air-pour-pmr\/#breadcrumb"},"inLanguage":"pl-PL","potentialAction":[{"@type":"ReadAction","target":["https:\/\/outdoor-gym.com\/fr\/produits\/fitness-en-plein-air-pour-pmr\/"]}]},{"@type":"BreadcrumbList","@id":"https:\/\/outdoor-gym.com\/fr\/produits\/fitness-en-plein-air-pour-pmr\/#breadcrumb","itemListElement":[{"@type":"ListItem","position":1,"name":"fr","item":"https:\/\/outdoor-gym.com\/fr\/"},{"@type":"ListItem","position":2,"name":"Produits","item":"https:\/\/outdoor-gym.com\/fr\/produits\/"},{"@type":"ListItem","position":3,"name":"Fitness en plein air pour PMR"}]},{"@type":"WebSite","@id":"https:\/\/outdoor-gym.com\/fr\/#website","url":"https:\/\/outdoor-gym.com\/fr\/","name":"Trainer","description":"Trainer","potentialAction":[{"@type":"SearchAction","target":{"@type":"EntryPoint","urlTemplate":"https:\/\/outdoor-gym.com\/fr\/?s={search_term_string}"},"query-input":{"@type":"PropertyValueSpecification","valueRequired":true,"valueName":"search_term_string"}}],"inLanguage":"pl-PL"}]}},"_links":{"self":[{"href":"https:\/\/outdoor-gym.com\/fr\/wp-json\/wp\/v2\/pages\/1041","targetHints":{"allow":["GET"]}}],"collection":[{"href":"https:\/\/outdoor-gym.com\/fr\/wp-json\/wp\/v2\/pages"}],"about":[{"href":"https:\/\/outdoor-gym.com\/fr\/wp-json\/wp\/v2\/types\/page"}],"author":[{"embeddable":true,"href":"https:\/\/outdoor-gym.com\/fr\/wp-json\/wp\/v2\/users\/1"}],"replies":[{"embeddable":true,"href":"https:\/\/outdoor-gym.com\/fr\/wp-json\/wp\/v2\/comments?post=1041"}],"version-history":[{"count":11,"href":"https:\/\/outdoor-gym.com\/fr\/wp-json\/wp\/v2\/pages\/1041\/revisions"}],"predecessor-version":[{"id":4300,"href":"https:\/\/outdoor-gym.com\/fr\/wp-json\/wp\/v2\/pages\/1041\/revisions\/4300"}],"up":[{"embeddable":true,"href":"https:\/\/outdoor-gym.com\/fr\/wp-json\/wp\/v2\/pages\/928"}],"wp:attachment":[{"href":"https:\/\/outdoor-gym.com\/fr\/wp-json\/wp\/v2\/media?parent=1041"}],"curies":[{"name":"wp","href":"https:\/\/api.w.org\/{rel}","templated":true}]}}