{"id":1043,"date":"2021-01-12T13:07:39","date_gmt":"2021-01-12T12:07:39","guid":{"rendered":"https:\/\/outdoor-gym.com\/fr\/?page_id=1043"},"modified":"2024-07-02T16:51:05","modified_gmt":"2024-07-02T14:51:05","slug":"musculation-plein-air-street-workout","status":"publish","type":"page","link":"https:\/\/outdoor-gym.com\/fr\/produits\/musculation-plein-air-street-workout\/","title":{"rendered":"Musculation plein air et Street Workout"},"content":{"rendered":"<div class=\"page\" title=\"Page 1\">\n<div class=\"section\">\n<div class=\"layoutArea\">\n<div class=\"column\">\n<p>Le Street Workout gagne en popularit\u00e9. En tant que fabricant europ\u00e9en d&#8217;\u00e9quipements Street Workout, nous r\u00e9pondons parfaitement aux besoins des amateurs des exercices r\u00e9alis\u00e9s en utilisant le poids de son\u00a0propre corps.<\/p>\n<p>Le Street Workout consiste \u00e0 utiliser le mobilier urbain, les bancs, les garde-corps, les murs, etc., pour l&#8217;entra\u00eenement musculaire. Nos \u00e9quipements de Street Workout sont con\u00e7us pour les personnes pratiquant la callisth\u00e9nie. Nous proposons des \u00e9chelles, des barres de traction, des barres parall\u00e8les, des poign\u00e9es, des anneaux, des sacs de frappe, des bancs robustes et fonctionnels, et bien d&#8217;autres solutions pratiques pour les exercices en plein air r\u00e9alis\u00e9s en utilisant le poids de son\u00a0propre corps.<\/p>\n<\/div>\n<\/div>\n<\/div>\n<\/div>\n","protected":false},"excerpt":{"rendered":"<p>Le Street Workout gagne en popularit\u00e9. En tant que fabricant europ\u00e9en d&#8217;\u00e9quipements Street Workout, nous r\u00e9pondons parfaitement aux besoins des amateurs des exercices r\u00e9alis\u00e9s en utilisant le poids de son\u00a0propre corps. Le Street Workout consiste \u00e0 utiliser le mobilier urbain, les bancs, les garde-corps, les murs, etc., pour l&#8217;entra\u00eenement musculaire. Nos \u00e9quipements de Street Workout [&hellip;]<\/p>\n","protected":false},"author":1,"featured_media":0,"parent":928,"menu_order":0,"comment_status":"closed","ping_status":"closed","template":"template-seria.php","meta":{"footnotes":""},"class_list":["post-1043","page","type-page","status-publish","hentry"],"acf":[],"yoast_head":"<!-- This site is optimized with the Yoast SEO plugin v27.3 - https:\/\/yoast.com\/product\/yoast-seo-wordpress\/ -->\n<title>Appareil Musculation Plein Air et Street Workout - TRAINER<\/title>\n<meta name=\"description\" content=\"Appareil musculation plein air Prix. Le Street Workout gagne en popularit\u00e9. En tant que fabricant europ\u00e9en d&#039;\u00e9quipements Street Workout, nous r\u00e9pondons parfaitement aux besoins des amateurs des exercices r\u00e9alis\u00e9s en utilisant le poids de son propre corps. Agr\u00e8s musculation ext\u00e9rieur.\" \/>\n<meta name=\"robots\" content=\"index, follow, max-snippet:-1, max-image-preview:large, max-video-preview:-1\" \/>\n<link rel=\"canonical\" href=\"https:\/\/outdoor-gym.com\/fr\/produits\/musculation-plein-air-street-workout\/\" \/>\n<meta property=\"og:locale\" content=\"fr_FR\" \/>\n<meta property=\"og:type\" content=\"article\" \/>\n<meta property=\"og:title\" content=\"Appareil Musculation Plein Air et Street Workout - TRAINER\" \/>\n<meta property=\"og:description\" content=\"Appareil musculation plein air Prix. Le Street Workout gagne en popularit\u00e9. En tant que fabricant europ\u00e9en d&#039;\u00e9quipements Street Workout, nous r\u00e9pondons parfaitement aux besoins des amateurs des exercices r\u00e9alis\u00e9s en utilisant le poids de son propre corps. Agr\u00e8s musculation ext\u00e9rieur.\" \/>\n<meta property=\"og:url\" content=\"https:\/\/outdoor-gym.com\/fr\/produits\/musculation-plein-air-street-workout\/\" \/>\n<meta property=\"og:site_name\" content=\"Trainer\" \/>\n<meta property=\"article:modified_time\" content=\"2024-07-02T14:51:05+00:00\" \/>\n<meta name=\"twitter:card\" content=\"summary_large_image\" \/>\n<meta name=\"twitter:label1\" content=\"Szacowany czas czytania\" \/>\n\t<meta name=\"twitter:data1\" content=\"1 minuta\" \/>\n<script type=\"application\/ld+json\" class=\"yoast-schema-graph\">{\"@context\":\"https:\\\/\\\/schema.org\",\"@graph\":[{\"@type\":\"WebPage\",\"@id\":\"https:\\\/\\\/outdoor-gym.com\\\/fr\\\/produits\\\/musculation-plein-air-street-workout\\\/\",\"url\":\"https:\\\/\\\/outdoor-gym.com\\\/fr\\\/produits\\\/musculation-plein-air-street-workout\\\/\",\"name\":\"Appareil Musculation Plein Air et Street Workout - TRAINER\",\"isPartOf\":{\"@id\":\"https:\\\/\\\/outdoor-gym.com\\\/fr\\\/#website\"},\"datePublished\":\"2021-01-12T12:07:39+00:00\",\"dateModified\":\"2024-07-02T14:51:05+00:00\",\"description\":\"Appareil musculation plein air Prix. Le Street Workout gagne en popularit\u00e9. En tant que fabricant europ\u00e9en d'\u00e9quipements Street Workout, nous r\u00e9pondons parfaitement aux besoins des amateurs des exercices r\u00e9alis\u00e9s en utilisant le poids de son propre corps. Agr\u00e8s musculation ext\u00e9rieur.\",\"breadcrumb\":{\"@id\":\"https:\\\/\\\/outdoor-gym.com\\\/fr\\\/produits\\\/musculation-plein-air-street-workout\\\/#breadcrumb\"},\"inLanguage\":\"pl-PL\",\"potentialAction\":[{\"@type\":\"ReadAction\",\"target\":[\"https:\\\/\\\/outdoor-gym.com\\\/fr\\\/produits\\\/musculation-plein-air-street-workout\\\/\"]}]},{\"@type\":\"BreadcrumbList\",\"@id\":\"https:\\\/\\\/outdoor-gym.com\\\/fr\\\/produits\\\/musculation-plein-air-street-workout\\\/#breadcrumb\",\"itemListElement\":[{\"@type\":\"ListItem\",\"position\":1,\"name\":\"fr\",\"item\":\"https:\\\/\\\/outdoor-gym.com\\\/fr\\\/\"},{\"@type\":\"ListItem\",\"position\":2,\"name\":\"Produits\",\"item\":\"https:\\\/\\\/outdoor-gym.com\\\/fr\\\/produits\\\/\"},{\"@type\":\"ListItem\",\"position\":3,\"name\":\"Musculation plein air et Street Workout\"}]},{\"@type\":\"WebSite\",\"@id\":\"https:\\\/\\\/outdoor-gym.com\\\/fr\\\/#website\",\"url\":\"https:\\\/\\\/outdoor-gym.com\\\/fr\\\/\",\"name\":\"Trainer\",\"description\":\"Trainer\",\"potentialAction\":[{\"@type\":\"SearchAction\",\"target\":{\"@type\":\"EntryPoint\",\"urlTemplate\":\"https:\\\/\\\/outdoor-gym.com\\\/fr\\\/?s={search_term_string}\"},\"query-input\":{\"@type\":\"PropertyValueSpecification\",\"valueRequired\":true,\"valueName\":\"search_term_string\"}}],\"inLanguage\":\"pl-PL\"}]}<\/script>\n<!-- \/ Yoast SEO plugin. -->","yoast_head_json":{"title":"Appareil Musculation Plein Air et Street Workout - TRAINER","description":"Appareil musculation plein air Prix. Le Street Workout gagne en popularit\u00e9. En tant que fabricant europ\u00e9en d'\u00e9quipements Street Workout, nous r\u00e9pondons parfaitement aux besoins des amateurs des exercices r\u00e9alis\u00e9s en utilisant le poids de son propre corps. Agr\u00e8s musculation ext\u00e9rieur.","robots":{"index":"index","follow":"follow","max-snippet":"max-snippet:-1","max-image-preview":"max-image-preview:large","max-video-preview":"max-video-preview:-1"},"canonical":"https:\/\/outdoor-gym.com\/fr\/produits\/musculation-plein-air-street-workout\/","og_locale":"fr_FR","og_type":"article","og_title":"Appareil Musculation Plein Air et Street Workout - TRAINER","og_description":"Appareil musculation plein air Prix. Le Street Workout gagne en popularit\u00e9. En tant que fabricant europ\u00e9en d'\u00e9quipements Street Workout, nous r\u00e9pondons parfaitement aux besoins des amateurs des exercices r\u00e9alis\u00e9s en utilisant le poids de son propre corps. Agr\u00e8s musculation ext\u00e9rieur.","og_url":"https:\/\/outdoor-gym.com\/fr\/produits\/musculation-plein-air-street-workout\/","og_site_name":"Trainer","article_modified_time":"2024-07-02T14:51:05+00:00","twitter_card":"summary_large_image","twitter_misc":{"Szacowany czas czytania":"1 minuta"},"schema":{"@context":"https:\/\/schema.org","@graph":[{"@type":"WebPage","@id":"https:\/\/outdoor-gym.com\/fr\/produits\/musculation-plein-air-street-workout\/","url":"https:\/\/outdoor-gym.com\/fr\/produits\/musculation-plein-air-street-workout\/","name":"Appareil Musculation Plein Air et Street Workout - TRAINER","isPartOf":{"@id":"https:\/\/outdoor-gym.com\/fr\/#website"},"datePublished":"2021-01-12T12:07:39+00:00","dateModified":"2024-07-02T14:51:05+00:00","description":"Appareil musculation plein air Prix. Le Street Workout gagne en popularit\u00e9. En tant que fabricant europ\u00e9en d'\u00e9quipements Street Workout, nous r\u00e9pondons parfaitement aux besoins des amateurs des exercices r\u00e9alis\u00e9s en utilisant le poids de son propre corps. Agr\u00e8s musculation ext\u00e9rieur.","breadcrumb":{"@id":"https:\/\/outdoor-gym.com\/fr\/produits\/musculation-plein-air-street-workout\/#breadcrumb"},"inLanguage":"pl-PL","potentialAction":[{"@type":"ReadAction","target":["https:\/\/outdoor-gym.com\/fr\/produits\/musculation-plein-air-street-workout\/"]}]},{"@type":"BreadcrumbList","@id":"https:\/\/outdoor-gym.com\/fr\/produits\/musculation-plein-air-street-workout\/#breadcrumb","itemListElement":[{"@type":"ListItem","position":1,"name":"fr","item":"https:\/\/outdoor-gym.com\/fr\/"},{"@type":"ListItem","position":2,"name":"Produits","item":"https:\/\/outdoor-gym.com\/fr\/produits\/"},{"@type":"ListItem","position":3,"name":"Musculation plein air et Street Workout"}]},{"@type":"WebSite","@id":"https:\/\/outdoor-gym.com\/fr\/#website","url":"https:\/\/outdoor-gym.com\/fr\/","name":"Trainer","description":"Trainer","potentialAction":[{"@type":"SearchAction","target":{"@type":"EntryPoint","urlTemplate":"https:\/\/outdoor-gym.com\/fr\/?s={search_term_string}"},"query-input":{"@type":"PropertyValueSpecification","valueRequired":true,"valueName":"search_term_string"}}],"inLanguage":"pl-PL"}]}},"_links":{"self":[{"href":"https:\/\/outdoor-gym.com\/fr\/wp-json\/wp\/v2\/pages\/1043","targetHints":{"allow":["GET"]}}],"collection":[{"href":"https:\/\/outdoor-gym.com\/fr\/wp-json\/wp\/v2\/pages"}],"about":[{"href":"https:\/\/outdoor-gym.com\/fr\/wp-json\/wp\/v2\/types\/page"}],"author":[{"embeddable":true,"href":"https:\/\/outdoor-gym.com\/fr\/wp-json\/wp\/v2\/users\/1"}],"replies":[{"embeddable":true,"href":"https:\/\/outdoor-gym.com\/fr\/wp-json\/wp\/v2\/comments?post=1043"}],"version-history":[{"count":17,"href":"https:\/\/outdoor-gym.com\/fr\/wp-json\/wp\/v2\/pages\/1043\/revisions"}],"predecessor-version":[{"id":5359,"href":"https:\/\/outdoor-gym.com\/fr\/wp-json\/wp\/v2\/pages\/1043\/revisions\/5359"}],"up":[{"embeddable":true,"href":"https:\/\/outdoor-gym.com\/fr\/wp-json\/wp\/v2\/pages\/928"}],"wp:attachment":[{"href":"https:\/\/outdoor-gym.com\/fr\/wp-json\/wp\/v2\/media?parent=1043"}],"curies":[{"name":"wp","href":"https:\/\/api.w.org\/{rel}","templated":true}]}}