{"id":1045,"date":"2021-01-12T13:08:31","date_gmt":"2021-01-12T12:08:31","guid":{"rendered":"https:\/\/outdoor-gym.com\/fr\/?page_id=1045"},"modified":"2023-09-29T10:25:56","modified_gmt":"2023-09-29T08:25:56","slug":"equipement-sportif-plein-air","status":"publish","type":"page","link":"https:\/\/outdoor-gym.com\/fr\/produits\/equipement-sportif-plein-air\/","title":{"rendered":"\u00c9quipement sportif de plein air"},"content":{"rendered":"<p>Les \u00e9quipements de sports de plein air Steel4fit sont fabriqu\u00e9s \u00e0 partir du meilleur acier et sont prot\u00e9g\u00e9s de la corrosion par galvanisation \u00e0 chaud. L&#8217;ensemble de l&#8217;appareil (y compris les soudures) est immerg\u00e9 dans un bain de zinc \u00e0 haute temp\u00e9rature. Une \u00e9paisse couche de zinc sur l&#8217;ext\u00e9rieur et l&#8217;int\u00e9rieur de l&#8217;appareil est ainsi obtenue. Gr\u00e2ce \u00e0 cela, les parcs de fitness et de musculation Steel4fit sont plus r\u00e9sistants aux intemp\u00e9ries. Ils sont couverts d&#8217;une garantie de 20 ans.<\/p>\n","protected":false},"excerpt":{"rendered":"<p>Les \u00e9quipements de sports de plein air Steel4fit sont fabriqu\u00e9s \u00e0 partir du meilleur acier et sont prot\u00e9g\u00e9s de la corrosion par galvanisation \u00e0 chaud. L&#8217;ensemble de l&#8217;appareil (y compris les soudures) est immerg\u00e9 dans un bain de zinc \u00e0 haute temp\u00e9rature. Une \u00e9paisse couche de zinc sur l&#8217;ext\u00e9rieur et l&#8217;int\u00e9rieur de l&#8217;appareil est ainsi [&hellip;]<\/p>\n","protected":false},"author":1,"featured_media":0,"parent":928,"menu_order":0,"comment_status":"closed","ping_status":"closed","template":"template-seria.php","meta":{"footnotes":""},"class_list":["post-1045","page","type-page","status-publish","hentry"],"acf":[],"yoast_head":"<!-- This site is optimized with the Yoast SEO plugin v27.5 - https:\/\/yoast.com\/product\/yoast-seo-wordpress\/ -->\n<title>\u00c9quipement sportif de plein air - TRAINER Fitness<\/title>\n<meta name=\"description\" content=\"\u00c9quipement sportif plein air. Les \u00e9quipements de sports de plein air Steel4fit sont fabriqu\u00e9s \u00e0 partir du meilleur acier et sont prot\u00e9g\u00e9s de la corrosion par galvanisation \u00e0 chaud.\" \/>\n<meta name=\"robots\" content=\"index, follow, max-snippet:-1, max-image-preview:large, max-video-preview:-1\" \/>\n<link rel=\"canonical\" href=\"https:\/\/outdoor-gym.com\/fr\/produits\/equipement-sportif-plein-air\/\" \/>\n<meta property=\"og:locale\" content=\"fr_FR\" \/>\n<meta property=\"og:type\" content=\"article\" \/>\n<meta property=\"og:title\" content=\"\u00c9quipement sportif de plein air - TRAINER Fitness\" \/>\n<meta property=\"og:description\" content=\"\u00c9quipement sportif plein air. Les \u00e9quipements de sports de plein air Steel4fit sont fabriqu\u00e9s \u00e0 partir du meilleur acier et sont prot\u00e9g\u00e9s de la corrosion par galvanisation \u00e0 chaud.\" \/>\n<meta property=\"og:url\" content=\"https:\/\/outdoor-gym.com\/fr\/produits\/equipement-sportif-plein-air\/\" \/>\n<meta property=\"og:site_name\" content=\"Trainer\" \/>\n<meta property=\"article:modified_time\" content=\"2023-09-29T08:25:56+00:00\" \/>\n<meta name=\"twitter:card\" content=\"summary_large_image\" \/>\n<meta name=\"twitter:label1\" content=\"Szacowany czas czytania\" \/>\n\t<meta name=\"twitter:data1\" content=\"1 minuta\" \/>\n<script type=\"application\/ld+json\" class=\"yoast-schema-graph\">{\"@context\":\"https:\\\/\\\/schema.org\",\"@graph\":[{\"@type\":\"WebPage\",\"@id\":\"https:\\\/\\\/outdoor-gym.com\\\/fr\\\/produits\\\/equipement-sportif-plein-air\\\/\",\"url\":\"https:\\\/\\\/outdoor-gym.com\\\/fr\\\/produits\\\/equipement-sportif-plein-air\\\/\",\"name\":\"\u00c9quipement sportif de plein air - TRAINER Fitness\",\"isPartOf\":{\"@id\":\"https:\\\/\\\/outdoor-gym.com\\\/fr\\\/#website\"},\"datePublished\":\"2021-01-12T12:08:31+00:00\",\"dateModified\":\"2023-09-29T08:25:56+00:00\",\"description\":\"\u00c9quipement sportif plein air. Les \u00e9quipements de sports de plein air Steel4fit sont fabriqu\u00e9s \u00e0 partir du meilleur acier et sont prot\u00e9g\u00e9s de la corrosion par galvanisation \u00e0 chaud.\",\"breadcrumb\":{\"@id\":\"https:\\\/\\\/outdoor-gym.com\\\/fr\\\/produits\\\/equipement-sportif-plein-air\\\/#breadcrumb\"},\"inLanguage\":\"pl-PL\",\"potentialAction\":[{\"@type\":\"ReadAction\",\"target\":[\"https:\\\/\\\/outdoor-gym.com\\\/fr\\\/produits\\\/equipement-sportif-plein-air\\\/\"]}]},{\"@type\":\"BreadcrumbList\",\"@id\":\"https:\\\/\\\/outdoor-gym.com\\\/fr\\\/produits\\\/equipement-sportif-plein-air\\\/#breadcrumb\",\"itemListElement\":[{\"@type\":\"ListItem\",\"position\":1,\"name\":\"fr\",\"item\":\"https:\\\/\\\/outdoor-gym.com\\\/fr\\\/\"},{\"@type\":\"ListItem\",\"position\":2,\"name\":\"Produits\",\"item\":\"https:\\\/\\\/outdoor-gym.com\\\/fr\\\/produits\\\/\"},{\"@type\":\"ListItem\",\"position\":3,\"name\":\"\u00c9quipement sportif de plein air\"}]},{\"@type\":\"WebSite\",\"@id\":\"https:\\\/\\\/outdoor-gym.com\\\/fr\\\/#website\",\"url\":\"https:\\\/\\\/outdoor-gym.com\\\/fr\\\/\",\"name\":\"Trainer\",\"description\":\"Trainer\",\"potentialAction\":[{\"@type\":\"SearchAction\",\"target\":{\"@type\":\"EntryPoint\",\"urlTemplate\":\"https:\\\/\\\/outdoor-gym.com\\\/fr\\\/?s={search_term_string}\"},\"query-input\":{\"@type\":\"PropertyValueSpecification\",\"valueRequired\":true,\"valueName\":\"search_term_string\"}}],\"inLanguage\":\"pl-PL\"}]}<\/script>\n<!-- \/ Yoast SEO plugin. -->","yoast_head_json":{"title":"\u00c9quipement sportif de plein air - TRAINER Fitness","description":"\u00c9quipement sportif plein air. Les \u00e9quipements de sports de plein air Steel4fit sont fabriqu\u00e9s \u00e0 partir du meilleur acier et sont prot\u00e9g\u00e9s de la corrosion par galvanisation \u00e0 chaud.","robots":{"index":"index","follow":"follow","max-snippet":"max-snippet:-1","max-image-preview":"max-image-preview:large","max-video-preview":"max-video-preview:-1"},"canonical":"https:\/\/outdoor-gym.com\/fr\/produits\/equipement-sportif-plein-air\/","og_locale":"fr_FR","og_type":"article","og_title":"\u00c9quipement sportif de plein air - TRAINER Fitness","og_description":"\u00c9quipement sportif plein air. Les \u00e9quipements de sports de plein air Steel4fit sont fabriqu\u00e9s \u00e0 partir du meilleur acier et sont prot\u00e9g\u00e9s de la corrosion par galvanisation \u00e0 chaud.","og_url":"https:\/\/outdoor-gym.com\/fr\/produits\/equipement-sportif-plein-air\/","og_site_name":"Trainer","article_modified_time":"2023-09-29T08:25:56+00:00","twitter_card":"summary_large_image","twitter_misc":{"Szacowany czas czytania":"1 minuta"},"schema":{"@context":"https:\/\/schema.org","@graph":[{"@type":"WebPage","@id":"https:\/\/outdoor-gym.com\/fr\/produits\/equipement-sportif-plein-air\/","url":"https:\/\/outdoor-gym.com\/fr\/produits\/equipement-sportif-plein-air\/","name":"\u00c9quipement sportif de plein air - TRAINER Fitness","isPartOf":{"@id":"https:\/\/outdoor-gym.com\/fr\/#website"},"datePublished":"2021-01-12T12:08:31+00:00","dateModified":"2023-09-29T08:25:56+00:00","description":"\u00c9quipement sportif plein air. Les \u00e9quipements de sports de plein air Steel4fit sont fabriqu\u00e9s \u00e0 partir du meilleur acier et sont prot\u00e9g\u00e9s de la corrosion par galvanisation \u00e0 chaud.","breadcrumb":{"@id":"https:\/\/outdoor-gym.com\/fr\/produits\/equipement-sportif-plein-air\/#breadcrumb"},"inLanguage":"pl-PL","potentialAction":[{"@type":"ReadAction","target":["https:\/\/outdoor-gym.com\/fr\/produits\/equipement-sportif-plein-air\/"]}]},{"@type":"BreadcrumbList","@id":"https:\/\/outdoor-gym.com\/fr\/produits\/equipement-sportif-plein-air\/#breadcrumb","itemListElement":[{"@type":"ListItem","position":1,"name":"fr","item":"https:\/\/outdoor-gym.com\/fr\/"},{"@type":"ListItem","position":2,"name":"Produits","item":"https:\/\/outdoor-gym.com\/fr\/produits\/"},{"@type":"ListItem","position":3,"name":"\u00c9quipement sportif de plein air"}]},{"@type":"WebSite","@id":"https:\/\/outdoor-gym.com\/fr\/#website","url":"https:\/\/outdoor-gym.com\/fr\/","name":"Trainer","description":"Trainer","potentialAction":[{"@type":"SearchAction","target":{"@type":"EntryPoint","urlTemplate":"https:\/\/outdoor-gym.com\/fr\/?s={search_term_string}"},"query-input":{"@type":"PropertyValueSpecification","valueRequired":true,"valueName":"search_term_string"}}],"inLanguage":"pl-PL"}]}},"_links":{"self":[{"href":"https:\/\/outdoor-gym.com\/fr\/wp-json\/wp\/v2\/pages\/1045","targetHints":{"allow":["GET"]}}],"collection":[{"href":"https:\/\/outdoor-gym.com\/fr\/wp-json\/wp\/v2\/pages"}],"about":[{"href":"https:\/\/outdoor-gym.com\/fr\/wp-json\/wp\/v2\/types\/page"}],"author":[{"embeddable":true,"href":"https:\/\/outdoor-gym.com\/fr\/wp-json\/wp\/v2\/users\/1"}],"replies":[{"embeddable":true,"href":"https:\/\/outdoor-gym.com\/fr\/wp-json\/wp\/v2\/comments?post=1045"}],"version-history":[{"count":31,"href":"https:\/\/outdoor-gym.com\/fr\/wp-json\/wp\/v2\/pages\/1045\/revisions"}],"predecessor-version":[{"id":5032,"href":"https:\/\/outdoor-gym.com\/fr\/wp-json\/wp\/v2\/pages\/1045\/revisions\/5032"}],"up":[{"embeddable":true,"href":"https:\/\/outdoor-gym.com\/fr\/wp-json\/wp\/v2\/pages\/928"}],"wp:attachment":[{"href":"https:\/\/outdoor-gym.com\/fr\/wp-json\/wp\/v2\/media?parent=1045"}],"curies":[{"name":"wp","href":"https:\/\/api.w.org\/{rel}","templated":true}]}}