{"id":1072,"date":"2021-01-12T13:56:08","date_gmt":"2021-01-12T12:56:08","guid":{"rendered":"https:\/\/outdoor-gym.com\/fr\/?page_id=1072"},"modified":"2026-02-11T11:39:21","modified_gmt":"2026-02-11T10:39:21","slug":"services-de-conseil","status":"publish","type":"page","link":"https:\/\/outdoor-gym.com\/fr\/services\/services-de-conseil\/","title":{"rendered":"Services de conseil"},"content":{"rendered":"<p>Nous assurons des conseils d&#8217;experts et une assistance \u00e0 chaque \u00e9tape de r\u00e9alisation de votre commande. Nous analysons le dossier de projet et aidons \u00e0 choisir les \u00e9quipements appropri\u00e9s. Nous tenons compte de l&#8217;emplacement et de la destination de votre parc de fitness en plein air. Parmi des dizaines de possibilit\u00e9s, nous vous aiderons \u00e0 choisir la meilleure !<\/p>\n<p>Nous planifions les diff\u00e9rentes phases du projet, \u00e0 commencer par la pr\u00e9paration du site, en passant par la livraison et la pose des \u00e9quipements, jusqu&#8217;aux contr\u00f4les techniques de ceux-ci. Nos savoir-faire et exp\u00e9rience se traduiront par vos \u00e9conomies de temps et d&#8217;argent.<\/p>\n<p><img loading=\"lazy\" decoding=\"async\" class=\"alignnone size-full wp-image-4038\" src=\"https:\/\/outdoor-gym.com\/fr\/wp-content\/uploads\/Services-de-conseil.jpg\" alt=\"Services de conseil\" width=\"1623\" height=\"915\" srcset=\"https:\/\/outdoor-gym.com\/fr\/wp-content\/uploads\/Services-de-conseil.jpg 1623w, https:\/\/outdoor-gym.com\/fr\/wp-content\/uploads\/Services-de-conseil-600x338.jpg 600w, https:\/\/outdoor-gym.com\/fr\/wp-content\/uploads\/Services-de-conseil-768x433.jpg 768w, https:\/\/outdoor-gym.com\/fr\/wp-content\/uploads\/Services-de-conseil-1536x866.jpg 1536w\" sizes=\"auto, (max-width: 1623px) 100vw, 1623px\" \/><\/p>\n<p>&nbsp;<\/p>\n<h3 data-start=\"835\" data-end=\"902\">Planifier des espaces de fitness en plein air \u2013 \u00e9tape par \u00e9tape<\/h3>\n<p data-start=\"904\" data-end=\"1175\" data-is-last-node=\"\" data-is-only-node=\"\">Pour simplifier la planification des espaces de fitness ext\u00e9rieurs et faciliter des d\u00e9cisions d\u2019investissement \u00e9clair\u00e9es, nous avons \u00e9labor\u00e9 un guide pratique sous forme d\u2019e-book, fruit de nos nombreuses ann\u00e9es d\u2019exp\u00e9rience aux c\u00f4t\u00e9s des collectivit\u00e9s et des entreprises.<\/p>\n<p data-start=\"904\" data-end=\"1175\" data-is-last-node=\"\" data-is-only-node=\"\">Dans l\u2019e-book\u00a0<strong data-start=\"119\" data-end=\"217\">\u00ab\u00a0<\/strong><em><span class=\"a_GcMg font-feature-liga-off font-feature-clig-off font-feature-calt-off text-decoration-none text-strikethrough-none\">Comment cr\u00e9er un espace de fitness en plein air ?\u00a0\u00a0<\/span>8 \u00e9tapes pour r\u00e9ussir votre investissement<\/em> \u00bb, nous expliquons pas \u00e0 pas comment g\u00e9rer l\u2019ensemble du processus de mani\u00e8re s\u00fbre et efficace :<\/p>\n<ul data-start=\"314\" data-end=\"582\">\n<li data-start=\"314\" data-end=\"395\">\n<p data-start=\"316\" data-end=\"395\">de l\u2019analyse des besoins des utilisateurs et du choix de l\u2019emplacement id\u00e9al,<\/p>\n<\/li>\n<li data-start=\"396\" data-end=\"467\">\n<p data-start=\"398\" data-end=\"467\">en passant par les normes applicables et les exigences de s\u00e9curit\u00e9,<\/p>\n<\/li>\n<li data-start=\"468\" data-end=\"582\">\n<p data-start=\"470\" data-end=\"582\">jusqu\u2019\u00e0 la s\u00e9lection des \u00e9quipements, la planification du budget, l\u2019installation et la maintenance \u00e0 long terme.<\/p>\n<\/li>\n<\/ul>\n<h4><a class=\"in-button in-download-button\" href=\"https:\/\/outdoor-gym.com\/fr\/wp-content\/uploads\/E-book-Comment-creer-un-espace-de-fitness-en-plein-air.pdf\" target=\"_blank\" rel=\"noopener\">T\u00e9l\u00e9charger l&#8217;e-book<\/a><\/h4>\n<h3 data-start=\"589\" data-end=\"619\">\u00c0 qui s\u2019adresse ce guide ?<\/h3>\n<p data-start=\"621\" data-end=\"663\">Cet e-book a \u00e9t\u00e9 sp\u00e9cialement con\u00e7u pour :<\/p>\n<ul data-start=\"665\" data-end=\"907\">\n<li data-start=\"665\" data-end=\"708\">\n<p data-start=\"667\" data-end=\"708\">Les villes et les collectivit\u00e9s locales<\/p>\n<\/li>\n<li data-start=\"709\" data-end=\"759\">\n<p data-start=\"711\" data-end=\"759\">Les services des sports et des infrastructures<\/p>\n<\/li>\n<li data-start=\"760\" data-end=\"807\">\n<p data-start=\"762\" data-end=\"807\">Les \u00e9coles et \u00e9tablissements d\u2019enseignement<\/p>\n<\/li>\n<li data-start=\"808\" data-end=\"855\">\n<p data-start=\"810\" data-end=\"855\">Les associations et organisations publiques<\/p>\n<\/li>\n<li data-start=\"856\" data-end=\"907\">\n<p data-start=\"858\" data-end=\"907\">Les urbanistes, planificateurs et investisseurs<\/p>\n<\/li>\n<\/ul>\n<p>&nbsp;<\/p>\n<p><a href=\"https:\/\/outdoor-gym.com\/fr\/wp-content\/uploads\/E-book-Comment-creer-un-espace-de-fitness-en-plein-air.pdf\"><img loading=\"lazy\" decoding=\"async\" class=\"alignnone wp-image-6528 size-full\" src=\"https:\/\/outdoor-gym.com\/fr\/wp-content\/uploads\/E-book-Comment-creer-un-espace-de-fitness-en-plein-air.webp\" alt=\"Comment cr\u00e9er un espace de fitness en plein air ? TRAINER fitness en plein air\" width=\"1414\" height=\"2000\" srcset=\"https:\/\/outdoor-gym.com\/fr\/wp-content\/uploads\/E-book-Comment-creer-un-espace-de-fitness-en-plein-air.webp 1414w, https:\/\/outdoor-gym.com\/fr\/wp-content\/uploads\/E-book-Comment-creer-un-espace-de-fitness-en-plein-air-424x600.webp 424w, https:\/\/outdoor-gym.com\/fr\/wp-content\/uploads\/E-book-Comment-creer-un-espace-de-fitness-en-plein-air-768x1086.webp 768w, https:\/\/outdoor-gym.com\/fr\/wp-content\/uploads\/E-book-Comment-creer-un-espace-de-fitness-en-plein-air-1086x1536.webp 1086w\" sizes=\"auto, (max-width: 1414px) 100vw, 1414px\" \/><\/a><\/p>\n","protected":false},"excerpt":{"rendered":"<p>Nous assurons des conseils d&#8217;experts et une assistance \u00e0 chaque \u00e9tape de r\u00e9alisation de votre commande. Nous analysons le dossier de projet et aidons \u00e0 choisir les \u00e9quipements appropri\u00e9s. Nous tenons compte de l&#8217;emplacement et de la destination de votre parc de fitness en plein air. Parmi des dizaines de possibilit\u00e9s, nous vous aiderons \u00e0 [&hellip;]<\/p>\n","protected":false},"author":1,"featured_media":0,"parent":932,"menu_order":0,"comment_status":"closed","ping_status":"closed","template":"template-usluga.php","meta":{"footnotes":""},"class_list":["post-1072","page","type-page","status-publish","hentry"],"acf":[],"yoast_head":"<!-- This site is optimized with the Yoast SEO plugin v27.4 - https:\/\/yoast.com\/product\/yoast-seo-wordpress\/ -->\n<title>Services de conseil - Trainer<\/title>\n<meta name=\"robots\" content=\"index, follow, max-snippet:-1, max-image-preview:large, max-video-preview:-1\" \/>\n<link rel=\"canonical\" href=\"https:\/\/outdoor-gym.com\/fr\/services\/services-de-conseil\/\" \/>\n<meta property=\"og:locale\" content=\"fr_FR\" \/>\n<meta property=\"og:type\" content=\"article\" \/>\n<meta property=\"og:title\" content=\"Services de conseil - Trainer\" \/>\n<meta property=\"og:description\" content=\"Nous assurons des conseils d&#8217;experts et une assistance \u00e0 chaque \u00e9tape de r\u00e9alisation de votre commande. Nous analysons le dossier de projet et aidons \u00e0 choisir les \u00e9quipements appropri\u00e9s. Nous tenons compte de l&#8217;emplacement et de la destination de votre parc de fitness en plein air. Parmi des dizaines de possibilit\u00e9s, nous vous aiderons \u00e0 [&hellip;]\" \/>\n<meta property=\"og:url\" content=\"https:\/\/outdoor-gym.com\/fr\/services\/services-de-conseil\/\" \/>\n<meta property=\"og:site_name\" content=\"Trainer\" \/>\n<meta property=\"article:modified_time\" content=\"2026-02-11T10:39:21+00:00\" \/>\n<meta property=\"og:image\" content=\"https:\/\/outdoor-gym.com\/fr\/wp-content\/uploads\/Services-de-conseil.jpg\" \/>\n\t<meta property=\"og:image:width\" content=\"1623\" \/>\n\t<meta property=\"og:image:height\" content=\"915\" \/>\n\t<meta property=\"og:image:type\" content=\"image\/jpeg\" \/>\n<meta name=\"twitter:card\" content=\"summary_large_image\" \/>\n<meta name=\"twitter:label1\" content=\"Szacowany czas czytania\" \/>\n\t<meta name=\"twitter:data1\" content=\"2 minuty\" \/>\n<script type=\"application\/ld+json\" class=\"yoast-schema-graph\">{\"@context\":\"https:\\\/\\\/schema.org\",\"@graph\":[{\"@type\":\"WebPage\",\"@id\":\"https:\\\/\\\/outdoor-gym.com\\\/fr\\\/services\\\/services-de-conseil\\\/\",\"url\":\"https:\\\/\\\/outdoor-gym.com\\\/fr\\\/services\\\/services-de-conseil\\\/\",\"name\":\"Services de conseil - Trainer\",\"isPartOf\":{\"@id\":\"https:\\\/\\\/outdoor-gym.com\\\/fr\\\/#website\"},\"primaryImageOfPage\":{\"@id\":\"https:\\\/\\\/outdoor-gym.com\\\/fr\\\/services\\\/services-de-conseil\\\/#primaryimage\"},\"image\":{\"@id\":\"https:\\\/\\\/outdoor-gym.com\\\/fr\\\/services\\\/services-de-conseil\\\/#primaryimage\"},\"thumbnailUrl\":\"https:\\\/\\\/outdoor-gym.com\\\/fr\\\/wp-content\\\/uploads\\\/Services-de-conseil.jpg\",\"datePublished\":\"2021-01-12T12:56:08+00:00\",\"dateModified\":\"2026-02-11T10:39:21+00:00\",\"breadcrumb\":{\"@id\":\"https:\\\/\\\/outdoor-gym.com\\\/fr\\\/services\\\/services-de-conseil\\\/#breadcrumb\"},\"inLanguage\":\"pl-PL\",\"potentialAction\":[{\"@type\":\"ReadAction\",\"target\":[\"https:\\\/\\\/outdoor-gym.com\\\/fr\\\/services\\\/services-de-conseil\\\/\"]}]},{\"@type\":\"ImageObject\",\"inLanguage\":\"pl-PL\",\"@id\":\"https:\\\/\\\/outdoor-gym.com\\\/fr\\\/services\\\/services-de-conseil\\\/#primaryimage\",\"url\":\"https:\\\/\\\/outdoor-gym.com\\\/fr\\\/wp-content\\\/uploads\\\/Services-de-conseil.jpg\",\"contentUrl\":\"https:\\\/\\\/outdoor-gym.com\\\/fr\\\/wp-content\\\/uploads\\\/Services-de-conseil.jpg\",\"width\":1623,\"height\":915,\"caption\":\"Services de conseil\"},{\"@type\":\"BreadcrumbList\",\"@id\":\"https:\\\/\\\/outdoor-gym.com\\\/fr\\\/services\\\/services-de-conseil\\\/#breadcrumb\",\"itemListElement\":[{\"@type\":\"ListItem\",\"position\":1,\"name\":\"fr\",\"item\":\"https:\\\/\\\/outdoor-gym.com\\\/fr\\\/\"},{\"@type\":\"ListItem\",\"position\":2,\"name\":\"Services\",\"item\":\"https:\\\/\\\/outdoor-gym.com\\\/fr\\\/services\\\/\"},{\"@type\":\"ListItem\",\"position\":3,\"name\":\"Services de conseil\"}]},{\"@type\":\"WebSite\",\"@id\":\"https:\\\/\\\/outdoor-gym.com\\\/fr\\\/#website\",\"url\":\"https:\\\/\\\/outdoor-gym.com\\\/fr\\\/\",\"name\":\"Trainer\",\"description\":\"Trainer\",\"potentialAction\":[{\"@type\":\"SearchAction\",\"target\":{\"@type\":\"EntryPoint\",\"urlTemplate\":\"https:\\\/\\\/outdoor-gym.com\\\/fr\\\/?s={search_term_string}\"},\"query-input\":{\"@type\":\"PropertyValueSpecification\",\"valueRequired\":true,\"valueName\":\"search_term_string\"}}],\"inLanguage\":\"pl-PL\"}]}<\/script>\n<!-- \/ Yoast SEO plugin. -->","yoast_head_json":{"title":"Services de conseil - Trainer","robots":{"index":"index","follow":"follow","max-snippet":"max-snippet:-1","max-image-preview":"max-image-preview:large","max-video-preview":"max-video-preview:-1"},"canonical":"https:\/\/outdoor-gym.com\/fr\/services\/services-de-conseil\/","og_locale":"fr_FR","og_type":"article","og_title":"Services de conseil - Trainer","og_description":"Nous assurons des conseils d&#8217;experts et une assistance \u00e0 chaque \u00e9tape de r\u00e9alisation de votre commande. Nous analysons le dossier de projet et aidons \u00e0 choisir les \u00e9quipements appropri\u00e9s. Nous tenons compte de l&#8217;emplacement et de la destination de votre parc de fitness en plein air. Parmi des dizaines de possibilit\u00e9s, nous vous aiderons \u00e0 [&hellip;]","og_url":"https:\/\/outdoor-gym.com\/fr\/services\/services-de-conseil\/","og_site_name":"Trainer","article_modified_time":"2026-02-11T10:39:21+00:00","og_image":[{"width":1623,"height":915,"url":"https:\/\/outdoor-gym.com\/fr\/wp-content\/uploads\/Services-de-conseil.jpg","type":"image\/jpeg"}],"twitter_card":"summary_large_image","twitter_misc":{"Szacowany czas czytania":"2 minuty"},"schema":{"@context":"https:\/\/schema.org","@graph":[{"@type":"WebPage","@id":"https:\/\/outdoor-gym.com\/fr\/services\/services-de-conseil\/","url":"https:\/\/outdoor-gym.com\/fr\/services\/services-de-conseil\/","name":"Services de conseil - Trainer","isPartOf":{"@id":"https:\/\/outdoor-gym.com\/fr\/#website"},"primaryImageOfPage":{"@id":"https:\/\/outdoor-gym.com\/fr\/services\/services-de-conseil\/#primaryimage"},"image":{"@id":"https:\/\/outdoor-gym.com\/fr\/services\/services-de-conseil\/#primaryimage"},"thumbnailUrl":"https:\/\/outdoor-gym.com\/fr\/wp-content\/uploads\/Services-de-conseil.jpg","datePublished":"2021-01-12T12:56:08+00:00","dateModified":"2026-02-11T10:39:21+00:00","breadcrumb":{"@id":"https:\/\/outdoor-gym.com\/fr\/services\/services-de-conseil\/#breadcrumb"},"inLanguage":"pl-PL","potentialAction":[{"@type":"ReadAction","target":["https:\/\/outdoor-gym.com\/fr\/services\/services-de-conseil\/"]}]},{"@type":"ImageObject","inLanguage":"pl-PL","@id":"https:\/\/outdoor-gym.com\/fr\/services\/services-de-conseil\/#primaryimage","url":"https:\/\/outdoor-gym.com\/fr\/wp-content\/uploads\/Services-de-conseil.jpg","contentUrl":"https:\/\/outdoor-gym.com\/fr\/wp-content\/uploads\/Services-de-conseil.jpg","width":1623,"height":915,"caption":"Services de conseil"},{"@type":"BreadcrumbList","@id":"https:\/\/outdoor-gym.com\/fr\/services\/services-de-conseil\/#breadcrumb","itemListElement":[{"@type":"ListItem","position":1,"name":"fr","item":"https:\/\/outdoor-gym.com\/fr\/"},{"@type":"ListItem","position":2,"name":"Services","item":"https:\/\/outdoor-gym.com\/fr\/services\/"},{"@type":"ListItem","position":3,"name":"Services de conseil"}]},{"@type":"WebSite","@id":"https:\/\/outdoor-gym.com\/fr\/#website","url":"https:\/\/outdoor-gym.com\/fr\/","name":"Trainer","description":"Trainer","potentialAction":[{"@type":"SearchAction","target":{"@type":"EntryPoint","urlTemplate":"https:\/\/outdoor-gym.com\/fr\/?s={search_term_string}"},"query-input":{"@type":"PropertyValueSpecification","valueRequired":true,"valueName":"search_term_string"}}],"inLanguage":"pl-PL"}]}},"_links":{"self":[{"href":"https:\/\/outdoor-gym.com\/fr\/wp-json\/wp\/v2\/pages\/1072","targetHints":{"allow":["GET"]}}],"collection":[{"href":"https:\/\/outdoor-gym.com\/fr\/wp-json\/wp\/v2\/pages"}],"about":[{"href":"https:\/\/outdoor-gym.com\/fr\/wp-json\/wp\/v2\/types\/page"}],"author":[{"embeddable":true,"href":"https:\/\/outdoor-gym.com\/fr\/wp-json\/wp\/v2\/users\/1"}],"replies":[{"embeddable":true,"href":"https:\/\/outdoor-gym.com\/fr\/wp-json\/wp\/v2\/comments?post=1072"}],"version-history":[{"count":11,"href":"https:\/\/outdoor-gym.com\/fr\/wp-json\/wp\/v2\/pages\/1072\/revisions"}],"predecessor-version":[{"id":6529,"href":"https:\/\/outdoor-gym.com\/fr\/wp-json\/wp\/v2\/pages\/1072\/revisions\/6529"}],"up":[{"embeddable":true,"href":"https:\/\/outdoor-gym.com\/fr\/wp-json\/wp\/v2\/pages\/932"}],"wp:attachment":[{"href":"https:\/\/outdoor-gym.com\/fr\/wp-json\/wp\/v2\/media?parent=1072"}],"curies":[{"name":"wp","href":"https:\/\/api.w.org\/{rel}","templated":true}]}}