{"id":1217,"date":"2021-01-18T13:11:59","date_gmt":"2021-01-18T12:11:59","guid":{"rendered":"https:\/\/outdoor-gym.com\/fr\/?page_id=1217"},"modified":"2024-11-24T22:08:48","modified_gmt":"2024-11-24T21:08:48","slug":"conception","status":"publish","type":"page","link":"https:\/\/outdoor-gym.com\/fr\/services\/conception\/","title":{"rendered":"Conception"},"content":{"rendered":"<p><img loading=\"lazy\" decoding=\"async\" class=\"alignnone size-full wp-image-5489\" src=\"https:\/\/outdoor-gym.com\/fr\/wp-content\/uploads\/Appareil-Fitness-plein-air-Set-8-6.webp\" alt=\"Appareil Fitness plein air set 8\" width=\"2560\" height=\"1707\" srcset=\"https:\/\/outdoor-gym.com\/fr\/wp-content\/uploads\/Appareil-Fitness-plein-air-Set-8-6.webp 2560w, https:\/\/outdoor-gym.com\/fr\/wp-content\/uploads\/Appareil-Fitness-plein-air-Set-8-6-600x400.webp 600w, https:\/\/outdoor-gym.com\/fr\/wp-content\/uploads\/Appareil-Fitness-plein-air-Set-8-6-2000x1334.webp 2000w, https:\/\/outdoor-gym.com\/fr\/wp-content\/uploads\/Appareil-Fitness-plein-air-Set-8-6-768x512.webp 768w, https:\/\/outdoor-gym.com\/fr\/wp-content\/uploads\/Appareil-Fitness-plein-air-Set-8-6-1536x1024.webp 1536w, https:\/\/outdoor-gym.com\/fr\/wp-content\/uploads\/Appareil-Fitness-plein-air-Set-8-6-2048x1366.webp 2048w\" sizes=\"auto, (max-width: 2560px) 100vw, 2560px\" \/><\/p>\n<p><img loading=\"lazy\" decoding=\"async\" class=\"alignnone size-full wp-image-5486\" src=\"https:\/\/outdoor-gym.com\/fr\/wp-content\/uploads\/Set-3-mobilier-urbain-corbeille-11.webp\" alt=\"\" width=\"2560\" height=\"1707\" \/><\/p>\n<p>&nbsp;<\/p>\n<p>Gr\u00e2ce \u00e0 une riche offre d&#8217;appareils et une large gamme de couleurs, combin\u00e9es \u00e0 une fabrication minutieuse, nos gymnases en plein air TRAINER deviendront une v\u00e9ritable pi\u00e8ce ma\u00eetresse des parcs, squares, et terrains de jeux. De concert avec des architectes de l&#8217;Europe enti\u00e8re, nous cr\u00e9ons des aires de loisirs avec des stations de fitness adapt\u00e9es aux personnes de tous \u00e2ges.<\/p>\n<p>Nous concevons de nouveaux espaces et transformons ceux qui existent d\u00e9j\u00e0. Nous serons heureux de conna\u00eetre vos attentes et de vous aider \u00e0 concevoir le parcours de fitness de vos r\u00eaves.<\/p>\n<p>&nbsp;<\/p>\n<div style=\"width: 854px;\" class=\"wp-video\"><!--[if lt IE 9]><script>document.createElement('video');<\/script><![endif]-->\n<video class=\"wp-video-shortcode\" id=\"video-1217-1\" width=\"854\" height=\"480\" loop autoplay preload=\"auto\" controls=\"controls\"><source type=\"video\/webm\" src=\"https:\/\/outdoor-gym.com\/fr\/wp-content\/uploads\/Street-Workout-Parc-11-1.webm?_=1\" \/><a href=\"https:\/\/outdoor-gym.com\/fr\/wp-content\/uploads\/Street-Workout-Parc-11-1.webm\">https:\/\/outdoor-gym.com\/fr\/wp-content\/uploads\/Street-Workout-Parc-11-1.webm<\/a><\/video><\/div>\n","protected":false},"excerpt":{"rendered":"<p>&nbsp; Gr\u00e2ce \u00e0 une riche offre d&#8217;appareils et une large gamme de couleurs, combin\u00e9es \u00e0 une fabrication minutieuse, nos gymnases en plein air TRAINER deviendront une v\u00e9ritable pi\u00e8ce ma\u00eetresse des parcs, squares, et terrains de jeux. De concert avec des architectes de l&#8217;Europe enti\u00e8re, nous cr\u00e9ons des aires de loisirs avec des stations de fitness [&hellip;]<\/p>\n","protected":false},"author":1,"featured_media":0,"parent":932,"menu_order":0,"comment_status":"closed","ping_status":"closed","template":"template-usluga.php","meta":{"footnotes":""},"class_list":["post-1217","page","type-page","status-publish","hentry"],"acf":[],"yoast_head":"<!-- This site is optimized with the Yoast SEO plugin v27.4 - https:\/\/yoast.com\/product\/yoast-seo-wordpress\/ -->\n<title>Conception - Trainer<\/title>\n<meta name=\"robots\" content=\"index, follow, max-snippet:-1, max-image-preview:large, max-video-preview:-1\" \/>\n<link rel=\"canonical\" href=\"https:\/\/outdoor-gym.com\/fr\/services\/conception\/\" \/>\n<meta property=\"og:locale\" content=\"fr_FR\" \/>\n<meta property=\"og:type\" content=\"article\" \/>\n<meta property=\"og:title\" content=\"Conception - Trainer\" \/>\n<meta property=\"og:description\" content=\"&nbsp; Gr\u00e2ce \u00e0 une riche offre d&#8217;appareils et une large gamme de couleurs, combin\u00e9es \u00e0 une fabrication minutieuse, nos gymnases en plein air TRAINER deviendront une v\u00e9ritable pi\u00e8ce ma\u00eetresse des parcs, squares, et terrains de jeux. De concert avec des architectes de l&#8217;Europe enti\u00e8re, nous cr\u00e9ons des aires de loisirs avec des stations de fitness [&hellip;]\" \/>\n<meta property=\"og:url\" content=\"https:\/\/outdoor-gym.com\/fr\/services\/conception\/\" \/>\n<meta property=\"og:site_name\" content=\"Trainer\" \/>\n<meta property=\"article:modified_time\" content=\"2024-11-24T21:08:48+00:00\" \/>\n<meta property=\"og:image\" content=\"https:\/\/outdoor-gym.com\/fr\/wp-content\/uploads\/Appareil-Fitness-plein-air-Set-8-6.webp\" \/>\n<meta name=\"twitter:card\" content=\"summary_large_image\" \/>\n<meta name=\"twitter:label1\" content=\"Szacowany czas czytania\" \/>\n\t<meta name=\"twitter:data1\" content=\"1 minuta\" \/>\n<script type=\"application\/ld+json\" class=\"yoast-schema-graph\">{\"@context\":\"https:\\\/\\\/schema.org\",\"@graph\":[{\"@type\":\"WebPage\",\"@id\":\"https:\\\/\\\/outdoor-gym.com\\\/fr\\\/services\\\/conception\\\/\",\"url\":\"https:\\\/\\\/outdoor-gym.com\\\/fr\\\/services\\\/conception\\\/\",\"name\":\"Conception - Trainer\",\"isPartOf\":{\"@id\":\"https:\\\/\\\/outdoor-gym.com\\\/fr\\\/#website\"},\"primaryImageOfPage\":{\"@id\":\"https:\\\/\\\/outdoor-gym.com\\\/fr\\\/services\\\/conception\\\/#primaryimage\"},\"image\":{\"@id\":\"https:\\\/\\\/outdoor-gym.com\\\/fr\\\/services\\\/conception\\\/#primaryimage\"},\"thumbnailUrl\":\"https:\\\/\\\/outdoor-gym.com\\\/fr\\\/wp-content\\\/uploads\\\/Appareil-Fitness-plein-air-Set-8-6.webp\",\"datePublished\":\"2021-01-18T12:11:59+00:00\",\"dateModified\":\"2024-11-24T21:08:48+00:00\",\"breadcrumb\":{\"@id\":\"https:\\\/\\\/outdoor-gym.com\\\/fr\\\/services\\\/conception\\\/#breadcrumb\"},\"inLanguage\":\"pl-PL\",\"potentialAction\":[{\"@type\":\"ReadAction\",\"target\":[\"https:\\\/\\\/outdoor-gym.com\\\/fr\\\/services\\\/conception\\\/\"]}]},{\"@type\":\"ImageObject\",\"inLanguage\":\"pl-PL\",\"@id\":\"https:\\\/\\\/outdoor-gym.com\\\/fr\\\/services\\\/conception\\\/#primaryimage\",\"url\":\"https:\\\/\\\/outdoor-gym.com\\\/fr\\\/wp-content\\\/uploads\\\/Appareil-Fitness-plein-air-Set-8-6.webp\",\"contentUrl\":\"https:\\\/\\\/outdoor-gym.com\\\/fr\\\/wp-content\\\/uploads\\\/Appareil-Fitness-plein-air-Set-8-6.webp\",\"width\":2560,\"height\":1707,\"caption\":\"Appareil Fitness plein air set 8\"},{\"@type\":\"BreadcrumbList\",\"@id\":\"https:\\\/\\\/outdoor-gym.com\\\/fr\\\/services\\\/conception\\\/#breadcrumb\",\"itemListElement\":[{\"@type\":\"ListItem\",\"position\":1,\"name\":\"fr\",\"item\":\"https:\\\/\\\/outdoor-gym.com\\\/fr\\\/\"},{\"@type\":\"ListItem\",\"position\":2,\"name\":\"Services\",\"item\":\"https:\\\/\\\/outdoor-gym.com\\\/fr\\\/services\\\/\"},{\"@type\":\"ListItem\",\"position\":3,\"name\":\"Conception\"}]},{\"@type\":\"WebSite\",\"@id\":\"https:\\\/\\\/outdoor-gym.com\\\/fr\\\/#website\",\"url\":\"https:\\\/\\\/outdoor-gym.com\\\/fr\\\/\",\"name\":\"Trainer\",\"description\":\"Trainer\",\"potentialAction\":[{\"@type\":\"SearchAction\",\"target\":{\"@type\":\"EntryPoint\",\"urlTemplate\":\"https:\\\/\\\/outdoor-gym.com\\\/fr\\\/?s={search_term_string}\"},\"query-input\":{\"@type\":\"PropertyValueSpecification\",\"valueRequired\":true,\"valueName\":\"search_term_string\"}}],\"inLanguage\":\"pl-PL\"}]}<\/script>\n<!-- \/ Yoast SEO plugin. -->","yoast_head_json":{"title":"Conception - Trainer","robots":{"index":"index","follow":"follow","max-snippet":"max-snippet:-1","max-image-preview":"max-image-preview:large","max-video-preview":"max-video-preview:-1"},"canonical":"https:\/\/outdoor-gym.com\/fr\/services\/conception\/","og_locale":"fr_FR","og_type":"article","og_title":"Conception - Trainer","og_description":"&nbsp; Gr\u00e2ce \u00e0 une riche offre d&#8217;appareils et une large gamme de couleurs, combin\u00e9es \u00e0 une fabrication minutieuse, nos gymnases en plein air TRAINER deviendront une v\u00e9ritable pi\u00e8ce ma\u00eetresse des parcs, squares, et terrains de jeux. De concert avec des architectes de l&#8217;Europe enti\u00e8re, nous cr\u00e9ons des aires de loisirs avec des stations de fitness [&hellip;]","og_url":"https:\/\/outdoor-gym.com\/fr\/services\/conception\/","og_site_name":"Trainer","article_modified_time":"2024-11-24T21:08:48+00:00","og_image":[{"url":"https:\/\/outdoor-gym.com\/fr\/wp-content\/uploads\/Appareil-Fitness-plein-air-Set-8-6.webp","type":"","width":"","height":""}],"twitter_card":"summary_large_image","twitter_misc":{"Szacowany czas czytania":"1 minuta"},"schema":{"@context":"https:\/\/schema.org","@graph":[{"@type":"WebPage","@id":"https:\/\/outdoor-gym.com\/fr\/services\/conception\/","url":"https:\/\/outdoor-gym.com\/fr\/services\/conception\/","name":"Conception - Trainer","isPartOf":{"@id":"https:\/\/outdoor-gym.com\/fr\/#website"},"primaryImageOfPage":{"@id":"https:\/\/outdoor-gym.com\/fr\/services\/conception\/#primaryimage"},"image":{"@id":"https:\/\/outdoor-gym.com\/fr\/services\/conception\/#primaryimage"},"thumbnailUrl":"https:\/\/outdoor-gym.com\/fr\/wp-content\/uploads\/Appareil-Fitness-plein-air-Set-8-6.webp","datePublished":"2021-01-18T12:11:59+00:00","dateModified":"2024-11-24T21:08:48+00:00","breadcrumb":{"@id":"https:\/\/outdoor-gym.com\/fr\/services\/conception\/#breadcrumb"},"inLanguage":"pl-PL","potentialAction":[{"@type":"ReadAction","target":["https:\/\/outdoor-gym.com\/fr\/services\/conception\/"]}]},{"@type":"ImageObject","inLanguage":"pl-PL","@id":"https:\/\/outdoor-gym.com\/fr\/services\/conception\/#primaryimage","url":"https:\/\/outdoor-gym.com\/fr\/wp-content\/uploads\/Appareil-Fitness-plein-air-Set-8-6.webp","contentUrl":"https:\/\/outdoor-gym.com\/fr\/wp-content\/uploads\/Appareil-Fitness-plein-air-Set-8-6.webp","width":2560,"height":1707,"caption":"Appareil Fitness plein air set 8"},{"@type":"BreadcrumbList","@id":"https:\/\/outdoor-gym.com\/fr\/services\/conception\/#breadcrumb","itemListElement":[{"@type":"ListItem","position":1,"name":"fr","item":"https:\/\/outdoor-gym.com\/fr\/"},{"@type":"ListItem","position":2,"name":"Services","item":"https:\/\/outdoor-gym.com\/fr\/services\/"},{"@type":"ListItem","position":3,"name":"Conception"}]},{"@type":"WebSite","@id":"https:\/\/outdoor-gym.com\/fr\/#website","url":"https:\/\/outdoor-gym.com\/fr\/","name":"Trainer","description":"Trainer","potentialAction":[{"@type":"SearchAction","target":{"@type":"EntryPoint","urlTemplate":"https:\/\/outdoor-gym.com\/fr\/?s={search_term_string}"},"query-input":{"@type":"PropertyValueSpecification","valueRequired":true,"valueName":"search_term_string"}}],"inLanguage":"pl-PL"}]}},"_links":{"self":[{"href":"https:\/\/outdoor-gym.com\/fr\/wp-json\/wp\/v2\/pages\/1217","targetHints":{"allow":["GET"]}}],"collection":[{"href":"https:\/\/outdoor-gym.com\/fr\/wp-json\/wp\/v2\/pages"}],"about":[{"href":"https:\/\/outdoor-gym.com\/fr\/wp-json\/wp\/v2\/types\/page"}],"author":[{"embeddable":true,"href":"https:\/\/outdoor-gym.com\/fr\/wp-json\/wp\/v2\/users\/1"}],"replies":[{"embeddable":true,"href":"https:\/\/outdoor-gym.com\/fr\/wp-json\/wp\/v2\/comments?post=1217"}],"version-history":[{"count":10,"href":"https:\/\/outdoor-gym.com\/fr\/wp-json\/wp\/v2\/pages\/1217\/revisions"}],"predecessor-version":[{"id":5506,"href":"https:\/\/outdoor-gym.com\/fr\/wp-json\/wp\/v2\/pages\/1217\/revisions\/5506"}],"up":[{"embeddable":true,"href":"https:\/\/outdoor-gym.com\/fr\/wp-json\/wp\/v2\/pages\/932"}],"wp:attachment":[{"href":"https:\/\/outdoor-gym.com\/fr\/wp-json\/wp\/v2\/media?parent=1217"}],"curies":[{"name":"wp","href":"https:\/\/api.w.org\/{rel}","templated":true}]}}