{"id":1219,"date":"2021-01-18T13:12:56","date_gmt":"2021-01-18T12:12:56","guid":{"rendered":"https:\/\/outdoor-gym.com\/fr\/?page_id=1219"},"modified":"2022-08-08T16:37:26","modified_gmt":"2022-08-08T14:37:26","slug":"livraison","status":"publish","type":"page","link":"https:\/\/outdoor-gym.com\/fr\/services\/livraison\/","title":{"rendered":"Livraison"},"content":{"rendered":"<p>Nous livrons des \u00e9quipements de fitness en plein air dans toute l&#8217;Europe et dans le monde entier. La livraison est effectu\u00e9e par notre soci\u00e9t\u00e9 ou par des soci\u00e9t\u00e9s de transport \u00e9prouv\u00e9es. L&#8217;\u00e9quipement de fitness est emball\u00e9 avec soin et en toute s\u00e9curit\u00e9. Quant \u00e0 la date de livraison, elle est fix\u00e9e individuellement. La livraison est effectu\u00e9e directement \u00e0 l&#8217;adresse indiqu\u00e9e.<\/p>\n<p>Vous pouvez \u00e9galement r\u00e9ceptionnez vos \u00e9quipements dans notre entrep\u00f4t, situ\u00e9 dans un endroit tr\u00e8s convenable. Vous pouvez r\u00e9cup\u00e9rer les appareils command\u00e9s sur rendez-vous.<\/p>\n<p><img loading=\"lazy\" decoding=\"async\" class=\"alignnone size-full wp-image-4039\" src=\"https:\/\/outdoor-gym.com\/fr\/wp-content\/uploads\/Livraison.jpg\" alt=\"\" width=\"1000\" height=\"688\" srcset=\"https:\/\/outdoor-gym.com\/fr\/wp-content\/uploads\/Livraison.jpg 1000w, https:\/\/outdoor-gym.com\/fr\/wp-content\/uploads\/Livraison-600x413.jpg 600w, https:\/\/outdoor-gym.com\/fr\/wp-content\/uploads\/Livraison-768x528.jpg 768w\" sizes=\"auto, (max-width: 1000px) 100vw, 1000px\" \/><\/p>\n","protected":false},"excerpt":{"rendered":"<p>Nous livrons des \u00e9quipements de fitness en plein air dans toute l&#8217;Europe et dans le monde entier. La livraison est effectu\u00e9e par notre soci\u00e9t\u00e9 ou par des soci\u00e9t\u00e9s de transport \u00e9prouv\u00e9es. L&#8217;\u00e9quipement de fitness est emball\u00e9 avec soin et en toute s\u00e9curit\u00e9. Quant \u00e0 la date de livraison, elle est fix\u00e9e individuellement. La livraison est [&hellip;]<\/p>\n","protected":false},"author":1,"featured_media":0,"parent":932,"menu_order":0,"comment_status":"closed","ping_status":"closed","template":"template-usluga.php","meta":{"footnotes":""},"class_list":["post-1219","page","type-page","status-publish","hentry"],"acf":[],"yoast_head":"<!-- This site is optimized with the Yoast SEO plugin v27.4 - https:\/\/yoast.com\/product\/yoast-seo-wordpress\/ -->\n<title>Livraison - Trainer<\/title>\n<meta name=\"robots\" content=\"index, follow, max-snippet:-1, max-image-preview:large, max-video-preview:-1\" \/>\n<link rel=\"canonical\" href=\"https:\/\/outdoor-gym.com\/fr\/services\/livraison\/\" \/>\n<meta property=\"og:locale\" content=\"fr_FR\" \/>\n<meta property=\"og:type\" content=\"article\" \/>\n<meta property=\"og:title\" content=\"Livraison - Trainer\" \/>\n<meta property=\"og:description\" content=\"Nous livrons des \u00e9quipements de fitness en plein air dans toute l&#8217;Europe et dans le monde entier. La livraison est effectu\u00e9e par notre soci\u00e9t\u00e9 ou par des soci\u00e9t\u00e9s de transport \u00e9prouv\u00e9es. L&#8217;\u00e9quipement de fitness est emball\u00e9 avec soin et en toute s\u00e9curit\u00e9. Quant \u00e0 la date de livraison, elle est fix\u00e9e individuellement. La livraison est [&hellip;]\" \/>\n<meta property=\"og:url\" content=\"https:\/\/outdoor-gym.com\/fr\/services\/livraison\/\" \/>\n<meta property=\"og:site_name\" content=\"Trainer\" \/>\n<meta property=\"article:modified_time\" content=\"2022-08-08T14:37:26+00:00\" \/>\n<meta property=\"og:image\" content=\"https:\/\/outdoor-gym.com\/fr\/wp-content\/uploads\/Livraison.jpg\" \/>\n<meta name=\"twitter:card\" content=\"summary_large_image\" \/>\n<meta name=\"twitter:label1\" content=\"Szacowany czas czytania\" \/>\n\t<meta name=\"twitter:data1\" content=\"1 minuta\" \/>\n<script type=\"application\/ld+json\" class=\"yoast-schema-graph\">{\"@context\":\"https:\\\/\\\/schema.org\",\"@graph\":[{\"@type\":\"WebPage\",\"@id\":\"https:\\\/\\\/outdoor-gym.com\\\/fr\\\/services\\\/livraison\\\/\",\"url\":\"https:\\\/\\\/outdoor-gym.com\\\/fr\\\/services\\\/livraison\\\/\",\"name\":\"Livraison - Trainer\",\"isPartOf\":{\"@id\":\"https:\\\/\\\/outdoor-gym.com\\\/fr\\\/#website\"},\"primaryImageOfPage\":{\"@id\":\"https:\\\/\\\/outdoor-gym.com\\\/fr\\\/services\\\/livraison\\\/#primaryimage\"},\"image\":{\"@id\":\"https:\\\/\\\/outdoor-gym.com\\\/fr\\\/services\\\/livraison\\\/#primaryimage\"},\"thumbnailUrl\":\"https:\\\/\\\/outdoor-gym.com\\\/fr\\\/wp-content\\\/uploads\\\/Livraison.jpg\",\"datePublished\":\"2021-01-18T12:12:56+00:00\",\"dateModified\":\"2022-08-08T14:37:26+00:00\",\"breadcrumb\":{\"@id\":\"https:\\\/\\\/outdoor-gym.com\\\/fr\\\/services\\\/livraison\\\/#breadcrumb\"},\"inLanguage\":\"pl-PL\",\"potentialAction\":[{\"@type\":\"ReadAction\",\"target\":[\"https:\\\/\\\/outdoor-gym.com\\\/fr\\\/services\\\/livraison\\\/\"]}]},{\"@type\":\"ImageObject\",\"inLanguage\":\"pl-PL\",\"@id\":\"https:\\\/\\\/outdoor-gym.com\\\/fr\\\/services\\\/livraison\\\/#primaryimage\",\"url\":\"https:\\\/\\\/outdoor-gym.com\\\/fr\\\/wp-content\\\/uploads\\\/Livraison.jpg\",\"contentUrl\":\"https:\\\/\\\/outdoor-gym.com\\\/fr\\\/wp-content\\\/uploads\\\/Livraison.jpg\",\"width\":1000,\"height\":688},{\"@type\":\"BreadcrumbList\",\"@id\":\"https:\\\/\\\/outdoor-gym.com\\\/fr\\\/services\\\/livraison\\\/#breadcrumb\",\"itemListElement\":[{\"@type\":\"ListItem\",\"position\":1,\"name\":\"fr\",\"item\":\"https:\\\/\\\/outdoor-gym.com\\\/fr\\\/\"},{\"@type\":\"ListItem\",\"position\":2,\"name\":\"Services\",\"item\":\"https:\\\/\\\/outdoor-gym.com\\\/fr\\\/services\\\/\"},{\"@type\":\"ListItem\",\"position\":3,\"name\":\"Livraison\"}]},{\"@type\":\"WebSite\",\"@id\":\"https:\\\/\\\/outdoor-gym.com\\\/fr\\\/#website\",\"url\":\"https:\\\/\\\/outdoor-gym.com\\\/fr\\\/\",\"name\":\"Trainer\",\"description\":\"Trainer\",\"potentialAction\":[{\"@type\":\"SearchAction\",\"target\":{\"@type\":\"EntryPoint\",\"urlTemplate\":\"https:\\\/\\\/outdoor-gym.com\\\/fr\\\/?s={search_term_string}\"},\"query-input\":{\"@type\":\"PropertyValueSpecification\",\"valueRequired\":true,\"valueName\":\"search_term_string\"}}],\"inLanguage\":\"pl-PL\"}]}<\/script>\n<!-- \/ Yoast SEO plugin. -->","yoast_head_json":{"title":"Livraison - Trainer","robots":{"index":"index","follow":"follow","max-snippet":"max-snippet:-1","max-image-preview":"max-image-preview:large","max-video-preview":"max-video-preview:-1"},"canonical":"https:\/\/outdoor-gym.com\/fr\/services\/livraison\/","og_locale":"fr_FR","og_type":"article","og_title":"Livraison - Trainer","og_description":"Nous livrons des \u00e9quipements de fitness en plein air dans toute l&#8217;Europe et dans le monde entier. La livraison est effectu\u00e9e par notre soci\u00e9t\u00e9 ou par des soci\u00e9t\u00e9s de transport \u00e9prouv\u00e9es. L&#8217;\u00e9quipement de fitness est emball\u00e9 avec soin et en toute s\u00e9curit\u00e9. Quant \u00e0 la date de livraison, elle est fix\u00e9e individuellement. La livraison est [&hellip;]","og_url":"https:\/\/outdoor-gym.com\/fr\/services\/livraison\/","og_site_name":"Trainer","article_modified_time":"2022-08-08T14:37:26+00:00","og_image":[{"url":"https:\/\/outdoor-gym.com\/fr\/wp-content\/uploads\/Livraison.jpg","type":"","width":"","height":""}],"twitter_card":"summary_large_image","twitter_misc":{"Szacowany czas czytania":"1 minuta"},"schema":{"@context":"https:\/\/schema.org","@graph":[{"@type":"WebPage","@id":"https:\/\/outdoor-gym.com\/fr\/services\/livraison\/","url":"https:\/\/outdoor-gym.com\/fr\/services\/livraison\/","name":"Livraison - Trainer","isPartOf":{"@id":"https:\/\/outdoor-gym.com\/fr\/#website"},"primaryImageOfPage":{"@id":"https:\/\/outdoor-gym.com\/fr\/services\/livraison\/#primaryimage"},"image":{"@id":"https:\/\/outdoor-gym.com\/fr\/services\/livraison\/#primaryimage"},"thumbnailUrl":"https:\/\/outdoor-gym.com\/fr\/wp-content\/uploads\/Livraison.jpg","datePublished":"2021-01-18T12:12:56+00:00","dateModified":"2022-08-08T14:37:26+00:00","breadcrumb":{"@id":"https:\/\/outdoor-gym.com\/fr\/services\/livraison\/#breadcrumb"},"inLanguage":"pl-PL","potentialAction":[{"@type":"ReadAction","target":["https:\/\/outdoor-gym.com\/fr\/services\/livraison\/"]}]},{"@type":"ImageObject","inLanguage":"pl-PL","@id":"https:\/\/outdoor-gym.com\/fr\/services\/livraison\/#primaryimage","url":"https:\/\/outdoor-gym.com\/fr\/wp-content\/uploads\/Livraison.jpg","contentUrl":"https:\/\/outdoor-gym.com\/fr\/wp-content\/uploads\/Livraison.jpg","width":1000,"height":688},{"@type":"BreadcrumbList","@id":"https:\/\/outdoor-gym.com\/fr\/services\/livraison\/#breadcrumb","itemListElement":[{"@type":"ListItem","position":1,"name":"fr","item":"https:\/\/outdoor-gym.com\/fr\/"},{"@type":"ListItem","position":2,"name":"Services","item":"https:\/\/outdoor-gym.com\/fr\/services\/"},{"@type":"ListItem","position":3,"name":"Livraison"}]},{"@type":"WebSite","@id":"https:\/\/outdoor-gym.com\/fr\/#website","url":"https:\/\/outdoor-gym.com\/fr\/","name":"Trainer","description":"Trainer","potentialAction":[{"@type":"SearchAction","target":{"@type":"EntryPoint","urlTemplate":"https:\/\/outdoor-gym.com\/fr\/?s={search_term_string}"},"query-input":{"@type":"PropertyValueSpecification","valueRequired":true,"valueName":"search_term_string"}}],"inLanguage":"pl-PL"}]}},"_links":{"self":[{"href":"https:\/\/outdoor-gym.com\/fr\/wp-json\/wp\/v2\/pages\/1219","targetHints":{"allow":["GET"]}}],"collection":[{"href":"https:\/\/outdoor-gym.com\/fr\/wp-json\/wp\/v2\/pages"}],"about":[{"href":"https:\/\/outdoor-gym.com\/fr\/wp-json\/wp\/v2\/types\/page"}],"author":[{"embeddable":true,"href":"https:\/\/outdoor-gym.com\/fr\/wp-json\/wp\/v2\/users\/1"}],"replies":[{"embeddable":true,"href":"https:\/\/outdoor-gym.com\/fr\/wp-json\/wp\/v2\/comments?post=1219"}],"version-history":[{"count":8,"href":"https:\/\/outdoor-gym.com\/fr\/wp-json\/wp\/v2\/pages\/1219\/revisions"}],"predecessor-version":[{"id":4076,"href":"https:\/\/outdoor-gym.com\/fr\/wp-json\/wp\/v2\/pages\/1219\/revisions\/4076"}],"up":[{"embeddable":true,"href":"https:\/\/outdoor-gym.com\/fr\/wp-json\/wp\/v2\/pages\/932"}],"wp:attachment":[{"href":"https:\/\/outdoor-gym.com\/fr\/wp-json\/wp\/v2\/media?parent=1219"}],"curies":[{"name":"wp","href":"https:\/\/api.w.org\/{rel}","templated":true}]}}