{"id":1222,"date":"2021-01-18T13:13:05","date_gmt":"2021-01-18T12:13:05","guid":{"rendered":"https:\/\/outdoor-gym.com\/fr\/?page_id=1222"},"modified":"2023-12-20T12:31:04","modified_gmt":"2023-12-20T11:31:04","slug":"pose","status":"publish","type":"page","link":"https:\/\/outdoor-gym.com\/fr\/services\/pose\/","title":{"rendered":"Pose"},"content":{"rendered":"<p><strong>Assemblage simple d&#8217;\u00e9quipements d&#8217;exercice en plein air.<\/strong><\/p>\n<p>Nos services comprennent \u00e9galement une gamme compl\u00e8te de travaux de pose. Nous assurons la pose de salles de sport en plein air dans toute l&#8217;Europe.<\/p>\n<p>Vous pouvez \u00e9galement installer nos \u00e9quipements et stations vous-m\u00eame. C&#8217;est tr\u00e8s simple. Les notices pr\u00e9par\u00e9es par des sp\u00e9cialistes vous guideront pas \u00e0 pas tout au long de la pose. Chacun de nos appareils de fitness ou de musculation est livr\u00e9 avec un ancrage \u00e0 b\u00e9tonner dans le sol. Vous pouvez \u00e9galement faire appel \u00e0 des entreprises sp\u00e9cialis\u00e9es qui r\u00e9aliseront la pose pour vous. Nous coop\u00e9rons avec de nombreuses entreprises dans toute l&#8217;Europe. Contactez-nous.<\/p>\n<h4><a class=\"in-button in-download-button\" href=\"https:\/\/outdoor-gym.com\/fr\/wp-content\/uploads\/INSTRUCTIONS-D_INSTALLATION-FR-1.pdf\" target=\"_blank\" rel=\"noopener\">INSTRUCTIONS D_INSTALLATION FR<\/a><\/h4>\n","protected":false},"excerpt":{"rendered":"<p>Assemblage simple d&#8217;\u00e9quipements d&#8217;exercice en plein air. Nos services comprennent \u00e9galement une gamme compl\u00e8te de travaux de pose. Nous assurons la pose de salles de sport en plein air dans toute l&#8217;Europe. Vous pouvez \u00e9galement installer nos \u00e9quipements et stations vous-m\u00eame. C&#8217;est tr\u00e8s simple. Les notices pr\u00e9par\u00e9es par des sp\u00e9cialistes vous guideront pas \u00e0 pas [&hellip;]<\/p>\n","protected":false},"author":1,"featured_media":0,"parent":932,"menu_order":0,"comment_status":"closed","ping_status":"closed","template":"template-usluga.php","meta":{"footnotes":""},"class_list":["post-1222","page","type-page","status-publish","hentry"],"acf":[],"yoast_head":"<!-- This site is optimized with the Yoast SEO plugin v27.3 - https:\/\/yoast.com\/product\/yoast-seo-wordpress\/ -->\n<title>Pose - Trainer<\/title>\n<meta name=\"robots\" content=\"index, follow, max-snippet:-1, max-image-preview:large, max-video-preview:-1\" \/>\n<link rel=\"canonical\" href=\"https:\/\/outdoor-gym.com\/fr\/services\/pose\/\" \/>\n<meta property=\"og:locale\" content=\"fr_FR\" \/>\n<meta property=\"og:type\" content=\"article\" \/>\n<meta property=\"og:title\" content=\"Pose - Trainer\" \/>\n<meta property=\"og:description\" content=\"Assemblage simple d&#8217;\u00e9quipements d&#8217;exercice en plein air. Nos services comprennent \u00e9galement une gamme compl\u00e8te de travaux de pose. Nous assurons la pose de salles de sport en plein air dans toute l&#8217;Europe. Vous pouvez \u00e9galement installer nos \u00e9quipements et stations vous-m\u00eame. C&#8217;est tr\u00e8s simple. Les notices pr\u00e9par\u00e9es par des sp\u00e9cialistes vous guideront pas \u00e0 pas [&hellip;]\" \/>\n<meta property=\"og:url\" content=\"https:\/\/outdoor-gym.com\/fr\/services\/pose\/\" \/>\n<meta property=\"og:site_name\" content=\"Trainer\" \/>\n<meta property=\"article:modified_time\" content=\"2023-12-20T11:31:04+00:00\" \/>\n<meta name=\"twitter:card\" content=\"summary_large_image\" \/>\n<meta name=\"twitter:label1\" content=\"Szacowany czas czytania\" \/>\n\t<meta name=\"twitter:data1\" content=\"1 minuta\" \/>\n<script type=\"application\/ld+json\" class=\"yoast-schema-graph\">{\"@context\":\"https:\\\/\\\/schema.org\",\"@graph\":[{\"@type\":\"WebPage\",\"@id\":\"https:\\\/\\\/outdoor-gym.com\\\/fr\\\/services\\\/pose\\\/\",\"url\":\"https:\\\/\\\/outdoor-gym.com\\\/fr\\\/services\\\/pose\\\/\",\"name\":\"Pose - Trainer\",\"isPartOf\":{\"@id\":\"https:\\\/\\\/outdoor-gym.com\\\/fr\\\/#website\"},\"datePublished\":\"2021-01-18T12:13:05+00:00\",\"dateModified\":\"2023-12-20T11:31:04+00:00\",\"breadcrumb\":{\"@id\":\"https:\\\/\\\/outdoor-gym.com\\\/fr\\\/services\\\/pose\\\/#breadcrumb\"},\"inLanguage\":\"pl-PL\",\"potentialAction\":[{\"@type\":\"ReadAction\",\"target\":[\"https:\\\/\\\/outdoor-gym.com\\\/fr\\\/services\\\/pose\\\/\"]}]},{\"@type\":\"BreadcrumbList\",\"@id\":\"https:\\\/\\\/outdoor-gym.com\\\/fr\\\/services\\\/pose\\\/#breadcrumb\",\"itemListElement\":[{\"@type\":\"ListItem\",\"position\":1,\"name\":\"fr\",\"item\":\"https:\\\/\\\/outdoor-gym.com\\\/fr\\\/\"},{\"@type\":\"ListItem\",\"position\":2,\"name\":\"Services\",\"item\":\"https:\\\/\\\/outdoor-gym.com\\\/fr\\\/services\\\/\"},{\"@type\":\"ListItem\",\"position\":3,\"name\":\"Pose\"}]},{\"@type\":\"WebSite\",\"@id\":\"https:\\\/\\\/outdoor-gym.com\\\/fr\\\/#website\",\"url\":\"https:\\\/\\\/outdoor-gym.com\\\/fr\\\/\",\"name\":\"Trainer\",\"description\":\"Trainer\",\"potentialAction\":[{\"@type\":\"SearchAction\",\"target\":{\"@type\":\"EntryPoint\",\"urlTemplate\":\"https:\\\/\\\/outdoor-gym.com\\\/fr\\\/?s={search_term_string}\"},\"query-input\":{\"@type\":\"PropertyValueSpecification\",\"valueRequired\":true,\"valueName\":\"search_term_string\"}}],\"inLanguage\":\"pl-PL\"}]}<\/script>\n<!-- \/ Yoast SEO plugin. -->","yoast_head_json":{"title":"Pose - Trainer","robots":{"index":"index","follow":"follow","max-snippet":"max-snippet:-1","max-image-preview":"max-image-preview:large","max-video-preview":"max-video-preview:-1"},"canonical":"https:\/\/outdoor-gym.com\/fr\/services\/pose\/","og_locale":"fr_FR","og_type":"article","og_title":"Pose - Trainer","og_description":"Assemblage simple d&#8217;\u00e9quipements d&#8217;exercice en plein air. Nos services comprennent \u00e9galement une gamme compl\u00e8te de travaux de pose. Nous assurons la pose de salles de sport en plein air dans toute l&#8217;Europe. Vous pouvez \u00e9galement installer nos \u00e9quipements et stations vous-m\u00eame. C&#8217;est tr\u00e8s simple. Les notices pr\u00e9par\u00e9es par des sp\u00e9cialistes vous guideront pas \u00e0 pas [&hellip;]","og_url":"https:\/\/outdoor-gym.com\/fr\/services\/pose\/","og_site_name":"Trainer","article_modified_time":"2023-12-20T11:31:04+00:00","twitter_card":"summary_large_image","twitter_misc":{"Szacowany czas czytania":"1 minuta"},"schema":{"@context":"https:\/\/schema.org","@graph":[{"@type":"WebPage","@id":"https:\/\/outdoor-gym.com\/fr\/services\/pose\/","url":"https:\/\/outdoor-gym.com\/fr\/services\/pose\/","name":"Pose - Trainer","isPartOf":{"@id":"https:\/\/outdoor-gym.com\/fr\/#website"},"datePublished":"2021-01-18T12:13:05+00:00","dateModified":"2023-12-20T11:31:04+00:00","breadcrumb":{"@id":"https:\/\/outdoor-gym.com\/fr\/services\/pose\/#breadcrumb"},"inLanguage":"pl-PL","potentialAction":[{"@type":"ReadAction","target":["https:\/\/outdoor-gym.com\/fr\/services\/pose\/"]}]},{"@type":"BreadcrumbList","@id":"https:\/\/outdoor-gym.com\/fr\/services\/pose\/#breadcrumb","itemListElement":[{"@type":"ListItem","position":1,"name":"fr","item":"https:\/\/outdoor-gym.com\/fr\/"},{"@type":"ListItem","position":2,"name":"Services","item":"https:\/\/outdoor-gym.com\/fr\/services\/"},{"@type":"ListItem","position":3,"name":"Pose"}]},{"@type":"WebSite","@id":"https:\/\/outdoor-gym.com\/fr\/#website","url":"https:\/\/outdoor-gym.com\/fr\/","name":"Trainer","description":"Trainer","potentialAction":[{"@type":"SearchAction","target":{"@type":"EntryPoint","urlTemplate":"https:\/\/outdoor-gym.com\/fr\/?s={search_term_string}"},"query-input":{"@type":"PropertyValueSpecification","valueRequired":true,"valueName":"search_term_string"}}],"inLanguage":"pl-PL"}]}},"_links":{"self":[{"href":"https:\/\/outdoor-gym.com\/fr\/wp-json\/wp\/v2\/pages\/1222","targetHints":{"allow":["GET"]}}],"collection":[{"href":"https:\/\/outdoor-gym.com\/fr\/wp-json\/wp\/v2\/pages"}],"about":[{"href":"https:\/\/outdoor-gym.com\/fr\/wp-json\/wp\/v2\/types\/page"}],"author":[{"embeddable":true,"href":"https:\/\/outdoor-gym.com\/fr\/wp-json\/wp\/v2\/users\/1"}],"replies":[{"embeddable":true,"href":"https:\/\/outdoor-gym.com\/fr\/wp-json\/wp\/v2\/comments?post=1222"}],"version-history":[{"count":17,"href":"https:\/\/outdoor-gym.com\/fr\/wp-json\/wp\/v2\/pages\/1222\/revisions"}],"predecessor-version":[{"id":5225,"href":"https:\/\/outdoor-gym.com\/fr\/wp-json\/wp\/v2\/pages\/1222\/revisions\/5225"}],"up":[{"embeddable":true,"href":"https:\/\/outdoor-gym.com\/fr\/wp-json\/wp\/v2\/pages\/932"}],"wp:attachment":[{"href":"https:\/\/outdoor-gym.com\/fr\/wp-json\/wp\/v2\/media?parent=1222"}],"curies":[{"name":"wp","href":"https:\/\/api.w.org\/{rel}","templated":true}]}}