{"id":1224,"date":"2021-01-18T13:13:55","date_gmt":"2021-01-18T12:13:55","guid":{"rendered":"https:\/\/outdoor-gym.com\/fr\/?page_id=1224"},"modified":"2022-08-03T16:27:18","modified_gmt":"2022-08-03T14:27:18","slug":"fabrication-dequipements-de-fitness-en-plein-air","status":"publish","type":"page","link":"https:\/\/outdoor-gym.com\/fr\/services\/fabrication-dequipements-de-fitness-en-plein-air\/","title":{"rendered":"Fabrication d&#8217;\u00e9quipements de fitness en plein air"},"content":{"rendered":"<p>Nous sommes l&#8217;un des plus grands producteurs d&#8217;\u00e9quipements de plein air en Pologne et en Europe. Notre entreprise a plus de 30 ans d&#8217;exp\u00e9rience. Nous produisons des \u00e9quipements pour les fitness en plein air et l&#8217;entra\u00eenement de rue depuis plus de 10 ans. Nous produisons dans une usine polonaise \u00e0 partir d&#8217;acier de la plus haute qualit\u00e9.<\/p>\n<p>Gr\u00e2ce \u00e0 nos nombreuses ann\u00e9es d&#8217;exp\u00e9rience et de connaissances, nous produisons des \u00e9quipements de fitness en plein air de la plus haute qualit\u00e9. Tous nos appareils sont conformes aux normes de s\u00e9curit\u00e9 europ\u00e9ennes, ont \u00e9t\u00e9 test\u00e9s par le <strong>T\u00dcV Rheinland<\/strong> et sont certifi\u00e9s selon la norme <strong>EN 16630\u00a0: 2015-06<\/strong>.<\/p>\n<p><img loading=\"lazy\" decoding=\"async\" class=\"alignnone size-full wp-image-4005\" src=\"https:\/\/outdoor-gym.com\/fr\/wp-content\/uploads\/Fitness-en-plein-air-production-1.png\" alt=\"Fitness en plein air - production\" width=\"1400\" height=\"787\" srcset=\"https:\/\/outdoor-gym.com\/fr\/wp-content\/uploads\/Fitness-en-plein-air-production-1.png 1400w, https:\/\/outdoor-gym.com\/fr\/wp-content\/uploads\/Fitness-en-plein-air-production-1-600x337.png 600w, https:\/\/outdoor-gym.com\/fr\/wp-content\/uploads\/Fitness-en-plein-air-production-1-768x432.png 768w\" sizes=\"auto, (max-width: 1400px) 100vw, 1400px\" \/><\/p>\n","protected":false},"excerpt":{"rendered":"<p>Nous sommes l&#8217;un des plus grands producteurs d&#8217;\u00e9quipements de plein air en Pologne et en Europe. Notre entreprise a plus de 30 ans d&#8217;exp\u00e9rience. Nous produisons des \u00e9quipements pour les fitness en plein air et l&#8217;entra\u00eenement de rue depuis plus de 10 ans. Nous produisons dans une usine polonaise \u00e0 partir d&#8217;acier de la plus [&hellip;]<\/p>\n","protected":false},"author":1,"featured_media":0,"parent":932,"menu_order":0,"comment_status":"closed","ping_status":"closed","template":"template-usluga.php","meta":{"footnotes":""},"class_list":["post-1224","page","type-page","status-publish","hentry"],"acf":[],"yoast_head":"<!-- This site is optimized with the Yoast SEO plugin v27.3 - https:\/\/yoast.com\/product\/yoast-seo-wordpress\/ -->\n<title>Fabrication d&#039;\u00e9quipements de fitness en plein air - Trainer<\/title>\n<meta name=\"robots\" content=\"index, follow, max-snippet:-1, max-image-preview:large, max-video-preview:-1\" \/>\n<link rel=\"canonical\" href=\"https:\/\/outdoor-gym.com\/fr\/services\/fabrication-dequipements-de-fitness-en-plein-air\/\" \/>\n<meta property=\"og:locale\" content=\"fr_FR\" \/>\n<meta property=\"og:type\" content=\"article\" \/>\n<meta property=\"og:title\" content=\"Fabrication d&#039;\u00e9quipements de fitness en plein air - Trainer\" \/>\n<meta property=\"og:description\" content=\"Nous sommes l&#8217;un des plus grands producteurs d&#8217;\u00e9quipements de plein air en Pologne et en Europe. Notre entreprise a plus de 30 ans d&#8217;exp\u00e9rience. Nous produisons des \u00e9quipements pour les fitness en plein air et l&#8217;entra\u00eenement de rue depuis plus de 10 ans. Nous produisons dans une usine polonaise \u00e0 partir d&#8217;acier de la plus [&hellip;]\" \/>\n<meta property=\"og:url\" content=\"https:\/\/outdoor-gym.com\/fr\/services\/fabrication-dequipements-de-fitness-en-plein-air\/\" \/>\n<meta property=\"og:site_name\" content=\"Trainer\" \/>\n<meta property=\"article:modified_time\" content=\"2022-08-03T14:27:18+00:00\" \/>\n<meta property=\"og:image\" content=\"https:\/\/outdoor-gym.com\/fr\/wp-content\/uploads\/Fitness-en-plein-air-production-1.png\" \/>\n<meta name=\"twitter:card\" content=\"summary_large_image\" \/>\n<meta name=\"twitter:label1\" content=\"Szacowany czas czytania\" \/>\n\t<meta name=\"twitter:data1\" content=\"1 minuta\" \/>\n<script type=\"application\/ld+json\" class=\"yoast-schema-graph\">{\"@context\":\"https:\\\/\\\/schema.org\",\"@graph\":[{\"@type\":\"WebPage\",\"@id\":\"https:\\\/\\\/outdoor-gym.com\\\/fr\\\/services\\\/fabrication-dequipements-de-fitness-en-plein-air\\\/\",\"url\":\"https:\\\/\\\/outdoor-gym.com\\\/fr\\\/services\\\/fabrication-dequipements-de-fitness-en-plein-air\\\/\",\"name\":\"Fabrication d'\u00e9quipements de fitness en plein air - Trainer\",\"isPartOf\":{\"@id\":\"https:\\\/\\\/outdoor-gym.com\\\/fr\\\/#website\"},\"primaryImageOfPage\":{\"@id\":\"https:\\\/\\\/outdoor-gym.com\\\/fr\\\/services\\\/fabrication-dequipements-de-fitness-en-plein-air\\\/#primaryimage\"},\"image\":{\"@id\":\"https:\\\/\\\/outdoor-gym.com\\\/fr\\\/services\\\/fabrication-dequipements-de-fitness-en-plein-air\\\/#primaryimage\"},\"thumbnailUrl\":\"https:\\\/\\\/outdoor-gym.com\\\/fr\\\/wp-content\\\/uploads\\\/Fitness-en-plein-air-production-1.png\",\"datePublished\":\"2021-01-18T12:13:55+00:00\",\"dateModified\":\"2022-08-03T14:27:18+00:00\",\"breadcrumb\":{\"@id\":\"https:\\\/\\\/outdoor-gym.com\\\/fr\\\/services\\\/fabrication-dequipements-de-fitness-en-plein-air\\\/#breadcrumb\"},\"inLanguage\":\"pl-PL\",\"potentialAction\":[{\"@type\":\"ReadAction\",\"target\":[\"https:\\\/\\\/outdoor-gym.com\\\/fr\\\/services\\\/fabrication-dequipements-de-fitness-en-plein-air\\\/\"]}]},{\"@type\":\"ImageObject\",\"inLanguage\":\"pl-PL\",\"@id\":\"https:\\\/\\\/outdoor-gym.com\\\/fr\\\/services\\\/fabrication-dequipements-de-fitness-en-plein-air\\\/#primaryimage\",\"url\":\"https:\\\/\\\/outdoor-gym.com\\\/fr\\\/wp-content\\\/uploads\\\/Fitness-en-plein-air-production-1.png\",\"contentUrl\":\"https:\\\/\\\/outdoor-gym.com\\\/fr\\\/wp-content\\\/uploads\\\/Fitness-en-plein-air-production-1.png\",\"width\":1400,\"height\":787,\"caption\":\"Fitness en plein air - production\"},{\"@type\":\"BreadcrumbList\",\"@id\":\"https:\\\/\\\/outdoor-gym.com\\\/fr\\\/services\\\/fabrication-dequipements-de-fitness-en-plein-air\\\/#breadcrumb\",\"itemListElement\":[{\"@type\":\"ListItem\",\"position\":1,\"name\":\"fr\",\"item\":\"https:\\\/\\\/outdoor-gym.com\\\/fr\\\/\"},{\"@type\":\"ListItem\",\"position\":2,\"name\":\"Services\",\"item\":\"https:\\\/\\\/outdoor-gym.com\\\/fr\\\/services\\\/\"},{\"@type\":\"ListItem\",\"position\":3,\"name\":\"Fabrication d&#8217;\u00e9quipements de fitness en plein air\"}]},{\"@type\":\"WebSite\",\"@id\":\"https:\\\/\\\/outdoor-gym.com\\\/fr\\\/#website\",\"url\":\"https:\\\/\\\/outdoor-gym.com\\\/fr\\\/\",\"name\":\"Trainer\",\"description\":\"Trainer\",\"potentialAction\":[{\"@type\":\"SearchAction\",\"target\":{\"@type\":\"EntryPoint\",\"urlTemplate\":\"https:\\\/\\\/outdoor-gym.com\\\/fr\\\/?s={search_term_string}\"},\"query-input\":{\"@type\":\"PropertyValueSpecification\",\"valueRequired\":true,\"valueName\":\"search_term_string\"}}],\"inLanguage\":\"pl-PL\"}]}<\/script>\n<!-- \/ Yoast SEO plugin. -->","yoast_head_json":{"title":"Fabrication d'\u00e9quipements de fitness en plein air - Trainer","robots":{"index":"index","follow":"follow","max-snippet":"max-snippet:-1","max-image-preview":"max-image-preview:large","max-video-preview":"max-video-preview:-1"},"canonical":"https:\/\/outdoor-gym.com\/fr\/services\/fabrication-dequipements-de-fitness-en-plein-air\/","og_locale":"fr_FR","og_type":"article","og_title":"Fabrication d'\u00e9quipements de fitness en plein air - Trainer","og_description":"Nous sommes l&#8217;un des plus grands producteurs d&#8217;\u00e9quipements de plein air en Pologne et en Europe. Notre entreprise a plus de 30 ans d&#8217;exp\u00e9rience. Nous produisons des \u00e9quipements pour les fitness en plein air et l&#8217;entra\u00eenement de rue depuis plus de 10 ans. Nous produisons dans une usine polonaise \u00e0 partir d&#8217;acier de la plus [&hellip;]","og_url":"https:\/\/outdoor-gym.com\/fr\/services\/fabrication-dequipements-de-fitness-en-plein-air\/","og_site_name":"Trainer","article_modified_time":"2022-08-03T14:27:18+00:00","og_image":[{"url":"https:\/\/outdoor-gym.com\/fr\/wp-content\/uploads\/Fitness-en-plein-air-production-1.png","type":"","width":"","height":""}],"twitter_card":"summary_large_image","twitter_misc":{"Szacowany czas czytania":"1 minuta"},"schema":{"@context":"https:\/\/schema.org","@graph":[{"@type":"WebPage","@id":"https:\/\/outdoor-gym.com\/fr\/services\/fabrication-dequipements-de-fitness-en-plein-air\/","url":"https:\/\/outdoor-gym.com\/fr\/services\/fabrication-dequipements-de-fitness-en-plein-air\/","name":"Fabrication d'\u00e9quipements de fitness en plein air - Trainer","isPartOf":{"@id":"https:\/\/outdoor-gym.com\/fr\/#website"},"primaryImageOfPage":{"@id":"https:\/\/outdoor-gym.com\/fr\/services\/fabrication-dequipements-de-fitness-en-plein-air\/#primaryimage"},"image":{"@id":"https:\/\/outdoor-gym.com\/fr\/services\/fabrication-dequipements-de-fitness-en-plein-air\/#primaryimage"},"thumbnailUrl":"https:\/\/outdoor-gym.com\/fr\/wp-content\/uploads\/Fitness-en-plein-air-production-1.png","datePublished":"2021-01-18T12:13:55+00:00","dateModified":"2022-08-03T14:27:18+00:00","breadcrumb":{"@id":"https:\/\/outdoor-gym.com\/fr\/services\/fabrication-dequipements-de-fitness-en-plein-air\/#breadcrumb"},"inLanguage":"pl-PL","potentialAction":[{"@type":"ReadAction","target":["https:\/\/outdoor-gym.com\/fr\/services\/fabrication-dequipements-de-fitness-en-plein-air\/"]}]},{"@type":"ImageObject","inLanguage":"pl-PL","@id":"https:\/\/outdoor-gym.com\/fr\/services\/fabrication-dequipements-de-fitness-en-plein-air\/#primaryimage","url":"https:\/\/outdoor-gym.com\/fr\/wp-content\/uploads\/Fitness-en-plein-air-production-1.png","contentUrl":"https:\/\/outdoor-gym.com\/fr\/wp-content\/uploads\/Fitness-en-plein-air-production-1.png","width":1400,"height":787,"caption":"Fitness en plein air - production"},{"@type":"BreadcrumbList","@id":"https:\/\/outdoor-gym.com\/fr\/services\/fabrication-dequipements-de-fitness-en-plein-air\/#breadcrumb","itemListElement":[{"@type":"ListItem","position":1,"name":"fr","item":"https:\/\/outdoor-gym.com\/fr\/"},{"@type":"ListItem","position":2,"name":"Services","item":"https:\/\/outdoor-gym.com\/fr\/services\/"},{"@type":"ListItem","position":3,"name":"Fabrication d&#8217;\u00e9quipements de fitness en plein air"}]},{"@type":"WebSite","@id":"https:\/\/outdoor-gym.com\/fr\/#website","url":"https:\/\/outdoor-gym.com\/fr\/","name":"Trainer","description":"Trainer","potentialAction":[{"@type":"SearchAction","target":{"@type":"EntryPoint","urlTemplate":"https:\/\/outdoor-gym.com\/fr\/?s={search_term_string}"},"query-input":{"@type":"PropertyValueSpecification","valueRequired":true,"valueName":"search_term_string"}}],"inLanguage":"pl-PL"}]}},"_links":{"self":[{"href":"https:\/\/outdoor-gym.com\/fr\/wp-json\/wp\/v2\/pages\/1224","targetHints":{"allow":["GET"]}}],"collection":[{"href":"https:\/\/outdoor-gym.com\/fr\/wp-json\/wp\/v2\/pages"}],"about":[{"href":"https:\/\/outdoor-gym.com\/fr\/wp-json\/wp\/v2\/types\/page"}],"author":[{"embeddable":true,"href":"https:\/\/outdoor-gym.com\/fr\/wp-json\/wp\/v2\/users\/1"}],"replies":[{"embeddable":true,"href":"https:\/\/outdoor-gym.com\/fr\/wp-json\/wp\/v2\/comments?post=1224"}],"version-history":[{"count":10,"href":"https:\/\/outdoor-gym.com\/fr\/wp-json\/wp\/v2\/pages\/1224\/revisions"}],"predecessor-version":[{"id":4036,"href":"https:\/\/outdoor-gym.com\/fr\/wp-json\/wp\/v2\/pages\/1224\/revisions\/4036"}],"up":[{"embeddable":true,"href":"https:\/\/outdoor-gym.com\/fr\/wp-json\/wp\/v2\/pages\/932"}],"wp:attachment":[{"href":"https:\/\/outdoor-gym.com\/fr\/wp-json\/wp\/v2\/media?parent=1224"}],"curies":[{"name":"wp","href":"https:\/\/api.w.org\/{rel}","templated":true}]}}