{"id":1236,"date":"2021-01-18T13:18:27","date_gmt":"2021-01-18T12:18:27","guid":{"rendered":"https:\/\/outdoor-gym.com\/fr\/?page_id=1236"},"modified":"2021-12-28T14:58:29","modified_gmt":"2021-12-28T13:58:29","slug":"triples-stations-exterieures","status":"publish","type":"page","link":"https:\/\/outdoor-gym.com\/fr\/produits\/triples-stations-exterieures\/","title":{"rendered":"Triples stations ext\u00e9rieures"},"content":{"rendered":"<div class=\"page\" title=\"Page 1\">\n<div class=\"section\">\n<div class=\"layoutArea\">\n<div class=\"column\">\n<p>Nous vous pr\u00e9sentons nos triples stations ext\u00e9rieures que vous pouvez cr\u00e9er en configurant n&#8217;importe quels \u00e9quipements de fitness.<\/p>\n<p>Un pyl\u00f4ne, trois appareils diff\u00e9rents pour un entra\u00eenement en plein air. Nos solutions multipostes sont con\u00e7ues pour une utilisation plus optimale de l&#8217;espace tout en assurant un confort aux utilisateurs.<\/p>\n<p>&nbsp;<\/p>\n<\/div>\n<\/div>\n<\/div>\n<\/div>\n","protected":false},"excerpt":{"rendered":"<p>Nous vous pr\u00e9sentons nos triples stations ext\u00e9rieures que vous pouvez cr\u00e9er en configurant n&#8217;importe quels \u00e9quipements de fitness. Un pyl\u00f4ne, trois appareils diff\u00e9rents pour un entra\u00eenement en plein air. Nos solutions multipostes sont con\u00e7ues pour une utilisation plus optimale de l&#8217;espace tout en assurant un confort aux utilisateurs. &nbsp;<\/p>\n","protected":false},"author":1,"featured_media":0,"parent":928,"menu_order":0,"comment_status":"closed","ping_status":"closed","template":"template-seria.php","meta":{"footnotes":""},"class_list":["post-1236","page","type-page","status-publish","hentry"],"acf":[],"yoast_head":"<!-- This site is optimized with the Yoast SEO plugin v27.3 - https:\/\/yoast.com\/product\/yoast-seo-wordpress\/ -->\n<title>Triples stations ext\u00e9rieures - TRAINER Fitness plein air<\/title>\n<meta name=\"robots\" content=\"index, follow, max-snippet:-1, max-image-preview:large, max-video-preview:-1\" \/>\n<link rel=\"canonical\" href=\"https:\/\/outdoor-gym.com\/fr\/produits\/triples-stations-exterieures\/\" \/>\n<meta property=\"og:locale\" content=\"fr_FR\" \/>\n<meta property=\"og:type\" content=\"article\" \/>\n<meta property=\"og:title\" content=\"Triples stations ext\u00e9rieures - TRAINER Fitness plein air\" \/>\n<meta property=\"og:description\" content=\"Nous vous pr\u00e9sentons nos triples stations ext\u00e9rieures que vous pouvez cr\u00e9er en configurant n&#8217;importe quels \u00e9quipements de fitness. Un pyl\u00f4ne, trois appareils diff\u00e9rents pour un entra\u00eenement en plein air. Nos solutions multipostes sont con\u00e7ues pour une utilisation plus optimale de l&#8217;espace tout en assurant un confort aux utilisateurs. &nbsp;\" \/>\n<meta property=\"og:url\" content=\"https:\/\/outdoor-gym.com\/fr\/produits\/triples-stations-exterieures\/\" \/>\n<meta property=\"og:site_name\" content=\"Trainer\" \/>\n<meta property=\"article:modified_time\" content=\"2021-12-28T13:58:29+00:00\" \/>\n<meta name=\"twitter:card\" content=\"summary_large_image\" \/>\n<meta name=\"twitter:label1\" content=\"Szacowany czas czytania\" \/>\n\t<meta name=\"twitter:data1\" content=\"1 minuta\" \/>\n<script type=\"application\/ld+json\" class=\"yoast-schema-graph\">{\"@context\":\"https:\\\/\\\/schema.org\",\"@graph\":[{\"@type\":\"WebPage\",\"@id\":\"https:\\\/\\\/outdoor-gym.com\\\/fr\\\/produits\\\/triples-stations-exterieures\\\/\",\"url\":\"https:\\\/\\\/outdoor-gym.com\\\/fr\\\/produits\\\/triples-stations-exterieures\\\/\",\"name\":\"Triples stations ext\u00e9rieures - TRAINER Fitness plein air\",\"isPartOf\":{\"@id\":\"https:\\\/\\\/outdoor-gym.com\\\/fr\\\/#website\"},\"datePublished\":\"2021-01-18T12:18:27+00:00\",\"dateModified\":\"2021-12-28T13:58:29+00:00\",\"breadcrumb\":{\"@id\":\"https:\\\/\\\/outdoor-gym.com\\\/fr\\\/produits\\\/triples-stations-exterieures\\\/#breadcrumb\"},\"inLanguage\":\"pl-PL\",\"potentialAction\":[{\"@type\":\"ReadAction\",\"target\":[\"https:\\\/\\\/outdoor-gym.com\\\/fr\\\/produits\\\/triples-stations-exterieures\\\/\"]}]},{\"@type\":\"BreadcrumbList\",\"@id\":\"https:\\\/\\\/outdoor-gym.com\\\/fr\\\/produits\\\/triples-stations-exterieures\\\/#breadcrumb\",\"itemListElement\":[{\"@type\":\"ListItem\",\"position\":1,\"name\":\"fr\",\"item\":\"https:\\\/\\\/outdoor-gym.com\\\/fr\\\/\"},{\"@type\":\"ListItem\",\"position\":2,\"name\":\"Produits\",\"item\":\"https:\\\/\\\/outdoor-gym.com\\\/fr\\\/produits\\\/\"},{\"@type\":\"ListItem\",\"position\":3,\"name\":\"Triples stations ext\u00e9rieures\"}]},{\"@type\":\"WebSite\",\"@id\":\"https:\\\/\\\/outdoor-gym.com\\\/fr\\\/#website\",\"url\":\"https:\\\/\\\/outdoor-gym.com\\\/fr\\\/\",\"name\":\"Trainer\",\"description\":\"Trainer\",\"potentialAction\":[{\"@type\":\"SearchAction\",\"target\":{\"@type\":\"EntryPoint\",\"urlTemplate\":\"https:\\\/\\\/outdoor-gym.com\\\/fr\\\/?s={search_term_string}\"},\"query-input\":{\"@type\":\"PropertyValueSpecification\",\"valueRequired\":true,\"valueName\":\"search_term_string\"}}],\"inLanguage\":\"pl-PL\"}]}<\/script>\n<!-- \/ Yoast SEO plugin. -->","yoast_head_json":{"title":"Triples stations ext\u00e9rieures - TRAINER Fitness plein air","robots":{"index":"index","follow":"follow","max-snippet":"max-snippet:-1","max-image-preview":"max-image-preview:large","max-video-preview":"max-video-preview:-1"},"canonical":"https:\/\/outdoor-gym.com\/fr\/produits\/triples-stations-exterieures\/","og_locale":"fr_FR","og_type":"article","og_title":"Triples stations ext\u00e9rieures - TRAINER Fitness plein air","og_description":"Nous vous pr\u00e9sentons nos triples stations ext\u00e9rieures que vous pouvez cr\u00e9er en configurant n&#8217;importe quels \u00e9quipements de fitness. Un pyl\u00f4ne, trois appareils diff\u00e9rents pour un entra\u00eenement en plein air. Nos solutions multipostes sont con\u00e7ues pour une utilisation plus optimale de l&#8217;espace tout en assurant un confort aux utilisateurs. &nbsp;","og_url":"https:\/\/outdoor-gym.com\/fr\/produits\/triples-stations-exterieures\/","og_site_name":"Trainer","article_modified_time":"2021-12-28T13:58:29+00:00","twitter_card":"summary_large_image","twitter_misc":{"Szacowany czas czytania":"1 minuta"},"schema":{"@context":"https:\/\/schema.org","@graph":[{"@type":"WebPage","@id":"https:\/\/outdoor-gym.com\/fr\/produits\/triples-stations-exterieures\/","url":"https:\/\/outdoor-gym.com\/fr\/produits\/triples-stations-exterieures\/","name":"Triples stations ext\u00e9rieures - TRAINER Fitness plein air","isPartOf":{"@id":"https:\/\/outdoor-gym.com\/fr\/#website"},"datePublished":"2021-01-18T12:18:27+00:00","dateModified":"2021-12-28T13:58:29+00:00","breadcrumb":{"@id":"https:\/\/outdoor-gym.com\/fr\/produits\/triples-stations-exterieures\/#breadcrumb"},"inLanguage":"pl-PL","potentialAction":[{"@type":"ReadAction","target":["https:\/\/outdoor-gym.com\/fr\/produits\/triples-stations-exterieures\/"]}]},{"@type":"BreadcrumbList","@id":"https:\/\/outdoor-gym.com\/fr\/produits\/triples-stations-exterieures\/#breadcrumb","itemListElement":[{"@type":"ListItem","position":1,"name":"fr","item":"https:\/\/outdoor-gym.com\/fr\/"},{"@type":"ListItem","position":2,"name":"Produits","item":"https:\/\/outdoor-gym.com\/fr\/produits\/"},{"@type":"ListItem","position":3,"name":"Triples stations ext\u00e9rieures"}]},{"@type":"WebSite","@id":"https:\/\/outdoor-gym.com\/fr\/#website","url":"https:\/\/outdoor-gym.com\/fr\/","name":"Trainer","description":"Trainer","potentialAction":[{"@type":"SearchAction","target":{"@type":"EntryPoint","urlTemplate":"https:\/\/outdoor-gym.com\/fr\/?s={search_term_string}"},"query-input":{"@type":"PropertyValueSpecification","valueRequired":true,"valueName":"search_term_string"}}],"inLanguage":"pl-PL"}]}},"_links":{"self":[{"href":"https:\/\/outdoor-gym.com\/fr\/wp-json\/wp\/v2\/pages\/1236","targetHints":{"allow":["GET"]}}],"collection":[{"href":"https:\/\/outdoor-gym.com\/fr\/wp-json\/wp\/v2\/pages"}],"about":[{"href":"https:\/\/outdoor-gym.com\/fr\/wp-json\/wp\/v2\/types\/page"}],"author":[{"embeddable":true,"href":"https:\/\/outdoor-gym.com\/fr\/wp-json\/wp\/v2\/users\/1"}],"replies":[{"embeddable":true,"href":"https:\/\/outdoor-gym.com\/fr\/wp-json\/wp\/v2\/comments?post=1236"}],"version-history":[{"count":21,"href":"https:\/\/outdoor-gym.com\/fr\/wp-json\/wp\/v2\/pages\/1236\/revisions"}],"predecessor-version":[{"id":3354,"href":"https:\/\/outdoor-gym.com\/fr\/wp-json\/wp\/v2\/pages\/1236\/revisions\/3354"}],"up":[{"embeddable":true,"href":"https:\/\/outdoor-gym.com\/fr\/wp-json\/wp\/v2\/pages\/928"}],"wp:attachment":[{"href":"https:\/\/outdoor-gym.com\/fr\/wp-json\/wp\/v2\/media?parent=1236"}],"curies":[{"name":"wp","href":"https:\/\/api.w.org\/{rel}","templated":true}]}}