{"id":1238,"date":"2021-01-18T13:18:40","date_gmt":"2021-01-18T12:18:40","guid":{"rendered":"https:\/\/outdoor-gym.com\/fr\/?page_id=1238"},"modified":"2023-02-23T10:46:16","modified_gmt":"2023-02-23T09:46:16","slug":"quadruples-stations-exterieures","status":"publish","type":"page","link":"https:\/\/outdoor-gym.com\/fr\/produits\/quadruples-stations-exterieures\/","title":{"rendered":"Quadruples stations ext\u00e9rieures"},"content":{"rendered":"<div class=\"page\" title=\"Page 1\">\n<div class=\"section\">\n<div class=\"layoutArea\">\n<div class=\"column\">\n<p><img loading=\"lazy\" decoding=\"async\" class=\"alignnone wp-image-3193 size-large\" src=\"https:\/\/outdoor-gym.com\/fr\/wp-content\/uploads\/quadruples-stations-exterieures-fitness-plein-air-1-2000x1588.png\" alt=\"\" width=\"2000\" height=\"1588\" srcset=\"https:\/\/outdoor-gym.com\/fr\/wp-content\/uploads\/quadruples-stations-exterieures-fitness-plein-air-1-2000x1588.png 2000w, https:\/\/outdoor-gym.com\/fr\/wp-content\/uploads\/quadruples-stations-exterieures-fitness-plein-air-1-600x476.png 600w, https:\/\/outdoor-gym.com\/fr\/wp-content\/uploads\/quadruples-stations-exterieures-fitness-plein-air-1-768x610.png 768w, https:\/\/outdoor-gym.com\/fr\/wp-content\/uploads\/quadruples-stations-exterieures-fitness-plein-air-1-1536x1220.png 1536w, https:\/\/outdoor-gym.com\/fr\/wp-content\/uploads\/quadruples-stations-exterieures-fitness-plein-air-1-2048x1626.png 2048w\" sizes=\"auto, (max-width: 2000px) 100vw, 2000px\" \/><\/p>\n<p>Regardez nos propositions de quadruples stations ext\u00e9rieures fonctionnelles et d\u00e9velopp\u00e9es. Le pyl\u00f4ne quadruple permet de combiner n&#8217;importe quels \u00e9quipements de fitness.<\/p>\n<p>\u00c0 titre d\u2019exemple, notre station peut \u00eatre un ensemble compos\u00e9 d&#8217;un pousseur, d\u2019un marcheur, d&#8217;un v\u00e9lo elliptique et d&#8217;une chaise romaine. Vous pouvez configurer vous-m\u00eame votre station. Si vous avez besoin d&#8217;aide, n&#8217;h\u00e9sitez pas \u00e0 nous contacter. Les stations multipostes en plein air sont une solution parfaite lorsque vous voulez maximiser le nombre d&#8217;appareils dans un espace r\u00e9duit.<\/p>\n<p>&nbsp;<\/p>\n<\/div>\n<\/div>\n<\/div>\n<\/div>\n","protected":false},"excerpt":{"rendered":"<p>Regardez nos propositions de quadruples stations ext\u00e9rieures fonctionnelles et d\u00e9velopp\u00e9es. Le pyl\u00f4ne quadruple permet de combiner n&#8217;importe quels \u00e9quipements de fitness. \u00c0 titre d\u2019exemple, notre station peut \u00eatre un ensemble compos\u00e9 d&#8217;un pousseur, d\u2019un marcheur, d&#8217;un v\u00e9lo elliptique et d&#8217;une chaise romaine. Vous pouvez configurer vous-m\u00eame votre station. Si vous avez besoin d&#8217;aide, n&#8217;h\u00e9sitez pas [&hellip;]<\/p>\n","protected":false},"author":1,"featured_media":0,"parent":928,"menu_order":0,"comment_status":"closed","ping_status":"closed","template":"template-seria.php","meta":{"footnotes":""},"class_list":["post-1238","page","type-page","status-publish","hentry"],"acf":[],"yoast_head":"<!-- This site is optimized with the Yoast SEO plugin v27.3 - https:\/\/yoast.com\/product\/yoast-seo-wordpress\/ -->\n<title>Quadruples stations ext\u00e9rieures - Trainer Fitness plein air<\/title>\n<meta name=\"description\" content=\"Regardez nos propositions de quadruples stations ext\u00e9rieures fonctionnelles et complexes. Combinez les \u00e9quipements de fitness de votre choix pour vous exercer en plein air.\" \/>\n<meta name=\"robots\" content=\"index, follow, max-snippet:-1, max-image-preview:large, max-video-preview:-1\" \/>\n<link rel=\"canonical\" href=\"https:\/\/outdoor-gym.com\/fr\/produits\/quadruples-stations-exterieures\/\" \/>\n<meta property=\"og:locale\" content=\"fr_FR\" \/>\n<meta property=\"og:type\" content=\"article\" \/>\n<meta property=\"og:title\" content=\"Quadruples stations ext\u00e9rieures - Trainer Fitness plein air\" \/>\n<meta property=\"og:description\" content=\"Regardez nos propositions de quadruples stations ext\u00e9rieures fonctionnelles et complexes. Combinez les \u00e9quipements de fitness de votre choix pour vous exercer en plein air.\" \/>\n<meta property=\"og:url\" content=\"https:\/\/outdoor-gym.com\/fr\/produits\/quadruples-stations-exterieures\/\" \/>\n<meta property=\"og:site_name\" content=\"Trainer\" \/>\n<meta property=\"article:modified_time\" content=\"2023-02-23T09:46:16+00:00\" \/>\n<meta property=\"og:image\" content=\"https:\/\/outdoor-gym.com\/fr\/wp-content\/uploads\/quadruples-stations-exterieures-fitness-plein-air-1-2000x1588.png\" \/>\n<meta name=\"twitter:card\" content=\"summary_large_image\" \/>\n<meta name=\"twitter:label1\" content=\"Szacowany czas czytania\" \/>\n\t<meta name=\"twitter:data1\" content=\"1 minuta\" \/>\n<script type=\"application\/ld+json\" class=\"yoast-schema-graph\">{\"@context\":\"https:\\\/\\\/schema.org\",\"@graph\":[{\"@type\":\"WebPage\",\"@id\":\"https:\\\/\\\/outdoor-gym.com\\\/fr\\\/produits\\\/quadruples-stations-exterieures\\\/\",\"url\":\"https:\\\/\\\/outdoor-gym.com\\\/fr\\\/produits\\\/quadruples-stations-exterieures\\\/\",\"name\":\"Quadruples stations ext\u00e9rieures - Trainer Fitness plein air\",\"isPartOf\":{\"@id\":\"https:\\\/\\\/outdoor-gym.com\\\/fr\\\/#website\"},\"primaryImageOfPage\":{\"@id\":\"https:\\\/\\\/outdoor-gym.com\\\/fr\\\/produits\\\/quadruples-stations-exterieures\\\/#primaryimage\"},\"image\":{\"@id\":\"https:\\\/\\\/outdoor-gym.com\\\/fr\\\/produits\\\/quadruples-stations-exterieures\\\/#primaryimage\"},\"thumbnailUrl\":\"https:\\\/\\\/outdoor-gym.com\\\/fr\\\/wp-content\\\/uploads\\\/quadruples-stations-exterieures-fitness-plein-air-1-2000x1588.png\",\"datePublished\":\"2021-01-18T12:18:40+00:00\",\"dateModified\":\"2023-02-23T09:46:16+00:00\",\"description\":\"Regardez nos propositions de quadruples stations ext\u00e9rieures fonctionnelles et complexes. Combinez les \u00e9quipements de fitness de votre choix pour vous exercer en plein air.\",\"breadcrumb\":{\"@id\":\"https:\\\/\\\/outdoor-gym.com\\\/fr\\\/produits\\\/quadruples-stations-exterieures\\\/#breadcrumb\"},\"inLanguage\":\"pl-PL\",\"potentialAction\":[{\"@type\":\"ReadAction\",\"target\":[\"https:\\\/\\\/outdoor-gym.com\\\/fr\\\/produits\\\/quadruples-stations-exterieures\\\/\"]}]},{\"@type\":\"ImageObject\",\"inLanguage\":\"pl-PL\",\"@id\":\"https:\\\/\\\/outdoor-gym.com\\\/fr\\\/produits\\\/quadruples-stations-exterieures\\\/#primaryimage\",\"url\":\"https:\\\/\\\/outdoor-gym.com\\\/fr\\\/wp-content\\\/uploads\\\/quadruples-stations-exterieures-fitness-plein-air-1.png\",\"contentUrl\":\"https:\\\/\\\/outdoor-gym.com\\\/fr\\\/wp-content\\\/uploads\\\/quadruples-stations-exterieures-fitness-plein-air-1.png\",\"width\":3400,\"height\":2700,\"caption\":\"\u00c9quipement sportif plein air - Stations de fitness ext\u00e9rieur\"},{\"@type\":\"BreadcrumbList\",\"@id\":\"https:\\\/\\\/outdoor-gym.com\\\/fr\\\/produits\\\/quadruples-stations-exterieures\\\/#breadcrumb\",\"itemListElement\":[{\"@type\":\"ListItem\",\"position\":1,\"name\":\"fr\",\"item\":\"https:\\\/\\\/outdoor-gym.com\\\/fr\\\/\"},{\"@type\":\"ListItem\",\"position\":2,\"name\":\"Produits\",\"item\":\"https:\\\/\\\/outdoor-gym.com\\\/fr\\\/produits\\\/\"},{\"@type\":\"ListItem\",\"position\":3,\"name\":\"Quadruples stations ext\u00e9rieures\"}]},{\"@type\":\"WebSite\",\"@id\":\"https:\\\/\\\/outdoor-gym.com\\\/fr\\\/#website\",\"url\":\"https:\\\/\\\/outdoor-gym.com\\\/fr\\\/\",\"name\":\"Trainer\",\"description\":\"Trainer\",\"potentialAction\":[{\"@type\":\"SearchAction\",\"target\":{\"@type\":\"EntryPoint\",\"urlTemplate\":\"https:\\\/\\\/outdoor-gym.com\\\/fr\\\/?s={search_term_string}\"},\"query-input\":{\"@type\":\"PropertyValueSpecification\",\"valueRequired\":true,\"valueName\":\"search_term_string\"}}],\"inLanguage\":\"pl-PL\"}]}<\/script>\n<!-- \/ Yoast SEO plugin. -->","yoast_head_json":{"title":"Quadruples stations ext\u00e9rieures - Trainer Fitness plein air","description":"Regardez nos propositions de quadruples stations ext\u00e9rieures fonctionnelles et complexes. Combinez les \u00e9quipements de fitness de votre choix pour vous exercer en plein air.","robots":{"index":"index","follow":"follow","max-snippet":"max-snippet:-1","max-image-preview":"max-image-preview:large","max-video-preview":"max-video-preview:-1"},"canonical":"https:\/\/outdoor-gym.com\/fr\/produits\/quadruples-stations-exterieures\/","og_locale":"fr_FR","og_type":"article","og_title":"Quadruples stations ext\u00e9rieures - Trainer Fitness plein air","og_description":"Regardez nos propositions de quadruples stations ext\u00e9rieures fonctionnelles et complexes. Combinez les \u00e9quipements de fitness de votre choix pour vous exercer en plein air.","og_url":"https:\/\/outdoor-gym.com\/fr\/produits\/quadruples-stations-exterieures\/","og_site_name":"Trainer","article_modified_time":"2023-02-23T09:46:16+00:00","og_image":[{"url":"https:\/\/outdoor-gym.com\/fr\/wp-content\/uploads\/quadruples-stations-exterieures-fitness-plein-air-1-2000x1588.png","type":"","width":"","height":""}],"twitter_card":"summary_large_image","twitter_misc":{"Szacowany czas czytania":"1 minuta"},"schema":{"@context":"https:\/\/schema.org","@graph":[{"@type":"WebPage","@id":"https:\/\/outdoor-gym.com\/fr\/produits\/quadruples-stations-exterieures\/","url":"https:\/\/outdoor-gym.com\/fr\/produits\/quadruples-stations-exterieures\/","name":"Quadruples stations ext\u00e9rieures - Trainer Fitness plein air","isPartOf":{"@id":"https:\/\/outdoor-gym.com\/fr\/#website"},"primaryImageOfPage":{"@id":"https:\/\/outdoor-gym.com\/fr\/produits\/quadruples-stations-exterieures\/#primaryimage"},"image":{"@id":"https:\/\/outdoor-gym.com\/fr\/produits\/quadruples-stations-exterieures\/#primaryimage"},"thumbnailUrl":"https:\/\/outdoor-gym.com\/fr\/wp-content\/uploads\/quadruples-stations-exterieures-fitness-plein-air-1-2000x1588.png","datePublished":"2021-01-18T12:18:40+00:00","dateModified":"2023-02-23T09:46:16+00:00","description":"Regardez nos propositions de quadruples stations ext\u00e9rieures fonctionnelles et complexes. Combinez les \u00e9quipements de fitness de votre choix pour vous exercer en plein air.","breadcrumb":{"@id":"https:\/\/outdoor-gym.com\/fr\/produits\/quadruples-stations-exterieures\/#breadcrumb"},"inLanguage":"pl-PL","potentialAction":[{"@type":"ReadAction","target":["https:\/\/outdoor-gym.com\/fr\/produits\/quadruples-stations-exterieures\/"]}]},{"@type":"ImageObject","inLanguage":"pl-PL","@id":"https:\/\/outdoor-gym.com\/fr\/produits\/quadruples-stations-exterieures\/#primaryimage","url":"https:\/\/outdoor-gym.com\/fr\/wp-content\/uploads\/quadruples-stations-exterieures-fitness-plein-air-1.png","contentUrl":"https:\/\/outdoor-gym.com\/fr\/wp-content\/uploads\/quadruples-stations-exterieures-fitness-plein-air-1.png","width":3400,"height":2700,"caption":"\u00c9quipement sportif plein air - Stations de fitness ext\u00e9rieur"},{"@type":"BreadcrumbList","@id":"https:\/\/outdoor-gym.com\/fr\/produits\/quadruples-stations-exterieures\/#breadcrumb","itemListElement":[{"@type":"ListItem","position":1,"name":"fr","item":"https:\/\/outdoor-gym.com\/fr\/"},{"@type":"ListItem","position":2,"name":"Produits","item":"https:\/\/outdoor-gym.com\/fr\/produits\/"},{"@type":"ListItem","position":3,"name":"Quadruples stations ext\u00e9rieures"}]},{"@type":"WebSite","@id":"https:\/\/outdoor-gym.com\/fr\/#website","url":"https:\/\/outdoor-gym.com\/fr\/","name":"Trainer","description":"Trainer","potentialAction":[{"@type":"SearchAction","target":{"@type":"EntryPoint","urlTemplate":"https:\/\/outdoor-gym.com\/fr\/?s={search_term_string}"},"query-input":{"@type":"PropertyValueSpecification","valueRequired":true,"valueName":"search_term_string"}}],"inLanguage":"pl-PL"}]}},"_links":{"self":[{"href":"https:\/\/outdoor-gym.com\/fr\/wp-json\/wp\/v2\/pages\/1238","targetHints":{"allow":["GET"]}}],"collection":[{"href":"https:\/\/outdoor-gym.com\/fr\/wp-json\/wp\/v2\/pages"}],"about":[{"href":"https:\/\/outdoor-gym.com\/fr\/wp-json\/wp\/v2\/types\/page"}],"author":[{"embeddable":true,"href":"https:\/\/outdoor-gym.com\/fr\/wp-json\/wp\/v2\/users\/1"}],"replies":[{"embeddable":true,"href":"https:\/\/outdoor-gym.com\/fr\/wp-json\/wp\/v2\/comments?post=1238"}],"version-history":[{"count":17,"href":"https:\/\/outdoor-gym.com\/fr\/wp-json\/wp\/v2\/pages\/1238\/revisions"}],"predecessor-version":[{"id":4298,"href":"https:\/\/outdoor-gym.com\/fr\/wp-json\/wp\/v2\/pages\/1238\/revisions\/4298"}],"up":[{"embeddable":true,"href":"https:\/\/outdoor-gym.com\/fr\/wp-json\/wp\/v2\/pages\/928"}],"wp:attachment":[{"href":"https:\/\/outdoor-gym.com\/fr\/wp-json\/wp\/v2\/media?parent=1238"}],"curies":[{"name":"wp","href":"https:\/\/api.w.org\/{rel}","templated":true}]}}