{"id":3425,"date":"2021-09-28T15:22:58","date_gmt":"2021-09-28T13:22:58","guid":{"rendered":"https:\/\/outdoor-gym.com\/fr\/?page_id=3425"},"modified":"2023-12-20T12:25:52","modified_gmt":"2023-12-20T11:25:52","slug":"garantie","status":"publish","type":"page","link":"https:\/\/outdoor-gym.com\/fr\/services\/garantie\/","title":{"rendered":"Garantie"},"content":{"rendered":"<p>Nous nous soucions de la s\u00e9curit\u00e9 et de la qualit\u00e9 des produits. Notre \u00e9quipement a \u00e9t\u00e9 test\u00e9 par <strong>T\u00dcV Rheinland<\/strong> et r\u00e9pond aux normes de s\u00e9curit\u00e9 <strong>EN 16630:2015-06<\/strong>. Nous fabriquons nos \u00e9quipements en Europe, conform\u00e9ment aux normes de s\u00e9curit\u00e9 et de qualit\u00e9 en vigueur. Nous avons une tr\u00e8s grande exp\u00e9rience dans la fabrication d&#8217;agr\u00e8s de fitness en ext\u00e9rieur. Nous offrons une garantie pour nos produits.<\/p>\n<h4>20 ANS DE GARANTIE SUR LA STRUCTURE<\/h4>\n<h4>5 ANS DE GARANTIE SUR LA PEINTURE<\/h4>\n<h4>2 ANS DE GARANTIE SUR LES PI\u00c8CES MOBILES<\/h4>\n<p>Nous sommes s\u00fbrs de nos produits. Des milliers de clients nous ont fait confiance.<\/p>\n<p><img loading=\"lazy\" decoding=\"async\" class=\"alignnone size-full wp-image-4041\" src=\"https:\/\/outdoor-gym.com\/fr\/wp-content\/uploads\/Garantie.jpg\" alt=\"\" width=\"1000\" height=\"666\" srcset=\"https:\/\/outdoor-gym.com\/fr\/wp-content\/uploads\/Garantie.jpg 1000w, https:\/\/outdoor-gym.com\/fr\/wp-content\/uploads\/Garantie-600x400.jpg 600w, https:\/\/outdoor-gym.com\/fr\/wp-content\/uploads\/Garantie-768x511.jpg 768w\" sizes=\"auto, (max-width: 1000px) 100vw, 1000px\" \/><\/p>\n<h4><\/h4>\n<h4><a class=\"in-button in-download-button\" href=\"https:\/\/outdoor-gym.com\/fr\/wp-content\/uploads\/GARANTIE-GENERALE.pdf\" target=\"_blank\" rel=\"noopener\">T\u00c9L\u00c9CHARGER LA GARANTIE<\/a><\/h4>\n<p>&nbsp;<\/p>\n","protected":false},"excerpt":{"rendered":"<p>Nous nous soucions de la s\u00e9curit\u00e9 et de la qualit\u00e9 des produits. Notre \u00e9quipement a \u00e9t\u00e9 test\u00e9 par T\u00dcV Rheinland et r\u00e9pond aux normes de s\u00e9curit\u00e9 EN 16630:2015-06. Nous fabriquons nos \u00e9quipements en Europe, conform\u00e9ment aux normes de s\u00e9curit\u00e9 et de qualit\u00e9 en vigueur. Nous avons une tr\u00e8s grande exp\u00e9rience dans la fabrication d&#8217;agr\u00e8s de [&hellip;]<\/p>\n","protected":false},"author":1,"featured_media":0,"parent":932,"menu_order":0,"comment_status":"closed","ping_status":"closed","template":"template-usluga.php","meta":{"footnotes":""},"class_list":["post-3425","page","type-page","status-publish","hentry"],"acf":[],"yoast_head":"<!-- This site is optimized with the Yoast SEO plugin v27.3 - https:\/\/yoast.com\/product\/yoast-seo-wordpress\/ -->\n<title>Garantie - Trainer Fitness plein air<\/title>\n<meta name=\"robots\" content=\"index, follow, max-snippet:-1, max-image-preview:large, max-video-preview:-1\" \/>\n<link rel=\"canonical\" href=\"https:\/\/outdoor-gym.com\/fr\/services\/garantie\/\" \/>\n<meta property=\"og:locale\" content=\"fr_FR\" \/>\n<meta property=\"og:type\" content=\"article\" \/>\n<meta property=\"og:title\" content=\"Garantie - Trainer Fitness plein air\" \/>\n<meta property=\"og:description\" content=\"Nous nous soucions de la s\u00e9curit\u00e9 et de la qualit\u00e9 des produits. Notre \u00e9quipement a \u00e9t\u00e9 test\u00e9 par T\u00dcV Rheinland et r\u00e9pond aux normes de s\u00e9curit\u00e9 EN 16630:2015-06. Nous fabriquons nos \u00e9quipements en Europe, conform\u00e9ment aux normes de s\u00e9curit\u00e9 et de qualit\u00e9 en vigueur. Nous avons une tr\u00e8s grande exp\u00e9rience dans la fabrication d&#8217;agr\u00e8s de [&hellip;]\" \/>\n<meta property=\"og:url\" content=\"https:\/\/outdoor-gym.com\/fr\/services\/garantie\/\" \/>\n<meta property=\"og:site_name\" content=\"Trainer\" \/>\n<meta property=\"article:modified_time\" content=\"2023-12-20T11:25:52+00:00\" \/>\n<meta property=\"og:image\" content=\"https:\/\/outdoor-gym.com\/fr\/wp-content\/uploads\/Garantie.jpg\" \/>\n<meta name=\"twitter:card\" content=\"summary_large_image\" \/>\n<meta name=\"twitter:label1\" content=\"Szacowany czas czytania\" \/>\n\t<meta name=\"twitter:data1\" content=\"1 minuta\" \/>\n<script type=\"application\/ld+json\" class=\"yoast-schema-graph\">{\"@context\":\"https:\\\/\\\/schema.org\",\"@graph\":[{\"@type\":\"WebPage\",\"@id\":\"https:\\\/\\\/outdoor-gym.com\\\/fr\\\/services\\\/garantie\\\/\",\"url\":\"https:\\\/\\\/outdoor-gym.com\\\/fr\\\/services\\\/garantie\\\/\",\"name\":\"Garantie - Trainer Fitness plein air\",\"isPartOf\":{\"@id\":\"https:\\\/\\\/outdoor-gym.com\\\/fr\\\/#website\"},\"primaryImageOfPage\":{\"@id\":\"https:\\\/\\\/outdoor-gym.com\\\/fr\\\/services\\\/garantie\\\/#primaryimage\"},\"image\":{\"@id\":\"https:\\\/\\\/outdoor-gym.com\\\/fr\\\/services\\\/garantie\\\/#primaryimage\"},\"thumbnailUrl\":\"https:\\\/\\\/outdoor-gym.com\\\/fr\\\/wp-content\\\/uploads\\\/Garantie.jpg\",\"datePublished\":\"2021-09-28T13:22:58+00:00\",\"dateModified\":\"2023-12-20T11:25:52+00:00\",\"breadcrumb\":{\"@id\":\"https:\\\/\\\/outdoor-gym.com\\\/fr\\\/services\\\/garantie\\\/#breadcrumb\"},\"inLanguage\":\"pl-PL\",\"potentialAction\":[{\"@type\":\"ReadAction\",\"target\":[\"https:\\\/\\\/outdoor-gym.com\\\/fr\\\/services\\\/garantie\\\/\"]}]},{\"@type\":\"ImageObject\",\"inLanguage\":\"pl-PL\",\"@id\":\"https:\\\/\\\/outdoor-gym.com\\\/fr\\\/services\\\/garantie\\\/#primaryimage\",\"url\":\"https:\\\/\\\/outdoor-gym.com\\\/fr\\\/wp-content\\\/uploads\\\/Garantie.jpg\",\"contentUrl\":\"https:\\\/\\\/outdoor-gym.com\\\/fr\\\/wp-content\\\/uploads\\\/Garantie.jpg\",\"width\":1000,\"height\":666},{\"@type\":\"BreadcrumbList\",\"@id\":\"https:\\\/\\\/outdoor-gym.com\\\/fr\\\/services\\\/garantie\\\/#breadcrumb\",\"itemListElement\":[{\"@type\":\"ListItem\",\"position\":1,\"name\":\"fr\",\"item\":\"https:\\\/\\\/outdoor-gym.com\\\/fr\\\/\"},{\"@type\":\"ListItem\",\"position\":2,\"name\":\"Services\",\"item\":\"https:\\\/\\\/outdoor-gym.com\\\/fr\\\/services\\\/\"},{\"@type\":\"ListItem\",\"position\":3,\"name\":\"Garantie\"}]},{\"@type\":\"WebSite\",\"@id\":\"https:\\\/\\\/outdoor-gym.com\\\/fr\\\/#website\",\"url\":\"https:\\\/\\\/outdoor-gym.com\\\/fr\\\/\",\"name\":\"Trainer\",\"description\":\"Trainer\",\"potentialAction\":[{\"@type\":\"SearchAction\",\"target\":{\"@type\":\"EntryPoint\",\"urlTemplate\":\"https:\\\/\\\/outdoor-gym.com\\\/fr\\\/?s={search_term_string}\"},\"query-input\":{\"@type\":\"PropertyValueSpecification\",\"valueRequired\":true,\"valueName\":\"search_term_string\"}}],\"inLanguage\":\"pl-PL\"}]}<\/script>\n<!-- \/ Yoast SEO plugin. -->","yoast_head_json":{"title":"Garantie - Trainer Fitness plein air","robots":{"index":"index","follow":"follow","max-snippet":"max-snippet:-1","max-image-preview":"max-image-preview:large","max-video-preview":"max-video-preview:-1"},"canonical":"https:\/\/outdoor-gym.com\/fr\/services\/garantie\/","og_locale":"fr_FR","og_type":"article","og_title":"Garantie - Trainer Fitness plein air","og_description":"Nous nous soucions de la s\u00e9curit\u00e9 et de la qualit\u00e9 des produits. Notre \u00e9quipement a \u00e9t\u00e9 test\u00e9 par T\u00dcV Rheinland et r\u00e9pond aux normes de s\u00e9curit\u00e9 EN 16630:2015-06. Nous fabriquons nos \u00e9quipements en Europe, conform\u00e9ment aux normes de s\u00e9curit\u00e9 et de qualit\u00e9 en vigueur. Nous avons une tr\u00e8s grande exp\u00e9rience dans la fabrication d&#8217;agr\u00e8s de [&hellip;]","og_url":"https:\/\/outdoor-gym.com\/fr\/services\/garantie\/","og_site_name":"Trainer","article_modified_time":"2023-12-20T11:25:52+00:00","og_image":[{"url":"https:\/\/outdoor-gym.com\/fr\/wp-content\/uploads\/Garantie.jpg","type":"","width":"","height":""}],"twitter_card":"summary_large_image","twitter_misc":{"Szacowany czas czytania":"1 minuta"},"schema":{"@context":"https:\/\/schema.org","@graph":[{"@type":"WebPage","@id":"https:\/\/outdoor-gym.com\/fr\/services\/garantie\/","url":"https:\/\/outdoor-gym.com\/fr\/services\/garantie\/","name":"Garantie - Trainer Fitness plein air","isPartOf":{"@id":"https:\/\/outdoor-gym.com\/fr\/#website"},"primaryImageOfPage":{"@id":"https:\/\/outdoor-gym.com\/fr\/services\/garantie\/#primaryimage"},"image":{"@id":"https:\/\/outdoor-gym.com\/fr\/services\/garantie\/#primaryimage"},"thumbnailUrl":"https:\/\/outdoor-gym.com\/fr\/wp-content\/uploads\/Garantie.jpg","datePublished":"2021-09-28T13:22:58+00:00","dateModified":"2023-12-20T11:25:52+00:00","breadcrumb":{"@id":"https:\/\/outdoor-gym.com\/fr\/services\/garantie\/#breadcrumb"},"inLanguage":"pl-PL","potentialAction":[{"@type":"ReadAction","target":["https:\/\/outdoor-gym.com\/fr\/services\/garantie\/"]}]},{"@type":"ImageObject","inLanguage":"pl-PL","@id":"https:\/\/outdoor-gym.com\/fr\/services\/garantie\/#primaryimage","url":"https:\/\/outdoor-gym.com\/fr\/wp-content\/uploads\/Garantie.jpg","contentUrl":"https:\/\/outdoor-gym.com\/fr\/wp-content\/uploads\/Garantie.jpg","width":1000,"height":666},{"@type":"BreadcrumbList","@id":"https:\/\/outdoor-gym.com\/fr\/services\/garantie\/#breadcrumb","itemListElement":[{"@type":"ListItem","position":1,"name":"fr","item":"https:\/\/outdoor-gym.com\/fr\/"},{"@type":"ListItem","position":2,"name":"Services","item":"https:\/\/outdoor-gym.com\/fr\/services\/"},{"@type":"ListItem","position":3,"name":"Garantie"}]},{"@type":"WebSite","@id":"https:\/\/outdoor-gym.com\/fr\/#website","url":"https:\/\/outdoor-gym.com\/fr\/","name":"Trainer","description":"Trainer","potentialAction":[{"@type":"SearchAction","target":{"@type":"EntryPoint","urlTemplate":"https:\/\/outdoor-gym.com\/fr\/?s={search_term_string}"},"query-input":{"@type":"PropertyValueSpecification","valueRequired":true,"valueName":"search_term_string"}}],"inLanguage":"pl-PL"}]}},"_links":{"self":[{"href":"https:\/\/outdoor-gym.com\/fr\/wp-json\/wp\/v2\/pages\/3425","targetHints":{"allow":["GET"]}}],"collection":[{"href":"https:\/\/outdoor-gym.com\/fr\/wp-json\/wp\/v2\/pages"}],"about":[{"href":"https:\/\/outdoor-gym.com\/fr\/wp-json\/wp\/v2\/types\/page"}],"author":[{"embeddable":true,"href":"https:\/\/outdoor-gym.com\/fr\/wp-json\/wp\/v2\/users\/1"}],"replies":[{"embeddable":true,"href":"https:\/\/outdoor-gym.com\/fr\/wp-json\/wp\/v2\/comments?post=3425"}],"version-history":[{"count":14,"href":"https:\/\/outdoor-gym.com\/fr\/wp-json\/wp\/v2\/pages\/3425\/revisions"}],"predecessor-version":[{"id":5223,"href":"https:\/\/outdoor-gym.com\/fr\/wp-json\/wp\/v2\/pages\/3425\/revisions\/5223"}],"up":[{"embeddable":true,"href":"https:\/\/outdoor-gym.com\/fr\/wp-json\/wp\/v2\/pages\/932"}],"wp:attachment":[{"href":"https:\/\/outdoor-gym.com\/fr\/wp-json\/wp\/v2\/media?parent=3425"}],"curies":[{"name":"wp","href":"https:\/\/api.w.org\/{rel}","templated":true}]}}