{"id":3427,"date":"2021-09-28T15:21:51","date_gmt":"2021-09-28T13:21:51","guid":{"rendered":"https:\/\/outdoor-gym.com\/fr\/?page_id=3427"},"modified":"2022-08-03T16:33:04","modified_gmt":"2022-08-03T14:33:04","slug":"conception-dappareils-de-fitness","status":"publish","type":"page","link":"https:\/\/outdoor-gym.com\/fr\/services\/conception-dappareils-de-fitness\/","title":{"rendered":"Conception d&#8217;appareils de fitness"},"content":{"rendered":"<p>Nous sommes l&#8217;une des rares entreprises \u00e0 fabriquer des \u00e9quipements en Europe. De nombreuses entreprises, bien qu&#8217;elles se qualifient de fabricants, importent les \u00e9quipements d&#8217;exercice en plein air d&#8217;autres pays, surtout d&#8217;Asie. Si vous voulez \u00eatre s\u00fbr du lieu de fabrication des \u00e9quipements que vous souhaitez acheter, demandez toujours au vendeur le lieu de leur fabrication.<\/p>\n<p>Nous concevons et fabriquons des appareils de fitness et de musculation en ext\u00e9rieur. Nous offrons \u00e9galement la pose et des conseils d&#8217;experts. Nous veillons \u00e0 ce que nos clients soient satisfaits \u00e0 chaque \u00e9tape de nos prestations. Notre gamme de produits est tr\u00e8s vaste. Nous fabriquons plus de 250 appareils diff\u00e9rents que vous pouvez configurer \u00e0 votre guise. Chaque solution peut \u00eatre modifi\u00e9e et adapt\u00e9e \u00e0 vos besoins. Vous pouvez aussi concevoir int\u00e9gralement un appareil avec notre \u00e9quipe de conception d\u00e9di\u00e9e.<\/p>\n<p><img loading=\"lazy\" decoding=\"async\" class=\"alignnone size-full wp-image-4007\" src=\"https:\/\/outdoor-gym.com\/fr\/wp-content\/uploads\/Fitness-en-plein-air-production-3.png\" alt=\"Fitness en plein air - Conception\" width=\"1400\" height=\"787\" srcset=\"https:\/\/outdoor-gym.com\/fr\/wp-content\/uploads\/Fitness-en-plein-air-production-3.png 1400w, https:\/\/outdoor-gym.com\/fr\/wp-content\/uploads\/Fitness-en-plein-air-production-3-600x337.png 600w, https:\/\/outdoor-gym.com\/fr\/wp-content\/uploads\/Fitness-en-plein-air-production-3-768x432.png 768w\" sizes=\"auto, (max-width: 1400px) 100vw, 1400px\" \/><\/p>\n<p>&nbsp;<\/p>\n","protected":false},"excerpt":{"rendered":"<p>Nous sommes l&#8217;une des rares entreprises \u00e0 fabriquer des \u00e9quipements en Europe. De nombreuses entreprises, bien qu&#8217;elles se qualifient de fabricants, importent les \u00e9quipements d&#8217;exercice en plein air d&#8217;autres pays, surtout d&#8217;Asie. Si vous voulez \u00eatre s\u00fbr du lieu de fabrication des \u00e9quipements que vous souhaitez acheter, demandez toujours au vendeur le lieu de leur [&hellip;]<\/p>\n","protected":false},"author":1,"featured_media":0,"parent":932,"menu_order":0,"comment_status":"closed","ping_status":"closed","template":"template-usluga.php","meta":{"footnotes":""},"class_list":["post-3427","page","type-page","status-publish","hentry"],"acf":[],"yoast_head":"<!-- This site is optimized with the Yoast SEO plugin v27.4 - https:\/\/yoast.com\/product\/yoast-seo-wordpress\/ -->\n<title>Conception d&#039;appareils de fitness - Trainer<\/title>\n<meta name=\"robots\" content=\"index, follow, max-snippet:-1, max-image-preview:large, max-video-preview:-1\" \/>\n<link rel=\"canonical\" href=\"https:\/\/outdoor-gym.com\/fr\/services\/conception-dappareils-de-fitness\/\" \/>\n<meta property=\"og:locale\" content=\"fr_FR\" \/>\n<meta property=\"og:type\" content=\"article\" \/>\n<meta property=\"og:title\" content=\"Conception d&#039;appareils de fitness - Trainer\" \/>\n<meta property=\"og:description\" content=\"Nous sommes l&#8217;une des rares entreprises \u00e0 fabriquer des \u00e9quipements en Europe. De nombreuses entreprises, bien qu&#8217;elles se qualifient de fabricants, importent les \u00e9quipements d&#8217;exercice en plein air d&#8217;autres pays, surtout d&#8217;Asie. Si vous voulez \u00eatre s\u00fbr du lieu de fabrication des \u00e9quipements que vous souhaitez acheter, demandez toujours au vendeur le lieu de leur [&hellip;]\" \/>\n<meta property=\"og:url\" content=\"https:\/\/outdoor-gym.com\/fr\/services\/conception-dappareils-de-fitness\/\" \/>\n<meta property=\"og:site_name\" content=\"Trainer\" \/>\n<meta property=\"article:modified_time\" content=\"2022-08-03T14:33:04+00:00\" \/>\n<meta property=\"og:image\" content=\"https:\/\/outdoor-gym.com\/fr\/wp-content\/uploads\/Fitness-en-plein-air-production-3.png\" \/>\n<meta name=\"twitter:card\" content=\"summary_large_image\" \/>\n<meta name=\"twitter:label1\" content=\"Szacowany czas czytania\" \/>\n\t<meta name=\"twitter:data1\" content=\"2 minuty\" \/>\n<script type=\"application\/ld+json\" class=\"yoast-schema-graph\">{\"@context\":\"https:\\\/\\\/schema.org\",\"@graph\":[{\"@type\":\"WebPage\",\"@id\":\"https:\\\/\\\/outdoor-gym.com\\\/fr\\\/services\\\/conception-dappareils-de-fitness\\\/\",\"url\":\"https:\\\/\\\/outdoor-gym.com\\\/fr\\\/services\\\/conception-dappareils-de-fitness\\\/\",\"name\":\"Conception d'appareils de fitness - Trainer\",\"isPartOf\":{\"@id\":\"https:\\\/\\\/outdoor-gym.com\\\/fr\\\/#website\"},\"primaryImageOfPage\":{\"@id\":\"https:\\\/\\\/outdoor-gym.com\\\/fr\\\/services\\\/conception-dappareils-de-fitness\\\/#primaryimage\"},\"image\":{\"@id\":\"https:\\\/\\\/outdoor-gym.com\\\/fr\\\/services\\\/conception-dappareils-de-fitness\\\/#primaryimage\"},\"thumbnailUrl\":\"https:\\\/\\\/outdoor-gym.com\\\/fr\\\/wp-content\\\/uploads\\\/Fitness-en-plein-air-production-3.png\",\"datePublished\":\"2021-09-28T13:21:51+00:00\",\"dateModified\":\"2022-08-03T14:33:04+00:00\",\"breadcrumb\":{\"@id\":\"https:\\\/\\\/outdoor-gym.com\\\/fr\\\/services\\\/conception-dappareils-de-fitness\\\/#breadcrumb\"},\"inLanguage\":\"pl-PL\",\"potentialAction\":[{\"@type\":\"ReadAction\",\"target\":[\"https:\\\/\\\/outdoor-gym.com\\\/fr\\\/services\\\/conception-dappareils-de-fitness\\\/\"]}]},{\"@type\":\"ImageObject\",\"inLanguage\":\"pl-PL\",\"@id\":\"https:\\\/\\\/outdoor-gym.com\\\/fr\\\/services\\\/conception-dappareils-de-fitness\\\/#primaryimage\",\"url\":\"https:\\\/\\\/outdoor-gym.com\\\/fr\\\/wp-content\\\/uploads\\\/Fitness-en-plein-air-production-3.png\",\"contentUrl\":\"https:\\\/\\\/outdoor-gym.com\\\/fr\\\/wp-content\\\/uploads\\\/Fitness-en-plein-air-production-3.png\",\"width\":1400,\"height\":787,\"caption\":\"Fitness en plein air - Conception\"},{\"@type\":\"BreadcrumbList\",\"@id\":\"https:\\\/\\\/outdoor-gym.com\\\/fr\\\/services\\\/conception-dappareils-de-fitness\\\/#breadcrumb\",\"itemListElement\":[{\"@type\":\"ListItem\",\"position\":1,\"name\":\"fr\",\"item\":\"https:\\\/\\\/outdoor-gym.com\\\/fr\\\/\"},{\"@type\":\"ListItem\",\"position\":2,\"name\":\"Services\",\"item\":\"https:\\\/\\\/outdoor-gym.com\\\/fr\\\/services\\\/\"},{\"@type\":\"ListItem\",\"position\":3,\"name\":\"Conception d&#8217;appareils de fitness\"}]},{\"@type\":\"WebSite\",\"@id\":\"https:\\\/\\\/outdoor-gym.com\\\/fr\\\/#website\",\"url\":\"https:\\\/\\\/outdoor-gym.com\\\/fr\\\/\",\"name\":\"Trainer\",\"description\":\"Trainer\",\"potentialAction\":[{\"@type\":\"SearchAction\",\"target\":{\"@type\":\"EntryPoint\",\"urlTemplate\":\"https:\\\/\\\/outdoor-gym.com\\\/fr\\\/?s={search_term_string}\"},\"query-input\":{\"@type\":\"PropertyValueSpecification\",\"valueRequired\":true,\"valueName\":\"search_term_string\"}}],\"inLanguage\":\"pl-PL\"}]}<\/script>\n<!-- \/ Yoast SEO plugin. -->","yoast_head_json":{"title":"Conception d'appareils de fitness - Trainer","robots":{"index":"index","follow":"follow","max-snippet":"max-snippet:-1","max-image-preview":"max-image-preview:large","max-video-preview":"max-video-preview:-1"},"canonical":"https:\/\/outdoor-gym.com\/fr\/services\/conception-dappareils-de-fitness\/","og_locale":"fr_FR","og_type":"article","og_title":"Conception d'appareils de fitness - Trainer","og_description":"Nous sommes l&#8217;une des rares entreprises \u00e0 fabriquer des \u00e9quipements en Europe. De nombreuses entreprises, bien qu&#8217;elles se qualifient de fabricants, importent les \u00e9quipements d&#8217;exercice en plein air d&#8217;autres pays, surtout d&#8217;Asie. Si vous voulez \u00eatre s\u00fbr du lieu de fabrication des \u00e9quipements que vous souhaitez acheter, demandez toujours au vendeur le lieu de leur [&hellip;]","og_url":"https:\/\/outdoor-gym.com\/fr\/services\/conception-dappareils-de-fitness\/","og_site_name":"Trainer","article_modified_time":"2022-08-03T14:33:04+00:00","og_image":[{"url":"https:\/\/outdoor-gym.com\/fr\/wp-content\/uploads\/Fitness-en-plein-air-production-3.png","type":"","width":"","height":""}],"twitter_card":"summary_large_image","twitter_misc":{"Szacowany czas czytania":"2 minuty"},"schema":{"@context":"https:\/\/schema.org","@graph":[{"@type":"WebPage","@id":"https:\/\/outdoor-gym.com\/fr\/services\/conception-dappareils-de-fitness\/","url":"https:\/\/outdoor-gym.com\/fr\/services\/conception-dappareils-de-fitness\/","name":"Conception d'appareils de fitness - Trainer","isPartOf":{"@id":"https:\/\/outdoor-gym.com\/fr\/#website"},"primaryImageOfPage":{"@id":"https:\/\/outdoor-gym.com\/fr\/services\/conception-dappareils-de-fitness\/#primaryimage"},"image":{"@id":"https:\/\/outdoor-gym.com\/fr\/services\/conception-dappareils-de-fitness\/#primaryimage"},"thumbnailUrl":"https:\/\/outdoor-gym.com\/fr\/wp-content\/uploads\/Fitness-en-plein-air-production-3.png","datePublished":"2021-09-28T13:21:51+00:00","dateModified":"2022-08-03T14:33:04+00:00","breadcrumb":{"@id":"https:\/\/outdoor-gym.com\/fr\/services\/conception-dappareils-de-fitness\/#breadcrumb"},"inLanguage":"pl-PL","potentialAction":[{"@type":"ReadAction","target":["https:\/\/outdoor-gym.com\/fr\/services\/conception-dappareils-de-fitness\/"]}]},{"@type":"ImageObject","inLanguage":"pl-PL","@id":"https:\/\/outdoor-gym.com\/fr\/services\/conception-dappareils-de-fitness\/#primaryimage","url":"https:\/\/outdoor-gym.com\/fr\/wp-content\/uploads\/Fitness-en-plein-air-production-3.png","contentUrl":"https:\/\/outdoor-gym.com\/fr\/wp-content\/uploads\/Fitness-en-plein-air-production-3.png","width":1400,"height":787,"caption":"Fitness en plein air - Conception"},{"@type":"BreadcrumbList","@id":"https:\/\/outdoor-gym.com\/fr\/services\/conception-dappareils-de-fitness\/#breadcrumb","itemListElement":[{"@type":"ListItem","position":1,"name":"fr","item":"https:\/\/outdoor-gym.com\/fr\/"},{"@type":"ListItem","position":2,"name":"Services","item":"https:\/\/outdoor-gym.com\/fr\/services\/"},{"@type":"ListItem","position":3,"name":"Conception d&#8217;appareils de fitness"}]},{"@type":"WebSite","@id":"https:\/\/outdoor-gym.com\/fr\/#website","url":"https:\/\/outdoor-gym.com\/fr\/","name":"Trainer","description":"Trainer","potentialAction":[{"@type":"SearchAction","target":{"@type":"EntryPoint","urlTemplate":"https:\/\/outdoor-gym.com\/fr\/?s={search_term_string}"},"query-input":{"@type":"PropertyValueSpecification","valueRequired":true,"valueName":"search_term_string"}}],"inLanguage":"pl-PL"}]}},"_links":{"self":[{"href":"https:\/\/outdoor-gym.com\/fr\/wp-json\/wp\/v2\/pages\/3427","targetHints":{"allow":["GET"]}}],"collection":[{"href":"https:\/\/outdoor-gym.com\/fr\/wp-json\/wp\/v2\/pages"}],"about":[{"href":"https:\/\/outdoor-gym.com\/fr\/wp-json\/wp\/v2\/types\/page"}],"author":[{"embeddable":true,"href":"https:\/\/outdoor-gym.com\/fr\/wp-json\/wp\/v2\/users\/1"}],"replies":[{"embeddable":true,"href":"https:\/\/outdoor-gym.com\/fr\/wp-json\/wp\/v2\/comments?post=3427"}],"version-history":[{"count":5,"href":"https:\/\/outdoor-gym.com\/fr\/wp-json\/wp\/v2\/pages\/3427\/revisions"}],"predecessor-version":[{"id":4037,"href":"https:\/\/outdoor-gym.com\/fr\/wp-json\/wp\/v2\/pages\/3427\/revisions\/4037"}],"up":[{"embeddable":true,"href":"https:\/\/outdoor-gym.com\/fr\/wp-json\/wp\/v2\/pages\/932"}],"wp:attachment":[{"href":"https:\/\/outdoor-gym.com\/fr\/wp-json\/wp\/v2\/media?parent=3427"}],"curies":[{"name":"wp","href":"https:\/\/api.w.org\/{rel}","templated":true}]}}