{"id":5676,"date":"2025-02-10T08:22:30","date_gmt":"2025-02-10T07:22:30","guid":{"rendered":"https:\/\/outdoor-gym.com\/fr\/?page_id=5676"},"modified":"2025-02-10T08:25:36","modified_gmt":"2025-02-10T07:25:36","slug":"parcours-ninja-exterieur","status":"publish","type":"page","link":"https:\/\/outdoor-gym.com\/fr\/produits\/parcours-ninja-exterieur\/","title":{"rendered":"Parcours ninja ext\u00e9rieur"},"content":{"rendered":"","protected":false},"excerpt":{"rendered":"","protected":false},"author":9,"featured_media":0,"parent":928,"menu_order":0,"comment_status":"closed","ping_status":"closed","template":"template-seria.php","meta":{"footnotes":""},"class_list":["post-5676","page","type-page","status-publish","hentry"],"acf":[],"yoast_head":"<!-- This site is optimized with the Yoast SEO plugin v27.3 - https:\/\/yoast.com\/product\/yoast-seo-wordpress\/ -->\n<title>Parcours ninja ext\u00e9rieur<\/title>\n<meta name=\"description\" content=\"Parcours Ninja ext\u00e9rieurs : des \u00e9quipements modulaires et s\u00e9curis\u00e9s pour l&#039;entra\u00eenement OCR, le fitness en plein air et les d\u00e9fis sportifs. Id\u00e9ale pour l&#039;entra\u00eenement en ext\u00e9rieur, que ce soit dans un parc urbain, une salle de sport ext\u00e9rieure, une \u00e9cole ou un centre de loisirs.\" \/>\n<meta name=\"robots\" content=\"index, follow, max-snippet:-1, max-image-preview:large, max-video-preview:-1\" \/>\n<link rel=\"canonical\" href=\"https:\/\/outdoor-gym.com\/fr\/produits\/parcours-ninja-exterieur\/\" \/>\n<meta property=\"og:locale\" content=\"fr_FR\" \/>\n<meta property=\"og:type\" content=\"article\" \/>\n<meta property=\"og:title\" content=\"Parcours ninja ext\u00e9rieur\" \/>\n<meta property=\"og:description\" content=\"Parcours Ninja ext\u00e9rieurs : des \u00e9quipements modulaires et s\u00e9curis\u00e9s pour l&#039;entra\u00eenement OCR, le fitness en plein air et les d\u00e9fis sportifs. Id\u00e9ale pour l&#039;entra\u00eenement en ext\u00e9rieur, que ce soit dans un parc urbain, une salle de sport ext\u00e9rieure, une \u00e9cole ou un centre de loisirs.\" \/>\n<meta property=\"og:url\" content=\"https:\/\/outdoor-gym.com\/fr\/produits\/parcours-ninja-exterieur\/\" \/>\n<meta property=\"og:site_name\" content=\"Trainer\" \/>\n<meta property=\"article:modified_time\" content=\"2025-02-10T07:25:36+00:00\" \/>\n<meta name=\"twitter:card\" content=\"summary_large_image\" \/>\n<script type=\"application\/ld+json\" class=\"yoast-schema-graph\">{\"@context\":\"https:\\\/\\\/schema.org\",\"@graph\":[{\"@type\":\"WebPage\",\"@id\":\"https:\\\/\\\/outdoor-gym.com\\\/fr\\\/produits\\\/parcours-ninja-exterieur\\\/\",\"url\":\"https:\\\/\\\/outdoor-gym.com\\\/fr\\\/produits\\\/parcours-ninja-exterieur\\\/\",\"name\":\"Parcours ninja ext\u00e9rieur\",\"isPartOf\":{\"@id\":\"https:\\\/\\\/outdoor-gym.com\\\/fr\\\/#website\"},\"datePublished\":\"2025-02-10T07:22:30+00:00\",\"dateModified\":\"2025-02-10T07:25:36+00:00\",\"description\":\"Parcours Ninja ext\u00e9rieurs : des \u00e9quipements modulaires et s\u00e9curis\u00e9s pour l'entra\u00eenement OCR, le fitness en plein air et les d\u00e9fis sportifs. Id\u00e9ale pour l'entra\u00eenement en ext\u00e9rieur, que ce soit dans un parc urbain, une salle de sport ext\u00e9rieure, une \u00e9cole ou un centre de loisirs.\",\"breadcrumb\":{\"@id\":\"https:\\\/\\\/outdoor-gym.com\\\/fr\\\/produits\\\/parcours-ninja-exterieur\\\/#breadcrumb\"},\"inLanguage\":\"pl-PL\",\"potentialAction\":[{\"@type\":\"ReadAction\",\"target\":[\"https:\\\/\\\/outdoor-gym.com\\\/fr\\\/produits\\\/parcours-ninja-exterieur\\\/\"]}]},{\"@type\":\"BreadcrumbList\",\"@id\":\"https:\\\/\\\/outdoor-gym.com\\\/fr\\\/produits\\\/parcours-ninja-exterieur\\\/#breadcrumb\",\"itemListElement\":[{\"@type\":\"ListItem\",\"position\":1,\"name\":\"fr\",\"item\":\"https:\\\/\\\/outdoor-gym.com\\\/fr\\\/\"},{\"@type\":\"ListItem\",\"position\":2,\"name\":\"Produits\",\"item\":\"https:\\\/\\\/outdoor-gym.com\\\/fr\\\/produits\\\/\"},{\"@type\":\"ListItem\",\"position\":3,\"name\":\"Parcours ninja ext\u00e9rieur\"}]},{\"@type\":\"WebSite\",\"@id\":\"https:\\\/\\\/outdoor-gym.com\\\/fr\\\/#website\",\"url\":\"https:\\\/\\\/outdoor-gym.com\\\/fr\\\/\",\"name\":\"Trainer\",\"description\":\"Trainer\",\"potentialAction\":[{\"@type\":\"SearchAction\",\"target\":{\"@type\":\"EntryPoint\",\"urlTemplate\":\"https:\\\/\\\/outdoor-gym.com\\\/fr\\\/?s={search_term_string}\"},\"query-input\":{\"@type\":\"PropertyValueSpecification\",\"valueRequired\":true,\"valueName\":\"search_term_string\"}}],\"inLanguage\":\"pl-PL\"}]}<\/script>\n<!-- \/ Yoast SEO plugin. -->","yoast_head_json":{"title":"Parcours ninja ext\u00e9rieur","description":"Parcours Ninja ext\u00e9rieurs : des \u00e9quipements modulaires et s\u00e9curis\u00e9s pour l'entra\u00eenement OCR, le fitness en plein air et les d\u00e9fis sportifs. Id\u00e9ale pour l'entra\u00eenement en ext\u00e9rieur, que ce soit dans un parc urbain, une salle de sport ext\u00e9rieure, une \u00e9cole ou un centre de loisirs.","robots":{"index":"index","follow":"follow","max-snippet":"max-snippet:-1","max-image-preview":"max-image-preview:large","max-video-preview":"max-video-preview:-1"},"canonical":"https:\/\/outdoor-gym.com\/fr\/produits\/parcours-ninja-exterieur\/","og_locale":"fr_FR","og_type":"article","og_title":"Parcours ninja ext\u00e9rieur","og_description":"Parcours Ninja ext\u00e9rieurs : des \u00e9quipements modulaires et s\u00e9curis\u00e9s pour l'entra\u00eenement OCR, le fitness en plein air et les d\u00e9fis sportifs. Id\u00e9ale pour l'entra\u00eenement en ext\u00e9rieur, que ce soit dans un parc urbain, une salle de sport ext\u00e9rieure, une \u00e9cole ou un centre de loisirs.","og_url":"https:\/\/outdoor-gym.com\/fr\/produits\/parcours-ninja-exterieur\/","og_site_name":"Trainer","article_modified_time":"2025-02-10T07:25:36+00:00","twitter_card":"summary_large_image","schema":{"@context":"https:\/\/schema.org","@graph":[{"@type":"WebPage","@id":"https:\/\/outdoor-gym.com\/fr\/produits\/parcours-ninja-exterieur\/","url":"https:\/\/outdoor-gym.com\/fr\/produits\/parcours-ninja-exterieur\/","name":"Parcours ninja ext\u00e9rieur","isPartOf":{"@id":"https:\/\/outdoor-gym.com\/fr\/#website"},"datePublished":"2025-02-10T07:22:30+00:00","dateModified":"2025-02-10T07:25:36+00:00","description":"Parcours Ninja ext\u00e9rieurs : des \u00e9quipements modulaires et s\u00e9curis\u00e9s pour l'entra\u00eenement OCR, le fitness en plein air et les d\u00e9fis sportifs. Id\u00e9ale pour l'entra\u00eenement en ext\u00e9rieur, que ce soit dans un parc urbain, une salle de sport ext\u00e9rieure, une \u00e9cole ou un centre de loisirs.","breadcrumb":{"@id":"https:\/\/outdoor-gym.com\/fr\/produits\/parcours-ninja-exterieur\/#breadcrumb"},"inLanguage":"pl-PL","potentialAction":[{"@type":"ReadAction","target":["https:\/\/outdoor-gym.com\/fr\/produits\/parcours-ninja-exterieur\/"]}]},{"@type":"BreadcrumbList","@id":"https:\/\/outdoor-gym.com\/fr\/produits\/parcours-ninja-exterieur\/#breadcrumb","itemListElement":[{"@type":"ListItem","position":1,"name":"fr","item":"https:\/\/outdoor-gym.com\/fr\/"},{"@type":"ListItem","position":2,"name":"Produits","item":"https:\/\/outdoor-gym.com\/fr\/produits\/"},{"@type":"ListItem","position":3,"name":"Parcours ninja ext\u00e9rieur"}]},{"@type":"WebSite","@id":"https:\/\/outdoor-gym.com\/fr\/#website","url":"https:\/\/outdoor-gym.com\/fr\/","name":"Trainer","description":"Trainer","potentialAction":[{"@type":"SearchAction","target":{"@type":"EntryPoint","urlTemplate":"https:\/\/outdoor-gym.com\/fr\/?s={search_term_string}"},"query-input":{"@type":"PropertyValueSpecification","valueRequired":true,"valueName":"search_term_string"}}],"inLanguage":"pl-PL"}]}},"_links":{"self":[{"href":"https:\/\/outdoor-gym.com\/fr\/wp-json\/wp\/v2\/pages\/5676","targetHints":{"allow":["GET"]}}],"collection":[{"href":"https:\/\/outdoor-gym.com\/fr\/wp-json\/wp\/v2\/pages"}],"about":[{"href":"https:\/\/outdoor-gym.com\/fr\/wp-json\/wp\/v2\/types\/page"}],"author":[{"embeddable":true,"href":"https:\/\/outdoor-gym.com\/fr\/wp-json\/wp\/v2\/users\/9"}],"replies":[{"embeddable":true,"href":"https:\/\/outdoor-gym.com\/fr\/wp-json\/wp\/v2\/comments?post=5676"}],"version-history":[{"count":5,"href":"https:\/\/outdoor-gym.com\/fr\/wp-json\/wp\/v2\/pages\/5676\/revisions"}],"predecessor-version":[{"id":5684,"href":"https:\/\/outdoor-gym.com\/fr\/wp-json\/wp\/v2\/pages\/5676\/revisions\/5684"}],"up":[{"embeddable":true,"href":"https:\/\/outdoor-gym.com\/fr\/wp-json\/wp\/v2\/pages\/928"}],"wp:attachment":[{"href":"https:\/\/outdoor-gym.com\/fr\/wp-json\/wp\/v2\/media?parent=5676"}],"curies":[{"name":"wp","href":"https:\/\/api.w.org\/{rel}","templated":true}]}}