{"id":5858,"date":"2025-03-25T10:40:14","date_gmt":"2025-03-25T09:40:14","guid":{"rendered":"https:\/\/outdoor-gym.com\/fr\/?page_id=5858"},"modified":"2025-05-05T09:10:44","modified_gmt":"2025-05-05T07:10:44","slug":"mobilier-urbain","status":"publish","type":"page","link":"https:\/\/outdoor-gym.com\/fr\/mobilier-urbain\/","title":{"rendered":"Mobilier Urbain"},"content":{"rendered":"<p><span style=\"font-weight: 400;\">Notre mobilier urbain est un compl\u00e9ment id\u00e9al \u00e0 une salle de sport en plein air ou une zone d\u2019activit\u00e9s ext\u00e9rieures. Nous proposons des bancs publics durables et esth\u00e9tiques, des corbeilles de propret\u00e9 ext\u00e9rieures et des supports \u00e0 v\u00e9los s\u00e9curis\u00e9s. Ces \u00e9l\u00e9ments sont con\u00e7us pour \u00e9quiper efficacement les espaces publics, les parcs, les \u00e9coles, les quartiers r\u00e9sidentiels ou encore les zones de loisirs.\u00a0<\/span><\/p>\n<p><span style=\"font-weight: 400;\">Tous nos produits sont fabriqu\u00e9s \u00e0 partir de mat\u00e9riaux r\u00e9sistants aux intemp\u00e9ries et \u00e0 un usage intensif. Les bancs offrent un espace de repos, les poubelles favorisent la propret\u00e9, et les arceaux v\u00e9los permettent un stationnement s\u00fbr. Nous proposons diff\u00e9rents styles \u2013 du classique au moderne \u2013 pour cr\u00e9er des espaces urbains coh\u00e9rents, fonctionnels et accueillants. C\u2019est la solution id\u00e9ale pour am\u00e9nager une ville plus agr\u00e9able et durable.<\/span><\/p>\n","protected":false},"excerpt":{"rendered":"<p>Notre mobilier urbain est un compl\u00e9ment id\u00e9al \u00e0 une salle de sport en plein air ou une zone d\u2019activit\u00e9s ext\u00e9rieures. Nous proposons des bancs publics durables et esth\u00e9tiques, des corbeilles de propret\u00e9 ext\u00e9rieures et des supports \u00e0 v\u00e9los s\u00e9curis\u00e9s. Ces \u00e9l\u00e9ments sont con\u00e7us pour \u00e9quiper efficacement les espaces publics, les parcs, les \u00e9coles, les quartiers [&hellip;]<\/p>\n","protected":false},"author":14,"featured_media":0,"parent":0,"menu_order":0,"comment_status":"closed","ping_status":"closed","template":"template-seria.php","meta":{"footnotes":""},"class_list":["post-5858","page","type-page","status-publish","hentry"],"acf":[],"yoast_head":"<!-- This site is optimized with the Yoast SEO plugin v27.3 - https:\/\/yoast.com\/product\/yoast-seo-wordpress\/ -->\n<title>Mobilier Urbain - Trainer<\/title>\n<meta name=\"robots\" content=\"index, follow, max-snippet:-1, max-image-preview:large, max-video-preview:-1\" \/>\n<link rel=\"canonical\" href=\"https:\/\/outdoor-gym.com\/fr\/mobilier-urbain\/\" \/>\n<meta property=\"og:locale\" content=\"fr_FR\" \/>\n<meta property=\"og:type\" content=\"article\" \/>\n<meta property=\"og:title\" content=\"Mobilier Urbain - Trainer\" \/>\n<meta property=\"og:description\" content=\"Notre mobilier urbain est un compl\u00e9ment id\u00e9al \u00e0 une salle de sport en plein air ou une zone d\u2019activit\u00e9s ext\u00e9rieures. Nous proposons des bancs publics durables et esth\u00e9tiques, des corbeilles de propret\u00e9 ext\u00e9rieures et des supports \u00e0 v\u00e9los s\u00e9curis\u00e9s. Ces \u00e9l\u00e9ments sont con\u00e7us pour \u00e9quiper efficacement les espaces publics, les parcs, les \u00e9coles, les quartiers [&hellip;]\" \/>\n<meta property=\"og:url\" content=\"https:\/\/outdoor-gym.com\/fr\/mobilier-urbain\/\" \/>\n<meta property=\"og:site_name\" content=\"Trainer\" \/>\n<meta property=\"article:modified_time\" content=\"2025-05-05T07:10:44+00:00\" \/>\n<meta name=\"twitter:card\" content=\"summary_large_image\" \/>\n<meta name=\"twitter:label1\" content=\"Szacowany czas czytania\" \/>\n\t<meta name=\"twitter:data1\" content=\"1 minuta\" \/>\n<script type=\"application\/ld+json\" class=\"yoast-schema-graph\">{\"@context\":\"https:\\\/\\\/schema.org\",\"@graph\":[{\"@type\":\"WebPage\",\"@id\":\"https:\\\/\\\/outdoor-gym.com\\\/fr\\\/mobilier-urbain\\\/\",\"url\":\"https:\\\/\\\/outdoor-gym.com\\\/fr\\\/mobilier-urbain\\\/\",\"name\":\"Mobilier Urbain - Trainer\",\"isPartOf\":{\"@id\":\"https:\\\/\\\/outdoor-gym.com\\\/fr\\\/#website\"},\"datePublished\":\"2025-03-25T09:40:14+00:00\",\"dateModified\":\"2025-05-05T07:10:44+00:00\",\"breadcrumb\":{\"@id\":\"https:\\\/\\\/outdoor-gym.com\\\/fr\\\/mobilier-urbain\\\/#breadcrumb\"},\"inLanguage\":\"pl-PL\",\"potentialAction\":[{\"@type\":\"ReadAction\",\"target\":[\"https:\\\/\\\/outdoor-gym.com\\\/fr\\\/mobilier-urbain\\\/\"]}]},{\"@type\":\"BreadcrumbList\",\"@id\":\"https:\\\/\\\/outdoor-gym.com\\\/fr\\\/mobilier-urbain\\\/#breadcrumb\",\"itemListElement\":[{\"@type\":\"ListItem\",\"position\":1,\"name\":\"fr\",\"item\":\"https:\\\/\\\/outdoor-gym.com\\\/fr\\\/\"},{\"@type\":\"ListItem\",\"position\":2,\"name\":\"Mobilier Urbain\"}]},{\"@type\":\"WebSite\",\"@id\":\"https:\\\/\\\/outdoor-gym.com\\\/fr\\\/#website\",\"url\":\"https:\\\/\\\/outdoor-gym.com\\\/fr\\\/\",\"name\":\"Trainer\",\"description\":\"Trainer\",\"potentialAction\":[{\"@type\":\"SearchAction\",\"target\":{\"@type\":\"EntryPoint\",\"urlTemplate\":\"https:\\\/\\\/outdoor-gym.com\\\/fr\\\/?s={search_term_string}\"},\"query-input\":{\"@type\":\"PropertyValueSpecification\",\"valueRequired\":true,\"valueName\":\"search_term_string\"}}],\"inLanguage\":\"pl-PL\"}]}<\/script>\n<!-- \/ Yoast SEO plugin. -->","yoast_head_json":{"title":"Mobilier Urbain - Trainer","robots":{"index":"index","follow":"follow","max-snippet":"max-snippet:-1","max-image-preview":"max-image-preview:large","max-video-preview":"max-video-preview:-1"},"canonical":"https:\/\/outdoor-gym.com\/fr\/mobilier-urbain\/","og_locale":"fr_FR","og_type":"article","og_title":"Mobilier Urbain - Trainer","og_description":"Notre mobilier urbain est un compl\u00e9ment id\u00e9al \u00e0 une salle de sport en plein air ou une zone d\u2019activit\u00e9s ext\u00e9rieures. Nous proposons des bancs publics durables et esth\u00e9tiques, des corbeilles de propret\u00e9 ext\u00e9rieures et des supports \u00e0 v\u00e9los s\u00e9curis\u00e9s. Ces \u00e9l\u00e9ments sont con\u00e7us pour \u00e9quiper efficacement les espaces publics, les parcs, les \u00e9coles, les quartiers [&hellip;]","og_url":"https:\/\/outdoor-gym.com\/fr\/mobilier-urbain\/","og_site_name":"Trainer","article_modified_time":"2025-05-05T07:10:44+00:00","twitter_card":"summary_large_image","twitter_misc":{"Szacowany czas czytania":"1 minuta"},"schema":{"@context":"https:\/\/schema.org","@graph":[{"@type":"WebPage","@id":"https:\/\/outdoor-gym.com\/fr\/mobilier-urbain\/","url":"https:\/\/outdoor-gym.com\/fr\/mobilier-urbain\/","name":"Mobilier Urbain - Trainer","isPartOf":{"@id":"https:\/\/outdoor-gym.com\/fr\/#website"},"datePublished":"2025-03-25T09:40:14+00:00","dateModified":"2025-05-05T07:10:44+00:00","breadcrumb":{"@id":"https:\/\/outdoor-gym.com\/fr\/mobilier-urbain\/#breadcrumb"},"inLanguage":"pl-PL","potentialAction":[{"@type":"ReadAction","target":["https:\/\/outdoor-gym.com\/fr\/mobilier-urbain\/"]}]},{"@type":"BreadcrumbList","@id":"https:\/\/outdoor-gym.com\/fr\/mobilier-urbain\/#breadcrumb","itemListElement":[{"@type":"ListItem","position":1,"name":"fr","item":"https:\/\/outdoor-gym.com\/fr\/"},{"@type":"ListItem","position":2,"name":"Mobilier Urbain"}]},{"@type":"WebSite","@id":"https:\/\/outdoor-gym.com\/fr\/#website","url":"https:\/\/outdoor-gym.com\/fr\/","name":"Trainer","description":"Trainer","potentialAction":[{"@type":"SearchAction","target":{"@type":"EntryPoint","urlTemplate":"https:\/\/outdoor-gym.com\/fr\/?s={search_term_string}"},"query-input":{"@type":"PropertyValueSpecification","valueRequired":true,"valueName":"search_term_string"}}],"inLanguage":"pl-PL"}]}},"_links":{"self":[{"href":"https:\/\/outdoor-gym.com\/fr\/wp-json\/wp\/v2\/pages\/5858","targetHints":{"allow":["GET"]}}],"collection":[{"href":"https:\/\/outdoor-gym.com\/fr\/wp-json\/wp\/v2\/pages"}],"about":[{"href":"https:\/\/outdoor-gym.com\/fr\/wp-json\/wp\/v2\/types\/page"}],"author":[{"embeddable":true,"href":"https:\/\/outdoor-gym.com\/fr\/wp-json\/wp\/v2\/users\/14"}],"replies":[{"embeddable":true,"href":"https:\/\/outdoor-gym.com\/fr\/wp-json\/wp\/v2\/comments?post=5858"}],"version-history":[{"count":3,"href":"https:\/\/outdoor-gym.com\/fr\/wp-json\/wp\/v2\/pages\/5858\/revisions"}],"predecessor-version":[{"id":6029,"href":"https:\/\/outdoor-gym.com\/fr\/wp-json\/wp\/v2\/pages\/5858\/revisions\/6029"}],"wp:attachment":[{"href":"https:\/\/outdoor-gym.com\/fr\/wp-json\/wp\/v2\/media?parent=5858"}],"curies":[{"name":"wp","href":"https:\/\/api.w.org\/{rel}","templated":true}]}}