{"id":6254,"date":"2025-11-06T11:11:15","date_gmt":"2025-11-06T10:11:15","guid":{"rendered":"https:\/\/outdoor-gym.com\/fr\/?page_id=6254"},"modified":"2025-11-19T09:55:08","modified_gmt":"2025-11-19T08:55:08","slug":"parcs-de-fitness-en-plein-air-pour-les-villes-et-les-municipalites2","status":"publish","type":"page","link":"https:\/\/outdoor-gym.com\/fr\/clients\/parcs-de-fitness-en-plein-air-pour-les-villes-et-les-municipalites2\/","title":{"rendered":"Parcs de fitness en plein air pour les collectivit\u00e9s \u2013 Offre sp\u00e9ciale -20 %"},"content":{"rendered":"<h2><img loading=\"lazy\" decoding=\"async\" class=\"alignnone wp-image-6347 size-full\" src=\"https:\/\/outdoor-gym.com\/fr\/wp-content\/uploads\/Equipements-de-fitness-en-plein-air-pour-les-ecoles_-les-mairies_-les-villages.png.webp\" alt=\"Offre sp\u00e9ciale collectivit\u00e9s sur tous nos \u00e9quipements de fitness ext\u00e9rieur\" width=\"1920\" height=\"843\" srcset=\"https:\/\/outdoor-gym.com\/fr\/wp-content\/uploads\/Equipements-de-fitness-en-plein-air-pour-les-ecoles_-les-mairies_-les-villages.png.webp 1920w, https:\/\/outdoor-gym.com\/fr\/wp-content\/uploads\/Equipements-de-fitness-en-plein-air-pour-les-ecoles_-les-mairies_-les-villages.png-600x263.webp 600w, https:\/\/outdoor-gym.com\/fr\/wp-content\/uploads\/Equipements-de-fitness-en-plein-air-pour-les-ecoles_-les-mairies_-les-villages.png-768x337.webp 768w, https:\/\/outdoor-gym.com\/fr\/wp-content\/uploads\/Equipements-de-fitness-en-plein-air-pour-les-ecoles_-les-mairies_-les-villages.png-1536x674.webp 1536w\" sizes=\"auto, (max-width: 1920px) 100vw, 1920px\" \/><\/h2>\n<h2>Am\u00e9liorez la qualit\u00e9 de vie de vos citoyens gr\u00e2ce \u00e0 nos stations de fitness ext\u00e9rieures.<\/h2>\n<p>Nos \u00e9quipements sont con\u00e7us pour les collectivit\u00e9s : robustes, certifi\u00e9s, durables et faciles \u00e0 entretenir \u2013 con\u00e7us sp\u00e9cialement pour les villes, les \u00e9coles et les espaces publics.<\/p>\n<h4 style=\"text-align: center;\"><a class=\"in-button in-download-button\" href=\"https:\/\/outdoor-gym.com\/fr\/wp-content\/uploads\/trainer-fitness-plein-air-prix-02042025-fr.pdf\" target=\"_blank\" rel=\"noopener\">Obtenir le tarif collectivit\u00e9s\u00a0<\/a><\/h4>\n<p><strong>Vous pouvez b\u00e9n\u00e9ficier <span data-start=\"221\" data-end=\"258\">d\u2019une remise allant jusqu\u2019\u00e0 \u201320 %<\/span> sur les prix indiqu\u00e9s ci-dessus.<\/strong><\/p>\n<hr data-start=\"673\" data-end=\"676\" \/>\n<h2 data-start=\"678\" data-end=\"739\"><\/h2>\n<h2>Pourquoi les collectivit\u00e9s choisissent nos \u00e9quipements ?<\/h2>\n<p><strong data-start=\"60\" data-end=\"96\">\u2714\ufe0f Conformes \u00e0 la norme EN 16630<\/strong><br data-start=\"96\" data-end=\"99\" \/><strong data-start=\"99\" data-end=\"145\">\u2714\ufe0f Mat\u00e9riaux r\u00e9sistants et anti-vandalisme<\/strong><br data-start=\"145\" data-end=\"148\" \/><strong data-start=\"148\" data-end=\"173\">\u2714\ufe0f Fabriqu\u00e9 en Europe<\/strong><br data-start=\"173\" data-end=\"176\" \/><strong data-start=\"176\" data-end=\"226\">\u2714\ufe0f Livraison compl\u00e8te jusqu\u2019au lieu de montage<\/strong><br data-start=\"226\" data-end=\"229\" \/><strong data-start=\"229\" data-end=\"272\">\u2714\ufe0f Peu d\u2019entretien, longue dur\u00e9e de vie<\/strong><br data-start=\"272\" data-end=\"275\" \/><strong data-start=\"275\" data-end=\"344\">\u2714\ufe0f Livr\u00e9s rapidement \u2013 certains mod\u00e8les disponibles imm\u00e9diatement<\/strong><br data-start=\"344\" data-end=\"347\" \/><strong data-start=\"347\" data-end=\"510\">\u2714\ufe0f La plupart de nos \u00e9quipements arrivent enti\u00e8rement assembl\u00e9s, pr\u00eats \u00e0 \u00eatre install\u00e9s, ce qui garantit une mise en place simple, rapide et sans complication.<\/strong><\/p>\n<hr data-start=\"1169\" data-end=\"1172\" \/>\n<h2 data-start=\"1174\" data-end=\"1218\"><\/h2>\n<h2 style=\"text-align: center;\">Processus de mise en \u0153uvre simple<\/h2>\n<p><img loading=\"lazy\" decoding=\"async\" class=\"alignnone wp-image-6348 size-full\" src=\"https:\/\/outdoor-gym.com\/fr\/wp-content\/uploads\/1-_1920-x-343-px_-_1_.webp\" alt=\"Conditions sp\u00e9ciales pour les collectivit\u00e9s - TRAINER Fitness en plein air\" width=\"1620\" height=\"343\" srcset=\"https:\/\/outdoor-gym.com\/fr\/wp-content\/uploads\/1-_1920-x-343-px_-_1_.webp 1620w, https:\/\/outdoor-gym.com\/fr\/wp-content\/uploads\/1-_1920-x-343-px_-_1_-600x127.webp 600w, https:\/\/outdoor-gym.com\/fr\/wp-content\/uploads\/1-_1920-x-343-px_-_1_-768x163.webp 768w, https:\/\/outdoor-gym.com\/fr\/wp-content\/uploads\/1-_1920-x-343-px_-_1_-1536x325.webp 1536w\" sizes=\"auto, (max-width: 1620px) 100vw, 1620px\" \/><\/p>\n<h2>Comment commander ?<\/h2>\n<p><strong data-start=\"1220\" data-end=\"1241\">1. Contactez-nous<\/strong> pour recevoir votre devis personnalis\u00e9<br data-start=\"1280\" data-end=\"1283\" \/><strong data-start=\"1283\" data-end=\"1311\">2. Nous vous conseillons<\/strong> sur les \u00e9quipements et leur implantation<br data-start=\"1352\" data-end=\"1355\" \/><strong data-start=\"1355\" data-end=\"1378\">3. Livraison rapide<\/strong> en France et en Europe<br data-start=\"1401\" data-end=\"1404\" \/><strong data-start=\"1404\" data-end=\"1428\">4. Support technique<\/strong>, documentation et plans fournis<\/p>\n<hr data-start=\"1464\" data-end=\"1467\" \/>\n<h2 data-start=\"1469\" data-end=\"1504\"><\/h2>\n<p><img loading=\"lazy\" decoding=\"async\" class=\"wp-image-1949 size-full\" title=\"Parcs de fitness en plein air pour les villes et les municipalit\u00e9s\" src=\"https:\/\/outdoor-gym.com\/fr\/wp-content\/uploads\/Outdoor fitness-7.png\" alt=\"Parcs de fitness en plein air pour les villes et les municipalit\u00e9s\" width=\"1920\" height=\"1080\" srcset=\"https:\/\/outdoor-gym.com\/fr\/wp-content\/uploads\/Outdoor%20fitness-7.png 1920w, https:\/\/outdoor-gym.com\/fr\/wp-content\/uploads\/Outdoor%20fitness-7-600x338.png 600w, https:\/\/outdoor-gym.com\/fr\/wp-content\/uploads\/Outdoor%20fitness-7-768x432.png 768w, https:\/\/outdoor-gym.com\/fr\/wp-content\/uploads\/Outdoor%20fitness-7-1536x864.png 1536w\" sizes=\"auto, (max-width: 1920px) 100vw, 1920px\" \/><\/p>\n<h3 data-pm-slice=\"1 1 []\"><img loading=\"lazy\" decoding=\"async\" class=\"alignnone wp-image-6283 size-full\" src=\"https:\/\/outdoor-gym.com\/fr\/wp-content\/uploads\/IMG_2758-scaled-e1762522317408.jpg\" alt=\"\u00e9quipements sportifs pour collectivit\u00e9s - TRAINER \" width=\"2560\" height=\"1724\" srcset=\"https:\/\/outdoor-gym.com\/fr\/wp-content\/uploads\/IMG_2758-scaled-e1762522317408.jpg 2560w, https:\/\/outdoor-gym.com\/fr\/wp-content\/uploads\/IMG_2758-scaled-e1762522317408-600x404.jpg 600w, https:\/\/outdoor-gym.com\/fr\/wp-content\/uploads\/IMG_2758-scaled-e1762522317408-2000x1347.jpg 2000w, https:\/\/outdoor-gym.com\/fr\/wp-content\/uploads\/IMG_2758-scaled-e1762522317408-768x517.jpg 768w, https:\/\/outdoor-gym.com\/fr\/wp-content\/uploads\/IMG_2758-scaled-e1762522317408-1536x1034.jpg 1536w, https:\/\/outdoor-gym.com\/fr\/wp-content\/uploads\/IMG_2758-scaled-e1762522317408-2048x1379.jpg 2048w\" sizes=\"auto, (max-width: 2560px) 100vw, 2560px\" \/><\/h3>\n<h3 data-pm-slice=\"1 1 []\">\ud83d\udfe8\ud83d\udfe7\u2b1b\ud83d\udfe9Choisissez la couleur de vos \u00e9quipements.<\/h3>\n<p>Nos \u00e9quipements sont disponibles en <strong data-start=\"128\" data-end=\"156\">quatre gammes de coloris<\/strong> qui s\u2019int\u00e8grent parfaitement \u00e0 l\u2019environnement urbain, scolaire ou des parcs.<span class=\"jCAhz ChMk0b\"><span class=\"ryNqvb\"> <u>Vous pouvez choisir la couleur de votre choix sans frais additionnels, car elle est d\u00e9j\u00e0 comprise dans le prix.<\/u><\/span><\/span><\/p>\n<p><img loading=\"lazy\" decoding=\"async\" class=\"alignnone wp-image-6345 size-full\" src=\"https:\/\/outdoor-gym.com\/fr\/wp-content\/uploads\/Projekt-bez-nazwy-_3_.webp\" alt=\"Achat d\u2019\u00e9quipements sportifs pour \u00e9coles\" width=\"1600\" height=\"800\" srcset=\"https:\/\/outdoor-gym.com\/fr\/wp-content\/uploads\/Projekt-bez-nazwy-_3_.webp 1600w, https:\/\/outdoor-gym.com\/fr\/wp-content\/uploads\/Projekt-bez-nazwy-_3_-600x300.webp 600w, https:\/\/outdoor-gym.com\/fr\/wp-content\/uploads\/Projekt-bez-nazwy-_3_-768x384.webp 768w, https:\/\/outdoor-gym.com\/fr\/wp-content\/uploads\/Projekt-bez-nazwy-_3_-1536x768.webp 1536w\" sizes=\"auto, (max-width: 1600px) 100vw, 1600px\" \/><\/p>\n<p><img loading=\"lazy\" decoding=\"async\" class=\"alignnone wp-image-6346 size-full\" src=\"https:\/\/outdoor-gym.com\/fr\/wp-content\/uploads\/Projekt-bez-nazwy-_4_.webp\" alt=\"Stations de sport pour projets municipaux\" width=\"1600\" height=\"800\" srcset=\"https:\/\/outdoor-gym.com\/fr\/wp-content\/uploads\/Projekt-bez-nazwy-_4_.webp 1600w, https:\/\/outdoor-gym.com\/fr\/wp-content\/uploads\/Projekt-bez-nazwy-_4_-600x300.webp 600w, https:\/\/outdoor-gym.com\/fr\/wp-content\/uploads\/Projekt-bez-nazwy-_4_-768x384.webp 768w, https:\/\/outdoor-gym.com\/fr\/wp-content\/uploads\/Projekt-bez-nazwy-_4_-1536x768.webp 1536w\" sizes=\"auto, (max-width: 1600px) 100vw, 1600px\" \/><\/p>\n<h4><\/h4>\n","protected":false},"excerpt":{"rendered":"<p>Am\u00e9liorez la qualit\u00e9 de vie de vos citoyens gr\u00e2ce \u00e0 nos stations de fitness ext\u00e9rieures. Nos \u00e9quipements sont con\u00e7us pour les collectivit\u00e9s : robustes, certifi\u00e9s, durables et faciles \u00e0 entretenir \u2013 con\u00e7us sp\u00e9cialement pour les villes, les \u00e9coles et les espaces publics. Obtenir le tarif collectivit\u00e9s\u00a0 Vous pouvez b\u00e9n\u00e9ficier d\u2019une remise allant jusqu\u2019\u00e0 \u201320 % [&hellip;]<\/p>\n","protected":false},"author":9,"featured_media":0,"parent":930,"menu_order":0,"comment_status":"closed","ping_status":"closed","template":"template-klienci-podstrona.php","meta":{"footnotes":""},"class_list":["post-6254","page","type-page","status-publish","hentry"],"acf":[],"yoast_head":"<!-- This site is optimized with the Yoast SEO plugin v27.3 - https:\/\/yoast.com\/product\/yoast-seo-wordpress\/ -->\n<title>Parcs de fitness en plein air pour les villes et les municipalit\u00e9s<\/title>\n<meta name=\"robots\" content=\"index, follow, max-snippet:-1, max-image-preview:large, max-video-preview:-1\" \/>\n<link rel=\"canonical\" href=\"https:\/\/outdoor-gym.com\/fr\/clients\/parcs-de-fitness-en-plein-air-pour-les-villes-et-les-municipalites2\/\" \/>\n<meta property=\"og:locale\" content=\"fr_FR\" \/>\n<meta property=\"og:type\" content=\"article\" \/>\n<meta property=\"og:title\" content=\"Parcs de fitness en plein air pour les villes et les municipalit\u00e9s\" \/>\n<meta property=\"og:description\" content=\"Am\u00e9liorez la qualit\u00e9 de vie de vos citoyens gr\u00e2ce \u00e0 nos stations de fitness ext\u00e9rieures. Nos \u00e9quipements sont con\u00e7us pour les collectivit\u00e9s : robustes, certifi\u00e9s, durables et faciles \u00e0 entretenir \u2013 con\u00e7us sp\u00e9cialement pour les villes, les \u00e9coles et les espaces publics. Obtenir le tarif collectivit\u00e9s\u00a0 Vous pouvez b\u00e9n\u00e9ficier d\u2019une remise allant jusqu\u2019\u00e0 \u201320 % [&hellip;]\" \/>\n<meta property=\"og:url\" content=\"https:\/\/outdoor-gym.com\/fr\/clients\/parcs-de-fitness-en-plein-air-pour-les-villes-et-les-municipalites2\/\" \/>\n<meta property=\"og:site_name\" content=\"Trainer\" \/>\n<meta property=\"article:modified_time\" content=\"2025-11-19T08:55:08+00:00\" \/>\n<meta property=\"og:image\" content=\"https:\/\/outdoor-gym.com\/fr\/wp-content\/uploads\/Equipements-de-fitness-en-plein-air-pour-les-ecoles_-les-mairies_-les-villages.png.webp\" \/>\n\t<meta property=\"og:image:width\" content=\"1920\" \/>\n\t<meta property=\"og:image:height\" content=\"843\" \/>\n\t<meta property=\"og:image:type\" content=\"image\/webp\" \/>\n<meta name=\"twitter:card\" content=\"summary_large_image\" \/>\n<meta name=\"twitter:label1\" content=\"Szacowany czas czytania\" \/>\n\t<meta name=\"twitter:data1\" content=\"3 minuty\" \/>\n<script type=\"application\/ld+json\" class=\"yoast-schema-graph\">{\"@context\":\"https:\\\/\\\/schema.org\",\"@graph\":[{\"@type\":\"WebPage\",\"@id\":\"https:\\\/\\\/outdoor-gym.com\\\/fr\\\/clients\\\/parcs-de-fitness-en-plein-air-pour-les-villes-et-les-municipalites2\\\/\",\"url\":\"https:\\\/\\\/outdoor-gym.com\\\/fr\\\/clients\\\/parcs-de-fitness-en-plein-air-pour-les-villes-et-les-municipalites2\\\/\",\"name\":\"Parcs de fitness en plein air pour les villes et les municipalit\u00e9s\",\"isPartOf\":{\"@id\":\"https:\\\/\\\/outdoor-gym.com\\\/fr\\\/#website\"},\"primaryImageOfPage\":{\"@id\":\"https:\\\/\\\/outdoor-gym.com\\\/fr\\\/clients\\\/parcs-de-fitness-en-plein-air-pour-les-villes-et-les-municipalites2\\\/#primaryimage\"},\"image\":{\"@id\":\"https:\\\/\\\/outdoor-gym.com\\\/fr\\\/clients\\\/parcs-de-fitness-en-plein-air-pour-les-villes-et-les-municipalites2\\\/#primaryimage\"},\"thumbnailUrl\":\"https:\\\/\\\/outdoor-gym.com\\\/fr\\\/wp-content\\\/uploads\\\/Equipements-de-fitness-en-plein-air-pour-les-ecoles_-les-mairies_-les-villages.png.webp\",\"datePublished\":\"2025-11-06T10:11:15+00:00\",\"dateModified\":\"2025-11-19T08:55:08+00:00\",\"breadcrumb\":{\"@id\":\"https:\\\/\\\/outdoor-gym.com\\\/fr\\\/clients\\\/parcs-de-fitness-en-plein-air-pour-les-villes-et-les-municipalites2\\\/#breadcrumb\"},\"inLanguage\":\"pl-PL\",\"potentialAction\":[{\"@type\":\"ReadAction\",\"target\":[\"https:\\\/\\\/outdoor-gym.com\\\/fr\\\/clients\\\/parcs-de-fitness-en-plein-air-pour-les-villes-et-les-municipalites2\\\/\"]}]},{\"@type\":\"ImageObject\",\"inLanguage\":\"pl-PL\",\"@id\":\"https:\\\/\\\/outdoor-gym.com\\\/fr\\\/clients\\\/parcs-de-fitness-en-plein-air-pour-les-villes-et-les-municipalites2\\\/#primaryimage\",\"url\":\"https:\\\/\\\/outdoor-gym.com\\\/fr\\\/wp-content\\\/uploads\\\/Equipements-de-fitness-en-plein-air-pour-les-ecoles_-les-mairies_-les-villages.png.webp\",\"contentUrl\":\"https:\\\/\\\/outdoor-gym.com\\\/fr\\\/wp-content\\\/uploads\\\/Equipements-de-fitness-en-plein-air-pour-les-ecoles_-les-mairies_-les-villages.png.webp\",\"width\":1920,\"height\":843,\"caption\":\"Offre sp\u00e9ciale collectivit\u00e9s sur tous nos \u00e9quipements de fitness ext\u00e9rieur\"},{\"@type\":\"BreadcrumbList\",\"@id\":\"https:\\\/\\\/outdoor-gym.com\\\/fr\\\/clients\\\/parcs-de-fitness-en-plein-air-pour-les-villes-et-les-municipalites2\\\/#breadcrumb\",\"itemListElement\":[{\"@type\":\"ListItem\",\"position\":1,\"name\":\"fr\",\"item\":\"https:\\\/\\\/outdoor-gym.com\\\/fr\\\/\"},{\"@type\":\"ListItem\",\"position\":2,\"name\":\"Clients\",\"item\":\"https:\\\/\\\/outdoor-gym.com\\\/fr\\\/clients\\\/\"},{\"@type\":\"ListItem\",\"position\":3,\"name\":\"Parcs de fitness en plein air pour les collectivit\u00e9s \u2013 Offre sp\u00e9ciale -20 %\"}]},{\"@type\":\"WebSite\",\"@id\":\"https:\\\/\\\/outdoor-gym.com\\\/fr\\\/#website\",\"url\":\"https:\\\/\\\/outdoor-gym.com\\\/fr\\\/\",\"name\":\"Trainer\",\"description\":\"Trainer\",\"potentialAction\":[{\"@type\":\"SearchAction\",\"target\":{\"@type\":\"EntryPoint\",\"urlTemplate\":\"https:\\\/\\\/outdoor-gym.com\\\/fr\\\/?s={search_term_string}\"},\"query-input\":{\"@type\":\"PropertyValueSpecification\",\"valueRequired\":true,\"valueName\":\"search_term_string\"}}],\"inLanguage\":\"pl-PL\"}]}<\/script>\n<!-- \/ Yoast SEO plugin. -->","yoast_head_json":{"title":"Parcs de fitness en plein air pour les villes et les municipalit\u00e9s","robots":{"index":"index","follow":"follow","max-snippet":"max-snippet:-1","max-image-preview":"max-image-preview:large","max-video-preview":"max-video-preview:-1"},"canonical":"https:\/\/outdoor-gym.com\/fr\/clients\/parcs-de-fitness-en-plein-air-pour-les-villes-et-les-municipalites2\/","og_locale":"fr_FR","og_type":"article","og_title":"Parcs de fitness en plein air pour les villes et les municipalit\u00e9s","og_description":"Am\u00e9liorez la qualit\u00e9 de vie de vos citoyens gr\u00e2ce \u00e0 nos stations de fitness ext\u00e9rieures. Nos \u00e9quipements sont con\u00e7us pour les collectivit\u00e9s : robustes, certifi\u00e9s, durables et faciles \u00e0 entretenir \u2013 con\u00e7us sp\u00e9cialement pour les villes, les \u00e9coles et les espaces publics. Obtenir le tarif collectivit\u00e9s\u00a0 Vous pouvez b\u00e9n\u00e9ficier d\u2019une remise allant jusqu\u2019\u00e0 \u201320 % [&hellip;]","og_url":"https:\/\/outdoor-gym.com\/fr\/clients\/parcs-de-fitness-en-plein-air-pour-les-villes-et-les-municipalites2\/","og_site_name":"Trainer","article_modified_time":"2025-11-19T08:55:08+00:00","og_image":[{"width":1920,"height":843,"url":"https:\/\/outdoor-gym.com\/fr\/wp-content\/uploads\/Equipements-de-fitness-en-plein-air-pour-les-ecoles_-les-mairies_-les-villages.png.webp","type":"image\/webp"}],"twitter_card":"summary_large_image","twitter_misc":{"Szacowany czas czytania":"3 minuty"},"schema":{"@context":"https:\/\/schema.org","@graph":[{"@type":"WebPage","@id":"https:\/\/outdoor-gym.com\/fr\/clients\/parcs-de-fitness-en-plein-air-pour-les-villes-et-les-municipalites2\/","url":"https:\/\/outdoor-gym.com\/fr\/clients\/parcs-de-fitness-en-plein-air-pour-les-villes-et-les-municipalites2\/","name":"Parcs de fitness en plein air pour les villes et les municipalit\u00e9s","isPartOf":{"@id":"https:\/\/outdoor-gym.com\/fr\/#website"},"primaryImageOfPage":{"@id":"https:\/\/outdoor-gym.com\/fr\/clients\/parcs-de-fitness-en-plein-air-pour-les-villes-et-les-municipalites2\/#primaryimage"},"image":{"@id":"https:\/\/outdoor-gym.com\/fr\/clients\/parcs-de-fitness-en-plein-air-pour-les-villes-et-les-municipalites2\/#primaryimage"},"thumbnailUrl":"https:\/\/outdoor-gym.com\/fr\/wp-content\/uploads\/Equipements-de-fitness-en-plein-air-pour-les-ecoles_-les-mairies_-les-villages.png.webp","datePublished":"2025-11-06T10:11:15+00:00","dateModified":"2025-11-19T08:55:08+00:00","breadcrumb":{"@id":"https:\/\/outdoor-gym.com\/fr\/clients\/parcs-de-fitness-en-plein-air-pour-les-villes-et-les-municipalites2\/#breadcrumb"},"inLanguage":"pl-PL","potentialAction":[{"@type":"ReadAction","target":["https:\/\/outdoor-gym.com\/fr\/clients\/parcs-de-fitness-en-plein-air-pour-les-villes-et-les-municipalites2\/"]}]},{"@type":"ImageObject","inLanguage":"pl-PL","@id":"https:\/\/outdoor-gym.com\/fr\/clients\/parcs-de-fitness-en-plein-air-pour-les-villes-et-les-municipalites2\/#primaryimage","url":"https:\/\/outdoor-gym.com\/fr\/wp-content\/uploads\/Equipements-de-fitness-en-plein-air-pour-les-ecoles_-les-mairies_-les-villages.png.webp","contentUrl":"https:\/\/outdoor-gym.com\/fr\/wp-content\/uploads\/Equipements-de-fitness-en-plein-air-pour-les-ecoles_-les-mairies_-les-villages.png.webp","width":1920,"height":843,"caption":"Offre sp\u00e9ciale collectivit\u00e9s sur tous nos \u00e9quipements de fitness ext\u00e9rieur"},{"@type":"BreadcrumbList","@id":"https:\/\/outdoor-gym.com\/fr\/clients\/parcs-de-fitness-en-plein-air-pour-les-villes-et-les-municipalites2\/#breadcrumb","itemListElement":[{"@type":"ListItem","position":1,"name":"fr","item":"https:\/\/outdoor-gym.com\/fr\/"},{"@type":"ListItem","position":2,"name":"Clients","item":"https:\/\/outdoor-gym.com\/fr\/clients\/"},{"@type":"ListItem","position":3,"name":"Parcs de fitness en plein air pour les collectivit\u00e9s \u2013 Offre sp\u00e9ciale -20 %"}]},{"@type":"WebSite","@id":"https:\/\/outdoor-gym.com\/fr\/#website","url":"https:\/\/outdoor-gym.com\/fr\/","name":"Trainer","description":"Trainer","potentialAction":[{"@type":"SearchAction","target":{"@type":"EntryPoint","urlTemplate":"https:\/\/outdoor-gym.com\/fr\/?s={search_term_string}"},"query-input":{"@type":"PropertyValueSpecification","valueRequired":true,"valueName":"search_term_string"}}],"inLanguage":"pl-PL"}]}},"_links":{"self":[{"href":"https:\/\/outdoor-gym.com\/fr\/wp-json\/wp\/v2\/pages\/6254","targetHints":{"allow":["GET"]}}],"collection":[{"href":"https:\/\/outdoor-gym.com\/fr\/wp-json\/wp\/v2\/pages"}],"about":[{"href":"https:\/\/outdoor-gym.com\/fr\/wp-json\/wp\/v2\/types\/page"}],"author":[{"embeddable":true,"href":"https:\/\/outdoor-gym.com\/fr\/wp-json\/wp\/v2\/users\/9"}],"replies":[{"embeddable":true,"href":"https:\/\/outdoor-gym.com\/fr\/wp-json\/wp\/v2\/comments?post=6254"}],"version-history":[{"count":68,"href":"https:\/\/outdoor-gym.com\/fr\/wp-json\/wp\/v2\/pages\/6254\/revisions"}],"predecessor-version":[{"id":6354,"href":"https:\/\/outdoor-gym.com\/fr\/wp-json\/wp\/v2\/pages\/6254\/revisions\/6354"}],"up":[{"embeddable":true,"href":"https:\/\/outdoor-gym.com\/fr\/wp-json\/wp\/v2\/pages\/930"}],"wp:attachment":[{"href":"https:\/\/outdoor-gym.com\/fr\/wp-json\/wp\/v2\/media?parent=6254"}],"curies":[{"name":"wp","href":"https:\/\/api.w.org\/{rel}","templated":true}]}}