{"id":6366,"date":"2025-12-05T14:38:59","date_gmt":"2025-12-05T13:38:59","guid":{"rendered":"https:\/\/outdoor-gym.com\/fr\/?page_id=6366"},"modified":"2025-12-05T14:39:30","modified_gmt":"2025-12-05T13:39:30","slug":"retours","status":"publish","type":"page","link":"https:\/\/outdoor-gym.com\/fr\/services\/retours\/","title":{"rendered":"Retours"},"content":{"rendered":"<p>Retours<br \/>\nInformation sur le droit de r\u00e9tractation d\u2019un contrat conclu \u00e0 distance<\/p>\n<p>En tant que consommateur, vous avez le droit de vous r\u00e9tracter du contrat conclu dans le magasin en ligne dans un d\u00e9lai de 14 jours, sans avoir \u00e0 fournir de motif. Le d\u00e9lai de r\u00e9tractation expire 14 jours apr\u00e8s le jour o\u00f9 vous, ou un tiers autre que le transporteur et d\u00e9sign\u00e9 par vous, avez pris physiquement possession du bien.<br \/>\nPour exercer le droit de r\u00e9tractation, vous devez nous informer de votre d\u00e9cision de vous r\u00e9tracter du pr\u00e9sent contrat au moyen d\u2019une d\u00e9claration d\u00e9nu\u00e9e d\u2019ambigu\u00eft\u00e9 (par exemple, lettre envoy\u00e9e par courrier postal ou courrier \u00e9lectronique). Vous pouvez envoyer cette d\u00e9claration :<br \/>\n\u2022 par e-mail : trainer@outdoor-gym.com<br \/>\n\u2022 par \u00e9crit \u00e0 l\u2019adresse :<br \/>\nTRAINER Outdoor Gym sp. z o.o.<br \/>\nul. Hetma\u0144ska 38<br \/>\n85-039 Bydgoszcz<\/p>\n<p>Un mod\u00e8le de formulaire de r\u00e9tractation figure \u00e0 la fin du pr\u00e9sent document. Vous pouvez utiliser ce mod\u00e8le, mais ce n\u2019est pas obligatoire.<br \/>\nPour respecter le d\u00e9lai de r\u00e9tractation, il suffit que vous envoyiez votre communication relative \u00e0 l\u2019exercice du droit de r\u00e9tractation avant l\u2019expiration du d\u00e9lai de r\u00e9tractation.<br \/>\nEn cas de r\u00e9tractation du pr\u00e9sent contrat, nous vous rembourserons tous les paiements re\u00e7us de vous, y compris les frais de livraison du bien (\u00e0 l\u2019exception des frais suppl\u00e9mentaires d\u00e9coulant de votre choix d\u2019un mode de livraison autre que le mode le moins co\u00fbteux de livraison standard que nous proposons), sans retard injustifi\u00e9 et, en tout \u00e9tat de cause, au plus tard 14 jours \u00e0 compter du jour o\u00f9 nous sommes inform\u00e9s de votre d\u00e9cision de r\u00e9tractation du pr\u00e9sent contrat.<\/p>\n<p>Nous proc\u00e9derons au remboursement en utilisant le m\u00eame moyen de paiement que celui que vous avez utilis\u00e9 pour la transaction initiale, sauf si vous convenez express\u00e9ment d\u2019un moyen diff\u00e9rent ; en tout \u00e9tat de cause, ce remboursement n\u2019occasionnera pas de frais pour vous. Nous pouvons diff\u00e9rer le remboursement jusqu\u2019\u00e0 ce que nous ayons re\u00e7u le bien ou jusqu\u2019\u00e0 ce que vous ayez fourni une preuve d\u2019exp\u00e9dition du bien, la date retenue \u00e9tant celle du premier de ces faits.<\/p>\n<p>Si vous avez re\u00e7u le bien, veuillez nous le renvoyer ou nous le remettre sans retard injustifi\u00e9 et, en tout \u00e9tat de cause, au plus tard 14 jours apr\u00e8s le jour o\u00f9 vous nous avez inform\u00e9s de votre d\u00e9cision de r\u00e9tractation du contrat, \u00e0 l\u2019adresse suivante :<br \/>\nTRAINER Outdoor Gym sp. z o.o.<br \/>\nul. Milcherta 10<br \/>\n85-862 Bydgoszcz<br \/>\nLe d\u00e9lai est respect\u00e9 si vous renvoyez le bien avant l\u2019expiration du d\u00e9lai de 14 jours.<br \/>\nVous devrez prendre en charge les co\u00fbts directs de renvoi du bien. Vous n\u2019\u00eates responsable que de la d\u00e9pr\u00e9ciation du bien r\u00e9sultant de manipulations autres que celles n\u00e9cessaires pour \u00e9tablir la nature, les caract\u00e9ristiques et le bon fonctionnement de ce bien.<br \/>\nLe droit de r\u00e9tractation ne s\u2019applique pas aux produits : fabriqu\u00e9s sur commande individuelle, en particulier : fabriqu\u00e9s selon une sp\u00e9cification individuelle, structures personnalis\u00e9es en termes de coloris, d\u2019\u00e9quipement ou de configuration, qui, apr\u00e8s la livraison, ont \u00e9t\u00e9 durablement reli\u00e9s \u00e0 une autre installation ou au sol, ou qui ont \u00e9t\u00e9 produits selon d\u2019autres exigences individuelles.<\/p>\n<p>MOD\u00c8LE DE FORMULAIRE DE R\u00c9TRACTATION DU CONTRAT<br \/>\n(\u00e0 remplir et \u00e0 renvoyer uniquement si vous souhaitez vous r\u00e9tracter du contrat)<\/p>\n<p>Coordonn\u00e9es du client :<br \/>\nNom et pr\u00e9nom : &#8230;&#8230;&#8230;&#8230;&#8230;&#8230;&#8230;&#8230;&#8230;&#8230;&#8230;&#8230;&#8230;&#8230;&#8230;&#8230;&#8230;&#8230;&#8230;&#8230;<br \/>\nAdresse: &#8230;&#8230;&#8230;&#8230;&#8230;&#8230;&#8230;&#8230;&#8230;&#8230;&#8230;&#8230;&#8230;&#8230;&#8230;&#8230;&#8230;&#8230;&#8230;&#8230;&#8230;&#8230;&#8230;&#8230;.<br \/>\nT\u00e9l\u00e9phone: &#8230;&#8230;&#8230;&#8230;&#8230;&#8230;&#8230;&#8230;&#8230;&#8230;&#8230;&#8230; E-mail: &#8230;&#8230;&#8230;&#8230;&#8230;&#8230;&#8230;&#8230;&#8230;.<\/p>\n<p>Destinataire<br \/>\nTRAINER Outdoor Gym sp. z o.o.<br \/>\nul. Hetma\u0144ska 38<br \/>\n85-039 Bydgoszcz<br \/>\ne-mail: trainer@outdoor-gym.com<br \/>\n________________________________________<\/p>\n<p>D\u00e9claration de r\u00e9tractation du contrat<\/p>\n<p>Je soussign\u00e9(e) d\u00e9clare par la pr\u00e9sente me r\u00e9tracter du contrat conclu \u00e0 distance concernant l\u2019achat de :<br \/>\n&#8230;&#8230;&#8230;&#8230;&#8230;&#8230;&#8230;&#8230;&#8230;&#8230;&#8230;&#8230;&#8230;&#8230;&#8230;&#8230;&#8230;&#8230;&#8230;&#8230;&#8230;&#8230;&#8230;&#8230;&#8230;&#8230;..<br \/>\n&#8230;&#8230;&#8230;&#8230;&#8230;&#8230;&#8230;&#8230;&#8230;&#8230;&#8230;&#8230;&#8230;&#8230;&#8230;&#8230;&#8230;&#8230;&#8230;&#8230;&#8230;&#8230;&#8230;&#8230;&#8230;&#8230;..<\/p>\n<p>Date de r\u00e9ception du produit: &#8230;&#8230;&#8230;&#8230;&#8230;&#8230;&#8230;&#8230;&#8230;&#8230;&#8230;&#8230;&#8230;&#8230;&#8230;&#8230;&#8230;&#8230;.<\/p>\n<p>Je vous prie de rembourser le paiement sur le compte bancaire suivant:<br \/>\n&#8230;&#8230;&#8230;&#8230;&#8230;&#8230;&#8230;&#8230;&#8230;&#8230;&#8230;&#8230;&#8230;&#8230;&#8230;&#8230;&#8230;&#8230;&#8230;&#8230;&#8230;&#8230;&#8230;&#8230;&#8230;&#8230;..<\/p>\n<p>Date : &#8230;&#8230;&#8230;&#8230;&#8230;&#8230;&#8230;&#8230;&#8230;&#8230;&#8230;&#8230;&#8230;&#8230;&#8230;<\/p>\n<p>Signature (uniquement si le formulaire est envoy\u00e9 en version papier)<br \/>\n&#8230;&#8230;&#8230;&#8230;&#8230;&#8230;&#8230;&#8230;&#8230;&#8230;&#8230;&#8230;&#8230;&#8230;&#8230;&#8230;&#8230;&#8230;&#8230;&#8230;&#8230;&#8230;&#8230;&#8230;&#8230;&#8230;..<\/p>\n","protected":false},"excerpt":{"rendered":"<p>Retours Information sur le droit de r\u00e9tractation d\u2019un contrat conclu \u00e0 distance En tant que consommateur, vous avez le droit de vous r\u00e9tracter du contrat conclu dans le magasin en ligne dans un d\u00e9lai de 14 jours, sans avoir \u00e0 fournir de motif. Le d\u00e9lai de r\u00e9tractation expire 14 jours apr\u00e8s le jour o\u00f9 vous, [&hellip;]<\/p>\n","protected":false},"author":9,"featured_media":0,"parent":932,"menu_order":0,"comment_status":"closed","ping_status":"closed","template":"template-usluga.php","meta":{"footnotes":""},"class_list":["post-6366","page","type-page","status-publish","hentry"],"acf":[],"yoast_head":"<!-- This site is optimized with the Yoast SEO plugin v27.4 - https:\/\/yoast.com\/product\/yoast-seo-wordpress\/ -->\n<title>Retours - Trainer<\/title>\n<meta name=\"robots\" content=\"index, follow, max-snippet:-1, max-image-preview:large, max-video-preview:-1\" \/>\n<link rel=\"canonical\" href=\"https:\/\/outdoor-gym.com\/fr\/services\/retours\/\" \/>\n<meta property=\"og:locale\" content=\"fr_FR\" \/>\n<meta property=\"og:type\" content=\"article\" \/>\n<meta property=\"og:title\" content=\"Retours - Trainer\" \/>\n<meta property=\"og:description\" content=\"Retours Information sur le droit de r\u00e9tractation d\u2019un contrat conclu \u00e0 distance En tant que consommateur, vous avez le droit de vous r\u00e9tracter du contrat conclu dans le magasin en ligne dans un d\u00e9lai de 14 jours, sans avoir \u00e0 fournir de motif. Le d\u00e9lai de r\u00e9tractation expire 14 jours apr\u00e8s le jour o\u00f9 vous, [&hellip;]\" \/>\n<meta property=\"og:url\" content=\"https:\/\/outdoor-gym.com\/fr\/services\/retours\/\" \/>\n<meta property=\"og:site_name\" content=\"Trainer\" \/>\n<meta property=\"article:modified_time\" content=\"2025-12-05T13:39:30+00:00\" \/>\n<meta name=\"twitter:card\" content=\"summary_large_image\" \/>\n<meta name=\"twitter:label1\" content=\"Szacowany czas czytania\" \/>\n\t<meta name=\"twitter:data1\" content=\"4 minuty\" \/>\n<script type=\"application\/ld+json\" class=\"yoast-schema-graph\">{\"@context\":\"https:\\\/\\\/schema.org\",\"@graph\":[{\"@type\":\"WebPage\",\"@id\":\"https:\\\/\\\/outdoor-gym.com\\\/fr\\\/services\\\/retours\\\/\",\"url\":\"https:\\\/\\\/outdoor-gym.com\\\/fr\\\/services\\\/retours\\\/\",\"name\":\"Retours - Trainer\",\"isPartOf\":{\"@id\":\"https:\\\/\\\/outdoor-gym.com\\\/fr\\\/#website\"},\"datePublished\":\"2025-12-05T13:38:59+00:00\",\"dateModified\":\"2025-12-05T13:39:30+00:00\",\"breadcrumb\":{\"@id\":\"https:\\\/\\\/outdoor-gym.com\\\/fr\\\/services\\\/retours\\\/#breadcrumb\"},\"inLanguage\":\"pl-PL\",\"potentialAction\":[{\"@type\":\"ReadAction\",\"target\":[\"https:\\\/\\\/outdoor-gym.com\\\/fr\\\/services\\\/retours\\\/\"]}]},{\"@type\":\"BreadcrumbList\",\"@id\":\"https:\\\/\\\/outdoor-gym.com\\\/fr\\\/services\\\/retours\\\/#breadcrumb\",\"itemListElement\":[{\"@type\":\"ListItem\",\"position\":1,\"name\":\"fr\",\"item\":\"https:\\\/\\\/outdoor-gym.com\\\/fr\\\/\"},{\"@type\":\"ListItem\",\"position\":2,\"name\":\"Services\",\"item\":\"https:\\\/\\\/outdoor-gym.com\\\/fr\\\/services\\\/\"},{\"@type\":\"ListItem\",\"position\":3,\"name\":\"Retours\"}]},{\"@type\":\"WebSite\",\"@id\":\"https:\\\/\\\/outdoor-gym.com\\\/fr\\\/#website\",\"url\":\"https:\\\/\\\/outdoor-gym.com\\\/fr\\\/\",\"name\":\"Trainer\",\"description\":\"Trainer\",\"potentialAction\":[{\"@type\":\"SearchAction\",\"target\":{\"@type\":\"EntryPoint\",\"urlTemplate\":\"https:\\\/\\\/outdoor-gym.com\\\/fr\\\/?s={search_term_string}\"},\"query-input\":{\"@type\":\"PropertyValueSpecification\",\"valueRequired\":true,\"valueName\":\"search_term_string\"}}],\"inLanguage\":\"pl-PL\"}]}<\/script>\n<!-- \/ Yoast SEO plugin. -->","yoast_head_json":{"title":"Retours - Trainer","robots":{"index":"index","follow":"follow","max-snippet":"max-snippet:-1","max-image-preview":"max-image-preview:large","max-video-preview":"max-video-preview:-1"},"canonical":"https:\/\/outdoor-gym.com\/fr\/services\/retours\/","og_locale":"fr_FR","og_type":"article","og_title":"Retours - Trainer","og_description":"Retours Information sur le droit de r\u00e9tractation d\u2019un contrat conclu \u00e0 distance En tant que consommateur, vous avez le droit de vous r\u00e9tracter du contrat conclu dans le magasin en ligne dans un d\u00e9lai de 14 jours, sans avoir \u00e0 fournir de motif. Le d\u00e9lai de r\u00e9tractation expire 14 jours apr\u00e8s le jour o\u00f9 vous, [&hellip;]","og_url":"https:\/\/outdoor-gym.com\/fr\/services\/retours\/","og_site_name":"Trainer","article_modified_time":"2025-12-05T13:39:30+00:00","twitter_card":"summary_large_image","twitter_misc":{"Szacowany czas czytania":"4 minuty"},"schema":{"@context":"https:\/\/schema.org","@graph":[{"@type":"WebPage","@id":"https:\/\/outdoor-gym.com\/fr\/services\/retours\/","url":"https:\/\/outdoor-gym.com\/fr\/services\/retours\/","name":"Retours - Trainer","isPartOf":{"@id":"https:\/\/outdoor-gym.com\/fr\/#website"},"datePublished":"2025-12-05T13:38:59+00:00","dateModified":"2025-12-05T13:39:30+00:00","breadcrumb":{"@id":"https:\/\/outdoor-gym.com\/fr\/services\/retours\/#breadcrumb"},"inLanguage":"pl-PL","potentialAction":[{"@type":"ReadAction","target":["https:\/\/outdoor-gym.com\/fr\/services\/retours\/"]}]},{"@type":"BreadcrumbList","@id":"https:\/\/outdoor-gym.com\/fr\/services\/retours\/#breadcrumb","itemListElement":[{"@type":"ListItem","position":1,"name":"fr","item":"https:\/\/outdoor-gym.com\/fr\/"},{"@type":"ListItem","position":2,"name":"Services","item":"https:\/\/outdoor-gym.com\/fr\/services\/"},{"@type":"ListItem","position":3,"name":"Retours"}]},{"@type":"WebSite","@id":"https:\/\/outdoor-gym.com\/fr\/#website","url":"https:\/\/outdoor-gym.com\/fr\/","name":"Trainer","description":"Trainer","potentialAction":[{"@type":"SearchAction","target":{"@type":"EntryPoint","urlTemplate":"https:\/\/outdoor-gym.com\/fr\/?s={search_term_string}"},"query-input":{"@type":"PropertyValueSpecification","valueRequired":true,"valueName":"search_term_string"}}],"inLanguage":"pl-PL"}]}},"_links":{"self":[{"href":"https:\/\/outdoor-gym.com\/fr\/wp-json\/wp\/v2\/pages\/6366","targetHints":{"allow":["GET"]}}],"collection":[{"href":"https:\/\/outdoor-gym.com\/fr\/wp-json\/wp\/v2\/pages"}],"about":[{"href":"https:\/\/outdoor-gym.com\/fr\/wp-json\/wp\/v2\/types\/page"}],"author":[{"embeddable":true,"href":"https:\/\/outdoor-gym.com\/fr\/wp-json\/wp\/v2\/users\/9"}],"replies":[{"embeddable":true,"href":"https:\/\/outdoor-gym.com\/fr\/wp-json\/wp\/v2\/comments?post=6366"}],"version-history":[{"count":1,"href":"https:\/\/outdoor-gym.com\/fr\/wp-json\/wp\/v2\/pages\/6366\/revisions"}],"predecessor-version":[{"id":6367,"href":"https:\/\/outdoor-gym.com\/fr\/wp-json\/wp\/v2\/pages\/6366\/revisions\/6367"}],"up":[{"embeddable":true,"href":"https:\/\/outdoor-gym.com\/fr\/wp-json\/wp\/v2\/pages\/932"}],"wp:attachment":[{"href":"https:\/\/outdoor-gym.com\/fr\/wp-json\/wp\/v2\/media?parent=6366"}],"curies":[{"name":"wp","href":"https:\/\/api.w.org\/{rel}","templated":true}]}}