{"id":6411,"date":"2025-12-09T12:16:40","date_gmt":"2025-12-09T11:16:40","guid":{"rendered":"https:\/\/outdoor-gym.com\/fr\/?page_id=6411"},"modified":"2025-12-10T14:42:36","modified_gmt":"2025-12-10T13:42:36","slug":"ensembles-de-la-serie-classic","status":"publish","type":"page","link":"https:\/\/outdoor-gym.com\/fr\/produits\/ensembles-de-la-serie-classic\/","title":{"rendered":"Ensembles de la s\u00e9rie Classic"},"content":{"rendered":"<p>Les ensembles de la s\u00e9rie TRAINER Classic sont disponibles imm\u00e9diatement dans la combinaison de couleurs jaune + gris. Il s\u2019agit d\u2019\u00e9quipements complets et certifi\u00e9s, pr\u00eats pour un montage imm\u00e9diat. Ils sont id\u00e9als pour les communes, les \u00e9coles, les r\u00e9sidences et tous les projets n\u00e9cessitant une r\u00e9alisation rapide. Les appareils r\u00e9pondent \u00e0 la norme europ\u00e9enne EN 16630, garantissant s\u00e9curit\u00e9 et fiabilit\u00e9 dans l\u2019espace public. Les ensembles de la s\u00e9rie Classic repr\u00e9sentent \u00e9galement l\u2019option la plus \u00e9conomique, souvent choisie en cas de budget limit\u00e9.<\/p>\n","protected":false},"excerpt":{"rendered":"<p>Les ensembles de la s\u00e9rie TRAINER Classic sont disponibles imm\u00e9diatement dans la combinaison de couleurs jaune + gris. Il s\u2019agit d\u2019\u00e9quipements complets et certifi\u00e9s, pr\u00eats pour un montage imm\u00e9diat. Ils sont id\u00e9als pour les communes, les \u00e9coles, les r\u00e9sidences et tous les projets n\u00e9cessitant une r\u00e9alisation rapide. Les appareils r\u00e9pondent \u00e0 la norme europ\u00e9enne EN [&hellip;]<\/p>\n","protected":false},"author":9,"featured_media":0,"parent":928,"menu_order":0,"comment_status":"closed","ping_status":"closed","template":"template-seria.php","meta":{"footnotes":""},"class_list":["post-6411","page","type-page","status-publish","hentry"],"acf":[],"yoast_head":"<!-- This site is optimized with the Yoast SEO plugin v27.3 - https:\/\/yoast.com\/product\/yoast-seo-wordpress\/ -->\n<title>Ensembles de la s\u00e9rie Classic<\/title>\n<meta name=\"description\" content=\"Ensembles pr\u00eats \u00e0 l\u2019emploi de la s\u00e9rie Classic, disponibles imm\u00e9diatement. Les ensembles de la s\u00e9rie TRAINER Classic sont disponibles imm\u00e9diatement dans la combinaison de couleurs jaune + gris. Il s\u2019agit d\u2019\u00e9quipements complets et certifi\u00e9s, pr\u00eats pour un montage imm\u00e9diat. Ils sont id\u00e9als pour les communes, les \u00e9coles, les r\u00e9sidences et tous les projets n\u00e9cessitant une r\u00e9alisation rapide.\" \/>\n<meta name=\"robots\" content=\"index, follow, max-snippet:-1, max-image-preview:large, max-video-preview:-1\" \/>\n<link rel=\"canonical\" href=\"https:\/\/outdoor-gym.com\/fr\/produits\/ensembles-de-la-serie-classic\/\" \/>\n<meta property=\"og:locale\" content=\"fr_FR\" \/>\n<meta property=\"og:type\" content=\"article\" \/>\n<meta property=\"og:title\" content=\"Ensembles de la s\u00e9rie Classic\" \/>\n<meta property=\"og:description\" content=\"Ensembles pr\u00eats \u00e0 l\u2019emploi de la s\u00e9rie Classic, disponibles imm\u00e9diatement. Les ensembles de la s\u00e9rie TRAINER Classic sont disponibles imm\u00e9diatement dans la combinaison de couleurs jaune + gris. Il s\u2019agit d\u2019\u00e9quipements complets et certifi\u00e9s, pr\u00eats pour un montage imm\u00e9diat. Ils sont id\u00e9als pour les communes, les \u00e9coles, les r\u00e9sidences et tous les projets n\u00e9cessitant une r\u00e9alisation rapide.\" \/>\n<meta property=\"og:url\" content=\"https:\/\/outdoor-gym.com\/fr\/produits\/ensembles-de-la-serie-classic\/\" \/>\n<meta property=\"og:site_name\" content=\"Trainer\" \/>\n<meta property=\"article:modified_time\" content=\"2025-12-10T13:42:36+00:00\" \/>\n<meta name=\"twitter:card\" content=\"summary_large_image\" \/>\n<meta name=\"twitter:label1\" content=\"Szacowany czas czytania\" \/>\n\t<meta name=\"twitter:data1\" content=\"1 minuta\" \/>\n<script type=\"application\/ld+json\" class=\"yoast-schema-graph\">{\"@context\":\"https:\\\/\\\/schema.org\",\"@graph\":[{\"@type\":\"WebPage\",\"@id\":\"https:\\\/\\\/outdoor-gym.com\\\/fr\\\/produits\\\/ensembles-de-la-serie-classic\\\/\",\"url\":\"https:\\\/\\\/outdoor-gym.com\\\/fr\\\/produits\\\/ensembles-de-la-serie-classic\\\/\",\"name\":\"Ensembles de la s\u00e9rie Classic\",\"isPartOf\":{\"@id\":\"https:\\\/\\\/outdoor-gym.com\\\/fr\\\/#website\"},\"datePublished\":\"2025-12-09T11:16:40+00:00\",\"dateModified\":\"2025-12-10T13:42:36+00:00\",\"description\":\"Ensembles pr\u00eats \u00e0 l\u2019emploi de la s\u00e9rie Classic, disponibles imm\u00e9diatement. Les ensembles de la s\u00e9rie TRAINER Classic sont disponibles imm\u00e9diatement dans la combinaison de couleurs jaune + gris. Il s\u2019agit d\u2019\u00e9quipements complets et certifi\u00e9s, pr\u00eats pour un montage imm\u00e9diat. Ils sont id\u00e9als pour les communes, les \u00e9coles, les r\u00e9sidences et tous les projets n\u00e9cessitant une r\u00e9alisation rapide.\",\"breadcrumb\":{\"@id\":\"https:\\\/\\\/outdoor-gym.com\\\/fr\\\/produits\\\/ensembles-de-la-serie-classic\\\/#breadcrumb\"},\"inLanguage\":\"pl-PL\",\"potentialAction\":[{\"@type\":\"ReadAction\",\"target\":[\"https:\\\/\\\/outdoor-gym.com\\\/fr\\\/produits\\\/ensembles-de-la-serie-classic\\\/\"]}]},{\"@type\":\"BreadcrumbList\",\"@id\":\"https:\\\/\\\/outdoor-gym.com\\\/fr\\\/produits\\\/ensembles-de-la-serie-classic\\\/#breadcrumb\",\"itemListElement\":[{\"@type\":\"ListItem\",\"position\":1,\"name\":\"fr\",\"item\":\"https:\\\/\\\/outdoor-gym.com\\\/fr\\\/\"},{\"@type\":\"ListItem\",\"position\":2,\"name\":\"Produits\",\"item\":\"https:\\\/\\\/outdoor-gym.com\\\/fr\\\/produits\\\/\"},{\"@type\":\"ListItem\",\"position\":3,\"name\":\"Ensembles de la s\u00e9rie Classic\"}]},{\"@type\":\"WebSite\",\"@id\":\"https:\\\/\\\/outdoor-gym.com\\\/fr\\\/#website\",\"url\":\"https:\\\/\\\/outdoor-gym.com\\\/fr\\\/\",\"name\":\"Trainer\",\"description\":\"Trainer\",\"potentialAction\":[{\"@type\":\"SearchAction\",\"target\":{\"@type\":\"EntryPoint\",\"urlTemplate\":\"https:\\\/\\\/outdoor-gym.com\\\/fr\\\/?s={search_term_string}\"},\"query-input\":{\"@type\":\"PropertyValueSpecification\",\"valueRequired\":true,\"valueName\":\"search_term_string\"}}],\"inLanguage\":\"pl-PL\"}]}<\/script>\n<!-- \/ Yoast SEO plugin. -->","yoast_head_json":{"title":"Ensembles de la s\u00e9rie Classic","description":"Ensembles pr\u00eats \u00e0 l\u2019emploi de la s\u00e9rie Classic, disponibles imm\u00e9diatement. Les ensembles de la s\u00e9rie TRAINER Classic sont disponibles imm\u00e9diatement dans la combinaison de couleurs jaune + gris. Il s\u2019agit d\u2019\u00e9quipements complets et certifi\u00e9s, pr\u00eats pour un montage imm\u00e9diat. Ils sont id\u00e9als pour les communes, les \u00e9coles, les r\u00e9sidences et tous les projets n\u00e9cessitant une r\u00e9alisation rapide.","robots":{"index":"index","follow":"follow","max-snippet":"max-snippet:-1","max-image-preview":"max-image-preview:large","max-video-preview":"max-video-preview:-1"},"canonical":"https:\/\/outdoor-gym.com\/fr\/produits\/ensembles-de-la-serie-classic\/","og_locale":"fr_FR","og_type":"article","og_title":"Ensembles de la s\u00e9rie Classic","og_description":"Ensembles pr\u00eats \u00e0 l\u2019emploi de la s\u00e9rie Classic, disponibles imm\u00e9diatement. Les ensembles de la s\u00e9rie TRAINER Classic sont disponibles imm\u00e9diatement dans la combinaison de couleurs jaune + gris. Il s\u2019agit d\u2019\u00e9quipements complets et certifi\u00e9s, pr\u00eats pour un montage imm\u00e9diat. Ils sont id\u00e9als pour les communes, les \u00e9coles, les r\u00e9sidences et tous les projets n\u00e9cessitant une r\u00e9alisation rapide.","og_url":"https:\/\/outdoor-gym.com\/fr\/produits\/ensembles-de-la-serie-classic\/","og_site_name":"Trainer","article_modified_time":"2025-12-10T13:42:36+00:00","twitter_card":"summary_large_image","twitter_misc":{"Szacowany czas czytania":"1 minuta"},"schema":{"@context":"https:\/\/schema.org","@graph":[{"@type":"WebPage","@id":"https:\/\/outdoor-gym.com\/fr\/produits\/ensembles-de-la-serie-classic\/","url":"https:\/\/outdoor-gym.com\/fr\/produits\/ensembles-de-la-serie-classic\/","name":"Ensembles de la s\u00e9rie Classic","isPartOf":{"@id":"https:\/\/outdoor-gym.com\/fr\/#website"},"datePublished":"2025-12-09T11:16:40+00:00","dateModified":"2025-12-10T13:42:36+00:00","description":"Ensembles pr\u00eats \u00e0 l\u2019emploi de la s\u00e9rie Classic, disponibles imm\u00e9diatement. Les ensembles de la s\u00e9rie TRAINER Classic sont disponibles imm\u00e9diatement dans la combinaison de couleurs jaune + gris. Il s\u2019agit d\u2019\u00e9quipements complets et certifi\u00e9s, pr\u00eats pour un montage imm\u00e9diat. Ils sont id\u00e9als pour les communes, les \u00e9coles, les r\u00e9sidences et tous les projets n\u00e9cessitant une r\u00e9alisation rapide.","breadcrumb":{"@id":"https:\/\/outdoor-gym.com\/fr\/produits\/ensembles-de-la-serie-classic\/#breadcrumb"},"inLanguage":"pl-PL","potentialAction":[{"@type":"ReadAction","target":["https:\/\/outdoor-gym.com\/fr\/produits\/ensembles-de-la-serie-classic\/"]}]},{"@type":"BreadcrumbList","@id":"https:\/\/outdoor-gym.com\/fr\/produits\/ensembles-de-la-serie-classic\/#breadcrumb","itemListElement":[{"@type":"ListItem","position":1,"name":"fr","item":"https:\/\/outdoor-gym.com\/fr\/"},{"@type":"ListItem","position":2,"name":"Produits","item":"https:\/\/outdoor-gym.com\/fr\/produits\/"},{"@type":"ListItem","position":3,"name":"Ensembles de la s\u00e9rie Classic"}]},{"@type":"WebSite","@id":"https:\/\/outdoor-gym.com\/fr\/#website","url":"https:\/\/outdoor-gym.com\/fr\/","name":"Trainer","description":"Trainer","potentialAction":[{"@type":"SearchAction","target":{"@type":"EntryPoint","urlTemplate":"https:\/\/outdoor-gym.com\/fr\/?s={search_term_string}"},"query-input":{"@type":"PropertyValueSpecification","valueRequired":true,"valueName":"search_term_string"}}],"inLanguage":"pl-PL"}]}},"_links":{"self":[{"href":"https:\/\/outdoor-gym.com\/fr\/wp-json\/wp\/v2\/pages\/6411","targetHints":{"allow":["GET"]}}],"collection":[{"href":"https:\/\/outdoor-gym.com\/fr\/wp-json\/wp\/v2\/pages"}],"about":[{"href":"https:\/\/outdoor-gym.com\/fr\/wp-json\/wp\/v2\/types\/page"}],"author":[{"embeddable":true,"href":"https:\/\/outdoor-gym.com\/fr\/wp-json\/wp\/v2\/users\/9"}],"replies":[{"embeddable":true,"href":"https:\/\/outdoor-gym.com\/fr\/wp-json\/wp\/v2\/comments?post=6411"}],"version-history":[{"count":6,"href":"https:\/\/outdoor-gym.com\/fr\/wp-json\/wp\/v2\/pages\/6411\/revisions"}],"predecessor-version":[{"id":6430,"href":"https:\/\/outdoor-gym.com\/fr\/wp-json\/wp\/v2\/pages\/6411\/revisions\/6430"}],"up":[{"embeddable":true,"href":"https:\/\/outdoor-gym.com\/fr\/wp-json\/wp\/v2\/pages\/928"}],"wp:attachment":[{"href":"https:\/\/outdoor-gym.com\/fr\/wp-json\/wp\/v2\/media?parent=6411"}],"curies":[{"name":"wp","href":"https:\/\/api.w.org\/{rel}","templated":true}]}}