{"id":6536,"date":"2026-04-01T10:02:06","date_gmt":"2026-04-01T08:02:06","guid":{"rendered":"https:\/\/outdoor-gym.com\/fr\/?page_id=6536"},"modified":"2026-05-13T10:07:59","modified_gmt":"2026-05-13T08:07:59","slug":"parc-multisports-en-plein-air","status":"publish","type":"page","link":"https:\/\/outdoor-gym.com\/fr\/produits\/parc-multisports-en-plein-air\/","title":{"rendered":"Parc multisports en plein air"},"content":{"rendered":"<p data-start=\"174\" data-end=\"530\"><strong>Parc multisports en plein air<\/strong> est une gamme innovante de structures de fitness ext\u00e9rieures combinant <strong>des \u00e9quipements de fitness outdoor et des installations de street workout<\/strong>. Cette combinaison permet de cr\u00e9er une zone d\u2019entra\u00eenement ext\u00e9rieure multifonctionnelle, id\u00e9ale pour le renforcement musculaire, l\u2019entra\u00eenement fonctionnel et les exercices au poids du corps.<\/p>\n<p data-start=\"532\" data-end=\"812\">Gr\u00e2ce \u00e0 l\u2019int\u00e9gration d\u2019\u00e9l\u00e9ments de street workout et d\u2019appareils de fitness ext\u00e9rieurs, les ensembles permettent de concevoir des espaces adapt\u00e9s \u00e0 diff\u00e9rents groupes d\u2019\u00e2ge et niveaux de condition physique, favorisant ainsi le d\u00e9veloppement de parcs interg\u00e9n\u00e9rationnels modernes.<\/p>\n","protected":false},"excerpt":{"rendered":"<p>Parc multisports en plein air est une gamme innovante de structures de fitness ext\u00e9rieures combinant des \u00e9quipements de fitness outdoor et des installations de street workout. Cette combinaison permet de cr\u00e9er une zone d\u2019entra\u00eenement ext\u00e9rieure multifonctionnelle, id\u00e9ale pour le renforcement musculaire, l\u2019entra\u00eenement fonctionnel et les exercices au poids du corps. Gr\u00e2ce \u00e0 l\u2019int\u00e9gration d\u2019\u00e9l\u00e9ments de [&hellip;]<\/p>\n","protected":false},"author":14,"featured_media":0,"parent":928,"menu_order":0,"comment_status":"closed","ping_status":"closed","template":"template-seria.php","meta":{"footnotes":""},"class_list":["post-6536","page","type-page","status-publish","hentry"],"acf":[],"yoast_head":"<!-- This site is optimized with the Yoast SEO plugin v27.6 - https:\/\/yoast.com\/product\/yoast-seo-wordpress\/ -->\n<title>Parc multisports en plein air - TRAINER<\/title>\n<meta name=\"description\" content=\"Multi Outdoor Park par TRAINER combine des appareils de fitness ext\u00e9rieurs avec des structures de street workout. Une solution de fitness outdoor id\u00e9ale pour les parcs, les \u00e9coles et les collectivit\u00e9s.\" \/>\n<meta name=\"robots\" content=\"index, follow, max-snippet:-1, max-image-preview:large, max-video-preview:-1\" \/>\n<link rel=\"canonical\" href=\"https:\/\/outdoor-gym.com\/fr\/produits\/parc-multisports-en-plein-air\/\" \/>\n<meta property=\"og:locale\" content=\"fr_FR\" \/>\n<meta property=\"og:type\" content=\"article\" \/>\n<meta property=\"og:title\" content=\"Parc multisports en plein air - TRAINER\" \/>\n<meta property=\"og:description\" content=\"Multi Outdoor Park par TRAINER combine des appareils de fitness ext\u00e9rieurs avec des structures de street workout. Une solution de fitness outdoor id\u00e9ale pour les parcs, les \u00e9coles et les collectivit\u00e9s.\" \/>\n<meta property=\"og:url\" content=\"https:\/\/outdoor-gym.com\/fr\/produits\/parc-multisports-en-plein-air\/\" \/>\n<meta property=\"og:site_name\" content=\"Trainer\" \/>\n<meta property=\"article:modified_time\" content=\"2026-05-13T08:07:59+00:00\" \/>\n<meta name=\"twitter:card\" content=\"summary_large_image\" \/>\n<meta name=\"twitter:label1\" content=\"Szacowany czas czytania\" \/>\n\t<meta name=\"twitter:data1\" content=\"1 minuta\" \/>\n<script type=\"application\/ld+json\" class=\"yoast-schema-graph\">{\"@context\":\"https:\\\/\\\/schema.org\",\"@graph\":[{\"@type\":\"WebPage\",\"@id\":\"https:\\\/\\\/outdoor-gym.com\\\/fr\\\/produits\\\/parc-multisports-en-plein-air\\\/\",\"url\":\"https:\\\/\\\/outdoor-gym.com\\\/fr\\\/produits\\\/parc-multisports-en-plein-air\\\/\",\"name\":\"Parc multisports en plein air - TRAINER\",\"isPartOf\":{\"@id\":\"https:\\\/\\\/outdoor-gym.com\\\/fr\\\/#website\"},\"datePublished\":\"2026-04-01T08:02:06+00:00\",\"dateModified\":\"2026-05-13T08:07:59+00:00\",\"description\":\"Multi Outdoor Park par TRAINER combine des appareils de fitness ext\u00e9rieurs avec des structures de street workout. Une solution de fitness outdoor id\u00e9ale pour les parcs, les \u00e9coles et les collectivit\u00e9s.\",\"breadcrumb\":{\"@id\":\"https:\\\/\\\/outdoor-gym.com\\\/fr\\\/produits\\\/parc-multisports-en-plein-air\\\/#breadcrumb\"},\"inLanguage\":\"pl-PL\",\"potentialAction\":[{\"@type\":\"ReadAction\",\"target\":[\"https:\\\/\\\/outdoor-gym.com\\\/fr\\\/produits\\\/parc-multisports-en-plein-air\\\/\"]}]},{\"@type\":\"BreadcrumbList\",\"@id\":\"https:\\\/\\\/outdoor-gym.com\\\/fr\\\/produits\\\/parc-multisports-en-plein-air\\\/#breadcrumb\",\"itemListElement\":[{\"@type\":\"ListItem\",\"position\":1,\"name\":\"fr\",\"item\":\"https:\\\/\\\/outdoor-gym.com\\\/fr\\\/\"},{\"@type\":\"ListItem\",\"position\":2,\"name\":\"Produits\",\"item\":\"https:\\\/\\\/outdoor-gym.com\\\/fr\\\/produits\\\/\"},{\"@type\":\"ListItem\",\"position\":3,\"name\":\"Parc multisports en plein air\"}]},{\"@type\":\"WebSite\",\"@id\":\"https:\\\/\\\/outdoor-gym.com\\\/fr\\\/#website\",\"url\":\"https:\\\/\\\/outdoor-gym.com\\\/fr\\\/\",\"name\":\"Trainer\",\"description\":\"Trainer\",\"potentialAction\":[{\"@type\":\"SearchAction\",\"target\":{\"@type\":\"EntryPoint\",\"urlTemplate\":\"https:\\\/\\\/outdoor-gym.com\\\/fr\\\/?s={search_term_string}\"},\"query-input\":{\"@type\":\"PropertyValueSpecification\",\"valueRequired\":true,\"valueName\":\"search_term_string\"}}],\"inLanguage\":\"pl-PL\"}]}<\/script>\n<!-- \/ Yoast SEO plugin. -->","yoast_head_json":{"title":"Parc multisports en plein air - TRAINER","description":"Multi Outdoor Park par TRAINER combine des appareils de fitness ext\u00e9rieurs avec des structures de street workout. Une solution de fitness outdoor id\u00e9ale pour les parcs, les \u00e9coles et les collectivit\u00e9s.","robots":{"index":"index","follow":"follow","max-snippet":"max-snippet:-1","max-image-preview":"max-image-preview:large","max-video-preview":"max-video-preview:-1"},"canonical":"https:\/\/outdoor-gym.com\/fr\/produits\/parc-multisports-en-plein-air\/","og_locale":"fr_FR","og_type":"article","og_title":"Parc multisports en plein air - TRAINER","og_description":"Multi Outdoor Park par TRAINER combine des appareils de fitness ext\u00e9rieurs avec des structures de street workout. Une solution de fitness outdoor id\u00e9ale pour les parcs, les \u00e9coles et les collectivit\u00e9s.","og_url":"https:\/\/outdoor-gym.com\/fr\/produits\/parc-multisports-en-plein-air\/","og_site_name":"Trainer","article_modified_time":"2026-05-13T08:07:59+00:00","twitter_card":"summary_large_image","twitter_misc":{"Szacowany czas czytania":"1 minuta"},"schema":{"@context":"https:\/\/schema.org","@graph":[{"@type":"WebPage","@id":"https:\/\/outdoor-gym.com\/fr\/produits\/parc-multisports-en-plein-air\/","url":"https:\/\/outdoor-gym.com\/fr\/produits\/parc-multisports-en-plein-air\/","name":"Parc multisports en plein air - TRAINER","isPartOf":{"@id":"https:\/\/outdoor-gym.com\/fr\/#website"},"datePublished":"2026-04-01T08:02:06+00:00","dateModified":"2026-05-13T08:07:59+00:00","description":"Multi Outdoor Park par TRAINER combine des appareils de fitness ext\u00e9rieurs avec des structures de street workout. Une solution de fitness outdoor id\u00e9ale pour les parcs, les \u00e9coles et les collectivit\u00e9s.","breadcrumb":{"@id":"https:\/\/outdoor-gym.com\/fr\/produits\/parc-multisports-en-plein-air\/#breadcrumb"},"inLanguage":"pl-PL","potentialAction":[{"@type":"ReadAction","target":["https:\/\/outdoor-gym.com\/fr\/produits\/parc-multisports-en-plein-air\/"]}]},{"@type":"BreadcrumbList","@id":"https:\/\/outdoor-gym.com\/fr\/produits\/parc-multisports-en-plein-air\/#breadcrumb","itemListElement":[{"@type":"ListItem","position":1,"name":"fr","item":"https:\/\/outdoor-gym.com\/fr\/"},{"@type":"ListItem","position":2,"name":"Produits","item":"https:\/\/outdoor-gym.com\/fr\/produits\/"},{"@type":"ListItem","position":3,"name":"Parc multisports en plein air"}]},{"@type":"WebSite","@id":"https:\/\/outdoor-gym.com\/fr\/#website","url":"https:\/\/outdoor-gym.com\/fr\/","name":"Trainer","description":"Trainer","potentialAction":[{"@type":"SearchAction","target":{"@type":"EntryPoint","urlTemplate":"https:\/\/outdoor-gym.com\/fr\/?s={search_term_string}"},"query-input":{"@type":"PropertyValueSpecification","valueRequired":true,"valueName":"search_term_string"}}],"inLanguage":"pl-PL"}]}},"_links":{"self":[{"href":"https:\/\/outdoor-gym.com\/fr\/wp-json\/wp\/v2\/pages\/6536","targetHints":{"allow":["GET"]}}],"collection":[{"href":"https:\/\/outdoor-gym.com\/fr\/wp-json\/wp\/v2\/pages"}],"about":[{"href":"https:\/\/outdoor-gym.com\/fr\/wp-json\/wp\/v2\/types\/page"}],"author":[{"embeddable":true,"href":"https:\/\/outdoor-gym.com\/fr\/wp-json\/wp\/v2\/users\/14"}],"replies":[{"embeddable":true,"href":"https:\/\/outdoor-gym.com\/fr\/wp-json\/wp\/v2\/comments?post=6536"}],"version-history":[{"count":4,"href":"https:\/\/outdoor-gym.com\/fr\/wp-json\/wp\/v2\/pages\/6536\/revisions"}],"predecessor-version":[{"id":6640,"href":"https:\/\/outdoor-gym.com\/fr\/wp-json\/wp\/v2\/pages\/6536\/revisions\/6640"}],"up":[{"embeddable":true,"href":"https:\/\/outdoor-gym.com\/fr\/wp-json\/wp\/v2\/pages\/928"}],"wp:attachment":[{"href":"https:\/\/outdoor-gym.com\/fr\/wp-json\/wp\/v2\/media?parent=6536"}],"curies":[{"name":"wp","href":"https:\/\/api.w.org\/{rel}","templated":true}]}}