{"id":936,"date":"2021-01-07T08:25:31","date_gmt":"2021-01-07T07:25:31","guid":{"rendered":"https:\/\/outdoor-gym.com\/fr\/?page_id=936"},"modified":"2024-11-24T22:42:51","modified_gmt":"2024-11-24T21:42:51","slug":"qui-sommes-nous","status":"publish","type":"page","link":"https:\/\/outdoor-gym.com\/fr\/qui-sommes-nous\/","title":{"rendered":"Qui sommes-nous ?"},"content":{"rendered":"<h2>TRAINER Fitness en plein air &#8211; Fait avec Passion.<\/h2>\n<div style=\"width: 1920px;\" class=\"wp-video\"><!--[if lt IE 9]><script>document.createElement('video');<\/script><![endif]-->\n<video class=\"wp-video-shortcode\" id=\"video-936-1\" width=\"1920\" height=\"1080\" loop autoplay preload=\"auto\" controls=\"controls\"><source type=\"video\/mp4\" src=\"https:\/\/outdoor-gym.com\/fr\/wp-content\/uploads\/Contact%20\u2013%20Trainer%20-%20Fitness%20en%20plein%20air.mp4?_=1\" \/><a href=\"https:\/\/outdoor-gym.com\/fr\/wp-content\/uploads\/Contact%20\u2013%20Trainer%20-%20Fitness%20en%20plein%20air.mp4\">https:\/\/outdoor-gym.com\/fr\/wp-content\/uploads\/Contact%20\u2013%20Trainer%20-%20Fitness%20en%20plein%20air.mp4<\/a><\/video><\/div>\n<h2>Fabricant d&#8217;\u00e9quipements d&#8217;exercice en plein air.<\/h2>\n<p>Nous sommes l&#8217;un des principaux <strong>fabricants de gymnases d&#8217;ext\u00e9rieur en Europe.<\/strong> Nous fabriquons des gymnases d&#8217;ext\u00e9rieur et des appareils de Street Workout sous la marque TRAINER Fitness en plein air depuis plus de 10 ans. Des milliers de clients nous font confiance dans le monde entier &#8211; dans plus <strong>de 30 pays sur 4 continents<\/strong> (Europe, Asie, Afrique, Am\u00e9rique). Les installations TRAINER Fitness en plein air se trouvent dans les grandes villes, les villages, les aires de jeux, les centres de loisirs, les h\u00f4tels, les centres de r\u00e9habilitation, les parcs ou les jardins.<\/p>\n<h2>Notre mission est de cr\u00e9er des \u00e9quipements de haute qualit\u00e9, s\u00fbrs et accessibles \u00e0 tous dans les espaces publics. Nous encourageons ainsi les gens \u00e0 s&#8217;entra\u00eener, \u00e0 faire de l&#8217;exercice et \u00e0 \u00eatre actifs en plein air.<\/h2>\n<p>Les \u00e9quipements de TRAINER Fitness en plein air sont fabriqu\u00e9s en Pologne. Ils comprennent une large gamme d&#8217;\u00e9quipements d&#8217;exercice pour les jeunes, les adultes et aussi les personnes \u00e2g\u00e9es. Nos \u00e9quipements sont \u00e9galement disponibles en version inclusive et pour handicap\u00e9s, utilis\u00e9s avec succ\u00e8s comme \u00e9quipement de r\u00e9adaptation.<\/p>\n<p>En tant qu&#8217;entreprise mondiale, nous attachons de l&#8217;importance \u00e0 la s\u00e9curit\u00e9 et \u00e0 la durabilit\u00e9 de l&#8217;\u00e9quipement, ainsi qu&#8217;\u00e0 son esth\u00e9tique et \u00e0 sa qualit\u00e9. Nous nous concentrons sur un design moderne et des solutions innovantes. Nous avons adapt\u00e9 les salles de sport aux normes de s\u00e9curit\u00e9 requises au sein de l&#8217;Union europ\u00e9enne. Tous les \u00e9quipements sont certifi\u00e9s conform\u00e9ment \u00e0 la norme <strong>EN 16630:2015-06<\/strong>. Nous sommes \u00e9galement agr\u00e9\u00e9s par <strong>T\u00dcV Rheinland<\/strong> et certifi\u00e9s selon la norme de gestion de la qualit\u00e9 <strong>EN ISO 13485:2016<\/strong>.<\/p>\n<p>Notre \u00e9quipe de conseillers exp\u00e9riment\u00e9s vous proposera l&#8217;ensemble des \u00e9quipements les mieux adapt\u00e9s \u00e0 vos besoins et vous fournira une assistance compl\u00e8te \u00e0 chaque \u00e9tape de votre investissement.<\/p>\n<p><iframe src=\"https:\/\/www.youtube.com\/embed\/Zmfu2eitbx4\" frameborder=\"0\" allowfullscreen=\"allowfullscreen\"><\/iframe><\/p>\n<h4>N&#8217;h\u00e9sitez pas \u00e0 nous contacter !<\/h4>\n","protected":false},"excerpt":{"rendered":"<p>TRAINER Fitness en plein air &#8211; Fait avec Passion. Fabricant d&#8217;\u00e9quipements d&#8217;exercice en plein air. Nous sommes l&#8217;un des principaux fabricants de gymnases d&#8217;ext\u00e9rieur en Europe. Nous fabriquons des gymnases d&#8217;ext\u00e9rieur et des appareils de Street Workout sous la marque TRAINER Fitness en plein air depuis plus de 10 ans. Des milliers de clients nous [&hellip;]<\/p>\n","protected":false},"author":1,"featured_media":0,"parent":0,"menu_order":0,"comment_status":"closed","ping_status":"closed","template":"template-o-firmie.php","meta":{"footnotes":""},"class_list":["post-936","page","type-page","status-publish","hentry"],"acf":[],"yoast_head":"<!-- This site is optimized with the Yoast SEO plugin v27.4 - https:\/\/yoast.com\/product\/yoast-seo-wordpress\/ -->\n<title>Qui sommes-nous ? - Trainer Fitness plein air<\/title>\n<meta name=\"robots\" content=\"index, follow, max-snippet:-1, max-image-preview:large, max-video-preview:-1\" \/>\n<link rel=\"canonical\" href=\"https:\/\/outdoor-gym.com\/fr\/qui-sommes-nous\/\" \/>\n<meta property=\"og:locale\" content=\"fr_FR\" \/>\n<meta property=\"og:type\" content=\"article\" \/>\n<meta property=\"og:title\" content=\"Qui sommes-nous ? - Trainer Fitness plein air\" \/>\n<meta property=\"og:description\" content=\"TRAINER Fitness en plein air &#8211; Fait avec Passion. Fabricant d&#8217;\u00e9quipements d&#8217;exercice en plein air. Nous sommes l&#8217;un des principaux fabricants de gymnases d&#8217;ext\u00e9rieur en Europe. Nous fabriquons des gymnases d&#8217;ext\u00e9rieur et des appareils de Street Workout sous la marque TRAINER Fitness en plein air depuis plus de 10 ans. Des milliers de clients nous [&hellip;]\" \/>\n<meta property=\"og:url\" content=\"https:\/\/outdoor-gym.com\/fr\/qui-sommes-nous\/\" \/>\n<meta property=\"og:site_name\" content=\"Trainer\" \/>\n<meta property=\"article:modified_time\" content=\"2024-11-24T21:42:51+00:00\" \/>\n<meta name=\"twitter:card\" content=\"summary_large_image\" \/>\n<meta name=\"twitter:label1\" content=\"Szacowany czas czytania\" \/>\n\t<meta name=\"twitter:data1\" content=\"2 minuty\" \/>\n<script type=\"application\/ld+json\" class=\"yoast-schema-graph\">{\"@context\":\"https:\\\/\\\/schema.org\",\"@graph\":[{\"@type\":\"WebPage\",\"@id\":\"https:\\\/\\\/outdoor-gym.com\\\/fr\\\/qui-sommes-nous\\\/\",\"url\":\"https:\\\/\\\/outdoor-gym.com\\\/fr\\\/qui-sommes-nous\\\/\",\"name\":\"Qui sommes-nous ? - Trainer Fitness plein air\",\"isPartOf\":{\"@id\":\"https:\\\/\\\/outdoor-gym.com\\\/fr\\\/#website\"},\"datePublished\":\"2021-01-07T07:25:31+00:00\",\"dateModified\":\"2024-11-24T21:42:51+00:00\",\"breadcrumb\":{\"@id\":\"https:\\\/\\\/outdoor-gym.com\\\/fr\\\/qui-sommes-nous\\\/#breadcrumb\"},\"inLanguage\":\"pl-PL\",\"potentialAction\":[{\"@type\":\"ReadAction\",\"target\":[\"https:\\\/\\\/outdoor-gym.com\\\/fr\\\/qui-sommes-nous\\\/\"]}]},{\"@type\":\"BreadcrumbList\",\"@id\":\"https:\\\/\\\/outdoor-gym.com\\\/fr\\\/qui-sommes-nous\\\/#breadcrumb\",\"itemListElement\":[{\"@type\":\"ListItem\",\"position\":1,\"name\":\"fr\",\"item\":\"https:\\\/\\\/outdoor-gym.com\\\/fr\\\/\"},{\"@type\":\"ListItem\",\"position\":2,\"name\":\"Qui sommes-nous ?\"}]},{\"@type\":\"WebSite\",\"@id\":\"https:\\\/\\\/outdoor-gym.com\\\/fr\\\/#website\",\"url\":\"https:\\\/\\\/outdoor-gym.com\\\/fr\\\/\",\"name\":\"Trainer\",\"description\":\"Trainer\",\"potentialAction\":[{\"@type\":\"SearchAction\",\"target\":{\"@type\":\"EntryPoint\",\"urlTemplate\":\"https:\\\/\\\/outdoor-gym.com\\\/fr\\\/?s={search_term_string}\"},\"query-input\":{\"@type\":\"PropertyValueSpecification\",\"valueRequired\":true,\"valueName\":\"search_term_string\"}}],\"inLanguage\":\"pl-PL\"}]}<\/script>\n<!-- \/ Yoast SEO plugin. -->","yoast_head_json":{"title":"Qui sommes-nous ? - Trainer Fitness plein air","robots":{"index":"index","follow":"follow","max-snippet":"max-snippet:-1","max-image-preview":"max-image-preview:large","max-video-preview":"max-video-preview:-1"},"canonical":"https:\/\/outdoor-gym.com\/fr\/qui-sommes-nous\/","og_locale":"fr_FR","og_type":"article","og_title":"Qui sommes-nous ? - Trainer Fitness plein air","og_description":"TRAINER Fitness en plein air &#8211; Fait avec Passion. Fabricant d&#8217;\u00e9quipements d&#8217;exercice en plein air. Nous sommes l&#8217;un des principaux fabricants de gymnases d&#8217;ext\u00e9rieur en Europe. Nous fabriquons des gymnases d&#8217;ext\u00e9rieur et des appareils de Street Workout sous la marque TRAINER Fitness en plein air depuis plus de 10 ans. Des milliers de clients nous [&hellip;]","og_url":"https:\/\/outdoor-gym.com\/fr\/qui-sommes-nous\/","og_site_name":"Trainer","article_modified_time":"2024-11-24T21:42:51+00:00","twitter_card":"summary_large_image","twitter_misc":{"Szacowany czas czytania":"2 minuty"},"schema":{"@context":"https:\/\/schema.org","@graph":[{"@type":"WebPage","@id":"https:\/\/outdoor-gym.com\/fr\/qui-sommes-nous\/","url":"https:\/\/outdoor-gym.com\/fr\/qui-sommes-nous\/","name":"Qui sommes-nous ? - Trainer Fitness plein air","isPartOf":{"@id":"https:\/\/outdoor-gym.com\/fr\/#website"},"datePublished":"2021-01-07T07:25:31+00:00","dateModified":"2024-11-24T21:42:51+00:00","breadcrumb":{"@id":"https:\/\/outdoor-gym.com\/fr\/qui-sommes-nous\/#breadcrumb"},"inLanguage":"pl-PL","potentialAction":[{"@type":"ReadAction","target":["https:\/\/outdoor-gym.com\/fr\/qui-sommes-nous\/"]}]},{"@type":"BreadcrumbList","@id":"https:\/\/outdoor-gym.com\/fr\/qui-sommes-nous\/#breadcrumb","itemListElement":[{"@type":"ListItem","position":1,"name":"fr","item":"https:\/\/outdoor-gym.com\/fr\/"},{"@type":"ListItem","position":2,"name":"Qui sommes-nous ?"}]},{"@type":"WebSite","@id":"https:\/\/outdoor-gym.com\/fr\/#website","url":"https:\/\/outdoor-gym.com\/fr\/","name":"Trainer","description":"Trainer","potentialAction":[{"@type":"SearchAction","target":{"@type":"EntryPoint","urlTemplate":"https:\/\/outdoor-gym.com\/fr\/?s={search_term_string}"},"query-input":{"@type":"PropertyValueSpecification","valueRequired":true,"valueName":"search_term_string"}}],"inLanguage":"pl-PL"}]}},"_links":{"self":[{"href":"https:\/\/outdoor-gym.com\/fr\/wp-json\/wp\/v2\/pages\/936","targetHints":{"allow":["GET"]}}],"collection":[{"href":"https:\/\/outdoor-gym.com\/fr\/wp-json\/wp\/v2\/pages"}],"about":[{"href":"https:\/\/outdoor-gym.com\/fr\/wp-json\/wp\/v2\/types\/page"}],"author":[{"embeddable":true,"href":"https:\/\/outdoor-gym.com\/fr\/wp-json\/wp\/v2\/users\/1"}],"replies":[{"embeddable":true,"href":"https:\/\/outdoor-gym.com\/fr\/wp-json\/wp\/v2\/comments?post=936"}],"version-history":[{"count":57,"href":"https:\/\/outdoor-gym.com\/fr\/wp-json\/wp\/v2\/pages\/936\/revisions"}],"predecessor-version":[{"id":5508,"href":"https:\/\/outdoor-gym.com\/fr\/wp-json\/wp\/v2\/pages\/936\/revisions\/5508"}],"wp:attachment":[{"href":"https:\/\/outdoor-gym.com\/fr\/wp-json\/wp\/v2\/media?parent=936"}],"curies":[{"name":"wp","href":"https:\/\/api.w.org\/{rel}","templated":true}]}}