{"id":950,"date":"2021-01-08T15:35:42","date_gmt":"2021-01-08T14:35:42","guid":{"rendered":"https:\/\/outdoor-gym.com\/fr\/?page_id=950"},"modified":"2023-11-14T16:36:36","modified_gmt":"2023-11-14T15:36:36","slug":"equipement-sportif-exterieur-prix","status":"publish","type":"page","link":"https:\/\/outdoor-gym.com\/fr\/produits\/equipement-sportif-exterieur-prix\/","title":{"rendered":"\u00c9quipement sportif ext\u00e9rieur"},"content":{"rendered":"<div class=\"page\" title=\"Page 1\">\n<div class=\"section\">\n<div class=\"layoutArea\">\n<div class=\"column\">\n<h3>Gamme Start<\/h3>\n<p>Les \u00e9quipements sportifs ext\u00e9rieurs r\u00e9pondront aux attentes des utilisateurs de tous \u00e2ges et niveaux d&#8217;entra\u00eenement. La gamme comprend notamment le cavalier, le marcheur nordique, le v\u00e9lo elliptique, le surfeur, le porteur, le rameur, le skieur de fond, le v\u00e9lo. \u00c0 cela s&#8217;ajoutent les \u00e9quipements pour les exercices effectu\u00e9s en utilisant le poids de son propre corps, tels que la chaise romaine ou le banc \u00e0 abdominaux. Les stations de fitness et de musculation peuvent \u00eatre install\u00e9es dans les espaces publics, tels que les parcs, les \u00e9coles et les terrains de jeux. Elles peuvent \u00e9galement \u00eatre install\u00e9es dans les jardins. Les gymnases ext\u00e9rieurs ont \u00e9t\u00e9 r\u00e9alis\u00e9s avec des mat\u00e9riaux durables et r\u00e9sistants aux intemp\u00e9ries. En outre, les appareils sont prot\u00e9g\u00e9s de mani\u00e8re ad\u00e9quate contre les dommages et le vandalisme. Nos \u00e9quipements sont s\u00fbrs et durables. Ils sont fabriqu\u00e9s conform\u00e9ment aux normes de s\u00e9curit\u00e9 europ\u00e9ennes EN 16630:2015-6.<\/p>\n<\/div>\n<\/div>\n<\/div>\n<\/div>\n","protected":false},"excerpt":{"rendered":"<p>Gamme Start Les \u00e9quipements sportifs ext\u00e9rieurs r\u00e9pondront aux attentes des utilisateurs de tous \u00e2ges et niveaux d&#8217;entra\u00eenement. La gamme comprend notamment le cavalier, le marcheur nordique, le v\u00e9lo elliptique, le surfeur, le porteur, le rameur, le skieur de fond, le v\u00e9lo. \u00c0 cela s&#8217;ajoutent les \u00e9quipements pour les exercices effectu\u00e9s en utilisant le poids de [&hellip;]<\/p>\n","protected":false},"author":1,"featured_media":0,"parent":928,"menu_order":0,"comment_status":"closed","ping_status":"closed","template":"template-seria.php","meta":{"footnotes":""},"class_list":["post-950","page","type-page","status-publish","hentry"],"acf":[],"yoast_head":"<!-- This site is optimized with the Yoast SEO plugin v27.3 - https:\/\/yoast.com\/product\/yoast-seo-wordpress\/ -->\n<title>\u00c9quipement sportif ext\u00e9rieur Prix - TRAINER Fitness plein air<\/title>\n<meta name=\"description\" content=\"\u00c9quipement sportif ext\u00e9rieur Prix. Les \u00e9quipements sportifs ext\u00e9rieurs r\u00e9pondent aux attentes des utilisateurs de tous \u00e2ges et niveaux d&#039;entra\u00eenement. Sports de plein air pour tous.\" \/>\n<meta name=\"robots\" content=\"index, follow, max-snippet:-1, max-image-preview:large, max-video-preview:-1\" \/>\n<link rel=\"canonical\" href=\"https:\/\/outdoor-gym.com\/fr\/produits\/equipement-sportif-exterieur-prix\/\" \/>\n<meta property=\"og:locale\" content=\"fr_FR\" \/>\n<meta property=\"og:type\" content=\"article\" \/>\n<meta property=\"og:title\" content=\"\u00c9quipement sportif ext\u00e9rieur Prix - TRAINER Fitness plein air\" \/>\n<meta property=\"og:description\" content=\"\u00c9quipement sportif ext\u00e9rieur Prix. Les \u00e9quipements sportifs ext\u00e9rieurs r\u00e9pondent aux attentes des utilisateurs de tous \u00e2ges et niveaux d&#039;entra\u00eenement. Sports de plein air pour tous.\" \/>\n<meta property=\"og:url\" content=\"https:\/\/outdoor-gym.com\/fr\/produits\/equipement-sportif-exterieur-prix\/\" \/>\n<meta property=\"og:site_name\" content=\"Trainer\" \/>\n<meta property=\"article:modified_time\" content=\"2023-11-14T15:36:36+00:00\" \/>\n<meta name=\"twitter:card\" content=\"summary_large_image\" \/>\n<meta name=\"twitter:label1\" content=\"Szacowany czas czytania\" \/>\n\t<meta name=\"twitter:data1\" content=\"1 minuta\" \/>\n<script type=\"application\/ld+json\" class=\"yoast-schema-graph\">{\"@context\":\"https:\\\/\\\/schema.org\",\"@graph\":[{\"@type\":\"WebPage\",\"@id\":\"https:\\\/\\\/outdoor-gym.com\\\/fr\\\/produits\\\/equipement-sportif-exterieur-prix\\\/\",\"url\":\"https:\\\/\\\/outdoor-gym.com\\\/fr\\\/produits\\\/equipement-sportif-exterieur-prix\\\/\",\"name\":\"\u00c9quipement sportif ext\u00e9rieur Prix - TRAINER Fitness plein air\",\"isPartOf\":{\"@id\":\"https:\\\/\\\/outdoor-gym.com\\\/fr\\\/#website\"},\"datePublished\":\"2021-01-08T14:35:42+00:00\",\"dateModified\":\"2023-11-14T15:36:36+00:00\",\"description\":\"\u00c9quipement sportif ext\u00e9rieur Prix. Les \u00e9quipements sportifs ext\u00e9rieurs r\u00e9pondent aux attentes des utilisateurs de tous \u00e2ges et niveaux d'entra\u00eenement. Sports de plein air pour tous.\",\"breadcrumb\":{\"@id\":\"https:\\\/\\\/outdoor-gym.com\\\/fr\\\/produits\\\/equipement-sportif-exterieur-prix\\\/#breadcrumb\"},\"inLanguage\":\"pl-PL\",\"potentialAction\":[{\"@type\":\"ReadAction\",\"target\":[\"https:\\\/\\\/outdoor-gym.com\\\/fr\\\/produits\\\/equipement-sportif-exterieur-prix\\\/\"]}]},{\"@type\":\"BreadcrumbList\",\"@id\":\"https:\\\/\\\/outdoor-gym.com\\\/fr\\\/produits\\\/equipement-sportif-exterieur-prix\\\/#breadcrumb\",\"itemListElement\":[{\"@type\":\"ListItem\",\"position\":1,\"name\":\"fr\",\"item\":\"https:\\\/\\\/outdoor-gym.com\\\/fr\\\/\"},{\"@type\":\"ListItem\",\"position\":2,\"name\":\"Produits\",\"item\":\"https:\\\/\\\/outdoor-gym.com\\\/fr\\\/produits\\\/\"},{\"@type\":\"ListItem\",\"position\":3,\"name\":\"\u00c9quipement sportif ext\u00e9rieur\"}]},{\"@type\":\"WebSite\",\"@id\":\"https:\\\/\\\/outdoor-gym.com\\\/fr\\\/#website\",\"url\":\"https:\\\/\\\/outdoor-gym.com\\\/fr\\\/\",\"name\":\"Trainer\",\"description\":\"Trainer\",\"potentialAction\":[{\"@type\":\"SearchAction\",\"target\":{\"@type\":\"EntryPoint\",\"urlTemplate\":\"https:\\\/\\\/outdoor-gym.com\\\/fr\\\/?s={search_term_string}\"},\"query-input\":{\"@type\":\"PropertyValueSpecification\",\"valueRequired\":true,\"valueName\":\"search_term_string\"}}],\"inLanguage\":\"pl-PL\"}]}<\/script>\n<!-- \/ Yoast SEO plugin. -->","yoast_head_json":{"title":"\u00c9quipement sportif ext\u00e9rieur Prix - TRAINER Fitness plein air","description":"\u00c9quipement sportif ext\u00e9rieur Prix. Les \u00e9quipements sportifs ext\u00e9rieurs r\u00e9pondent aux attentes des utilisateurs de tous \u00e2ges et niveaux d'entra\u00eenement. Sports de plein air pour tous.","robots":{"index":"index","follow":"follow","max-snippet":"max-snippet:-1","max-image-preview":"max-image-preview:large","max-video-preview":"max-video-preview:-1"},"canonical":"https:\/\/outdoor-gym.com\/fr\/produits\/equipement-sportif-exterieur-prix\/","og_locale":"fr_FR","og_type":"article","og_title":"\u00c9quipement sportif ext\u00e9rieur Prix - TRAINER Fitness plein air","og_description":"\u00c9quipement sportif ext\u00e9rieur Prix. Les \u00e9quipements sportifs ext\u00e9rieurs r\u00e9pondent aux attentes des utilisateurs de tous \u00e2ges et niveaux d'entra\u00eenement. Sports de plein air pour tous.","og_url":"https:\/\/outdoor-gym.com\/fr\/produits\/equipement-sportif-exterieur-prix\/","og_site_name":"Trainer","article_modified_time":"2023-11-14T15:36:36+00:00","twitter_card":"summary_large_image","twitter_misc":{"Szacowany czas czytania":"1 minuta"},"schema":{"@context":"https:\/\/schema.org","@graph":[{"@type":"WebPage","@id":"https:\/\/outdoor-gym.com\/fr\/produits\/equipement-sportif-exterieur-prix\/","url":"https:\/\/outdoor-gym.com\/fr\/produits\/equipement-sportif-exterieur-prix\/","name":"\u00c9quipement sportif ext\u00e9rieur Prix - TRAINER Fitness plein air","isPartOf":{"@id":"https:\/\/outdoor-gym.com\/fr\/#website"},"datePublished":"2021-01-08T14:35:42+00:00","dateModified":"2023-11-14T15:36:36+00:00","description":"\u00c9quipement sportif ext\u00e9rieur Prix. Les \u00e9quipements sportifs ext\u00e9rieurs r\u00e9pondent aux attentes des utilisateurs de tous \u00e2ges et niveaux d'entra\u00eenement. Sports de plein air pour tous.","breadcrumb":{"@id":"https:\/\/outdoor-gym.com\/fr\/produits\/equipement-sportif-exterieur-prix\/#breadcrumb"},"inLanguage":"pl-PL","potentialAction":[{"@type":"ReadAction","target":["https:\/\/outdoor-gym.com\/fr\/produits\/equipement-sportif-exterieur-prix\/"]}]},{"@type":"BreadcrumbList","@id":"https:\/\/outdoor-gym.com\/fr\/produits\/equipement-sportif-exterieur-prix\/#breadcrumb","itemListElement":[{"@type":"ListItem","position":1,"name":"fr","item":"https:\/\/outdoor-gym.com\/fr\/"},{"@type":"ListItem","position":2,"name":"Produits","item":"https:\/\/outdoor-gym.com\/fr\/produits\/"},{"@type":"ListItem","position":3,"name":"\u00c9quipement sportif ext\u00e9rieur"}]},{"@type":"WebSite","@id":"https:\/\/outdoor-gym.com\/fr\/#website","url":"https:\/\/outdoor-gym.com\/fr\/","name":"Trainer","description":"Trainer","potentialAction":[{"@type":"SearchAction","target":{"@type":"EntryPoint","urlTemplate":"https:\/\/outdoor-gym.com\/fr\/?s={search_term_string}"},"query-input":{"@type":"PropertyValueSpecification","valueRequired":true,"valueName":"search_term_string"}}],"inLanguage":"pl-PL"}]}},"_links":{"self":[{"href":"https:\/\/outdoor-gym.com\/fr\/wp-json\/wp\/v2\/pages\/950","targetHints":{"allow":["GET"]}}],"collection":[{"href":"https:\/\/outdoor-gym.com\/fr\/wp-json\/wp\/v2\/pages"}],"about":[{"href":"https:\/\/outdoor-gym.com\/fr\/wp-json\/wp\/v2\/types\/page"}],"author":[{"embeddable":true,"href":"https:\/\/outdoor-gym.com\/fr\/wp-json\/wp\/v2\/users\/1"}],"replies":[{"embeddable":true,"href":"https:\/\/outdoor-gym.com\/fr\/wp-json\/wp\/v2\/comments?post=950"}],"version-history":[{"count":37,"href":"https:\/\/outdoor-gym.com\/fr\/wp-json\/wp\/v2\/pages\/950\/revisions"}],"predecessor-version":[{"id":5090,"href":"https:\/\/outdoor-gym.com\/fr\/wp-json\/wp\/v2\/pages\/950\/revisions\/5090"}],"up":[{"embeddable":true,"href":"https:\/\/outdoor-gym.com\/fr\/wp-json\/wp\/v2\/pages\/928"}],"wp:attachment":[{"href":"https:\/\/outdoor-gym.com\/fr\/wp-json\/wp\/v2\/media?parent=950"}],"curies":[{"name":"wp","href":"https:\/\/api.w.org\/{rel}","templated":true}]}}