{"id":962,"date":"2021-01-12T08:47:31","date_gmt":"2021-01-12T07:47:31","guid":{"rendered":"https:\/\/outdoor-gym.com\/fr\/?page_id=962"},"modified":"2023-05-30T09:35:08","modified_gmt":"2023-05-30T07:35:08","slug":"parcs-de-fitness-en-plein-air-pour-les-hotels","status":"publish","type":"page","link":"https:\/\/outdoor-gym.com\/fr\/clients\/parcs-de-fitness-en-plein-air-pour-les-hotels\/","title":{"rendered":"Parcs de fitness en plein air pour les h\u00f4tels"},"content":{"rendered":"<p>Nous sommes ouverts \u00e0 la coop\u00e9ration avec les h\u00f4tels et les centres de vacances, les centres de loisirs, les centres SPA et Wellness, les pensions et les stations de cure. Les aires de sport ext\u00e9rieures professionnelles vous permettront de vous distinguer de la concurrence et de r\u00e9pondre efficacement aux besoins des clients sensibles \u00e0 un mode de vie sain. Nous observons une prise de conscience grandissante de l&#8217;impact de l&#8217;activit\u00e9 physique sur la sant\u00e9 et le bien-\u00eatre. Il est donc important de proposer \u00e0 vos clients une s\u00e9ance d&#8217;entra\u00eenement en plein air.<\/p>\n<p>Les parcours de fitness en plein air peuvent offrir une alternative aux salles de fitness ou compl\u00e9ter l&#8217;offre de loisirs du site. Ils permettent de s&#8217;exercer \u00e0 diff\u00e9rents niveaux de difficult\u00e9 et \u00e0 diff\u00e9rents rythmes : c&#8217;est \u00e0 la personne qui fait l&#8217;exercice d&#8217;en d\u00e9terminer la dur\u00e9e et le rythme. Les exercices permettent de d\u00e9velopper les groupes musculaires sup\u00e9rieurs. Ils renforcent les pectoraux, les muscles de la ceinture scapulaire et les membres sup\u00e9rieurs.<\/p>\n<p>Les h\u00f4tels, les pensions et les centres de loisirs dot\u00e9s de salles de sport ext\u00e9rieures peuvent se promouvoir comme favorisant un mode de vie sain pour d\u00e9velopper une image d&#8217;entreprise positive. Les machines de fitness et de musculation peuvent \u00eatre install\u00e9es \u00e0 proximit\u00e9 d&#8217;un terrain de jeux ou d&#8217;autres zones de loisirs en plein air. Nos \u00e9quipements conviennent \u00e0 tout utilisateur, quel que soit l\u2019\u00e2ge ou la forme physique.<\/p>\n<p>N&#8217;h\u00e9sitez pas \u00e0 contacter nos experts pour choisir ou concevoir vos \u00e9quipements. Nous proposons un service professionnel et complet ainsi que la livraison et la pose des \u00e9quipements.<\/p>\n<p><img loading=\"lazy\" decoding=\"async\" class=\"alignnone wp-image-1929 size-full\" title=\"Parcs de fitness en plein air pour les h\u00f4tels\" src=\"https:\/\/outdoor-gym.com\/fr\/wp-content\/uploads\/TRAINER-Parcs de fitness en plein air pour les h\u00f4tels-1.png\" alt=\"Parcs de fitness en plein air pour les h\u00f4tels\" width=\"1352\" height=\"761\" srcset=\"https:\/\/outdoor-gym.com\/fr\/wp-content\/uploads\/TRAINER-Parcs%20de%20fitness%20en%20plein%20air%20pour%20les%20h\u00f4tels-1.png 1352w, https:\/\/outdoor-gym.com\/fr\/wp-content\/uploads\/TRAINER-silowne-plenerowe-dla-hoteli-1-600x338.png 600w, https:\/\/outdoor-gym.com\/fr\/wp-content\/uploads\/TRAINER-silowne-plenerowe-dla-hoteli-1-768x432.png 768w, https:\/\/outdoor-gym.com\/fr\/wp-content\/uploads\/TRAINER-silowne-plenerowe-dla-hoteli-1-1536x864.png 1536w\" sizes=\"auto, (max-width: 1352px) 100vw, 1352px\" \/><\/p>\n<p>&nbsp;<\/p>\n<p>&nbsp;<\/p>\n","protected":false},"excerpt":{"rendered":"<p>Nous sommes ouverts \u00e0 la coop\u00e9ration avec les h\u00f4tels et les centres de vacances, les centres de loisirs, les centres SPA et Wellness, les pensions et les stations de cure. Les aires de sport ext\u00e9rieures professionnelles vous permettront de vous distinguer de la concurrence et de r\u00e9pondre efficacement aux besoins des clients sensibles \u00e0 un [&hellip;]<\/p>\n","protected":false},"author":1,"featured_media":0,"parent":930,"menu_order":0,"comment_status":"closed","ping_status":"closed","template":"template-klienci-podstrona.php","meta":{"footnotes":""},"class_list":["post-962","page","type-page","status-publish","hentry"],"acf":[],"yoast_head":"<!-- This site is optimized with the Yoast SEO plugin v27.4 - https:\/\/yoast.com\/product\/yoast-seo-wordpress\/ -->\n<title>Parcs de fitness en plein air pour les h\u00f4tels<\/title>\n<meta name=\"robots\" content=\"index, follow, max-snippet:-1, max-image-preview:large, max-video-preview:-1\" \/>\n<link rel=\"canonical\" href=\"https:\/\/outdoor-gym.com\/fr\/clients\/parcs-de-fitness-en-plein-air-pour-les-hotels\/\" \/>\n<meta property=\"og:locale\" content=\"fr_FR\" \/>\n<meta property=\"og:type\" content=\"article\" \/>\n<meta property=\"og:title\" content=\"Parcs de fitness en plein air pour les h\u00f4tels\" \/>\n<meta property=\"og:description\" content=\"Nous sommes ouverts \u00e0 la coop\u00e9ration avec les h\u00f4tels et les centres de vacances, les centres de loisirs, les centres SPA et Wellness, les pensions et les stations de cure. Les aires de sport ext\u00e9rieures professionnelles vous permettront de vous distinguer de la concurrence et de r\u00e9pondre efficacement aux besoins des clients sensibles \u00e0 un [&hellip;]\" \/>\n<meta property=\"og:url\" content=\"https:\/\/outdoor-gym.com\/fr\/clients\/parcs-de-fitness-en-plein-air-pour-les-hotels\/\" \/>\n<meta property=\"og:site_name\" content=\"Trainer\" \/>\n<meta property=\"article:modified_time\" content=\"2023-05-30T07:35:08+00:00\" \/>\n<meta name=\"twitter:card\" content=\"summary_large_image\" \/>\n<meta name=\"twitter:label1\" content=\"Szacowany czas czytania\" \/>\n\t<meta name=\"twitter:data1\" content=\"2 minuty\" \/>\n<script type=\"application\/ld+json\" class=\"yoast-schema-graph\">{\"@context\":\"https:\\\/\\\/schema.org\",\"@graph\":[{\"@type\":\"WebPage\",\"@id\":\"https:\\\/\\\/outdoor-gym.com\\\/fr\\\/clients\\\/parcs-de-fitness-en-plein-air-pour-les-hotels\\\/\",\"url\":\"https:\\\/\\\/outdoor-gym.com\\\/fr\\\/clients\\\/parcs-de-fitness-en-plein-air-pour-les-hotels\\\/\",\"name\":\"Parcs de fitness en plein air pour les h\u00f4tels\",\"isPartOf\":{\"@id\":\"https:\\\/\\\/outdoor-gym.com\\\/fr\\\/#website\"},\"datePublished\":\"2021-01-12T07:47:31+00:00\",\"dateModified\":\"2023-05-30T07:35:08+00:00\",\"breadcrumb\":{\"@id\":\"https:\\\/\\\/outdoor-gym.com\\\/fr\\\/clients\\\/parcs-de-fitness-en-plein-air-pour-les-hotels\\\/#breadcrumb\"},\"inLanguage\":\"pl-PL\",\"potentialAction\":[{\"@type\":\"ReadAction\",\"target\":[\"https:\\\/\\\/outdoor-gym.com\\\/fr\\\/clients\\\/parcs-de-fitness-en-plein-air-pour-les-hotels\\\/\"]}]},{\"@type\":\"BreadcrumbList\",\"@id\":\"https:\\\/\\\/outdoor-gym.com\\\/fr\\\/clients\\\/parcs-de-fitness-en-plein-air-pour-les-hotels\\\/#breadcrumb\",\"itemListElement\":[{\"@type\":\"ListItem\",\"position\":1,\"name\":\"fr\",\"item\":\"https:\\\/\\\/outdoor-gym.com\\\/fr\\\/\"},{\"@type\":\"ListItem\",\"position\":2,\"name\":\"Clients\",\"item\":\"https:\\\/\\\/outdoor-gym.com\\\/fr\\\/clients\\\/\"},{\"@type\":\"ListItem\",\"position\":3,\"name\":\"Parcs de fitness en plein air pour les h\u00f4tels\"}]},{\"@type\":\"WebSite\",\"@id\":\"https:\\\/\\\/outdoor-gym.com\\\/fr\\\/#website\",\"url\":\"https:\\\/\\\/outdoor-gym.com\\\/fr\\\/\",\"name\":\"Trainer\",\"description\":\"Trainer\",\"potentialAction\":[{\"@type\":\"SearchAction\",\"target\":{\"@type\":\"EntryPoint\",\"urlTemplate\":\"https:\\\/\\\/outdoor-gym.com\\\/fr\\\/?s={search_term_string}\"},\"query-input\":{\"@type\":\"PropertyValueSpecification\",\"valueRequired\":true,\"valueName\":\"search_term_string\"}}],\"inLanguage\":\"pl-PL\"}]}<\/script>\n<!-- \/ Yoast SEO plugin. -->","yoast_head_json":{"title":"Parcs de fitness en plein air pour les h\u00f4tels","robots":{"index":"index","follow":"follow","max-snippet":"max-snippet:-1","max-image-preview":"max-image-preview:large","max-video-preview":"max-video-preview:-1"},"canonical":"https:\/\/outdoor-gym.com\/fr\/clients\/parcs-de-fitness-en-plein-air-pour-les-hotels\/","og_locale":"fr_FR","og_type":"article","og_title":"Parcs de fitness en plein air pour les h\u00f4tels","og_description":"Nous sommes ouverts \u00e0 la coop\u00e9ration avec les h\u00f4tels et les centres de vacances, les centres de loisirs, les centres SPA et Wellness, les pensions et les stations de cure. Les aires de sport ext\u00e9rieures professionnelles vous permettront de vous distinguer de la concurrence et de r\u00e9pondre efficacement aux besoins des clients sensibles \u00e0 un [&hellip;]","og_url":"https:\/\/outdoor-gym.com\/fr\/clients\/parcs-de-fitness-en-plein-air-pour-les-hotels\/","og_site_name":"Trainer","article_modified_time":"2023-05-30T07:35:08+00:00","twitter_card":"summary_large_image","twitter_misc":{"Szacowany czas czytania":"2 minuty"},"schema":{"@context":"https:\/\/schema.org","@graph":[{"@type":"WebPage","@id":"https:\/\/outdoor-gym.com\/fr\/clients\/parcs-de-fitness-en-plein-air-pour-les-hotels\/","url":"https:\/\/outdoor-gym.com\/fr\/clients\/parcs-de-fitness-en-plein-air-pour-les-hotels\/","name":"Parcs de fitness en plein air pour les h\u00f4tels","isPartOf":{"@id":"https:\/\/outdoor-gym.com\/fr\/#website"},"datePublished":"2021-01-12T07:47:31+00:00","dateModified":"2023-05-30T07:35:08+00:00","breadcrumb":{"@id":"https:\/\/outdoor-gym.com\/fr\/clients\/parcs-de-fitness-en-plein-air-pour-les-hotels\/#breadcrumb"},"inLanguage":"pl-PL","potentialAction":[{"@type":"ReadAction","target":["https:\/\/outdoor-gym.com\/fr\/clients\/parcs-de-fitness-en-plein-air-pour-les-hotels\/"]}]},{"@type":"BreadcrumbList","@id":"https:\/\/outdoor-gym.com\/fr\/clients\/parcs-de-fitness-en-plein-air-pour-les-hotels\/#breadcrumb","itemListElement":[{"@type":"ListItem","position":1,"name":"fr","item":"https:\/\/outdoor-gym.com\/fr\/"},{"@type":"ListItem","position":2,"name":"Clients","item":"https:\/\/outdoor-gym.com\/fr\/clients\/"},{"@type":"ListItem","position":3,"name":"Parcs de fitness en plein air pour les h\u00f4tels"}]},{"@type":"WebSite","@id":"https:\/\/outdoor-gym.com\/fr\/#website","url":"https:\/\/outdoor-gym.com\/fr\/","name":"Trainer","description":"Trainer","potentialAction":[{"@type":"SearchAction","target":{"@type":"EntryPoint","urlTemplate":"https:\/\/outdoor-gym.com\/fr\/?s={search_term_string}"},"query-input":{"@type":"PropertyValueSpecification","valueRequired":true,"valueName":"search_term_string"}}],"inLanguage":"pl-PL"}]}},"_links":{"self":[{"href":"https:\/\/outdoor-gym.com\/fr\/wp-json\/wp\/v2\/pages\/962","targetHints":{"allow":["GET"]}}],"collection":[{"href":"https:\/\/outdoor-gym.com\/fr\/wp-json\/wp\/v2\/pages"}],"about":[{"href":"https:\/\/outdoor-gym.com\/fr\/wp-json\/wp\/v2\/types\/page"}],"author":[{"embeddable":true,"href":"https:\/\/outdoor-gym.com\/fr\/wp-json\/wp\/v2\/users\/1"}],"replies":[{"embeddable":true,"href":"https:\/\/outdoor-gym.com\/fr\/wp-json\/wp\/v2\/comments?post=962"}],"version-history":[{"count":21,"href":"https:\/\/outdoor-gym.com\/fr\/wp-json\/wp\/v2\/pages\/962\/revisions"}],"predecessor-version":[{"id":4367,"href":"https:\/\/outdoor-gym.com\/fr\/wp-json\/wp\/v2\/pages\/962\/revisions\/4367"}],"up":[{"embeddable":true,"href":"https:\/\/outdoor-gym.com\/fr\/wp-json\/wp\/v2\/pages\/930"}],"wp:attachment":[{"href":"https:\/\/outdoor-gym.com\/fr\/wp-json\/wp\/v2\/media?parent=962"}],"curies":[{"name":"wp","href":"https:\/\/api.w.org\/{rel}","templated":true}]}}