{"id":963,"date":"2021-01-12T08:47:54","date_gmt":"2021-01-12T07:47:54","guid":{"rendered":"https:\/\/outdoor-gym.com\/fr\/?page_id=963"},"modified":"2023-05-30T09:35:46","modified_gmt":"2023-05-30T07:35:46","slug":"parcs-de-fitness-en-plein-air-pour-les-cooperatives-dhabitation","status":"publish","type":"page","link":"https:\/\/outdoor-gym.com\/fr\/clients\/parcs-de-fitness-en-plein-air-pour-les-cooperatives-dhabitation\/","title":{"rendered":"Parcs de fitness en plein air pour les coop\u00e9ratives d&#8217;habitation"},"content":{"rendered":"<p>Notre entreprise travaille depuis des ann\u00e9es avec des coop\u00e9ratives d&#8217;habitation et des copropri\u00e9t\u00e9s. Nous savons que les gymnases en plein air sont un excellent moyen d&#8217;int\u00e9grer tous les r\u00e9sidents. Situ\u00e9s dans des parcs de quartier, ils sont un endroit id\u00e9al pour se rencontrer et discuter tout en s&#8217;exer\u00e7ant. En outre, les machines d&#8217;entra\u00eenement modernes mettent en valeur l&#8217;espace public et encouragent l&#8217;activit\u00e9 physique des personnes de tous les groupes d&#8217;\u00e2ge. Situer un gymnase ext\u00e9rieur juste \u00e0 c\u00f4t\u00e9 d&#8217;un terrain de jeux est une excellente id\u00e9e. Cela permet aux parents de passer du temps avec leurs enfants \u00e0 l&#8217;ext\u00e9rieur d&#8217;une mani\u00e8re tr\u00e8s utile et agr\u00e9able. Les aires de sport en plein air favorisent \u00e9galement l&#8217;activit\u00e9 physique des jeunes. Elles se pr\u00eatent id\u00e9alement pour faire des exercices d&#8217;\u00e9tirement, de relaxation et de renforcement musculaire apr\u00e8s plusieurs heures pass\u00e9es \u00e0 l&#8217;\u00e9cole ou devant l&#8217;ordinateur.<\/p>\n<p><img loading=\"lazy\" decoding=\"async\" class=\"alignnone wp-image-1949 size-full\" title=\"Parcs de fitness en plein air pour les coop\u00e9ratives d'habitation\" src=\"https:\/\/outdoor-gym.com\/fr\/wp-content\/uploads\/Outdoor fitness-7.png\" alt=\"Parcs de fitness en plein air pour les coop\u00e9ratives d'habitation\" width=\"1920\" height=\"1080\" srcset=\"https:\/\/outdoor-gym.com\/fr\/wp-content\/uploads\/Outdoor%20fitness-7.png 1920w, https:\/\/outdoor-gym.com\/fr\/wp-content\/uploads\/Outdoor%20fitness-7-600x338.png 600w, https:\/\/outdoor-gym.com\/fr\/wp-content\/uploads\/Outdoor%20fitness-7-768x432.png 768w, https:\/\/outdoor-gym.com\/fr\/wp-content\/uploads\/Outdoor%20fitness-7-1536x864.png 1536w\" sizes=\"auto, (max-width: 1920px) 100vw, 1920px\" \/><\/p>\n<p>&nbsp;<\/p>\n","protected":false},"excerpt":{"rendered":"<p>Notre entreprise travaille depuis des ann\u00e9es avec des coop\u00e9ratives d&#8217;habitation et des copropri\u00e9t\u00e9s. Nous savons que les gymnases en plein air sont un excellent moyen d&#8217;int\u00e9grer tous les r\u00e9sidents. Situ\u00e9s dans des parcs de quartier, ils sont un endroit id\u00e9al pour se rencontrer et discuter tout en s&#8217;exer\u00e7ant. En outre, les machines d&#8217;entra\u00eenement modernes mettent [&hellip;]<\/p>\n","protected":false},"author":1,"featured_media":0,"parent":930,"menu_order":0,"comment_status":"closed","ping_status":"closed","template":"template-klienci-podstrona.php","meta":{"footnotes":""},"class_list":["post-963","page","type-page","status-publish","hentry"],"acf":[],"yoast_head":"<!-- This site is optimized with the Yoast SEO plugin v27.4 - https:\/\/yoast.com\/product\/yoast-seo-wordpress\/ -->\n<title>Parcs de fitness en plein air pour les coop\u00e9ratives d&#039;habitation<\/title>\n<meta name=\"robots\" content=\"index, follow, max-snippet:-1, max-image-preview:large, max-video-preview:-1\" \/>\n<link rel=\"canonical\" href=\"https:\/\/outdoor-gym.com\/fr\/clients\/parcs-de-fitness-en-plein-air-pour-les-cooperatives-dhabitation\/\" \/>\n<meta property=\"og:locale\" content=\"fr_FR\" \/>\n<meta property=\"og:type\" content=\"article\" \/>\n<meta property=\"og:title\" content=\"Parcs de fitness en plein air pour les coop\u00e9ratives d&#039;habitation\" \/>\n<meta property=\"og:description\" content=\"Notre entreprise travaille depuis des ann\u00e9es avec des coop\u00e9ratives d&#8217;habitation et des copropri\u00e9t\u00e9s. Nous savons que les gymnases en plein air sont un excellent moyen d&#8217;int\u00e9grer tous les r\u00e9sidents. Situ\u00e9s dans des parcs de quartier, ils sont un endroit id\u00e9al pour se rencontrer et discuter tout en s&#8217;exer\u00e7ant. En outre, les machines d&#8217;entra\u00eenement modernes mettent [&hellip;]\" \/>\n<meta property=\"og:url\" content=\"https:\/\/outdoor-gym.com\/fr\/clients\/parcs-de-fitness-en-plein-air-pour-les-cooperatives-dhabitation\/\" \/>\n<meta property=\"og:site_name\" content=\"Trainer\" \/>\n<meta property=\"article:modified_time\" content=\"2023-05-30T07:35:46+00:00\" \/>\n<meta name=\"twitter:card\" content=\"summary_large_image\" \/>\n<meta name=\"twitter:label1\" content=\"Szacowany czas czytania\" \/>\n\t<meta name=\"twitter:data1\" content=\"2 minuty\" \/>\n<script type=\"application\/ld+json\" class=\"yoast-schema-graph\">{\"@context\":\"https:\\\/\\\/schema.org\",\"@graph\":[{\"@type\":\"WebPage\",\"@id\":\"https:\\\/\\\/outdoor-gym.com\\\/fr\\\/clients\\\/parcs-de-fitness-en-plein-air-pour-les-cooperatives-dhabitation\\\/\",\"url\":\"https:\\\/\\\/outdoor-gym.com\\\/fr\\\/clients\\\/parcs-de-fitness-en-plein-air-pour-les-cooperatives-dhabitation\\\/\",\"name\":\"Parcs de fitness en plein air pour les coop\u00e9ratives d'habitation\",\"isPartOf\":{\"@id\":\"https:\\\/\\\/outdoor-gym.com\\\/fr\\\/#website\"},\"datePublished\":\"2021-01-12T07:47:54+00:00\",\"dateModified\":\"2023-05-30T07:35:46+00:00\",\"breadcrumb\":{\"@id\":\"https:\\\/\\\/outdoor-gym.com\\\/fr\\\/clients\\\/parcs-de-fitness-en-plein-air-pour-les-cooperatives-dhabitation\\\/#breadcrumb\"},\"inLanguage\":\"pl-PL\",\"potentialAction\":[{\"@type\":\"ReadAction\",\"target\":[\"https:\\\/\\\/outdoor-gym.com\\\/fr\\\/clients\\\/parcs-de-fitness-en-plein-air-pour-les-cooperatives-dhabitation\\\/\"]}]},{\"@type\":\"BreadcrumbList\",\"@id\":\"https:\\\/\\\/outdoor-gym.com\\\/fr\\\/clients\\\/parcs-de-fitness-en-plein-air-pour-les-cooperatives-dhabitation\\\/#breadcrumb\",\"itemListElement\":[{\"@type\":\"ListItem\",\"position\":1,\"name\":\"fr\",\"item\":\"https:\\\/\\\/outdoor-gym.com\\\/fr\\\/\"},{\"@type\":\"ListItem\",\"position\":2,\"name\":\"Clients\",\"item\":\"https:\\\/\\\/outdoor-gym.com\\\/fr\\\/clients\\\/\"},{\"@type\":\"ListItem\",\"position\":3,\"name\":\"Parcs de fitness en plein air pour les coop\u00e9ratives d&#8217;habitation\"}]},{\"@type\":\"WebSite\",\"@id\":\"https:\\\/\\\/outdoor-gym.com\\\/fr\\\/#website\",\"url\":\"https:\\\/\\\/outdoor-gym.com\\\/fr\\\/\",\"name\":\"Trainer\",\"description\":\"Trainer\",\"potentialAction\":[{\"@type\":\"SearchAction\",\"target\":{\"@type\":\"EntryPoint\",\"urlTemplate\":\"https:\\\/\\\/outdoor-gym.com\\\/fr\\\/?s={search_term_string}\"},\"query-input\":{\"@type\":\"PropertyValueSpecification\",\"valueRequired\":true,\"valueName\":\"search_term_string\"}}],\"inLanguage\":\"pl-PL\"}]}<\/script>\n<!-- \/ Yoast SEO plugin. -->","yoast_head_json":{"title":"Parcs de fitness en plein air pour les coop\u00e9ratives d'habitation","robots":{"index":"index","follow":"follow","max-snippet":"max-snippet:-1","max-image-preview":"max-image-preview:large","max-video-preview":"max-video-preview:-1"},"canonical":"https:\/\/outdoor-gym.com\/fr\/clients\/parcs-de-fitness-en-plein-air-pour-les-cooperatives-dhabitation\/","og_locale":"fr_FR","og_type":"article","og_title":"Parcs de fitness en plein air pour les coop\u00e9ratives d'habitation","og_description":"Notre entreprise travaille depuis des ann\u00e9es avec des coop\u00e9ratives d&#8217;habitation et des copropri\u00e9t\u00e9s. Nous savons que les gymnases en plein air sont un excellent moyen d&#8217;int\u00e9grer tous les r\u00e9sidents. Situ\u00e9s dans des parcs de quartier, ils sont un endroit id\u00e9al pour se rencontrer et discuter tout en s&#8217;exer\u00e7ant. En outre, les machines d&#8217;entra\u00eenement modernes mettent [&hellip;]","og_url":"https:\/\/outdoor-gym.com\/fr\/clients\/parcs-de-fitness-en-plein-air-pour-les-cooperatives-dhabitation\/","og_site_name":"Trainer","article_modified_time":"2023-05-30T07:35:46+00:00","twitter_card":"summary_large_image","twitter_misc":{"Szacowany czas czytania":"2 minuty"},"schema":{"@context":"https:\/\/schema.org","@graph":[{"@type":"WebPage","@id":"https:\/\/outdoor-gym.com\/fr\/clients\/parcs-de-fitness-en-plein-air-pour-les-cooperatives-dhabitation\/","url":"https:\/\/outdoor-gym.com\/fr\/clients\/parcs-de-fitness-en-plein-air-pour-les-cooperatives-dhabitation\/","name":"Parcs de fitness en plein air pour les coop\u00e9ratives d'habitation","isPartOf":{"@id":"https:\/\/outdoor-gym.com\/fr\/#website"},"datePublished":"2021-01-12T07:47:54+00:00","dateModified":"2023-05-30T07:35:46+00:00","breadcrumb":{"@id":"https:\/\/outdoor-gym.com\/fr\/clients\/parcs-de-fitness-en-plein-air-pour-les-cooperatives-dhabitation\/#breadcrumb"},"inLanguage":"pl-PL","potentialAction":[{"@type":"ReadAction","target":["https:\/\/outdoor-gym.com\/fr\/clients\/parcs-de-fitness-en-plein-air-pour-les-cooperatives-dhabitation\/"]}]},{"@type":"BreadcrumbList","@id":"https:\/\/outdoor-gym.com\/fr\/clients\/parcs-de-fitness-en-plein-air-pour-les-cooperatives-dhabitation\/#breadcrumb","itemListElement":[{"@type":"ListItem","position":1,"name":"fr","item":"https:\/\/outdoor-gym.com\/fr\/"},{"@type":"ListItem","position":2,"name":"Clients","item":"https:\/\/outdoor-gym.com\/fr\/clients\/"},{"@type":"ListItem","position":3,"name":"Parcs de fitness en plein air pour les coop\u00e9ratives d&#8217;habitation"}]},{"@type":"WebSite","@id":"https:\/\/outdoor-gym.com\/fr\/#website","url":"https:\/\/outdoor-gym.com\/fr\/","name":"Trainer","description":"Trainer","potentialAction":[{"@type":"SearchAction","target":{"@type":"EntryPoint","urlTemplate":"https:\/\/outdoor-gym.com\/fr\/?s={search_term_string}"},"query-input":{"@type":"PropertyValueSpecification","valueRequired":true,"valueName":"search_term_string"}}],"inLanguage":"pl-PL"}]}},"_links":{"self":[{"href":"https:\/\/outdoor-gym.com\/fr\/wp-json\/wp\/v2\/pages\/963","targetHints":{"allow":["GET"]}}],"collection":[{"href":"https:\/\/outdoor-gym.com\/fr\/wp-json\/wp\/v2\/pages"}],"about":[{"href":"https:\/\/outdoor-gym.com\/fr\/wp-json\/wp\/v2\/types\/page"}],"author":[{"embeddable":true,"href":"https:\/\/outdoor-gym.com\/fr\/wp-json\/wp\/v2\/users\/1"}],"replies":[{"embeddable":true,"href":"https:\/\/outdoor-gym.com\/fr\/wp-json\/wp\/v2\/comments?post=963"}],"version-history":[{"count":16,"href":"https:\/\/outdoor-gym.com\/fr\/wp-json\/wp\/v2\/pages\/963\/revisions"}],"predecessor-version":[{"id":4368,"href":"https:\/\/outdoor-gym.com\/fr\/wp-json\/wp\/v2\/pages\/963\/revisions\/4368"}],"up":[{"embeddable":true,"href":"https:\/\/outdoor-gym.com\/fr\/wp-json\/wp\/v2\/pages\/930"}],"wp:attachment":[{"href":"https:\/\/outdoor-gym.com\/fr\/wp-json\/wp\/v2\/media?parent=963"}],"curies":[{"name":"wp","href":"https:\/\/api.w.org\/{rel}","templated":true}]}}