{"id":964,"date":"2021-01-12T08:48:13","date_gmt":"2021-01-12T07:48:13","guid":{"rendered":"https:\/\/outdoor-gym.com\/fr\/?page_id=964"},"modified":"2023-05-30T09:36:16","modified_gmt":"2023-05-30T07:36:16","slug":"parcs-de-fitness-en-plein-air-pour-les-entreprises","status":"publish","type":"page","link":"https:\/\/outdoor-gym.com\/fr\/clients\/parcs-de-fitness-en-plein-air-pour-les-entreprises\/","title":{"rendered":"Parcs de fitness en plein air pour les entreprises"},"content":{"rendered":"<p>Aires de fitness en ext\u00e9rieur pour les entreprises se souciant du bien-\u00eatre de leurs salari\u00e9s.<\/p>\n<p>En tant qu&#8217;entreprise \u00e0 la fois moderne et riche de ses traditions, nous savons qu\u2019un personnel qualifi\u00e9 est indispensable pour se d\u00e9velopper. C&#8217;est pourquoi notre offre s&#8217;adresse \u00e9galement\u00a0 aux entreprises qui se soucient de leur image d&#8217;employeur. Les \u00e9quipements de fitness et de musculation en ext\u00e9rieur sont un compl\u00e9ment int\u00e9ressant pour renforcer la force d&#8217;attraction de l&#8217;entreprise et mettre en valeur l&#8217;image d&#8217;entreprise qui encourage un mode de vie sain. C&#8217;est \u00e9galement un \u00e9l\u00e9ment que vous pouvez utiliser dans vos campagnes de marketing et de relations publiques.<\/p>\n<p><img loading=\"lazy\" decoding=\"async\" class=\"alignnone wp-image-1829 size-full\" title=\"Parcs de fitness en plein air pour les entreprises\" src=\"https:\/\/outdoor-gym.com\/fr\/wp-content\/uploads\/Parcs de fitness en plein air pour les entreprises .jpg\" alt=\"Parcs de fitness en plein air pour les entreprises\" width=\"2560\" height=\"1707\" srcset=\"https:\/\/outdoor-gym.com\/fr\/wp-content\/uploads\/Parcs%20de%20fitness%20en%20plein%20air%20pour%20les%20entreprises%20.jpg 2560w, https:\/\/outdoor-gym.com\/fr\/wp-content\/uploads\/Parcs%20de%20fitness%20en%20plein%20air%20pour%20les%20entreprises%20-600x400.jpg 600w, https:\/\/outdoor-gym.com\/fr\/wp-content\/uploads\/Parcs%20de%20fitness%20en%20plein%20air%20pour%20les%20entreprises%20-2000x1334.jpg 2000w, https:\/\/outdoor-gym.com\/fr\/wp-content\/uploads\/Parcs%20de%20fitness%20en%20plein%20air%20pour%20les%20entreprises%20-768x512.jpg 768w, https:\/\/outdoor-gym.com\/fr\/wp-content\/uploads\/Parcs%20de%20fitness%20en%20plein%20air%20pour%20les%20entreprises%20-1536x1024.jpg 1536w, https:\/\/outdoor-gym.com\/fr\/wp-content\/uploads\/Parcs%20de%20fitness%20en%20plein%20air%20pour%20les%20entreprises%20-2048x1366.jpg 2048w\" sizes=\"auto, (max-width: 2560px) 100vw, 2560px\" \/><\/p>\n","protected":false},"excerpt":{"rendered":"<p>Aires de fitness en ext\u00e9rieur pour les entreprises se souciant du bien-\u00eatre de leurs salari\u00e9s. En tant qu&#8217;entreprise \u00e0 la fois moderne et riche de ses traditions, nous savons qu\u2019un personnel qualifi\u00e9 est indispensable pour se d\u00e9velopper. C&#8217;est pourquoi notre offre s&#8217;adresse \u00e9galement\u00a0 aux entreprises qui se soucient de leur image d&#8217;employeur. Les \u00e9quipements de [&hellip;]<\/p>\n","protected":false},"author":1,"featured_media":0,"parent":930,"menu_order":0,"comment_status":"closed","ping_status":"closed","template":"template-klienci-podstrona.php","meta":{"footnotes":""},"class_list":["post-964","page","type-page","status-publish","hentry"],"acf":[],"yoast_head":"<!-- This site is optimized with the Yoast SEO plugin v27.3 - https:\/\/yoast.com\/product\/yoast-seo-wordpress\/ -->\n<title>Parcs de fitness en plein air pour les entreprises<\/title>\n<meta name=\"robots\" content=\"index, follow, max-snippet:-1, max-image-preview:large, max-video-preview:-1\" \/>\n<link rel=\"canonical\" href=\"https:\/\/outdoor-gym.com\/fr\/clients\/parcs-de-fitness-en-plein-air-pour-les-entreprises\/\" \/>\n<meta property=\"og:locale\" content=\"fr_FR\" \/>\n<meta property=\"og:type\" content=\"article\" \/>\n<meta property=\"og:title\" content=\"Parcs de fitness en plein air pour les entreprises\" \/>\n<meta property=\"og:description\" content=\"Aires de fitness en ext\u00e9rieur pour les entreprises se souciant du bien-\u00eatre de leurs salari\u00e9s. En tant qu&#8217;entreprise \u00e0 la fois moderne et riche de ses traditions, nous savons qu\u2019un personnel qualifi\u00e9 est indispensable pour se d\u00e9velopper. C&#8217;est pourquoi notre offre s&#8217;adresse \u00e9galement\u00a0 aux entreprises qui se soucient de leur image d&#8217;employeur. Les \u00e9quipements de [&hellip;]\" \/>\n<meta property=\"og:url\" content=\"https:\/\/outdoor-gym.com\/fr\/clients\/parcs-de-fitness-en-plein-air-pour-les-entreprises\/\" \/>\n<meta property=\"og:site_name\" content=\"Trainer\" \/>\n<meta property=\"article:modified_time\" content=\"2023-05-30T07:36:16+00:00\" \/>\n<meta name=\"twitter:card\" content=\"summary_large_image\" \/>\n<meta name=\"twitter:label1\" content=\"Szacowany czas czytania\" \/>\n\t<meta name=\"twitter:data1\" content=\"1 minuta\" \/>\n<script type=\"application\/ld+json\" class=\"yoast-schema-graph\">{\"@context\":\"https:\\\/\\\/schema.org\",\"@graph\":[{\"@type\":\"WebPage\",\"@id\":\"https:\\\/\\\/outdoor-gym.com\\\/fr\\\/clients\\\/parcs-de-fitness-en-plein-air-pour-les-entreprises\\\/\",\"url\":\"https:\\\/\\\/outdoor-gym.com\\\/fr\\\/clients\\\/parcs-de-fitness-en-plein-air-pour-les-entreprises\\\/\",\"name\":\"Parcs de fitness en plein air pour les entreprises\",\"isPartOf\":{\"@id\":\"https:\\\/\\\/outdoor-gym.com\\\/fr\\\/#website\"},\"datePublished\":\"2021-01-12T07:48:13+00:00\",\"dateModified\":\"2023-05-30T07:36:16+00:00\",\"breadcrumb\":{\"@id\":\"https:\\\/\\\/outdoor-gym.com\\\/fr\\\/clients\\\/parcs-de-fitness-en-plein-air-pour-les-entreprises\\\/#breadcrumb\"},\"inLanguage\":\"pl-PL\",\"potentialAction\":[{\"@type\":\"ReadAction\",\"target\":[\"https:\\\/\\\/outdoor-gym.com\\\/fr\\\/clients\\\/parcs-de-fitness-en-plein-air-pour-les-entreprises\\\/\"]}]},{\"@type\":\"BreadcrumbList\",\"@id\":\"https:\\\/\\\/outdoor-gym.com\\\/fr\\\/clients\\\/parcs-de-fitness-en-plein-air-pour-les-entreprises\\\/#breadcrumb\",\"itemListElement\":[{\"@type\":\"ListItem\",\"position\":1,\"name\":\"fr\",\"item\":\"https:\\\/\\\/outdoor-gym.com\\\/fr\\\/\"},{\"@type\":\"ListItem\",\"position\":2,\"name\":\"Clients\",\"item\":\"https:\\\/\\\/outdoor-gym.com\\\/fr\\\/clients\\\/\"},{\"@type\":\"ListItem\",\"position\":3,\"name\":\"Parcs de fitness en plein air pour les entreprises\"}]},{\"@type\":\"WebSite\",\"@id\":\"https:\\\/\\\/outdoor-gym.com\\\/fr\\\/#website\",\"url\":\"https:\\\/\\\/outdoor-gym.com\\\/fr\\\/\",\"name\":\"Trainer\",\"description\":\"Trainer\",\"potentialAction\":[{\"@type\":\"SearchAction\",\"target\":{\"@type\":\"EntryPoint\",\"urlTemplate\":\"https:\\\/\\\/outdoor-gym.com\\\/fr\\\/?s={search_term_string}\"},\"query-input\":{\"@type\":\"PropertyValueSpecification\",\"valueRequired\":true,\"valueName\":\"search_term_string\"}}],\"inLanguage\":\"pl-PL\"}]}<\/script>\n<!-- \/ Yoast SEO plugin. -->","yoast_head_json":{"title":"Parcs de fitness en plein air pour les entreprises","robots":{"index":"index","follow":"follow","max-snippet":"max-snippet:-1","max-image-preview":"max-image-preview:large","max-video-preview":"max-video-preview:-1"},"canonical":"https:\/\/outdoor-gym.com\/fr\/clients\/parcs-de-fitness-en-plein-air-pour-les-entreprises\/","og_locale":"fr_FR","og_type":"article","og_title":"Parcs de fitness en plein air pour les entreprises","og_description":"Aires de fitness en ext\u00e9rieur pour les entreprises se souciant du bien-\u00eatre de leurs salari\u00e9s. En tant qu&#8217;entreprise \u00e0 la fois moderne et riche de ses traditions, nous savons qu\u2019un personnel qualifi\u00e9 est indispensable pour se d\u00e9velopper. C&#8217;est pourquoi notre offre s&#8217;adresse \u00e9galement\u00a0 aux entreprises qui se soucient de leur image d&#8217;employeur. Les \u00e9quipements de [&hellip;]","og_url":"https:\/\/outdoor-gym.com\/fr\/clients\/parcs-de-fitness-en-plein-air-pour-les-entreprises\/","og_site_name":"Trainer","article_modified_time":"2023-05-30T07:36:16+00:00","twitter_card":"summary_large_image","twitter_misc":{"Szacowany czas czytania":"1 minuta"},"schema":{"@context":"https:\/\/schema.org","@graph":[{"@type":"WebPage","@id":"https:\/\/outdoor-gym.com\/fr\/clients\/parcs-de-fitness-en-plein-air-pour-les-entreprises\/","url":"https:\/\/outdoor-gym.com\/fr\/clients\/parcs-de-fitness-en-plein-air-pour-les-entreprises\/","name":"Parcs de fitness en plein air pour les entreprises","isPartOf":{"@id":"https:\/\/outdoor-gym.com\/fr\/#website"},"datePublished":"2021-01-12T07:48:13+00:00","dateModified":"2023-05-30T07:36:16+00:00","breadcrumb":{"@id":"https:\/\/outdoor-gym.com\/fr\/clients\/parcs-de-fitness-en-plein-air-pour-les-entreprises\/#breadcrumb"},"inLanguage":"pl-PL","potentialAction":[{"@type":"ReadAction","target":["https:\/\/outdoor-gym.com\/fr\/clients\/parcs-de-fitness-en-plein-air-pour-les-entreprises\/"]}]},{"@type":"BreadcrumbList","@id":"https:\/\/outdoor-gym.com\/fr\/clients\/parcs-de-fitness-en-plein-air-pour-les-entreprises\/#breadcrumb","itemListElement":[{"@type":"ListItem","position":1,"name":"fr","item":"https:\/\/outdoor-gym.com\/fr\/"},{"@type":"ListItem","position":2,"name":"Clients","item":"https:\/\/outdoor-gym.com\/fr\/clients\/"},{"@type":"ListItem","position":3,"name":"Parcs de fitness en plein air pour les entreprises"}]},{"@type":"WebSite","@id":"https:\/\/outdoor-gym.com\/fr\/#website","url":"https:\/\/outdoor-gym.com\/fr\/","name":"Trainer","description":"Trainer","potentialAction":[{"@type":"SearchAction","target":{"@type":"EntryPoint","urlTemplate":"https:\/\/outdoor-gym.com\/fr\/?s={search_term_string}"},"query-input":{"@type":"PropertyValueSpecification","valueRequired":true,"valueName":"search_term_string"}}],"inLanguage":"pl-PL"}]}},"_links":{"self":[{"href":"https:\/\/outdoor-gym.com\/fr\/wp-json\/wp\/v2\/pages\/964","targetHints":{"allow":["GET"]}}],"collection":[{"href":"https:\/\/outdoor-gym.com\/fr\/wp-json\/wp\/v2\/pages"}],"about":[{"href":"https:\/\/outdoor-gym.com\/fr\/wp-json\/wp\/v2\/types\/page"}],"author":[{"embeddable":true,"href":"https:\/\/outdoor-gym.com\/fr\/wp-json\/wp\/v2\/users\/1"}],"replies":[{"embeddable":true,"href":"https:\/\/outdoor-gym.com\/fr\/wp-json\/wp\/v2\/comments?post=964"}],"version-history":[{"count":16,"href":"https:\/\/outdoor-gym.com\/fr\/wp-json\/wp\/v2\/pages\/964\/revisions"}],"predecessor-version":[{"id":4369,"href":"https:\/\/outdoor-gym.com\/fr\/wp-json\/wp\/v2\/pages\/964\/revisions\/4369"}],"up":[{"embeddable":true,"href":"https:\/\/outdoor-gym.com\/fr\/wp-json\/wp\/v2\/pages\/930"}],"wp:attachment":[{"href":"https:\/\/outdoor-gym.com\/fr\/wp-json\/wp\/v2\/media?parent=964"}],"curies":[{"name":"wp","href":"https:\/\/api.w.org\/{rel}","templated":true}]}}